{"id":559,"date":"2020-03-10T12:44:19","date_gmt":"2020-03-10T11:44:19","guid":{"rendered":"https:\/\/agora.xtec.cat\/esc-massanet\/?page_id=559"},"modified":"2020-12-11T11:01:09","modified_gmt":"2020-12-11T10:01:09","slug":"projecte-linguistic","status":"publish","type":"page","link":"https:\/\/agora.xtec.cat\/esc-massanet\/nivells\/projecte-linguistic\/","title":{"rendered":"Projecte Ling\u00fc\u00edstic"},"content":{"rendered":"<p>Aqu\u00ed podeu descarregar el nostre <a href=\"https:\/\/agora.xtec.cat\/esc-massanet\/wp-content\/uploads\/usu2095\/2020\/12\/PLC-Escola-Les-Arrels-1.pdf\">Projecte Ling\u00fc\u00edstic<\/a> aprovat per Claustre i Consell Escolar el 10 de novembre de 2020.<\/p>\n","protected":false},"excerpt":{"rendered":"<p>Aqu\u00ed podeu descarregar el nostre <a href=\"https:\/\/agora.xtec.cat\/esc-massanet\/wp-content\/uploads\/usu2095\/2020\/12\/PLC-Escola-Les-Arrels-1.pdf\">Projecte Ling\u00fc\u00edstic<\/a> aprovat per Claustre i Consell Escolar el 10 de novembre de 2020.<\/p>\n","protected":false},"author":1,"featured_media":0,"parent":87,"menu_order":4,"comment_status":"closed","ping_status":"closed","template":"page-templates\/side-menu.php","meta":{"_bbp_topic_count":0,"_bbp_reply_count":0,"_bbp_total_topic_count":0,"_bbp_total_reply_count":0,"_bbp_voice_count":0,"_bbp_anonymous_reply_count":0,"_bbp_topic_count_hidden":0,"_bbp_reply_count_hidden":0,"_bbp_forum_subforum_count":0,"footnotes":""},"class_list":["post-559","page","type-page","status-publish","hentry"],"post_mailing_queue_ids":[],"_links":{"self":[{"href":"https:\/\/agora.xtec.cat\/esc-massanet\/wp-json\/wp\/v2\/pages\/559","targetHints":{"allow":["GET"]}}],"collection":[{"href":"https:\/\/agora.xtec.cat\/esc-massanet\/wp-json\/wp\/v2\/pages"}],"about":[{"href":"https:\/\/agora.xtec.cat\/esc-massanet\/wp-json\/wp\/v2\/types\/page"}],"author":[{"embeddable":true,"href":"https:\/\/agora.xtec.cat\/esc-massanet\/wp-json\/wp\/v2\/users\/1"}],"replies":[{"embeddable":true,"href":"https:\/\/agora.xtec.cat\/esc-massanet\/wp-json\/wp\/v2\/comments?post=559"}],"version-history":[{"count":3,"href":"https:\/\/agora.xtec.cat\/esc-massanet\/wp-json\/wp\/v2\/pages\/559\/revisions"}],"predecessor-version":[{"id":3745,"href":"https:\/\/agora.xtec.cat\/esc-massanet\/wp-json\/wp\/v2\/pages\/559\/revisions\/3745"}],"up":[{"embeddable":true,"href":"https:\/\/agora.xtec.cat\/esc-massanet\/wp-json\/wp\/v2\/pages\/87"}],"wp:attachment":[{"href":"https:\/\/agora.xtec.cat\/esc-massanet\/wp-json\/wp\/v2\/media?parent=559"}],"curies":[{"name":"wp","href":"https:\/\/api.w.org\/{rel}","templated":true}]}}