{"id":533,"date":"2020-03-03T13:34:32","date_gmt":"2020-03-03T12:34:32","guid":{"rendered":"https:\/\/agora.xtec.cat\/esc-massanet\/?page_id=533"},"modified":"2020-03-25T15:03:53","modified_gmt":"2020-03-25T14:03:53","slug":"nivells-2","status":"publish","type":"page","link":"https:\/\/agora.xtec.cat\/esc-massanet\/nivells-2\/","title":{"rendered":"Nivells"},"content":{"rendered":"<p>L\u2019escola Les Arrels \u00e9s d&#8217;una l\u00ednia educativa en Educaci\u00f3 Infantil i 1er de Prim\u00e0ria i de dues l\u00ednies educatives en la resta de cursos d&#8217; Educaci\u00f3 Prim\u00e0ria.<\/p>\n<p>Tenim 3 nivells d\u2019Educaci\u00f3 Infantil:<\/p>\n<ul>\n<li>P3<\/li>\n<li>P4<\/li>\n<li>P5<\/li>\n<\/ul>\n<p>I tenim 6 nivells d\u2019Educaci\u00f3 Prim\u00e0ria:<\/p>\n<ul>\n<li>1r<\/li>\n<li>2n A i B<\/li>\n<li>3r A i B<\/li>\n<li>4t A i B<\/li>\n<li>5\u00e8 A i B<\/li>\n<li>6\u00e8 A i B<\/li>\n<\/ul>\n<p>De P3 fins 6\u00e8 cada nivell t\u00e9 una p\u00e0gina pr\u00f2pia on es podran veure les activitats, projectes o sortides que faran els alumnes durant cada curs.<\/p>\n<p>A m\u00e9s, tamb\u00e9 es poden afegir diferents informacions importants o noticies d&#8217;actualitat per informar a les fam\u00edlies de tot el que passa al centre o a l&#8217;aula.<\/p>\n","protected":false},"excerpt":{"rendered":"<p>L\u2019escola Les Arrels \u00e9s d&#8217;una l\u00ednia educativa en Educaci\u00f3 Infantil i 1er de Prim\u00e0ria i de dues l\u00ednies educatives en la resta de cursos d&#8217; Educaci\u00f3 Prim\u00e0ria.<br \/>\nTenim 3 nivells d\u2019Educaci\u00f3 Infantil:<\/p>\n<ul>\n<li>P3<\/li>\n<li>P4<\/li>\n<li>P5<\/li>\n<\/ul>\n<p>I tenim 6 nivells d\u2019Educaci\u00f3 Prim\u00e0ria:<\/p>\n<ul>\n<li>1r<\/li>\n<li>2n A i B<\/li>\n<li>3r A i B<\/li>\n<li>4t A i B<\/li>\n<li>5\u00e8&hellip;  <a href=\"https:\/\/agora.xtec.cat\/esc-massanet\/nivells-2\/\" title=\"Read Nivells\">Llegeix m\u00e9s\u00bb<\/a><br \/>\n","protected":false},"author":1,"featured_media":0,"parent":0,"menu_order":0,"comment_status":"closed","ping_status":"closed","template":"","meta":{"_bbp_topic_count":0,"_bbp_reply_count":0,"_bbp_total_topic_count":0,"_bbp_total_reply_count":0,"_bbp_voice_count":0,"_bbp_anonymous_reply_count":0,"_bbp_topic_count_hidden":0,"_bbp_reply_count_hidden":0,"_bbp_forum_subforum_count":0,"footnotes":""},"class_list":["post-533","page","type-page","status-publish","hentry"],"post_mailing_queue_ids":[],"_links":{"self":[{"href":"https:\/\/agora.xtec.cat\/esc-massanet\/wp-json\/wp\/v2\/pages\/533","targetHints":{"allow":["GET"]}}],"collection":[{"href":"https:\/\/agora.xtec.cat\/esc-massanet\/wp-json\/wp\/v2\/pages"}],"about":[{"href":"https:\/\/agora.xtec.cat\/esc-massanet\/wp-json\/wp\/v2\/types\/page"}],"author":[{"embeddable":true,"href":"https:\/\/agora.xtec.cat\/esc-massanet\/wp-json\/wp\/v2\/users\/1"}],"replies":[{"embeddable":true,"href":"https:\/\/agora.xtec.cat\/esc-massanet\/wp-json\/wp\/v2\/comments?post=533"}],"version-history":[{"count":3,"href":"https:\/\/agora.xtec.cat\/esc-massanet\/wp-json\/wp\/v2\/pages\/533\/revisions"}],"predecessor-version":[{"id":708,"href":"https:\/\/agora.xtec.cat\/esc-massanet\/wp-json\/wp\/v2\/pages\/533\/revisions\/708"}],"wp:attachment":[{"href":"https:\/\/agora.xtec.cat\/esc-massanet\/wp-json\/wp\/v2\/media?parent=533"}],"curies":[{"name":"wp","href":"https:\/\/api.w.org\/{rel}","templated":true}]}}