{"id":532,"date":"2020-03-03T13:34:45","date_gmt":"2020-03-03T12:34:45","guid":{"rendered":"https:\/\/agora.xtec.cat\/esc-massanet\/?page_id=532"},"modified":"2021-01-28T13:00:07","modified_gmt":"2021-01-28T12:00:07","slug":"que-es-lafa","status":"publish","type":"page","link":"https:\/\/agora.xtec.cat\/esc-massanet\/afa\/que-es-lafa\/","title":{"rendered":"Qu\u00e8 \u00e9s l&#8217;AFA?"},"content":{"rendered":"<p style=\"text-align: justify;\">L\u2019AFA, Associaci\u00f3 de Fam\u00edlies d\u2019Alumnes, \u00e9s la forma m\u00e9s efectiva que tenen totes les fam\u00edlies\u00a0d\u2019agrupar-se i organitzar-se dins del Centre Escolar. L\u2019AFA\u00a0\u00e9s una entitat sense afany de lucre, reconeguda legalment al registre d\u2019associacions (NIF: G55108310) i les seves funcions estan regulades per un decret de la Generalitat de Catalunya.Des de l\u2019AFA, es pot desenvolupar una plataforma oberta a la participaci\u00f3 i reivindicaci\u00f3 de tots els aspectes referents a l\u2019educaci\u00f3, per tal d\u2019aconseguir, juntament amb els i mestres, la millor formaci\u00f3 dels nostres fills i filles, basada en els principis propis d\u2019una societat democr\u00e0tica.<\/p>\n<p style=\"text-align: justify;\">La tasca de les AFA, organitzadora de serveis complementaris, col\u00b7laboradora i vigilant davant les responsabilitats de les administracions, i reivindicativa pel que fa a la qualitat de l\u2019ensenyament, esdev\u00e9\u201a cada cop m\u00e9s important en la nostra societat.<\/p>\n<p style=\"text-align: justify;\">Una bona gesti\u00f3 de l\u2019AFA comporta la participaci\u00f3 i la dinamitzaci\u00f3 global del Centre; per obtenir aix\u00f2, cal:<\/p>\n<p style=\"text-align: justify;\">\u2013 Comprom\u00eds per part dels membres actius de la junta directiva.<\/p>\n<p style=\"text-align: justify;\">\u2013 Col\u00b7laboraci\u00f3 i suport\u00a0de totes les fam\u00edlies.<\/p>\n<p style=\"text-align: justify;\">\u2013 Di\u00e0leg i col\u00b7laboraci\u00f3 amb tots els sectors de la comunitat educativa.<\/p>\n<p style=\"text-align: justify;\">\u2013 Acc\u00e9s a la informaci\u00f3.<\/p>\n<p style=\"text-align: justify;\">\u2013 El recolzament als mestres i dels mestres.<\/p>\n<p style=\"text-align: justify;\">\u2013 L\u2019assessorament de federacions i d\u2019altres institucions.<\/p>\n<p style=\"text-align: justify;\">A m\u00e9s, l\u2019AFA :<\/p>\n<p style=\"text-align: justify;\">\u2013 D\u00f3na suport als familiars, mestres i alumnes i tamb\u00e9 als \u00f2rgans de govern del centre en tot all\u00f2 que contribueixi a la millora de la qualitat de l\u2019ensenyament que reben els nois i les noies.<\/p>\n<p style=\"text-align: justify;\">\u2013 Promou la participaci\u00f3 dels familiars\u00a0a la comunitat educativa potenciant la seva implicaci\u00f3 en el funcionament del centre.<\/p>\n<p style=\"text-align: justify;\">\u2013 \u00c9s un espai de reflexi\u00f3 que permet a\u00a0les fam\u00edlies\u00a0reflexionar i opinar sobre el funcionament quotidi\u00e0 de l\u2019escola i sobre temes educatius d\u2019abast m\u00e9s general.<\/p>\n<p style=\"text-align: justify;\">\u2013 \u00c9s el principal interlocutor que tenen els mestres i els equips directius per tractar els temes que afecten a tot el col\u00b7lectiu de fam\u00edlies.<\/p>\n<p style=\"text-align: justify;\">\u2013 Participa en la pressa de decisions i en el govern del centre mitjan\u00e7ant un representant al consell escolar de centre.<\/p>\n<p style=\"text-align: justify;\">\u2013 Orienta a\u00a0les fam\u00edlies\u00a0en l\u2019exercici dels seus drets i obligacions com a membres d\u2019un centre educatiu sostingut amb fons p\u00fablics.<\/p>\n<p style=\"text-align: justify;\">\u2013 Administra i gestiona els recursos que s\u2019inverteixen en millores per a l\u2019escola i l\u2019educaci\u00f3 de tots els nens i nenes.<\/p>\n","protected":false},"excerpt":{"rendered":"<p>L\u2019AFA, Associaci\u00f3 de Fam\u00edlies d\u2019Alumnes, \u00e9s la forma m\u00e9s efectiva que tenen totes les fam\u00edlies\u00a0d\u2019agrupar-se i organitzar-se dins del Centre Escolar. L\u2019AFA\u00a0\u00e9s una entitat sense afany de lucre, reconeguda legalment al registre d\u2019associacions (NIF: G55108310) i les seves funcions estan regulades per un decret de&hellip;  <a href=\"https:\/\/agora.xtec.cat\/esc-massanet\/afa\/que-es-lafa\/\" title=\"Read Qu\u00e8 \u00e9s l&#8217;AFA?\">Llegeix m\u00e9s\u00bb<\/a><\/p>\n","protected":false},"author":1,"featured_media":0,"parent":528,"menu_order":0,"comment_status":"closed","ping_status":"closed","template":"page-templates\/side-menu.php","meta":{"_bbp_topic_count":0,"_bbp_reply_count":0,"_bbp_total_topic_count":0,"_bbp_total_reply_count":0,"_bbp_voice_count":0,"_bbp_anonymous_reply_count":0,"_bbp_topic_count_hidden":0,"_bbp_reply_count_hidden":0,"_bbp_forum_subforum_count":0,"footnotes":""},"class_list":["post-532","page","type-page","status-publish","hentry"],"post_mailing_queue_ids":[],"_links":{"self":[{"href":"https:\/\/agora.xtec.cat\/esc-massanet\/wp-json\/wp\/v2\/pages\/532","targetHints":{"allow":["GET"]}}],"collection":[{"href":"https:\/\/agora.xtec.cat\/esc-massanet\/wp-json\/wp\/v2\/pages"}],"about":[{"href":"https:\/\/agora.xtec.cat\/esc-massanet\/wp-json\/wp\/v2\/types\/page"}],"author":[{"embeddable":true,"href":"https:\/\/agora.xtec.cat\/esc-massanet\/wp-json\/wp\/v2\/users\/1"}],"replies":[{"embeddable":true,"href":"https:\/\/agora.xtec.cat\/esc-massanet\/wp-json\/wp\/v2\/comments?post=532"}],"version-history":[{"count":3,"href":"https:\/\/agora.xtec.cat\/esc-massanet\/wp-json\/wp\/v2\/pages\/532\/revisions"}],"predecessor-version":[{"id":721,"href":"https:\/\/agora.xtec.cat\/esc-massanet\/wp-json\/wp\/v2\/pages\/532\/revisions\/721"}],"up":[{"embeddable":true,"href":"https:\/\/agora.xtec.cat\/esc-massanet\/wp-json\/wp\/v2\/pages\/528"}],"wp:attachment":[{"href":"https:\/\/agora.xtec.cat\/esc-massanet\/wp-json\/wp\/v2\/media?parent=532"}],"curies":[{"name":"wp","href":"https:\/\/api.w.org\/{rel}","templated":true}]}}