{"id":4892,"date":"2021-09-19T17:22:13","date_gmt":"2021-09-19T15:22:13","guid":{"rendered":"https:\/\/agora.xtec.cat\/esc-massanet\/?page_id=4892"},"modified":"2022-01-27T10:18:14","modified_gmt":"2022-01-27T09:18:14","slug":"pla-de-contingencia","status":"publish","type":"page","link":"https:\/\/agora.xtec.cat\/esc-massanet\/pla-de-contingencia\/","title":{"rendered":"Pla de conting\u00e8ncia"},"content":{"rendered":"<p>Aqu\u00ed trobareu el pla de conting\u00e8ncia del curs 2021-2022<\/p>\n<p><a href=\"https:\/\/agora.xtec.cat\/esc-massanet\/wp-content\/uploads\/usu2095\/2022\/01\/PLA-CONTINGENCIA-21-22-1.pdf\">PLA CONTING\u00c8NCIA 21-22<\/a><\/p>\n","protected":false},"excerpt":{"rendered":"<p>Aqu\u00ed trobareu el pla de conting\u00e8ncia del curs 2021-2022<br \/>\n<a href=\"https:\/\/agora.xtec.cat\/esc-massanet\/wp-content\/uploads\/usu2095\/2022\/01\/PLA-CONTINGENCIA-21-22-1.pdf\">PLA CONTING\u00c8NCIA 21-22<\/a><\/p>\n","protected":false},"author":1,"featured_media":0,"parent":0,"menu_order":0,"comment_status":"closed","ping_status":"closed","template":"","meta":{"_bbp_topic_count":0,"_bbp_reply_count":0,"_bbp_total_topic_count":0,"_bbp_total_reply_count":0,"_bbp_voice_count":0,"_bbp_anonymous_reply_count":0,"_bbp_topic_count_hidden":0,"_bbp_reply_count_hidden":0,"_bbp_forum_subforum_count":0,"footnotes":""},"class_list":["post-4892","page","type-page","status-publish","hentry"],"post_mailing_queue_ids":[],"_links":{"self":[{"href":"https:\/\/agora.xtec.cat\/esc-massanet\/wp-json\/wp\/v2\/pages\/4892","targetHints":{"allow":["GET"]}}],"collection":[{"href":"https:\/\/agora.xtec.cat\/esc-massanet\/wp-json\/wp\/v2\/pages"}],"about":[{"href":"https:\/\/agora.xtec.cat\/esc-massanet\/wp-json\/wp\/v2\/types\/page"}],"author":[{"embeddable":true,"href":"https:\/\/agora.xtec.cat\/esc-massanet\/wp-json\/wp\/v2\/users\/1"}],"replies":[{"embeddable":true,"href":"https:\/\/agora.xtec.cat\/esc-massanet\/wp-json\/wp\/v2\/comments?post=4892"}],"version-history":[{"count":3,"href":"https:\/\/agora.xtec.cat\/esc-massanet\/wp-json\/wp\/v2\/pages\/4892\/revisions"}],"predecessor-version":[{"id":5100,"href":"https:\/\/agora.xtec.cat\/esc-massanet\/wp-json\/wp\/v2\/pages\/4892\/revisions\/5100"}],"wp:attachment":[{"href":"https:\/\/agora.xtec.cat\/esc-massanet\/wp-json\/wp\/v2\/media?parent=4892"}],"curies":[{"name":"wp","href":"https:\/\/api.w.org\/{rel}","templated":true}]}}