{"id":34,"date":"2014-09-18T12:32:18","date_gmt":"2014-09-18T11:32:18","guid":{"rendered":"http:\/\/agora.xtec.cat\/esc-massanet\/?page_id=34"},"modified":"2021-02-09T21:07:17","modified_gmt":"2021-02-09T20:07:17","slug":"oferta-educativa","status":"publish","type":"page","link":"https:\/\/agora.xtec.cat\/esc-massanet\/lescola\/oferta-educativa-2\/oferta-educativa\/","title":{"rendered":"Educaci\u00f3 Infantil"},"content":{"rendered":"<table style=\"height: 354px; background-color: #f0c2ea; width: 779px;\" width=\"782\">\n<tbody>\n<tr style=\"height: 125px;\">\n<td style=\"width: 249.778px; background-color: #f0f79c; text-align: center; height: 354px;\">\n<h4><a href=\"https:\/\/agora.xtec.cat\/esc-massanet\/wp-content\/uploads\/usu2095\/2021\/02\/IMG_20210118_092041.jpg\"><img loading=\"lazy\" decoding=\"async\" class=\"alignnone size-full wp-image-4017\" src=\"https:\/\/agora.xtec.cat\/esc-massanet\/wp-content\/uploads\/usu2095\/2021\/02\/IMG_20210118_092041.jpg\" alt=\"\" width=\"4160\" height=\"3120\" srcset=\"https:\/\/agora.xtec.cat\/esc-massanet\/wp-content\/uploads\/usu2095\/2021\/02\/IMG_20210118_092041.jpg 4160w, https:\/\/agora.xtec.cat\/esc-massanet\/wp-content\/uploads\/usu2095\/2021\/02\/IMG_20210118_092041-300x225.jpg 300w, https:\/\/agora.xtec.cat\/esc-massanet\/wp-content\/uploads\/usu2095\/2021\/02\/IMG_20210118_092041-768x576.jpg 768w, https:\/\/agora.xtec.cat\/esc-massanet\/wp-content\/uploads\/usu2095\/2021\/02\/IMG_20210118_092041-1024x768.jpg 1024w, https:\/\/agora.xtec.cat\/esc-massanet\/wp-content\/uploads\/usu2095\/2021\/02\/IMG_20210118_092041-200x150.jpg 200w\" sizes=\"auto, (max-width: 4160px) 100vw, 4160px\" \/><\/a><\/h4>\n<h4><span style=\"text-decoration: underline;\"><strong>BENVINGUDA<\/strong><\/span><\/h4>\n<p><span style=\"font-weight: 400;\">Entrada tranquil\u00b7la a trav\u00e9s de diverses propostes de descoberta d\u2019inspiraci\u00f3 Montessori.<\/span><\/td>\n<td style=\"width: 256px; background-color: #baf7f0; text-align: center; height: 354px;\">\n<h4><a href=\"https:\/\/agora.xtec.cat\/esc-massanet\/wp-content\/uploads\/usu2095\/2021\/02\/rutines.jpeg\"><img loading=\"lazy\" decoding=\"async\" class=\"alignnone size-full wp-image-4021\" src=\"https:\/\/agora.xtec.cat\/esc-massanet\/wp-content\/uploads\/usu2095\/2021\/02\/rutines.jpeg\" alt=\"\" width=\"3001\" height=\"2524\" srcset=\"https:\/\/agora.xtec.cat\/esc-massanet\/wp-content\/uploads\/usu2095\/2021\/02\/rutines.jpeg 3001w, https:\/\/agora.xtec.cat\/esc-massanet\/wp-content\/uploads\/usu2095\/2021\/02\/rutines-300x252.jpeg 300w, https:\/\/agora.xtec.cat\/esc-massanet\/wp-content\/uploads\/usu2095\/2021\/02\/rutines-768x646.jpeg 768w, https:\/\/agora.xtec.cat\/esc-massanet\/wp-content\/uploads\/usu2095\/2021\/02\/rutines-1024x861.jpeg 1024w\" sizes=\"auto, (max-width: 3001px) 100vw, 3001px\" \/><\/a><\/h4>\n<h4><span style=\"text-decoration: underline;\"><strong>BON DIA I RUTINES<\/strong><\/span><\/h4>\n<p><span style=\"font-weight: 400;\">Activitats di\u00e0ries d\u2019acollida i retrobament destinades a ajudar l\u2019infant a situar-se en l\u2019espai i el temps.<\/span><\/td>\n<td style=\"width: 264px; background-color: #a6f099; text-align: center; height: 354px;\">\n<h4><a href=\"https:\/\/agora.xtec.cat\/esc-massanet\/wp-content\/uploads\/usu2095\/2021\/02\/IMG_20210114_103605.jpg\"><img loading=\"lazy\" decoding=\"async\" class=\"alignnone size-full wp-image-4016\" src=\"https:\/\/agora.xtec.cat\/esc-massanet\/wp-content\/uploads\/usu2095\/2021\/02\/IMG_20210114_103605.jpg\" alt=\"\" width=\"4160\" height=\"3120\" srcset=\"https:\/\/agora.xtec.cat\/esc-massanet\/wp-content\/uploads\/usu2095\/2021\/02\/IMG_20210114_103605.jpg 4160w, https:\/\/agora.xtec.cat\/esc-massanet\/wp-content\/uploads\/usu2095\/2021\/02\/IMG_20210114_103605-300x225.jpg 300w, https:\/\/agora.xtec.cat\/esc-massanet\/wp-content\/uploads\/usu2095\/2021\/02\/IMG_20210114_103605-768x576.jpg 768w, https:\/\/agora.xtec.cat\/esc-massanet\/wp-content\/uploads\/usu2095\/2021\/02\/IMG_20210114_103605-1024x768.jpg 1024w, https:\/\/agora.xtec.cat\/esc-massanet\/wp-content\/uploads\/usu2095\/2021\/02\/IMG_20210114_103605-200x150.jpg 200w\" sizes=\"auto, (max-width: 4160px) 100vw, 4160px\" \/><\/a><\/h4>\n<h4><span style=\"text-decoration: underline;\"><strong>TREBALL PER PROJECTES<\/strong><\/span><\/h4>\n<p><span style=\"font-weight: 400;\">Cada trimestre es porta a terme un projecte que parteix dels interessos i necessitats dels infants.<\/span><\/td>\n<\/tr>\n<\/tbody>\n<\/table>\n<p>&nbsp;<\/p>\n<table style=\"height: 87px; width: 779px; background-color: #fcfafc;\">\n<tbody>\n<tr style=\"height: 125px;\">\n<td style=\"width: 249.778px; background-color: #f6b5f7; height: 87px; text-align: center;\">\n<h4><span style=\"text-decoration: underline;\"><strong><a href=\"https:\/\/agora.xtec.cat\/esc-massanet\/wp-content\/uploads\/usu2095\/2021\/02\/web-infantil3-3-11.jpg\"><img loading=\"lazy\" decoding=\"async\" class=\"alignnone size-full wp-image-4022\" src=\"https:\/\/agora.xtec.cat\/esc-massanet\/wp-content\/uploads\/usu2095\/2021\/02\/web-infantil3-3-11.jpg\" alt=\"\" width=\"4000\" height=\"1800\" srcset=\"https:\/\/agora.xtec.cat\/esc-massanet\/wp-content\/uploads\/usu2095\/2021\/02\/web-infantil3-3-11.jpg 4000w, https:\/\/agora.xtec.cat\/esc-massanet\/wp-content\/uploads\/usu2095\/2021\/02\/web-infantil3-3-11-300x135.jpg 300w, https:\/\/agora.xtec.cat\/esc-massanet\/wp-content\/uploads\/usu2095\/2021\/02\/web-infantil3-3-11-768x346.jpg 768w, https:\/\/agora.xtec.cat\/esc-massanet\/wp-content\/uploads\/usu2095\/2021\/02\/web-infantil3-3-11-1024x461.jpg 1024w\" sizes=\"auto, (max-width: 4000px) 100vw, 4000px\" \/><\/a><\/strong><\/span><\/h4>\n<h4><span style=\"text-decoration: underline;\"><strong>AMBIENTS<\/strong><\/span><\/h4>\n<p><span style=\"font-weight: 400;\">Espais d\u2019aprenentatge que parteixen de l\u2019acci\u00f3 dels infants i que pretenen fonamentar diferents capacitats a partir de diferents materials i elements.<\/span><\/td>\n<td style=\"width: 256px; background-color: #f7bac5; height: 87px; text-align: center;\">\n<h4><a href=\"https:\/\/agora.xtec.cat\/esc-massanet\/wp-content\/uploads\/usu2095\/2021\/02\/IMG_20201028_152253.jpg\"><img loading=\"lazy\" decoding=\"async\" class=\"alignnone size-full wp-image-4014\" src=\"https:\/\/agora.xtec.cat\/esc-massanet\/wp-content\/uploads\/usu2095\/2021\/02\/IMG_20201028_152253.jpg\" alt=\"\" width=\"4160\" height=\"3120\" srcset=\"https:\/\/agora.xtec.cat\/esc-massanet\/wp-content\/uploads\/usu2095\/2021\/02\/IMG_20201028_152253.jpg 4160w, https:\/\/agora.xtec.cat\/esc-massanet\/wp-content\/uploads\/usu2095\/2021\/02\/IMG_20201028_152253-300x225.jpg 300w, https:\/\/agora.xtec.cat\/esc-massanet\/wp-content\/uploads\/usu2095\/2021\/02\/IMG_20201028_152253-768x576.jpg 768w, https:\/\/agora.xtec.cat\/esc-massanet\/wp-content\/uploads\/usu2095\/2021\/02\/IMG_20201028_152253-1024x768.jpg 1024w, https:\/\/agora.xtec.cat\/esc-massanet\/wp-content\/uploads\/usu2095\/2021\/02\/IMG_20201028_152253-200x150.jpg 200w\" sizes=\"auto, (max-width: 4160px) 100vw, 4160px\" \/><\/a><\/h4>\n<h4><span style=\"text-decoration: underline;\"><strong>RACONS<\/strong><\/span><\/h4>\n<p><span style=\"font-weight: 400;\">L\u2019aula s\u2019organitza en diversos espais on l\u2019alumnat, distribu\u00eft en petits grups, realitzen activitat simult\u00e0nies, algunes de manera aut\u00f2noma i algunes amb acompanyament.<\/span><\/td>\n<td style=\"width: 264px; background-color: #bcbbf0; height: 87px; text-align: center;\">\n<h4><a href=\"https:\/\/agora.xtec.cat\/esc-massanet\/wp-content\/uploads\/usu2095\/2020\/04\/Rutines-Bon-dia.png\"><img loading=\"lazy\" decoding=\"async\" class=\"wp-image-1277 size-medium aligncenter\" src=\"https:\/\/agora.xtec.cat\/esc-massanet\/wp-content\/uploads\/usu2095\/2020\/04\/Rutines-Bon-dia-300x250.png\" alt=\"\" width=\"300\" height=\"250\" srcset=\"https:\/\/agora.xtec.cat\/esc-massanet\/wp-content\/uploads\/usu2095\/2020\/04\/Rutines-Bon-dia-300x250.png 300w, https:\/\/agora.xtec.cat\/esc-massanet\/wp-content\/uploads\/usu2095\/2020\/04\/Rutines-Bon-dia.png 654w\" sizes=\"auto, (max-width: 300px) 100vw, 300px\" \/><\/a><\/h4>\n<h4><span style=\"text-decoration: underline;\"><strong>ASSEMBLEA<\/strong><\/span><\/h4>\n<p><span style=\"font-weight: 400;\">Sessi\u00f3 setmanal destinada a ser un punt de trobada, de debat, de reflexi\u00f3 i de resoluci\u00f3 en grup.<\/span><\/td>\n<\/tr>\n<\/tbody>\n<\/table>\n<p>&nbsp;<\/p>\n<table style=\"height: 431px; background-color: #f0c2ea; width: 779px;\">\n<tbody>\n<tr style=\"height: 125px;\">\n<td style=\"width: 250.667px; background-color: #f7ca9c; height: 125px; text-align: center;\">\n<h4><a href=\"https:\/\/agora.xtec.cat\/esc-massanet\/wp-content\/uploads\/usu2095\/2021\/02\/Archivo_0001.jpeg\"><img loading=\"lazy\" decoding=\"async\" class=\"alignnone size-full wp-image-4020\" src=\"https:\/\/agora.xtec.cat\/esc-massanet\/wp-content\/uploads\/usu2095\/2021\/02\/Archivo_0001.jpeg\" alt=\"\" width=\"4032\" height=\"3024\" srcset=\"https:\/\/agora.xtec.cat\/esc-massanet\/wp-content\/uploads\/usu2095\/2021\/02\/Archivo_0001.jpeg 4032w, https:\/\/agora.xtec.cat\/esc-massanet\/wp-content\/uploads\/usu2095\/2021\/02\/Archivo_0001-300x225.jpeg 300w, https:\/\/agora.xtec.cat\/esc-massanet\/wp-content\/uploads\/usu2095\/2021\/02\/Archivo_0001-768x576.jpeg 768w, https:\/\/agora.xtec.cat\/esc-massanet\/wp-content\/uploads\/usu2095\/2021\/02\/Archivo_0001-1024x768.jpeg 1024w, https:\/\/agora.xtec.cat\/esc-massanet\/wp-content\/uploads\/usu2095\/2021\/02\/Archivo_0001-200x150.jpeg 200w\" sizes=\"auto, (max-width: 4032px) 100vw, 4032px\" \/><\/a><\/h4>\n<h4><span style=\"text-decoration: underline;\"><strong>CONSCI\u00c8NCIA FONOL\u00d2GICA<\/strong><\/span><\/h4>\n<p><span style=\"font-weight: 400;\">Treball de la capacitat de recon\u00e8ixer i usar els sons en el llenguatge parlat i que \u00e9s la base per aprendre a llegir i a escriure.<\/span><\/td>\n<td style=\"width: 256px; background-color: #85c9c1; height: 125px; text-align: center;\">\n<h4><span style=\"font-weight: 400;\"><a href=\"https:\/\/agora.xtec.cat\/esc-massanet\/wp-content\/uploads\/usu2095\/2021\/02\/Archivo_005.jpeg\"><img loading=\"lazy\" decoding=\"async\" class=\"alignnone size-full wp-image-4019\" src=\"https:\/\/agora.xtec.cat\/esc-massanet\/wp-content\/uploads\/usu2095\/2021\/02\/Archivo_005.jpeg\" alt=\"\" width=\"1199\" height=\"919\" srcset=\"https:\/\/agora.xtec.cat\/esc-massanet\/wp-content\/uploads\/usu2095\/2021\/02\/Archivo_005.jpeg 1199w, https:\/\/agora.xtec.cat\/esc-massanet\/wp-content\/uploads\/usu2095\/2021\/02\/Archivo_005-300x230.jpeg 300w, https:\/\/agora.xtec.cat\/esc-massanet\/wp-content\/uploads\/usu2095\/2021\/02\/Archivo_005-768x589.jpeg 768w, https:\/\/agora.xtec.cat\/esc-massanet\/wp-content\/uploads\/usu2095\/2021\/02\/Archivo_005-1024x785.jpeg 1024w\" sizes=\"auto, (max-width: 1199px) 100vw, 1199px\" \/><\/a><\/span><\/h4>\n<h4><span style=\"text-decoration: underline;\"><strong>REPORTER\/A VIRTUAL<\/strong><\/span><\/h4>\n<p><span style=\"font-weight: 400;\">Activitat setmanal que busca fer cr\u00e9ixer l\u2019autoestima de cada infant. Junt amb la col\u00b7laboraci\u00f3 de la fam\u00edlia, comparteix alguns aspectes de la seva vida amb els companys i companyes.<\/span><\/td>\n<td style=\"width: 264px; background-color: #f099de; height: 125px; text-align: center;\">\n<h4><a href=\"https:\/\/agora.xtec.cat\/esc-massanet\/wp-content\/uploads\/usu2095\/2021\/02\/IMG_20201005_112530.jpg\"><img loading=\"lazy\" decoding=\"async\" class=\"aligncenter wp-image-4013\" src=\"https:\/\/agora.xtec.cat\/esc-massanet\/wp-content\/uploads\/usu2095\/2021\/02\/IMG_20201005_112530.jpg\" alt=\"\" width=\"258\" height=\"193\" srcset=\"https:\/\/agora.xtec.cat\/esc-massanet\/wp-content\/uploads\/usu2095\/2021\/02\/IMG_20201005_112530.jpg 4160w, https:\/\/agora.xtec.cat\/esc-massanet\/wp-content\/uploads\/usu2095\/2021\/02\/IMG_20201005_112530-300x225.jpg 300w, https:\/\/agora.xtec.cat\/esc-massanet\/wp-content\/uploads\/usu2095\/2021\/02\/IMG_20201005_112530-768x576.jpg 768w, https:\/\/agora.xtec.cat\/esc-massanet\/wp-content\/uploads\/usu2095\/2021\/02\/IMG_20201005_112530-1024x768.jpg 1024w, https:\/\/agora.xtec.cat\/esc-massanet\/wp-content\/uploads\/usu2095\/2021\/02\/IMG_20201005_112530-200x150.jpg 200w\" sizes=\"auto, (max-width: 258px) 100vw, 258px\" \/><\/a><\/h4>\n<h4><\/h4>\n<h4><span style=\"text-decoration: underline;\"><strong>PATI<\/strong><\/span><\/h4>\n<p><span style=\"font-weight: 400;\">El pati es considera tamb\u00e9 un espai d\u2019aprenentatge on es fomenta la descoberta d\u2019un mateix i de l\u2019entorn.<\/span><\/td>\n<\/tr>\n<\/tbody>\n<\/table>\n<p>&nbsp;<\/p>\n<table style=\"height: 431px; background-color: #f0c2ea; width: 779px;\">\n<tbody>\n<tr style=\"height: 125px;\">\n<td style=\"width: 250.667px; background-color: #f0f79c; text-align: center; height: 125px;\">\n<h4><\/h4>\n<h4><span style=\"text-decoration: underline;\"><strong>ENGLISH<\/strong><\/span><\/h4>\n<p><span style=\"font-weight: 400;\">Introducci\u00f3 a l\u2019Angl\u00e8s de manera l\u00fadica, tenint en compte les capacitats, instints i necessitat dels infants.<\/span><\/td>\n<td style=\"width: 256px; background-color: #baf7f0; text-align: center; height: 125px;\">\n<h4><a href=\"https:\/\/agora.xtec.cat\/esc-massanet\/wp-content\/uploads\/usu2095\/2021\/02\/IMG_20201204_151159.jpg\"><img loading=\"lazy\" decoding=\"async\" class=\"alignnone size-full wp-image-4015\" src=\"https:\/\/agora.xtec.cat\/esc-massanet\/wp-content\/uploads\/usu2095\/2021\/02\/IMG_20201204_151159.jpg\" alt=\"\" width=\"4160\" height=\"3120\" srcset=\"https:\/\/agora.xtec.cat\/esc-massanet\/wp-content\/uploads\/usu2095\/2021\/02\/IMG_20201204_151159.jpg 4160w, https:\/\/agora.xtec.cat\/esc-massanet\/wp-content\/uploads\/usu2095\/2021\/02\/IMG_20201204_151159-300x225.jpg 300w, https:\/\/agora.xtec.cat\/esc-massanet\/wp-content\/uploads\/usu2095\/2021\/02\/IMG_20201204_151159-768x576.jpg 768w, https:\/\/agora.xtec.cat\/esc-massanet\/wp-content\/uploads\/usu2095\/2021\/02\/IMG_20201204_151159-1024x768.jpg 1024w, https:\/\/agora.xtec.cat\/esc-massanet\/wp-content\/uploads\/usu2095\/2021\/02\/IMG_20201204_151159-200x150.jpg 200w\" sizes=\"auto, (max-width: 4160px) 100vw, 4160px\" \/><\/a><\/h4>\n<h4><span style=\"text-decoration: underline;\"><strong>PSICOMOTRICITAT<\/strong><\/span><\/h4>\n<p><span style=\"font-weight: 400;\">Es centra en el desenvolupament del moviment, d<\/span><span style=\"font-weight: 400;\">el control corporal, en les primeres manifestacions de la comunicaci\u00f3 i del llenguatge, en les pautes generals de la conviv\u00e8ncia i en el descobriment de l\u2019entorn entre altres.<\/span><\/td>\n<td style=\"width: 264px; background-color: #a6f099; text-align: center; height: 125px;\">\n<h4><a href=\"https:\/\/agora.xtec.cat\/esc-massanet\/wp-content\/uploads\/usu2095\/2020\/04\/M\u00fasica.png\"><img loading=\"lazy\" decoding=\"async\" class=\"alignnone size-full wp-image-1285\" src=\"https:\/\/agora.xtec.cat\/esc-massanet\/wp-content\/uploads\/usu2095\/2020\/04\/M\u00fasica.png\" alt=\"\" width=\"288\" height=\"182\" \/><\/a><\/h4>\n<h4><span style=\"text-decoration: underline;\"><strong>M\u00daSICA<\/strong><\/span><\/h4>\n<p><span style=\"font-weight: 400;\">La m\u00fasica \u00e9s un llenguatge universal que millora l\u2019atenci\u00f3, la motivaci\u00f3, la creativitat, la psicomotricitat, la mem\u00f2ria, l\u2019estat an\u00edmic i, en conseq\u00fc\u00e8ncia, l\u2019aprenentatge. <\/span><\/td>\n<\/tr>\n<\/tbody>\n<\/table>\n<p>&nbsp;<\/p>\n<table class=\" aligncenter\" style=\"height: 145px; border-style: none; width: 873px;\" width=\"549\">\n<tbody>\n<tr style=\"height: 31px;\">\n<td style=\"width: 258.667px; border-style: none; background-color: #c4f5c8; height: 31px;\"><a href=\"https:\/\/agora.xtec.cat\/esc-massanet\/wp-content\/uploads\/usu2095\/2020\/04\/Teixit-1.png\"><img loading=\"lazy\" decoding=\"async\" class=\"alignnone size-medium wp-image-1286\" src=\"https:\/\/agora.xtec.cat\/esc-massanet\/wp-content\/uploads\/usu2095\/2020\/04\/Teixit-1-300x204.png\" alt=\"\" width=\"300\" height=\"204\" srcset=\"https:\/\/agora.xtec.cat\/esc-massanet\/wp-content\/uploads\/usu2095\/2020\/04\/Teixit-1-300x204.png 300w, https:\/\/agora.xtec.cat\/esc-massanet\/wp-content\/uploads\/usu2095\/2020\/04\/Teixit-1.png 603w\" sizes=\"auto, (max-width: 300px) 100vw, 300px\" \/><\/a><\/p>\n<p style=\"text-align: center;\"><span style=\"text-decoration: underline;\"><strong>Teixit d\u2019escola<\/strong><\/span><\/p>\n<p style=\"text-align: center;\">Projecte interdisciplinari, amb un mateix fil conductor a tots els cursos, on es realitzen diferents tallers lligats a un producte final.<\/p>\n<p style=\"text-align: center;\">Als tallers es treballen m\u00faltiples intel\u00b7lig\u00e8ncies.<\/p>\n<p style=\"text-align: center;\">El treball ling\u00fc\u00edstic queda impl\u00edcit en el s\u00ed del taller b\u00e9 sigui de forma oral i\/o de forma escrita.<\/p>\n<p style=\"text-align: center;\">Grups d\u2019alumnes barrejats (intercicles).<\/p>\n<\/td>\n<td style=\"width: 285.333px; height: 31px; border-style: none; background-color: #f0fa96;\"><a href=\"https:\/\/agora.xtec.cat\/esc-massanet\/wp-content\/uploads\/usu2095\/2020\/04\/Grups-interactius.png\"><img loading=\"lazy\" decoding=\"async\" class=\"alignnone  wp-image-1283\" src=\"https:\/\/agora.xtec.cat\/esc-massanet\/wp-content\/uploads\/usu2095\/2020\/04\/Grups-interactius-300x223.png\" alt=\"\" width=\"255\" height=\"189\" srcset=\"https:\/\/agora.xtec.cat\/esc-massanet\/wp-content\/uploads\/usu2095\/2020\/04\/Grups-interactius-300x223.png 300w, https:\/\/agora.xtec.cat\/esc-massanet\/wp-content\/uploads\/usu2095\/2020\/04\/Grups-interactius-768x570.png 768w, https:\/\/agora.xtec.cat\/esc-massanet\/wp-content\/uploads\/usu2095\/2020\/04\/Grups-interactius.png 813w\" sizes=\"auto, (max-width: 255px) 100vw, 255px\" \/><\/a><\/p>\n<p style=\"text-align: center;\"><span style=\"text-decoration: underline;\"><strong>Grups interactius<\/strong><\/span><\/p>\n<p style=\"text-align: center;\">Es duen a terme entre 4 i 5 activitats diferents alhora en una sessi\u00f3. Cada activitat t\u00e9 una durada d\u2019uns 10 minuts tutoritzada per un adult.<\/p>\n<p style=\"text-align: center;\">Els alumnes passen per totes les activitats al llarg de la sessi\u00f3.<\/p>\n<p style=\"text-align: center;\">Grups heterogenis.<\/p>\n<p style=\"text-align: center;\">Es promou l\u2019acceleraci\u00f3 de l\u2019aprenentatge i l\u2019aprenentatge dial\u00f2gic.<\/p>\n<\/td>\n<\/tr>\n<\/tbody>\n<\/table>\n<p style=\"text-align: center;\">\n","protected":false},"excerpt":{"rendered":"<p><a href=\"https:\/\/agora.xtec.cat\/esc-massanet\/wp-content\/uploads\/usu2095\/2021\/02\/IMG_20210118_092041.jpg\"><\/a><br \/>\nBENVINGUDA<br \/>\nEntrada tranquil\u00b7la a trav\u00e9s de diverses propostes de descoberta d\u2019inspiraci\u00f3 Montessori.<\/p>\n<p><a href=\"https:\/\/agora.xtec.cat\/esc-massanet\/wp-content\/uploads\/usu2095\/2021\/02\/rutines.jpeg\"><\/a><br \/>\nBON DIA I RUTINES<br \/>\nActivitats di\u00e0ries d\u2019acollida i retrobament destinades a ajudar l\u2019infant a situar-se en l\u2019espai i el temps.<\/p>\n<p><a href=\"https:\/\/agora.xtec.cat\/esc-massanet\/wp-content\/uploads\/usu2095\/2021\/02\/IMG_20210114_103605.jpg\"><\/a><br \/>\nTREBALL PER PROJECTES<br \/>\nCada trimestre es porta a terme un projecte que parteix dels interessos&hellip;  <a href=\"https:\/\/agora.xtec.cat\/esc-massanet\/lescola\/oferta-educativa-2\/oferta-educativa\/\" title=\"Read Educaci\u00f3 Infantil\">Llegeix m\u00e9s\u00bb<\/a><\/p>\n","protected":false},"author":1,"featured_media":0,"parent":1288,"menu_order":10,"comment_status":"closed","ping_status":"closed","template":"page-templates\/side-menu.php","meta":{"_bbp_topic_count":0,"_bbp_reply_count":0,"_bbp_total_topic_count":0,"_bbp_total_reply_count":0,"_bbp_voice_count":0,"_bbp_anonymous_reply_count":0,"_bbp_topic_count_hidden":0,"_bbp_reply_count_hidden":0,"_bbp_forum_subforum_count":0,"footnotes":""},"class_list":["post-34","page","type-page","status-publish","hentry"],"post_mailing_queue_ids":[],"_links":{"self":[{"href":"https:\/\/agora.xtec.cat\/esc-massanet\/wp-json\/wp\/v2\/pages\/34","targetHints":{"allow":["GET"]}}],"collection":[{"href":"https:\/\/agora.xtec.cat\/esc-massanet\/wp-json\/wp\/v2\/pages"}],"about":[{"href":"https:\/\/agora.xtec.cat\/esc-massanet\/wp-json\/wp\/v2\/types\/page"}],"author":[{"embeddable":true,"href":"https:\/\/agora.xtec.cat\/esc-massanet\/wp-json\/wp\/v2\/users\/1"}],"replies":[{"embeddable":true,"href":"https:\/\/agora.xtec.cat\/esc-massanet\/wp-json\/wp\/v2\/comments?post=34"}],"version-history":[{"count":3,"href":"https:\/\/agora.xtec.cat\/esc-massanet\/wp-json\/wp\/v2\/pages\/34\/revisions"}],"predecessor-version":[{"id":4012,"href":"https:\/\/agora.xtec.cat\/esc-massanet\/wp-json\/wp\/v2\/pages\/34\/revisions\/4012"}],"up":[{"embeddable":true,"href":"https:\/\/agora.xtec.cat\/esc-massanet\/wp-json\/wp\/v2\/pages\/1288"}],"wp:attachment":[{"href":"https:\/\/agora.xtec.cat\/esc-massanet\/wp-json\/wp\/v2\/media?parent=34"}],"curies":[{"name":"wp","href":"https:\/\/api.w.org\/{rel}","templated":true}]}}