{"id":32,"date":"2014-09-18T12:31:33","date_gmt":"2014-09-18T11:31:33","guid":{"rendered":"http:\/\/agora.xtec.cat\/esc-massanet\/?page_id=32"},"modified":"2025-02-25T13:04:36","modified_gmt":"2025-02-25T12:04:36","slug":"calendari-del-curs","status":"publish","type":"page","link":"https:\/\/agora.xtec.cat\/esc-massanet\/lescola\/calendari-del-curs\/","title":{"rendered":"Calendari del curs 24-25"},"content":{"rendered":"<h4><strong>Inici de curs:<\/strong><\/h4>\n<p>9 de setembre de 2024<\/p>\n<h4><strong>Vacances:<\/strong><\/h4>\n<p>Del 21 de Desembre de 2024 al 7 de Gener de 2025\u00a0 (ambd\u00f3s inclosos)<\/p>\n<p>Del 12 d&#8217;Abril al 21 d\u2019Abril de 2025 (ambd\u00f3s inclosos)<\/p>\n<p>A partir del 20 de juny de 2025<\/p>\n<h4><strong>Dies festius de lliure disposici\u00f3:<\/strong><\/h4>\n<p>31 d&#8217;octubre de 2024<\/p>\n<p>28 de febrer de 2025<\/p>\n<p>3 de mar\u00e7 de 2025<\/p>\n<p>5 de maig de 2025<\/p>\n<p>9 de juny de 2025<\/p>\n<h4><strong>Dies festius locals:<\/strong><\/h4>\n<p>2 maig de 2025<\/p>\n<h4><strong>Jornada compactada:<\/strong><\/h4>\n<p>20 de Desembre de 2024 i del 10 al 20 de Juny de 2025 (ambd\u00f3s inclosos)<\/p>\n<p>L\u2019<b>horari lectiu<\/b>\u00a0del centre \u00e9s de 9 a 12:30h i de 14:30 a 16:00h per a tots els alumnes del centre. El dia 20 de desembre de 2022 i a partir del 10 de juny de 2025 es realitza horari compactat de 9 a 13h.<\/p>\n<p>Per als alumnes que inicien l\u2019escolaritzaci\u00f3 a i3 s\u2019organitza un breu per\u00edode de familiaritzaci\u00f3 que suposa una certa modificaci\u00f3 dels horaris la primera setmana de classe, i que es fa saber a les fam\u00edlies pr\u00e8viament.<\/p>\n","protected":false},"excerpt":{"rendered":"<p>Inici de curs:<br \/>\n9 de setembre de 2024<br \/>\nVacances:<br \/>\nDel 21 de Desembre de 2024 al 7 de Gener de 2025\u00a0 (ambd\u00f3s inclosos)<br \/>\nDel 12 d&#8217;Abril al 21 d\u2019Abril de 2025 (ambd\u00f3s inclosos)<br \/>\nA partir del 20 de juny de 2025<br \/>\nDies festius de lliure disposici\u00f3:<br \/>\n31 d&#8217;octubre de 2024<br \/>\n28 de febrer&hellip;  <a href=\"https:\/\/agora.xtec.cat\/esc-massanet\/lescola\/calendari-del-curs\/\" title=\"Read Calendari del curs 24-25\">Llegeix m\u00e9s\u00bb<\/a><\/p>\n","protected":false},"author":1,"featured_media":0,"parent":22,"menu_order":50,"comment_status":"closed","ping_status":"closed","template":"page-templates\/side-menu.php","meta":{"_bbp_topic_count":0,"_bbp_reply_count":0,"_bbp_total_topic_count":0,"_bbp_total_reply_count":0,"_bbp_voice_count":0,"_bbp_anonymous_reply_count":0,"_bbp_topic_count_hidden":0,"_bbp_reply_count_hidden":0,"_bbp_forum_subforum_count":0,"footnotes":""},"class_list":["post-32","page","type-page","status-publish","hentry"],"post_mailing_queue_ids":[],"_links":{"self":[{"href":"https:\/\/agora.xtec.cat\/esc-massanet\/wp-json\/wp\/v2\/pages\/32","targetHints":{"allow":["GET"]}}],"collection":[{"href":"https:\/\/agora.xtec.cat\/esc-massanet\/wp-json\/wp\/v2\/pages"}],"about":[{"href":"https:\/\/agora.xtec.cat\/esc-massanet\/wp-json\/wp\/v2\/types\/page"}],"author":[{"embeddable":true,"href":"https:\/\/agora.xtec.cat\/esc-massanet\/wp-json\/wp\/v2\/users\/1"}],"replies":[{"embeddable":true,"href":"https:\/\/agora.xtec.cat\/esc-massanet\/wp-json\/wp\/v2\/comments?post=32"}],"version-history":[{"count":6,"href":"https:\/\/agora.xtec.cat\/esc-massanet\/wp-json\/wp\/v2\/pages\/32\/revisions"}],"predecessor-version":[{"id":7583,"href":"https:\/\/agora.xtec.cat\/esc-massanet\/wp-json\/wp\/v2\/pages\/32\/revisions\/7583"}],"up":[{"embeddable":true,"href":"https:\/\/agora.xtec.cat\/esc-massanet\/wp-json\/wp\/v2\/pages\/22"}],"wp:attachment":[{"href":"https:\/\/agora.xtec.cat\/esc-massanet\/wp-json\/wp\/v2\/media?parent=32"}],"curies":[{"name":"wp","href":"https:\/\/api.w.org\/{rel}","templated":true}]}}