{"id":28,"date":"2014-09-18T12:29:35","date_gmt":"2014-09-18T11:29:35","guid":{"rendered":"http:\/\/agora.xtec.cat\/esc-massanet\/?page_id=28"},"modified":"2020-05-26T16:51:05","modified_gmt":"2020-05-26T14:51:05","slug":"consell-escolar","status":"publish","type":"page","link":"https:\/\/agora.xtec.cat\/esc-massanet\/lescola\/consell-escolar\/","title":{"rendered":"Comunitat d&#8217;Aprenentatge"},"content":{"rendered":"<p style=\"text-align: justify;\">Les comunitats d\u2019aprenentatge s\u00f3n un projecte de transformaci\u00f3 social i cultural basat en l\u2019aplicaci\u00f3 d\u2019aquelles actuacions educatives d\u2019\u00e8xit (AEE) de les quals s\u2019ha demostrat cient\u00edficament que milloren el rendiment educatiu i la conviv\u00e8ncia. Les comunitats d&#8217;aprenentatge impliquen totes les persones que, de forma directa o indirecta, influeixen en l&#8217;aprenentatge i el desenvolupament dels estudiants, incloent-hi mestres, professors, familiars, membres d&#8217;associacions i organitzacions ve\u00efnals i locals i persones volunt\u00e0ries.<\/p>\n<p style=\"text-align: justify;\">La transformaci\u00f3 est\u00e0 orientada cap a un somni d&#8217;escola en el qual tota la comunitat educativa i l&#8217;entorn participen de manera igualit\u00e0ria, per convertir les dificultats en possibilitats i millorar les expectatives d\u2019\u00e8xit educatiu de tots els alumnes. Partint dels somnis de tota la comunitat educativa, a trav\u00e9s del di\u00e0leg i basant-se en les evid\u00e8ncies cient\u00edfiques, aquest projecte est\u00e0 aconseguint un doble objectiu: superar el frac\u00e0s escolar i enfortir la conviv\u00e8ncia.<\/p>\n<p>Els reptes que es plantegen a la societat actual, als qual vol donar resposta el Projecte comunitats d\u2019aprenentatge s\u00f3n:<\/p>\n<ul>\n<li style=\"list-style-type: none;\">\n<ul>\n<li style=\"list-style-type: none;\">\n<ul>\n<li>SUPERAR LES DESIGUALTATS<\/li>\n<li>ACONSEGUIR L\u2019\u00c8XIT EDUCATIU<\/li>\n<li>MILLORAR LA CONVIV\u00c8NCIA<\/li>\n<\/ul>\n<\/li>\n<\/ul>\n<\/li>\n<\/ul>\n<p>El mitj\u00e0 que tenen les comunitats d\u2019aprenentatge per aconseguir els objectius proposats \u00e9s l\u2019aplicaci\u00f3 de les actuacions educatives d\u2019\u00e8xit.<\/p>\n<p>Les actuacions educatives d\u2019\u00e8xit (AEE) \u00e9s defineixen com aquelles pr\u00e0ctiques educatives que la comunitat cient\u00edfica internacional ha demostrat que contribueixen a millorar l&#8217;aprenentatge de l&#8217;alumnat i la conviv\u00e8ncia al centre educatiu.<\/p>\n<p>S\u00f3n actuacions universals i transferibles a tot tipus de contextos i que ofereixen \u00e8xit, igualtat i efic\u00e0cia. La seva implementaci\u00f3 exigeix rigor, const\u00e0ncia i comprom\u00eds.<\/p>\n<p>Al nostre centre realitzem les seg\u00fcents actuacions educatives d&#8217;\u00e8xit (AEE) per aconseguir els objectius d&#8217;una comunitat d&#8217;aprenentatge: (Feu click a l&#8217;enlla\u00e7 per tenir m\u00e9s informaci\u00f3 sobre les AEE)<\/p>\n<ul>\n<li style=\"list-style-type: none;\">\n<ul>\n<li style=\"list-style-type: none;\">\n<ul>\n<li><strong><a href=\"https:\/\/agora.xtec.cat\/esc-massanet\/lescola\/consell-escolar\/comissions-mixtes\/\">Comissions Mixtes<\/a>:<\/strong> Participaci\u00f3 de les fam\u00edlies, professorat i voluntariat en la tasca educativa.<\/li>\n<li><strong><a href=\"https:\/\/agora.xtec.cat\/esc-massanet\/lescola\/consell-escolar\/formacio-de-familiars\/\">Formacions de Familiars<\/a>:<\/strong> Respon als interessos i les necessitats de les fam\u00edlies.<\/li>\n<li><strong><a href=\"https:\/\/agora.xtec.cat\/esc-massanet\/lescola\/consell-escolar\/grups-interactius\/\">Grups Interactius<\/a>:<\/strong> Els grups interactius s\u00f3n una forma d\u2019organitzaci\u00f3 de l\u2019aula que es caracteritza per incloure tot l\u2019alumnat, ja que aquest troba el suport de diferents adults a banda dels docents responsables de l\u2019aula.<\/li>\n<li><strong><a href=\"https:\/\/agora.xtec.cat\/esc-massanet\/lescola\/consell-escolar\/tertulies-literaries\/\">Tert\u00falies Liter\u00e0ties<\/a>:<\/strong> Es tracta de la construcci\u00f3 col\u00b7lectiva de significat i de coneixement a partir del di\u00e0leg amb tots els alumnes que participen en la tert\u00falia.<\/li>\n<\/ul>\n<\/li>\n<\/ul>\n<\/li>\n<\/ul>\n","protected":false},"excerpt":{"rendered":"<p>Les comunitats d\u2019aprenentatge s\u00f3n un projecte de transformaci\u00f3 social i cultural basat en l\u2019aplicaci\u00f3 d\u2019aquelles actuacions educatives d\u2019\u00e8xit (AEE) de les quals s\u2019ha demostrat cient\u00edficament que milloren el rendiment educatiu i la conviv\u00e8ncia. Les comunitats d&#8217;aprenentatge impliquen totes les persones que, de forma directa o&hellip;  <a href=\"https:\/\/agora.xtec.cat\/esc-massanet\/lescola\/consell-escolar\/\" title=\"Read Comunitat d&#8217;Aprenentatge\">Llegeix m\u00e9s\u00bb<\/a><\/p>\n","protected":false},"author":1,"featured_media":0,"parent":22,"menu_order":30,"comment_status":"closed","ping_status":"closed","template":"page-templates\/side-menu.php","meta":{"_bbp_topic_count":0,"_bbp_reply_count":0,"_bbp_total_topic_count":0,"_bbp_total_reply_count":0,"_bbp_voice_count":0,"_bbp_anonymous_reply_count":0,"_bbp_topic_count_hidden":0,"_bbp_reply_count_hidden":0,"_bbp_forum_subforum_count":0,"footnotes":""},"class_list":["post-28","page","type-page","status-publish","hentry"],"post_mailing_queue_ids":[],"_links":{"self":[{"href":"https:\/\/agora.xtec.cat\/esc-massanet\/wp-json\/wp\/v2\/pages\/28","targetHints":{"allow":["GET"]}}],"collection":[{"href":"https:\/\/agora.xtec.cat\/esc-massanet\/wp-json\/wp\/v2\/pages"}],"about":[{"href":"https:\/\/agora.xtec.cat\/esc-massanet\/wp-json\/wp\/v2\/types\/page"}],"author":[{"embeddable":true,"href":"https:\/\/agora.xtec.cat\/esc-massanet\/wp-json\/wp\/v2\/users\/1"}],"replies":[{"embeddable":true,"href":"https:\/\/agora.xtec.cat\/esc-massanet\/wp-json\/wp\/v2\/comments?post=28"}],"version-history":[{"count":3,"href":"https:\/\/agora.xtec.cat\/esc-massanet\/wp-json\/wp\/v2\/pages\/28\/revisions"}],"predecessor-version":[{"id":2493,"href":"https:\/\/agora.xtec.cat\/esc-massanet\/wp-json\/wp\/v2\/pages\/28\/revisions\/2493"}],"up":[{"embeddable":true,"href":"https:\/\/agora.xtec.cat\/esc-massanet\/wp-json\/wp\/v2\/pages\/22"}],"wp:attachment":[{"href":"https:\/\/agora.xtec.cat\/esc-massanet\/wp-json\/wp\/v2\/media?parent=28"}],"curies":[{"name":"wp","href":"https:\/\/api.w.org\/{rel}","templated":true}]}}