{"id":26,"date":"2014-09-18T12:24:32","date_gmt":"2014-09-18T11:24:32","guid":{"rendered":"http:\/\/agora.xtec.cat\/esc-massanet\/?page_id=26"},"modified":"2023-07-03T10:33:20","modified_gmt":"2023-07-03T08:33:20","slug":"historia","status":"publish","type":"page","link":"https:\/\/agora.xtec.cat\/esc-massanet\/lescola\/historia\/","title":{"rendered":"Qui som?"},"content":{"rendered":"<p style=\"text-align: justify;\"><strong>Qui som?<\/strong><\/p>\n<p style=\"text-align: justify;\">L\u2019escola <em>Les Arrels <\/em>desenvolupa el seu Projecte Educatiu de Centre fru\u00eft d\u2019un treball conjunt dels diferents sectors de la Comunitat Educativa.<br \/>\nPer iniciar la nova escola es va fer un llarg cam\u00ed. Durant vuit anys el poble de Ma\u00e7anet de la Selva va estar reclamant i treballant la creaci\u00f3 d\u2019un nou centre educatiu. Des de l\u2019inici, el curs 2011, vam iniciar el nostre projecte de trasnformaci\u00f3 de l\u2019entorn i d\u2019innovaci\u00f3 en Comunitat d\u2019aprenentatge. Aquest \u00e9s un dels nostres trets d\u2019identitat el qual ens permet garantir l\u2019\u00e8xit i la participaci\u00f3 de tots els membre que formen part del proc\u00e9s d\u2019aprenentatge de l\u2019alumnat fomentant aix\u00ed un clima afavoridor per totes les persones que hi vulguin participar.<\/p>\n<p style=\"text-align: right;\">&#8220;PER EDUCAR UN INFANT FA FALTA TOTALA TRIBU!&#8221;<\/p>\n<p style=\"text-align: right;\">Pensament afric\u00e0<\/p>\n<h3><strong>PERSONAL DE CENTRE 2020-2021<\/strong><\/h3>\n<p>Equip Directiu, EAP i PAS:<\/p>\n\n\t\t<style type=\"text\/css\">\n\t\t\t#gallery-1 {\n\t\t\t\tmargin: auto;\n\t\t\t}\n\t\t\t#gallery-1 .gallery-item {\n\t\t\t\tfloat: left;\n\t\t\t\tmargin-top: 10px;\n\t\t\t\ttext-align: center;\n\t\t\t\twidth: 33%;\n\t\t\t}\n\t\t\t#gallery-1 img {\n\t\t\t\tborder: 2px solid #cfcfcf;\n\t\t\t}\n\t\t\t#gallery-1 .gallery-caption {\n\t\t\t\tmargin-left: 0;\n\t\t\t}\n\t\t\t\/* see gallery_shortcode() in wp-includes\/media.php *\/\n\t\t<\/style>\n\t\t<div id='gallery-1' class='gallery galleryid-26 gallery-columns-3 gallery-size-thumbnail'><dl class='gallery-item'>\n\t\t\t<dt class='gallery-icon portrait'>\n\t\t\t\t<a href='https:\/\/agora.xtec.cat\/esc-massanet\/lescola\/historia\/attachment\/copia-de-img_3379-min\/'><img loading=\"lazy\" decoding=\"async\" width=\"150\" height=\"150\" src=\"https:\/\/agora.xtec.cat\/esc-massanet\/wp-content\/uploads\/usu2095\/2020\/09\/C\u00f2pia-de-IMG_3379-min-150x150.jpg\" class=\"attachment-thumbnail size-thumbnail\" alt=\"\" aria-describedby=\"gallery-1-3543\" \/><\/a>\n\t\t\t<\/dt>\n\t\t\t\t<dd class='wp-caption-text gallery-caption' id='gallery-1-3543'>\n\t\t\t\tLaura Mart\u00ednez G\u00f3mez. Directora\n\t\t\t\t<\/dd><\/dl><dl class='gallery-item'>\n\t\t\t<dt class='gallery-icon portrait'>\n\t\t\t\t<a href='https:\/\/agora.xtec.cat\/esc-massanet\/lescola\/historia\/attachment\/copia-de-alay-costa-cristina-min\/'><img loading=\"lazy\" decoding=\"async\" width=\"150\" height=\"150\" src=\"https:\/\/agora.xtec.cat\/esc-massanet\/wp-content\/uploads\/usu2095\/2020\/09\/C\u00f2pia-de-Alay-Costa-Cristina-min-150x150.jpg\" class=\"attachment-thumbnail size-thumbnail\" alt=\"\" aria-describedby=\"gallery-1-3545\" \/><\/a>\n\t\t\t<\/dt>\n\t\t\t\t<dd class='wp-caption-text gallery-caption' id='gallery-1-3545'>\n\t\t\t\tCristina Alay Costa. Cap d&#8217;estudis\n\t\t\t\t<\/dd><\/dl><dl class='gallery-item'>\n\t\t\t<dt class='gallery-icon portrait'>\n\t\t\t\t<a href='https:\/\/agora.xtec.cat\/esc-massanet\/lescola\/historia\/attachment\/copia-de-de-la-rosa-gubau-farners-min\/'><img loading=\"lazy\" decoding=\"async\" width=\"150\" height=\"150\" src=\"https:\/\/agora.xtec.cat\/esc-massanet\/wp-content\/uploads\/usu2095\/2020\/09\/C\u00f2pia-de-De-la-Rosa-Gubau-Farners-min-150x150.jpg\" class=\"attachment-thumbnail size-thumbnail\" alt=\"\" aria-describedby=\"gallery-1-3542\" \/><\/a>\n\t\t\t<\/dt>\n\t\t\t\t<dd class='wp-caption-text gallery-caption' id='gallery-1-3542'>\n\t\t\t\tFarners de la Rosa Gubau. Secret\u00e0ria\n\t\t\t\t<\/dd><\/dl><br style=\"clear: both\" \/>\n\t\t<\/div>\n\n<p>Educaci\u00f3 Infantil:<\/p>\n<p>Primer Cicle de Prim\u00e0ria:<\/p>\n<p>Segon Cicle de Prim\u00e0ria:<\/p>\n<p>Especialistes:<\/p>\n<p>Personal de menjador i servei de neteja:<\/p>\n\n\t\t<style type=\"text\/css\">\n\t\t\t#gallery-2 {\n\t\t\t\tmargin: auto;\n\t\t\t}\n\t\t\t#gallery-2 .gallery-item {\n\t\t\t\tfloat: left;\n\t\t\t\tmargin-top: 10px;\n\t\t\t\ttext-align: center;\n\t\t\t\twidth: 20%;\n\t\t\t}\n\t\t\t#gallery-2 img {\n\t\t\t\tborder: 2px solid #cfcfcf;\n\t\t\t}\n\t\t\t#gallery-2 .gallery-caption {\n\t\t\t\tmargin-left: 0;\n\t\t\t}\n\t\t\t\/* see gallery_shortcode() in wp-includes\/media.php *\/\n\t\t<\/style>\n\t\t<div id='gallery-2' class='gallery galleryid-26 gallery-columns-5 gallery-size-thumbnail'><dl class='gallery-item'>\n\t\t\t<dt class='gallery-icon portrait'>\n\t\t\t\t<a href='https:\/\/agora.xtec.cat\/esc-massanet\/lescola\/historia\/attachment\/30-paez-silvia-min\/'><img loading=\"lazy\" decoding=\"async\" width=\"150\" height=\"150\" src=\"https:\/\/agora.xtec.cat\/esc-massanet\/wp-content\/uploads\/usu2095\/2020\/03\/30-P\u00e1ez-S\u00edlvia-min-150x150.jpg\" class=\"attachment-thumbnail size-thumbnail\" alt=\"\" aria-describedby=\"gallery-2-636\" \/><\/a>\n\t\t\t<\/dt>\n\t\t\t\t<dd class='wp-caption-text gallery-caption' id='gallery-2-636'>\n\t\t\t\tS\u00edlvia P\u00e1ez. Administradora\n\t\t\t\t<\/dd><\/dl><dl class='gallery-item'>\n\t\t\t<dt class='gallery-icon portrait'>\n\t\t\t\t<a href='https:\/\/agora.xtec.cat\/esc-massanet\/lescola\/historia\/attachment\/31-maria-josefa-collado-vinegra-min\/'><img loading=\"lazy\" decoding=\"async\" width=\"150\" height=\"150\" src=\"https:\/\/agora.xtec.cat\/esc-massanet\/wp-content\/uploads\/usu2095\/2020\/03\/31.-Maria-Josefa-Collado-Vinegra-min-150x150.jpg\" class=\"attachment-thumbnail size-thumbnail\" alt=\"\" aria-describedby=\"gallery-2-637\" \/><\/a>\n\t\t\t<\/dt>\n\t\t\t\t<dd class='wp-caption-text gallery-caption' id='gallery-2-637'>\n\t\t\t\tMaria Josefa Collado Vinegra. Cuinera\n\t\t\t\t<\/dd><\/dl><dl class='gallery-item'>\n\t\t\t<dt class='gallery-icon portrait'>\n\t\t\t\t<a href='https:\/\/agora.xtec.cat\/esc-massanet\/lescola\/historia\/attachment\/32-esther-pardo-luque-min\/'><img loading=\"lazy\" decoding=\"async\" width=\"150\" height=\"150\" src=\"https:\/\/agora.xtec.cat\/esc-massanet\/wp-content\/uploads\/usu2095\/2020\/03\/32.Esther-Pardo-Luque-min-150x150.jpg\" class=\"attachment-thumbnail size-thumbnail\" alt=\"\" aria-describedby=\"gallery-2-638\" \/><\/a>\n\t\t\t<\/dt>\n\t\t\t\t<dd class='wp-caption-text gallery-caption' id='gallery-2-638'>\n\t\t\t\tEsther Pardo Luque. Monitora\n\t\t\t\t<\/dd><\/dl><dl class='gallery-item'>\n\t\t\t<dt class='gallery-icon portrait'>\n\t\t\t\t<a href='https:\/\/agora.xtec.cat\/esc-massanet\/lescola\/historia\/attachment\/33-montse-berrocal-martinez-min\/'><img loading=\"lazy\" decoding=\"async\" width=\"150\" height=\"150\" src=\"https:\/\/agora.xtec.cat\/esc-massanet\/wp-content\/uploads\/usu2095\/2020\/03\/33.Montse-Berrocal-Mart\u00ednez-min-150x150.jpg\" class=\"attachment-thumbnail size-thumbnail\" alt=\"\" aria-describedby=\"gallery-2-639\" \/><\/a>\n\t\t\t<\/dt>\n\t\t\t\t<dd class='wp-caption-text gallery-caption' id='gallery-2-639'>\n\t\t\t\tMontse Berrocal Mart\u00ednez. Monitora\n\t\t\t\t<\/dd><\/dl><dl class='gallery-item'>\n\t\t\t<dt class='gallery-icon portrait'>\n\t\t\t\t<a href='https:\/\/agora.xtec.cat\/esc-massanet\/lescola\/historia\/attachment\/35-maria-jesus-herrera-martin-min\/'><img loading=\"lazy\" decoding=\"async\" width=\"150\" height=\"150\" src=\"https:\/\/agora.xtec.cat\/esc-massanet\/wp-content\/uploads\/usu2095\/2020\/03\/35.Maria-Jes\u00fas-Herrera-Mart\u00edn-min-150x150.jpg\" class=\"attachment-thumbnail size-thumbnail\" alt=\"\" aria-describedby=\"gallery-2-640\" \/><\/a>\n\t\t\t<\/dt>\n\t\t\t\t<dd class='wp-caption-text gallery-caption' id='gallery-2-640'>\n\t\t\t\tMaria Jes\u00fas Herrera Mart\u00edn. Monitora\n\t\t\t\t<\/dd><\/dl><br style=\"clear: both\" \/><dl class='gallery-item'>\n\t\t\t<dt class='gallery-icon portrait'>\n\t\t\t\t<a href='https:\/\/agora.xtec.cat\/esc-massanet\/lescola\/historia\/attachment\/38-ma-isabel-martos-min\/'><img loading=\"lazy\" decoding=\"async\" width=\"150\" height=\"150\" src=\"https:\/\/agora.xtec.cat\/esc-massanet\/wp-content\/uploads\/usu2095\/2020\/03\/38.M\u00aa-Isabel-Martos-min-150x150.jpg\" class=\"attachment-thumbnail size-thumbnail\" alt=\"\" aria-describedby=\"gallery-2-642\" \/><\/a>\n\t\t\t<\/dt>\n\t\t\t\t<dd class='wp-caption-text gallery-caption' id='gallery-2-642'>\n\t\t\t\tMa Isabel Martos. Monitora menjador i servei neteja\n\t\t\t\t<\/dd><\/dl><dl class='gallery-item'>\n\t\t\t<dt class='gallery-icon portrait'>\n\t\t\t\t<a href='https:\/\/agora.xtec.cat\/esc-massanet\/lescola\/historia\/attachment\/40-neus-porras-agell-min\/'><img loading=\"lazy\" decoding=\"async\" width=\"150\" height=\"150\" src=\"https:\/\/agora.xtec.cat\/esc-massanet\/wp-content\/uploads\/usu2095\/2020\/03\/40.Neus-Porras-Agell-min-150x150.jpg\" class=\"attachment-thumbnail size-thumbnail\" alt=\"\" aria-describedby=\"gallery-2-644\" \/><\/a>\n\t\t\t<\/dt>\n\t\t\t\t<dd class='wp-caption-text gallery-caption' id='gallery-2-644'>\n\t\t\t\tNeus Porras Agell. Servei de neteja\n\t\t\t\t<\/dd><\/dl>\n\t\t\t<br style='clear: both' \/>\n\t\t<\/div>\n\n<p>&nbsp;<\/p>\n<p>&nbsp;<\/p>\n<p>&nbsp;<\/p>\n<p>&nbsp;<\/p>\n<p>&nbsp;<\/p>\n","protected":false},"excerpt":{"rendered":"<p>Qui som?<br \/>\nL\u2019escola Les Arrels desenvolupa el seu Projecte Educatiu de Centre fru\u00eft d\u2019un treball conjunt dels diferents sectors de la Comunitat Educativa.<br \/>\nPer iniciar la nova escola es va fer un llarg cam\u00ed. Durant vuit anys el poble de Ma\u00e7anet de la Selva va estar reclamant&hellip;  <a href=\"https:\/\/agora.xtec.cat\/esc-massanet\/lescola\/historia\/\" title=\"Read Qui som?\">Llegeix m\u00e9s\u00bb<\/a><\/p>\n","protected":false},"author":1,"featured_media":0,"parent":22,"menu_order":20,"comment_status":"closed","ping_status":"closed","template":"page-templates\/side-menu.php","meta":{"_bbp_topic_count":0,"_bbp_reply_count":0,"_bbp_total_topic_count":0,"_bbp_total_reply_count":0,"_bbp_voice_count":0,"_bbp_anonymous_reply_count":0,"_bbp_topic_count_hidden":0,"_bbp_reply_count_hidden":0,"_bbp_forum_subforum_count":0,"footnotes":""},"class_list":["post-26","page","type-page","status-publish","hentry"],"post_mailing_queue_ids":[],"_links":{"self":[{"href":"https:\/\/agora.xtec.cat\/esc-massanet\/wp-json\/wp\/v2\/pages\/26","targetHints":{"allow":["GET"]}}],"collection":[{"href":"https:\/\/agora.xtec.cat\/esc-massanet\/wp-json\/wp\/v2\/pages"}],"about":[{"href":"https:\/\/agora.xtec.cat\/esc-massanet\/wp-json\/wp\/v2\/types\/page"}],"author":[{"embeddable":true,"href":"https:\/\/agora.xtec.cat\/esc-massanet\/wp-json\/wp\/v2\/users\/1"}],"replies":[{"embeddable":true,"href":"https:\/\/agora.xtec.cat\/esc-massanet\/wp-json\/wp\/v2\/comments?post=26"}],"version-history":[{"count":4,"href":"https:\/\/agora.xtec.cat\/esc-massanet\/wp-json\/wp\/v2\/pages\/26\/revisions"}],"predecessor-version":[{"id":5740,"href":"https:\/\/agora.xtec.cat\/esc-massanet\/wp-json\/wp\/v2\/pages\/26\/revisions\/5740"}],"up":[{"embeddable":true,"href":"https:\/\/agora.xtec.cat\/esc-massanet\/wp-json\/wp\/v2\/pages\/22"}],"wp:attachment":[{"href":"https:\/\/agora.xtec.cat\/esc-massanet\/wp-json\/wp\/v2\/media?parent=26"}],"curies":[{"name":"wp","href":"https:\/\/api.w.org\/{rel}","templated":true}]}}