{"id":1309,"date":"2020-04-05T14:01:51","date_gmt":"2020-04-05T12:01:51","guid":{"rendered":"https:\/\/agora.xtec.cat\/esc-massanet\/?page_id=1309"},"modified":"2020-04-05T14:01:51","modified_gmt":"2020-04-05T12:01:51","slug":"transversals","status":"publish","type":"page","link":"https:\/\/agora.xtec.cat\/esc-massanet\/lescola\/oferta-educativa-2\/transversals\/","title":{"rendered":"Transversals"},"content":{"rendered":"<table style=\"height: 313px; border-style: none; width: 800px;\" width=\"800\">\n<tbody>\n<tr>\n<td style=\"width: 396px; border-style: none; background-color: #c3d6f7;\"><a href=\"https:\/\/agora.xtec.cat\/esc-massanet\/wp-content\/uploads\/usu2095\/2020\/04\/Teixit-4.png\"><img loading=\"lazy\" decoding=\"async\" class=\"alignnone wp-image-1311 size-full\" src=\"https:\/\/agora.xtec.cat\/esc-massanet\/wp-content\/uploads\/usu2095\/2020\/04\/Teixit-4.png\" alt=\"\" width=\"603\" height=\"411\" srcset=\"https:\/\/agora.xtec.cat\/esc-massanet\/wp-content\/uploads\/usu2095\/2020\/04\/Teixit-4.png 603w, https:\/\/agora.xtec.cat\/esc-massanet\/wp-content\/uploads\/usu2095\/2020\/04\/Teixit-4-300x204.png 300w\" sizes=\"auto, (max-width: 603px) 100vw, 603px\" \/><\/a><\/p>\n<p style=\"text-align: center;\"><span style=\"text-decoration: underline;\"><strong>Teixit d\u2019escola<\/strong><\/span><\/p>\n<p style=\"text-align: center;\">Projecte interdisciplinari, amb un mateix fil conductor a tots els cursos, on es realitzen diferents tallers lligats a un producte final.<\/p>\n<p style=\"text-align: center;\">Als tallers es treballen m\u00faltiples intel\u00b7lig\u00e8ncies.<\/p>\n<p style=\"text-align: center;\">El treball ling\u00fc\u00edstic queda impl\u00edcit en el s\u00ed del taller b\u00e9 sigui de forma oral i\/o de forma escrita.<\/p>\n<p style=\"text-align: center;\">Grups d\u2019alumnes barrejats (intercicles).<\/p>\n<\/td>\n<td style=\"width: 396px; border-style: none; background-color: #89f781;\"><a href=\"https:\/\/agora.xtec.cat\/esc-massanet\/wp-content\/uploads\/usu2095\/2020\/04\/Projectes-1.png\"><img loading=\"lazy\" decoding=\"async\" class=\"alignnone size-full wp-image-1296\" src=\"https:\/\/agora.xtec.cat\/esc-massanet\/wp-content\/uploads\/usu2095\/2020\/04\/Projectes-1.png\" alt=\"\" width=\"889\" height=\"501\" srcset=\"https:\/\/agora.xtec.cat\/esc-massanet\/wp-content\/uploads\/usu2095\/2020\/04\/Projectes-1.png 889w, https:\/\/agora.xtec.cat\/esc-massanet\/wp-content\/uploads\/usu2095\/2020\/04\/Projectes-1-300x169.png 300w, https:\/\/agora.xtec.cat\/esc-massanet\/wp-content\/uploads\/usu2095\/2020\/04\/Projectes-1-768x433.png 768w\" sizes=\"auto, (max-width: 889px) 100vw, 889px\" \/><\/a><\/p>\n<p><span style=\"text-decoration: underline;\"><strong>Projectes interdisciplinars de coneixement del medi<\/strong><\/span><\/p>\n<p style=\"text-align: center;\">Treball per projectes interdisciplinaris.<\/p>\n<p style=\"text-align: center;\">Es fan tres projectes al llarg del curs (un cada trimestre) a Educaci\u00f3 Prim\u00e0ria i un per curs a Educaci\u00f3 Infantil.<\/p>\n<p style=\"text-align: center;\">Es treballen, espec\u00edficament, els continguts de les diferents dimensions de l\u2019\u00e0rea de coneixement del medi natural i social i treballar continguts de medi natural social i cultural i s\u2019introdueixen continguts d\u2019altres \u00e0rees matem\u00e0tiques, lleng\u00fces, pl\u00e0stica, m\u00fasica&#8230;<\/p>\n<p style=\"text-align: center;\">Hi ha un producte final.<\/p>\n<\/td>\n<\/tr>\n<\/tbody>\n<\/table>\n","protected":false},"excerpt":{"rendered":"<p><a href=\"https:\/\/agora.xtec.cat\/esc-massanet\/wp-content\/uploads\/usu2095\/2020\/04\/Teixit-4.png\"><\/a><br \/>\nTeixit d\u2019escola<br \/>\nProjecte interdisciplinari, amb un mateix fil conductor a tots els cursos, on es realitzen diferents tallers lligats a un producte final.<br \/>\nAls tallers es treballen m\u00faltiples intel\u00b7lig\u00e8ncies.<br \/>\nEl treball ling\u00fc\u00edstic queda impl\u00edcit en el s\u00ed del taller b\u00e9 sigui de forma oral i\/o de forma&hellip;  <a href=\"https:\/\/agora.xtec.cat\/esc-massanet\/lescola\/oferta-educativa-2\/transversals\/\" title=\"Read Transversals\">Llegeix m\u00e9s\u00bb<\/a><\/p>\n","protected":false},"author":1,"featured_media":0,"parent":1288,"menu_order":30,"comment_status":"closed","ping_status":"closed","template":"page-templates\/side-menu.php","meta":{"_bbp_topic_count":0,"_bbp_reply_count":0,"_bbp_total_topic_count":0,"_bbp_total_reply_count":0,"_bbp_voice_count":0,"_bbp_anonymous_reply_count":0,"_bbp_topic_count_hidden":0,"_bbp_reply_count_hidden":0,"_bbp_forum_subforum_count":0,"footnotes":""},"class_list":["post-1309","page","type-page","status-publish","hentry"],"post_mailing_queue_ids":[],"_links":{"self":[{"href":"https:\/\/agora.xtec.cat\/esc-massanet\/wp-json\/wp\/v2\/pages\/1309","targetHints":{"allow":["GET"]}}],"collection":[{"href":"https:\/\/agora.xtec.cat\/esc-massanet\/wp-json\/wp\/v2\/pages"}],"about":[{"href":"https:\/\/agora.xtec.cat\/esc-massanet\/wp-json\/wp\/v2\/types\/page"}],"author":[{"embeddable":true,"href":"https:\/\/agora.xtec.cat\/esc-massanet\/wp-json\/wp\/v2\/users\/1"}],"replies":[{"embeddable":true,"href":"https:\/\/agora.xtec.cat\/esc-massanet\/wp-json\/wp\/v2\/comments?post=1309"}],"version-history":[{"count":1,"href":"https:\/\/agora.xtec.cat\/esc-massanet\/wp-json\/wp\/v2\/pages\/1309\/revisions"}],"predecessor-version":[{"id":1313,"href":"https:\/\/agora.xtec.cat\/esc-massanet\/wp-json\/wp\/v2\/pages\/1309\/revisions\/1313"}],"up":[{"embeddable":true,"href":"https:\/\/agora.xtec.cat\/esc-massanet\/wp-json\/wp\/v2\/pages\/1288"}],"wp:attachment":[{"href":"https:\/\/agora.xtec.cat\/esc-massanet\/wp-json\/wp\/v2\/media?parent=1309"}],"curies":[{"name":"wp","href":"https:\/\/api.w.org\/{rel}","templated":true}]}}