{"id":1293,"date":"2020-04-05T13:54:15","date_gmt":"2020-04-05T11:54:15","guid":{"rendered":"https:\/\/agora.xtec.cat\/esc-massanet\/?page_id=1293"},"modified":"2020-04-05T13:54:15","modified_gmt":"2020-04-05T11:54:15","slug":"educacio-primaria","status":"publish","type":"page","link":"https:\/\/agora.xtec.cat\/esc-massanet\/lescola\/oferta-educativa-2\/educacio-primaria\/","title":{"rendered":"Educaci\u00f3 Prim\u00e0ria"},"content":{"rendered":"<table style=\"height: 297px; border-style: none; width: 819px;\" width=\"819\">\n<tbody>\n<tr>\n<td style=\"width: 269px; border-style: none; background-color: #fab9c3;\"><a href=\"https:\/\/agora.xtec.cat\/esc-massanet\/wp-content\/uploads\/usu2095\/2020\/04\/Espais-Individuals.jpg\"><img loading=\"lazy\" decoding=\"async\" class=\"alignnone size-medium wp-image-1294\" src=\"https:\/\/agora.xtec.cat\/esc-massanet\/wp-content\/uploads\/usu2095\/2020\/04\/Espais-Individuals-300x225.jpg\" alt=\"\" width=\"300\" height=\"225\" srcset=\"https:\/\/agora.xtec.cat\/esc-massanet\/wp-content\/uploads\/usu2095\/2020\/04\/Espais-Individuals-300x225.jpg 300w, https:\/\/agora.xtec.cat\/esc-massanet\/wp-content\/uploads\/usu2095\/2020\/04\/Espais-Individuals-768x576.jpg 768w, https:\/\/agora.xtec.cat\/esc-massanet\/wp-content\/uploads\/usu2095\/2020\/04\/Espais-Individuals-1024x768.jpg 1024w, https:\/\/agora.xtec.cat\/esc-massanet\/wp-content\/uploads\/usu2095\/2020\/04\/Espais-Individuals-200x150.jpg 200w\" sizes=\"auto, (max-width: 300px) 100vw, 300px\" \/><\/a><\/p>\n<p style=\"text-align: center;\"><span style=\"text-decoration: underline;\"><strong>Espais d\u2019aprenentatge individuals en \u00bd grup<\/strong><\/span><\/p>\n<p style=\"text-align: center;\">Espais de lleng\u00fces i de matem\u00e0tiques<\/p>\n<p style=\"text-align: center;\">Racons amb propostes d\u2019activitats d\u2019aprenentatge corresponents a les diferents dimensions on el nen \u00e9s el protagonista i constructor del seu propi aprenentatge, aix\u00ed com tamb\u00e9 de la seva pr\u00f2pia avaluaci\u00f3.<\/p>\n<p style=\"text-align: center;\">Cada activitat t\u00e9 diferents nivells per tal de respectar els diferents ritmes d\u2019aprenentatge.<\/p>\n<\/td>\n<td style=\"width: 270px; border-style: none; background-color: #edf7b0;\"><a href=\"https:\/\/agora.xtec.cat\/esc-massanet\/wp-content\/uploads\/usu2095\/2020\/04\/Espais-Col\u00b7lectius.jpg\"><img loading=\"lazy\" decoding=\"async\" class=\"alignnone size-medium wp-image-1295\" src=\"https:\/\/agora.xtec.cat\/esc-massanet\/wp-content\/uploads\/usu2095\/2020\/04\/Espais-Col\u00b7lectius-300x225.jpg\" alt=\"\" width=\"300\" height=\"225\" srcset=\"https:\/\/agora.xtec.cat\/esc-massanet\/wp-content\/uploads\/usu2095\/2020\/04\/Espais-Col\u00b7lectius-300x225.jpg 300w, https:\/\/agora.xtec.cat\/esc-massanet\/wp-content\/uploads\/usu2095\/2020\/04\/Espais-Col\u00b7lectius-768x576.jpg 768w, https:\/\/agora.xtec.cat\/esc-massanet\/wp-content\/uploads\/usu2095\/2020\/04\/Espais-Col\u00b7lectius-1024x768.jpg 1024w, https:\/\/agora.xtec.cat\/esc-massanet\/wp-content\/uploads\/usu2095\/2020\/04\/Espais-Col\u00b7lectius-200x150.jpg 200w\" sizes=\"auto, (max-width: 300px) 100vw, 300px\" \/><\/a><\/p>\n<p style=\"text-align: center;\"><span style=\"text-decoration: underline;\"><strong>Espais d\u2019aprenentatge Col\u00b7lectius amb grup sencer<\/strong><\/span><\/p>\n<p style=\"text-align: center;\">Espais de lleng\u00fces i de matem\u00e0tiques<\/p>\n<p style=\"text-align: center;\">Racons amb propostes d\u2019activitats d\u2019aprenentatge corresponents a les diferents dimensions.<\/p>\n<p style=\"text-align: center;\">Cada activitat t\u00e9 diferents nivells per tal de respectar els diferents ritmes d\u2019aprenentatge.<\/p>\n<\/td>\n<td style=\"width: 270px; border-style: none; background-color: #d0f5f7;\"><a href=\"https:\/\/agora.xtec.cat\/esc-massanet\/wp-content\/uploads\/usu2095\/2020\/04\/Projectes-1.png\"><img loading=\"lazy\" decoding=\"async\" class=\"aligncenter wp-image-1296 size-full\" src=\"https:\/\/agora.xtec.cat\/esc-massanet\/wp-content\/uploads\/usu2095\/2020\/04\/Projectes-1.png\" alt=\"\" width=\"889\" height=\"501\" srcset=\"https:\/\/agora.xtec.cat\/esc-massanet\/wp-content\/uploads\/usu2095\/2020\/04\/Projectes-1.png 889w, https:\/\/agora.xtec.cat\/esc-massanet\/wp-content\/uploads\/usu2095\/2020\/04\/Projectes-1-300x169.png 300w, https:\/\/agora.xtec.cat\/esc-massanet\/wp-content\/uploads\/usu2095\/2020\/04\/Projectes-1-768x433.png 768w\" sizes=\"auto, (max-width: 889px) 100vw, 889px\" \/><\/a><\/p>\n<p style=\"text-align: center;\"><span style=\"text-decoration: underline;\"><strong>Projectes interdisciplinars de coneixement del medi<\/strong><\/span><\/p>\n<p style=\"text-align: center;\">Treball per projectes interdisciplinaris.<\/p>\n<p style=\"text-align: center;\">Es fan 3 projectes al llarg del curs (un cada trimestre).<\/p>\n<p style=\"text-align: center;\">Es treballen, espec\u00edficament, els continguts de les diferents dimensions de l\u2019\u00e0rea de coneixement del medi natural i social i treballar continguts de medi natural social i cultural i s\u2019introdueixen continguts d\u2019altres \u00e0rees matem\u00e0tiques, lleng\u00fces, pl\u00e0stica, m\u00fasica&#8230;<\/p>\n<p style=\"text-align: center;\">Hi ha un producte final.<\/p>\n<\/td>\n<\/tr>\n<\/tbody>\n<\/table>\n<table style=\"height: 297px; width: 822px; border-style: none;\" width=\"822\">\n<tbody>\n<tr>\n<td style=\"width: 269px; border-style: none; background-color: #ccf7c8;\"><a href=\"https:\/\/agora.xtec.cat\/esc-massanet\/wp-content\/uploads\/usu2095\/2020\/04\/Teixit-2.png\"><img loading=\"lazy\" decoding=\"async\" class=\"alignnone size-medium wp-image-1297\" src=\"https:\/\/agora.xtec.cat\/esc-massanet\/wp-content\/uploads\/usu2095\/2020\/04\/Teixit-2-300x152.png\" alt=\"\" width=\"300\" height=\"152\" srcset=\"https:\/\/agora.xtec.cat\/esc-massanet\/wp-content\/uploads\/usu2095\/2020\/04\/Teixit-2-300x152.png 300w, https:\/\/agora.xtec.cat\/esc-massanet\/wp-content\/uploads\/usu2095\/2020\/04\/Teixit-2-768x388.png 768w, https:\/\/agora.xtec.cat\/esc-massanet\/wp-content\/uploads\/usu2095\/2020\/04\/Teixit-2.png 871w\" sizes=\"auto, (max-width: 300px) 100vw, 300px\" \/><\/a><\/p>\n<p style=\"text-align: center;\"><span style=\"text-decoration: underline;\"><strong>Teixit d\u2019escola<\/strong><\/span><\/p>\n<p style=\"text-align: center;\">Projecte interdisciplinari, amb un mateix fil conductor a tots els cursos, on es realitzen diferents tallers lligats a un producte final.<\/p>\n<p style=\"text-align: center;\">Als tallers es treballen m\u00faltiples intel\u00b7lig\u00e8ncies, valors, cooperaci\u00f3 i pertinen\u00e7a.<\/p>\n<p style=\"text-align: center;\">El treball ling\u00fc\u00edstic queda impl\u00edcit en el s\u00ed del taller b\u00e9 sigui de forma oral i\/o de forma escrita.<\/p>\n<p style=\"text-align: center;\">Grups d\u2019alumnes barrejats (intercicles).<\/p>\n<\/td>\n<td style=\"width: 270px; border-style: none; background-color: #fac8f3;\"><a href=\"https:\/\/agora.xtec.cat\/esc-massanet\/wp-content\/uploads\/usu2095\/2020\/04\/Tert\u00falies.png\"><img loading=\"lazy\" decoding=\"async\" class=\"alignnone size-medium wp-image-1298\" src=\"https:\/\/agora.xtec.cat\/esc-massanet\/wp-content\/uploads\/usu2095\/2020\/04\/Tert\u00falies-300x221.png\" alt=\"\" width=\"300\" height=\"221\" srcset=\"https:\/\/agora.xtec.cat\/esc-massanet\/wp-content\/uploads\/usu2095\/2020\/04\/Tert\u00falies-300x221.png 300w, https:\/\/agora.xtec.cat\/esc-massanet\/wp-content\/uploads\/usu2095\/2020\/04\/Tert\u00falies-768x567.png 768w, https:\/\/agora.xtec.cat\/esc-massanet\/wp-content\/uploads\/usu2095\/2020\/04\/Tert\u00falies.png 829w\" sizes=\"auto, (max-width: 300px) 100vw, 300px\" \/><\/a><\/p>\n<p style=\"text-align: center;\"><span style=\"text-decoration: underline;\"><strong>Tert\u00falies liter\u00e0ries<\/strong><\/span><\/p>\n<p style=\"text-align: center;\">Es fan lectures de llibres cl\u00e0ssics i posteriorment s\u2019inicia una tert\u00falia a on l\u2019alumnat expressa les idees que consideren m\u00e9s rellevants.<\/p>\n<\/td>\n<td style=\"width: 273px; border-style: none; background-color: #f7db9e;\"><a href=\"https:\/\/agora.xtec.cat\/esc-massanet\/wp-content\/uploads\/usu2095\/2020\/04\/Raonament-1.png\"><img loading=\"lazy\" decoding=\"async\" class=\"alignnone size-medium wp-image-1300\" src=\"https:\/\/agora.xtec.cat\/esc-massanet\/wp-content\/uploads\/usu2095\/2020\/04\/Raonament-1-300x158.png\" alt=\"\" width=\"300\" height=\"158\" srcset=\"https:\/\/agora.xtec.cat\/esc-massanet\/wp-content\/uploads\/usu2095\/2020\/04\/Raonament-1-300x158.png 300w, https:\/\/agora.xtec.cat\/esc-massanet\/wp-content\/uploads\/usu2095\/2020\/04\/Raonament-1.png 371w\" sizes=\"auto, (max-width: 300px) 100vw, 300px\" \/><\/a><\/p>\n<p style=\"text-align: center;\"><span style=\"text-decoration: underline;\"><strong>Taller de Raonament l\u00f2gic matem\u00e0tic \u00bd grup<\/strong><\/span><\/p>\n<p style=\"text-align: center;\">Es realitzen activitats matem\u00e0tiques per treballar i potenciar el raonament matem\u00e0tic i la l\u00f2gica.<\/p>\n<\/td>\n<\/tr>\n<\/tbody>\n<\/table>\n<table style=\"height: 275px; border-style: none; width: 817px;\" width=\"817\">\n<tbody>\n<tr>\n<td style=\"width: 269px; border-style: none; background-color: #fa8989;\"><a href=\"https:\/\/agora.xtec.cat\/esc-massanet\/wp-content\/uploads\/usu2095\/2020\/04\/Taller-Lecto-Escriptura.png\"><img loading=\"lazy\" decoding=\"async\" class=\"alignnone size-medium wp-image-1301\" src=\"https:\/\/agora.xtec.cat\/esc-massanet\/wp-content\/uploads\/usu2095\/2020\/04\/Taller-Lecto-Escriptura-300x175.png\" alt=\"\" width=\"300\" height=\"175\" srcset=\"https:\/\/agora.xtec.cat\/esc-massanet\/wp-content\/uploads\/usu2095\/2020\/04\/Taller-Lecto-Escriptura-300x175.png 300w, https:\/\/agora.xtec.cat\/esc-massanet\/wp-content\/uploads\/usu2095\/2020\/04\/Taller-Lecto-Escriptura-768x448.png 768w, https:\/\/agora.xtec.cat\/esc-massanet\/wp-content\/uploads\/usu2095\/2020\/04\/Taller-Lecto-Escriptura.png 781w\" sizes=\"auto, (max-width: 300px) 100vw, 300px\" \/><\/a><\/p>\n<p style=\"text-align: center;\"><span style=\"text-decoration: underline;\"><strong>Taller de lecto escriptura \u00bd grup<\/strong><\/span><\/p>\n<p style=\"text-align: center;\">Taller on es duen a terme diferents activitats per iniciar-se en el treball de la lecto escriptura.<\/p>\n<p style=\"text-align: center;\">\u00c9s un treball previ al que es realitzar\u00e0 en cursos posterior en el Taller d\u2019Expressi\u00f3 escrita.<\/p>\n<\/td>\n<td style=\"width: 269px; border-style: none; background-color: #f6fc74;\"><a href=\"https:\/\/agora.xtec.cat\/esc-massanet\/wp-content\/uploads\/usu2095\/2020\/04\/Taller-Escriptura.png\"><img loading=\"lazy\" decoding=\"async\" class=\"alignnone wp-image-1302 size-medium\" src=\"https:\/\/agora.xtec.cat\/esc-massanet\/wp-content\/uploads\/usu2095\/2020\/04\/Taller-Escriptura-300x279.png\" alt=\"\" width=\"300\" height=\"279\" srcset=\"https:\/\/agora.xtec.cat\/esc-massanet\/wp-content\/uploads\/usu2095\/2020\/04\/Taller-Escriptura-300x279.png 300w, https:\/\/agora.xtec.cat\/esc-massanet\/wp-content\/uploads\/usu2095\/2020\/04\/Taller-Escriptura.png 444w\" sizes=\"auto, (max-width: 300px) 100vw, 300px\" \/><\/a><\/p>\n<p style=\"text-align: center;\"><span style=\"text-decoration: underline;\"><strong>Taller d\u2019escriptura \u00bd grup<\/strong><\/span><\/p>\n<p style=\"text-align: center;\">Taller per treballar l\u2019expressi\u00f3 escrita.<\/p>\n<p style=\"text-align: center;\">Cada trimestre es treballen 2 tipologies textuals corresponents al projecte que s\u2019estigui treballant, una en catal\u00e0 i l\u2019altra en castell\u00e0.<\/p>\n<\/td>\n<td style=\"width: 269px; border-style: none; background-color: #defcf9;\"><a href=\"https:\/\/agora.xtec.cat\/esc-massanet\/wp-content\/uploads\/usu2095\/2020\/04\/Angl\u00e8s.png\"><img loading=\"lazy\" decoding=\"async\" class=\"alignnone size-medium wp-image-1303\" src=\"https:\/\/agora.xtec.cat\/esc-massanet\/wp-content\/uploads\/usu2095\/2020\/04\/Angl\u00e8s-300x215.png\" alt=\"\" width=\"300\" height=\"215\" srcset=\"https:\/\/agora.xtec.cat\/esc-massanet\/wp-content\/uploads\/usu2095\/2020\/04\/Angl\u00e8s-300x215.png 300w, https:\/\/agora.xtec.cat\/esc-massanet\/wp-content\/uploads\/usu2095\/2020\/04\/Angl\u00e8s-768x551.png 768w, https:\/\/agora.xtec.cat\/esc-massanet\/wp-content\/uploads\/usu2095\/2020\/04\/Angl\u00e8s.png 825w\" sizes=\"auto, (max-width: 300px) 100vw, 300px\" \/><\/a><\/p>\n<p style=\"text-align: center;\"><span style=\"text-decoration: underline;\"><strong>Taller d\u2019Expressi\u00f3 oral en llengua anglesa \u00bd grup<\/strong><\/span><\/p>\n<p style=\"text-align: center;\">Es treballen continguts de les compet\u00e8ncies pr\u00f2pies de la Dimensi\u00f3 Comunicaci\u00f3 oral de l\u2019\u00e0rea de llengua anglesa.<\/p>\n<\/td>\n<\/tr>\n<\/tbody>\n<\/table>\n<table style=\"height: 282px; border-style: none; width: 818px;\" width=\"818\">\n<tbody>\n<tr>\n<td style=\"width: 269px; border-style: none; background-color: #8ef56c;\"><a href=\"https:\/\/agora.xtec.cat\/esc-massanet\/wp-content\/uploads\/usu2095\/2020\/04\/Entrenat-Llengua.png\"><img loading=\"lazy\" decoding=\"async\" class=\"alignnone size-medium wp-image-1304\" src=\"https:\/\/agora.xtec.cat\/esc-massanet\/wp-content\/uploads\/usu2095\/2020\/04\/Entrenat-Llengua-300x207.png\" alt=\"\" width=\"300\" height=\"207\" srcset=\"https:\/\/agora.xtec.cat\/esc-massanet\/wp-content\/uploads\/usu2095\/2020\/04\/Entrenat-Llengua-300x207.png 300w, https:\/\/agora.xtec.cat\/esc-massanet\/wp-content\/uploads\/usu2095\/2020\/04\/Entrenat-Llengua.png 380w\" sizes=\"auto, (max-width: 300px) 100vw, 300px\" \/><\/a><\/p>\n<p style=\"text-align: center;\"><span style=\"text-decoration: underline;\"><strong>Entrena\u2019t<\/strong><\/span><\/p>\n<p style=\"text-align: center;\">Ortografia i l\u00e8xic<\/p>\n<p style=\"text-align: center;\">Activitats mem\u00f2ria visual (m\u00e8tode Gabarr\u00f3).<\/p>\n<p style=\"text-align: center;\">Introducci\u00f3 de normes ortogr\u00e0fiques<\/p>\n<\/td>\n<td style=\"width: 269px; border-style: none; background-color: #c5c1f7;\"><a href=\"https:\/\/agora.xtec.cat\/esc-massanet\/wp-content\/uploads\/usu2095\/2020\/04\/Taller-Art\u00edstic.png\"><img loading=\"lazy\" decoding=\"async\" class=\"alignnone size-medium wp-image-1305\" src=\"https:\/\/agora.xtec.cat\/esc-massanet\/wp-content\/uploads\/usu2095\/2020\/04\/Taller-Art\u00edstic-300x201.png\" alt=\"\" width=\"300\" height=\"201\" srcset=\"https:\/\/agora.xtec.cat\/esc-massanet\/wp-content\/uploads\/usu2095\/2020\/04\/Taller-Art\u00edstic-300x201.png 300w, https:\/\/agora.xtec.cat\/esc-massanet\/wp-content\/uploads\/usu2095\/2020\/04\/Taller-Art\u00edstic-768x515.png 768w, https:\/\/agora.xtec.cat\/esc-massanet\/wp-content\/uploads\/usu2095\/2020\/04\/Taller-Art\u00edstic.png 828w\" sizes=\"auto, (max-width: 300px) 100vw, 300px\" \/><\/a><\/p>\n<p style=\"text-align: center;\"><span style=\"text-decoration: underline;\"><strong>Tallers art\u00edstics<\/strong><\/span><\/p>\n<p style=\"text-align: center;\">Es realitzen dos tallers:<\/p>\n<p style=\"text-align: center;\">Taller de pl\u00e0stica<\/p>\n<p style=\"text-align: center;\">Taller de m\u00fasica<\/p>\n<p style=\"text-align: center;\">Barreja de grups intercicles<\/p>\n<\/td>\n<td style=\"width: 270px; border-style: none; background-color: #f2fac5;\"><a href=\"https:\/\/agora.xtec.cat\/esc-massanet\/wp-content\/uploads\/usu2095\/2020\/04\/Ed.-F\u00edsica.png\"><img loading=\"lazy\" decoding=\"async\" class=\"alignnone size-medium wp-image-1306\" src=\"https:\/\/agora.xtec.cat\/esc-massanet\/wp-content\/uploads\/usu2095\/2020\/04\/Ed.-F\u00edsica-300x184.png\" alt=\"\" width=\"300\" height=\"184\" srcset=\"https:\/\/agora.xtec.cat\/esc-massanet\/wp-content\/uploads\/usu2095\/2020\/04\/Ed.-F\u00edsica-300x184.png 300w, https:\/\/agora.xtec.cat\/esc-massanet\/wp-content\/uploads\/usu2095\/2020\/04\/Ed.-F\u00edsica.png 696w\" sizes=\"auto, (max-width: 300px) 100vw, 300px\" \/><\/a><\/p>\n<p style=\"text-align: center;\"><span style=\"text-decoration: underline;\"><strong>Educaci\u00f3 f\u00edsica<\/strong><\/span><\/p>\n<p style=\"text-align: center;\">Es treballen continguts de les compet\u00e8ncies pr\u00f2pies de les Dimensions de l\u2019\u00e0rea d\u2019Educaci\u00f3 F\u00edsica.<\/p>\n<\/td>\n<\/tr>\n<\/tbody>\n<\/table>\n<p>&nbsp;<\/p>\n","protected":false},"excerpt":{"rendered":"<p><a href=\"https:\/\/agora.xtec.cat\/esc-massanet\/wp-content\/uploads\/usu2095\/2020\/04\/Espais-Individuals.jpg\"><\/a><br \/>\nEspais d\u2019aprenentatge individuals en \u00bd grup<br \/>\nEspais de lleng\u00fces i de matem\u00e0tiques<br \/>\nRacons amb propostes d\u2019activitats d\u2019aprenentatge corresponents a les diferents dimensions on el nen \u00e9s el protagonista i constructor del seu propi aprenentatge, aix\u00ed com tamb\u00e9 de la seva pr\u00f2pia avaluaci\u00f3.<br \/>\nCada activitat t\u00e9 diferents nivells&hellip;  <a href=\"https:\/\/agora.xtec.cat\/esc-massanet\/lescola\/oferta-educativa-2\/educacio-primaria\/\" title=\"Read Educaci\u00f3 Prim\u00e0ria\">Llegeix m\u00e9s\u00bb<\/a><\/p>\n","protected":false},"author":1,"featured_media":0,"parent":1288,"menu_order":20,"comment_status":"closed","ping_status":"closed","template":"page-templates\/side-menu.php","meta":{"_bbp_topic_count":0,"_bbp_reply_count":0,"_bbp_total_topic_count":0,"_bbp_total_reply_count":0,"_bbp_voice_count":0,"_bbp_anonymous_reply_count":0,"_bbp_topic_count_hidden":0,"_bbp_reply_count_hidden":0,"_bbp_forum_subforum_count":0,"footnotes":""},"class_list":["post-1293","page","type-page","status-publish","hentry"],"post_mailing_queue_ids":[],"_links":{"self":[{"href":"https:\/\/agora.xtec.cat\/esc-massanet\/wp-json\/wp\/v2\/pages\/1293","targetHints":{"allow":["GET"]}}],"collection":[{"href":"https:\/\/agora.xtec.cat\/esc-massanet\/wp-json\/wp\/v2\/pages"}],"about":[{"href":"https:\/\/agora.xtec.cat\/esc-massanet\/wp-json\/wp\/v2\/types\/page"}],"author":[{"embeddable":true,"href":"https:\/\/agora.xtec.cat\/esc-massanet\/wp-json\/wp\/v2\/users\/1"}],"replies":[{"embeddable":true,"href":"https:\/\/agora.xtec.cat\/esc-massanet\/wp-json\/wp\/v2\/comments?post=1293"}],"version-history":[{"count":1,"href":"https:\/\/agora.xtec.cat\/esc-massanet\/wp-json\/wp\/v2\/pages\/1293\/revisions"}],"predecessor-version":[{"id":1307,"href":"https:\/\/agora.xtec.cat\/esc-massanet\/wp-json\/wp\/v2\/pages\/1293\/revisions\/1307"}],"up":[{"embeddable":true,"href":"https:\/\/agora.xtec.cat\/esc-massanet\/wp-json\/wp\/v2\/pages\/1288"}],"wp:attachment":[{"href":"https:\/\/agora.xtec.cat\/esc-massanet\/wp-json\/wp\/v2\/media?parent=1293"}],"curies":[{"name":"wp","href":"https:\/\/api.w.org\/{rel}","templated":true}]}}