{"id":1288,"date":"2020-04-05T13:22:47","date_gmt":"2020-04-05T11:22:47","guid":{"rendered":"https:\/\/agora.xtec.cat\/esc-massanet\/?page_id=1288"},"modified":"2020-04-05T13:22:47","modified_gmt":"2020-04-05T11:22:47","slug":"oferta-educativa-2","status":"publish","type":"page","link":"https:\/\/agora.xtec.cat\/esc-massanet\/lescola\/oferta-educativa-2\/","title":{"rendered":"Oferta Educativa"},"content":{"rendered":"<p>En aquest apartat us mostrem la nostra oferta educativa d&#8217; Educaci\u00f3 Infantil i d&#8217;Educaci\u00f3 Prim\u00e0ria.<\/p>\n<p>En l&#8217;Escola Les Arrels els nostres alumnes desenvolupen <strong>habilitats de les \u00e0rees instrumentals<\/strong> en totes les seves etapes.<\/p>\n<p>Tamb\u00e9 realitzen <strong>projectes interdisciplinaris<\/strong> on partim d&#8217;un tema, problema o centre d&#8217;inter\u00e8s i t\u00e9 com objectiu elaborar un producte final (exposici\u00f3 a les fam\u00edlies i\/o altres cursos). L&#8217;alumnat, a partir d&#8217;un treball cooperatiu, \u00e9s el protagonista del seu propi coneixement perqu\u00e8 focalitza el desig de saber coses noves, la recerca de nous coneixements i la reflexi\u00f3 sobre el propi proc\u00e9s d\u2019aprenentatge.<\/p>\n<p>Mitjan\u00e7ant el <strong>desenvolupament creatiu\u00a0<\/strong>els alumnes s\u00f3n protagonistes i constructors del seu aprenentatge i el paper del mestre passa a ser secundari. En Educaci\u00f3 Infantil amb els ambients i transversalment a tot el centre amb el Teixit d&#8217;Escola.<\/p>\n","protected":false},"excerpt":{"rendered":"<p>En aquest apartat us mostrem la nostra oferta educativa d&#8217; Educaci\u00f3 Infantil i d&#8217;Educaci\u00f3 Prim\u00e0ria.<br \/>\nEn l&#8217;Escola Les Arrels els nostres alumnes desenvolupen habilitats de les \u00e0rees instrumentals en totes les seves etapes.<br \/>\nTamb\u00e9 realitzen projectes interdisciplinaris on partim d&#8217;un tema, problema o centre d&#8217;inter\u00e8s i t\u00e9&hellip;  <a href=\"https:\/\/agora.xtec.cat\/esc-massanet\/lescola\/oferta-educativa-2\/\" title=\"Read Oferta Educativa\">Llegeix m\u00e9s\u00bb<\/a><\/p>\n","protected":false},"author":1,"featured_media":0,"parent":22,"menu_order":60,"comment_status":"closed","ping_status":"closed","template":"page-templates\/side-menu.php","meta":{"_bbp_topic_count":0,"_bbp_reply_count":0,"_bbp_total_topic_count":0,"_bbp_total_reply_count":0,"_bbp_voice_count":0,"_bbp_anonymous_reply_count":0,"_bbp_topic_count_hidden":0,"_bbp_reply_count_hidden":0,"_bbp_forum_subforum_count":0,"footnotes":""},"class_list":["post-1288","page","type-page","status-publish","hentry"],"post_mailing_queue_ids":[],"_links":{"self":[{"href":"https:\/\/agora.xtec.cat\/esc-massanet\/wp-json\/wp\/v2\/pages\/1288","targetHints":{"allow":["GET"]}}],"collection":[{"href":"https:\/\/agora.xtec.cat\/esc-massanet\/wp-json\/wp\/v2\/pages"}],"about":[{"href":"https:\/\/agora.xtec.cat\/esc-massanet\/wp-json\/wp\/v2\/types\/page"}],"author":[{"embeddable":true,"href":"https:\/\/agora.xtec.cat\/esc-massanet\/wp-json\/wp\/v2\/users\/1"}],"replies":[{"embeddable":true,"href":"https:\/\/agora.xtec.cat\/esc-massanet\/wp-json\/wp\/v2\/comments?post=1288"}],"version-history":[{"count":1,"href":"https:\/\/agora.xtec.cat\/esc-massanet\/wp-json\/wp\/v2\/pages\/1288\/revisions"}],"predecessor-version":[{"id":1289,"href":"https:\/\/agora.xtec.cat\/esc-massanet\/wp-json\/wp\/v2\/pages\/1288\/revisions\/1289"}],"up":[{"embeddable":true,"href":"https:\/\/agora.xtec.cat\/esc-massanet\/wp-json\/wp\/v2\/pages\/22"}],"wp:attachment":[{"href":"https:\/\/agora.xtec.cat\/esc-massanet\/wp-json\/wp\/v2\/media?parent=1288"}],"curies":[{"name":"wp","href":"https:\/\/api.w.org\/{rel}","templated":true}]}}