{"id":1245,"date":"2020-03-31T20:56:10","date_gmt":"2020-03-31T18:56:10","guid":{"rendered":"https:\/\/agora.xtec.cat\/esc-massanet\/?page_id=1245"},"modified":"2020-04-05T13:29:55","modified_gmt":"2020-04-05T11:29:55","slug":"grups-interactius","status":"publish","type":"page","link":"https:\/\/agora.xtec.cat\/esc-massanet\/lescola\/consell-escolar\/grups-interactius\/","title":{"rendered":"Grups Interactius"},"content":{"rendered":"<p style=\"text-align: justify;\">Els grups interactius s\u00f3n una forma d\u2019organitzaci\u00f3 de l\u2019aula que ha demostrat oferir bons resultats pel que fa a la millora de l\u2019aprenentatge i de la conviv\u00e8ncia. Mitjan\u00e7ant els grups interactius es multipliquen i diversifiquen les interaccions i s\u2019augmenta el temps de treball efectiu.<\/p>\n<p style=\"text-align: justify;\">\u00c9s una organitzaci\u00f3 que es caracteritza per incloure tot l\u2019alumnat, ja que aquest troba el suport de diferents adults a<br \/>\nbanda dels docents responsables de l\u2019aula.<\/p>\n<p style=\"text-align: justify;\">D\u2019aquesta manera s\u2019evita la segregaci\u00f3 i la competitivitat que genera treure de l\u2019aula els alumnes que presenten m\u00e9s dificultats (pr\u00e0ctica que s\u2019ha demostrat inefica\u00e7 i que genera un augment del frac\u00e0s escolar i dels conflictes). Amb els grups interactius es pot desenvolupar, en una mateixa din\u00e0mica, l\u2019acceleraci\u00f3 dels aprenentatges per a tot<br \/>\nl\u2019alumnat i en totes les mat\u00e8ries, els valors, les emocions i els sentiments com l\u2019amistat.<\/p>\n","protected":false},"excerpt":{"rendered":"<p>Els grups interactius s\u00f3n una forma d\u2019organitzaci\u00f3 de l\u2019aula que ha demostrat oferir bons resultats pel que fa a la millora de l\u2019aprenentatge i de la conviv\u00e8ncia. Mitjan\u00e7ant els grups interactius es multipliquen i diversifiquen les interaccions i s\u2019augmenta el temps de treball efectiu.<br \/>\n\u00c9s una&hellip;  <a href=\"https:\/\/agora.xtec.cat\/esc-massanet\/lescola\/consell-escolar\/grups-interactius\/\" title=\"Read Grups Interactius\">Llegeix m\u00e9s\u00bb<\/a><\/p>\n","protected":false},"author":1,"featured_media":0,"parent":28,"menu_order":30,"comment_status":"closed","ping_status":"closed","template":"page-templates\/side-menu.php","meta":{"_bbp_topic_count":0,"_bbp_reply_count":0,"_bbp_total_topic_count":0,"_bbp_total_reply_count":0,"_bbp_voice_count":0,"_bbp_anonymous_reply_count":0,"_bbp_topic_count_hidden":0,"_bbp_reply_count_hidden":0,"_bbp_forum_subforum_count":0,"footnotes":""},"class_list":["post-1245","page","type-page","status-publish","hentry"],"post_mailing_queue_ids":[],"_links":{"self":[{"href":"https:\/\/agora.xtec.cat\/esc-massanet\/wp-json\/wp\/v2\/pages\/1245","targetHints":{"allow":["GET"]}}],"collection":[{"href":"https:\/\/agora.xtec.cat\/esc-massanet\/wp-json\/wp\/v2\/pages"}],"about":[{"href":"https:\/\/agora.xtec.cat\/esc-massanet\/wp-json\/wp\/v2\/types\/page"}],"author":[{"embeddable":true,"href":"https:\/\/agora.xtec.cat\/esc-massanet\/wp-json\/wp\/v2\/users\/1"}],"replies":[{"embeddable":true,"href":"https:\/\/agora.xtec.cat\/esc-massanet\/wp-json\/wp\/v2\/comments?post=1245"}],"version-history":[{"count":1,"href":"https:\/\/agora.xtec.cat\/esc-massanet\/wp-json\/wp\/v2\/pages\/1245\/revisions"}],"predecessor-version":[{"id":1246,"href":"https:\/\/agora.xtec.cat\/esc-massanet\/wp-json\/wp\/v2\/pages\/1245\/revisions\/1246"}],"up":[{"embeddable":true,"href":"https:\/\/agora.xtec.cat\/esc-massanet\/wp-json\/wp\/v2\/pages\/28"}],"wp:attachment":[{"href":"https:\/\/agora.xtec.cat\/esc-massanet\/wp-json\/wp\/v2\/media?parent=1245"}],"curies":[{"name":"wp","href":"https:\/\/api.w.org\/{rel}","templated":true}]}}