{"id":3300,"date":"2021-03-20T00:22:10","date_gmt":"2021-03-19T23:22:10","guid":{"rendered":"http:\/\/agora.xtec.cat\/esc-masrampinyo\/?page_id=3300"},"modified":"2021-03-20T23:23:44","modified_gmt":"2021-03-20T22:23:44","slug":"linstitut-escola-imaginant-lo-repensant-la","status":"publish","type":"page","link":"https:\/\/agora.xtec.cat\/esc-masrampinyo\/lescola\/linstitut-escola-imaginant-lo-repensant-la\/","title":{"rendered":"L&#8217;Institut Escola: l&#8217;imaginem, la repensem"},"content":{"rendered":"<p>Esdevenir Institut Escola ha estat una fita important en la hist\u00f2ria del nostre centre. En tot moment, ho hem viscut com una oportunitat. Per aquest motiu, hem dedicat moments de reflexi\u00f3 amb l&#8217;equip docent sobre com ens imagin\u00e0vem l&#8217;Institut, i alhora ha estat una manera de veure com pod\u00edem millorar l&#8217;Escola, repensant-la.<\/p>\n<p>Aquesta reflexi\u00f3 es va fer partint de 4 eixos: les maneres d&#8217;aprendre, l&#8217;avaluaci\u00f3, els temps i els espais.<\/p>\n<p>Fruit d&#8217;aquestes jornades de treball, vam crear aquest document conjunt on trobem la mirada poli\u00e8drica de les etapes d&#8217;infantil, prim\u00e0ria i secund\u00e0ria, amb un objectiu en com\u00fa: l&#8217;Institut Escola.<\/p>\n<p style=\"text-align: center;\"><a href=\"https:\/\/agora.xtec.cat\/esc-masrampinyo\/wp-content\/uploads\/usu1531\/2021\/03\/f9a97e28-a7b6-4e94-8161-762c49a0b928.jpg\"><img loading=\"lazy\" decoding=\"async\" class=\"alignnone size-medium wp-image-3339\" src=\"https:\/\/agora.xtec.cat\/esc-masrampinyo\/wp-content\/uploads\/usu1531\/2021\/03\/f9a97e28-a7b6-4e94-8161-762c49a0b928-300x225.jpg\" alt=\"\" width=\"300\" height=\"225\" srcset=\"https:\/\/agora.xtec.cat\/esc-masrampinyo\/wp-content\/uploads\/usu1531\/2021\/03\/f9a97e28-a7b6-4e94-8161-762c49a0b928-300x225.jpg 300w, https:\/\/agora.xtec.cat\/esc-masrampinyo\/wp-content\/uploads\/usu1531\/2021\/03\/f9a97e28-a7b6-4e94-8161-762c49a0b928-768x576.jpg 768w, https:\/\/agora.xtec.cat\/esc-masrampinyo\/wp-content\/uploads\/usu1531\/2021\/03\/f9a97e28-a7b6-4e94-8161-762c49a0b928-1024x768.jpg 1024w, https:\/\/agora.xtec.cat\/esc-masrampinyo\/wp-content\/uploads\/usu1531\/2021\/03\/f9a97e28-a7b6-4e94-8161-762c49a0b928-200x150.jpg 200w, https:\/\/agora.xtec.cat\/esc-masrampinyo\/wp-content\/uploads\/usu1531\/2021\/03\/f9a97e28-a7b6-4e94-8161-762c49a0b928.jpg 1600w\" sizes=\"auto, (max-width: 300px) 100vw, 300px\" \/><\/a> <a href=\"https:\/\/agora.xtec.cat\/esc-masrampinyo\/wp-content\/uploads\/usu1531\/2021\/03\/26a0b6cc-7f21-42c7-8c87-3aa1dfbadfdb.jpg\"><img loading=\"lazy\" decoding=\"async\" class=\"alignnone size-medium wp-image-3340\" src=\"https:\/\/agora.xtec.cat\/esc-masrampinyo\/wp-content\/uploads\/usu1531\/2021\/03\/26a0b6cc-7f21-42c7-8c87-3aa1dfbadfdb-300x245.jpg\" alt=\"\" width=\"300\" height=\"245\" srcset=\"https:\/\/agora.xtec.cat\/esc-masrampinyo\/wp-content\/uploads\/usu1531\/2021\/03\/26a0b6cc-7f21-42c7-8c87-3aa1dfbadfdb-300x245.jpg 300w, https:\/\/agora.xtec.cat\/esc-masrampinyo\/wp-content\/uploads\/usu1531\/2021\/03\/26a0b6cc-7f21-42c7-8c87-3aa1dfbadfdb-768x627.jpg 768w, https:\/\/agora.xtec.cat\/esc-masrampinyo\/wp-content\/uploads\/usu1531\/2021\/03\/26a0b6cc-7f21-42c7-8c87-3aa1dfbadfdb-1024x835.jpg 1024w, https:\/\/agora.xtec.cat\/esc-masrampinyo\/wp-content\/uploads\/usu1531\/2021\/03\/26a0b6cc-7f21-42c7-8c87-3aa1dfbadfdb.jpg 1504w\" sizes=\"auto, (max-width: 300px) 100vw, 300px\" \/><\/a><br \/>\n<sup>Equip docent reflexionant durant la jornada del 9 de juliol de 2020<\/sup><\/p>\n<p>&nbsp;<\/p>\n\r\n\t<div class=\"slideshow_container slideshow_container_style-light\" style=\"height: 600px; \" data-slideshow-id=\"3302\" data-style-name=\"style-light\" data-style-version=\"2.3.1\" >\r\n\r\n\t\t\t\t\t<div class=\"slideshow_loading_icon\"><\/div>\r\n\t\t\r\n\t\t<div class=\"slideshow_content\" style=\"display: none;\">\r\n\r\n\t\t\t<div class=\"slideshow_view\">\r\n\t\t\t\t<div class=\"slideshow_slide slideshow_slide_image\">\r\n\t\t\t\t\t\t\t\t\t\t\t<img src=\"https:\/\/agora.xtec.cat\/esc-masrampinyo\/wp-content\/uploads\/usu1531\/2021\/03\/Repensem-lescola-Imaginem-lInstitut-001.png\" alt=\"Repensem l&#039;escola Imaginem l&#039;Institut 001\" width=\"2278\" height=\"1710\" \/>\r\n\t\t\t\t\t\t\t\t\t\t<div class=\"slideshow_description_box slideshow_transparent\">\r\n\t\t\t\t\t\t<div class=\"slideshow_title\">Repensem l&#039;escola Imaginem l&#039;Institut 001<\/div>\t\t\t\t\t\t\t\t\t\t\t<\/div>\r\n\t\t\t\t<\/div>\r\n\r\n\t\t\t\t\t\t<div style=\"clear: both;\"><\/div><\/div><div class=\"slideshow_view\">\r\n\t\t\t\t<div class=\"slideshow_slide slideshow_slide_image\">\r\n\t\t\t\t\t\t\t\t\t\t\t<img src=\"https:\/\/agora.xtec.cat\/esc-masrampinyo\/wp-content\/uploads\/usu1531\/2021\/03\/Repensem-lescola-Imaginem-lInstitut-002.png\" alt=\"Repensem l&#039;escola Imaginem l&#039;Institut 002\" width=\"2280\" height=\"1710\" \/>\r\n\t\t\t\t\t\t\t\t\t\t<div class=\"slideshow_description_box slideshow_transparent\">\r\n\t\t\t\t\t\t<div class=\"slideshow_title\">Repensem l&#039;escola Imaginem l&#039;Institut 002<\/div>\t\t\t\t\t\t\t\t\t\t\t<\/div>\r\n\t\t\t\t<\/div>\r\n\r\n\t\t\t\t\t\t<div style=\"clear: both;\"><\/div><\/div><div class=\"slideshow_view\">\r\n\t\t\t\t<div class=\"slideshow_slide slideshow_slide_image\">\r\n\t\t\t\t\t\t\t\t\t\t\t<img src=\"https:\/\/agora.xtec.cat\/esc-masrampinyo\/wp-content\/uploads\/usu1531\/2021\/03\/Repensem-lescola-Imaginem-lInstitut-003.png\" alt=\"Repensem l&#039;escola Imaginem l&#039;Institut 003\" width=\"2278\" height=\"1708\" \/>\r\n\t\t\t\t\t\t\t\t\t\t<div class=\"slideshow_description_box slideshow_transparent\">\r\n\t\t\t\t\t\t<div class=\"slideshow_title\">Repensem l&#039;escola Imaginem l&#039;Institut 003<\/div>\t\t\t\t\t\t\t\t\t\t\t<\/div>\r\n\t\t\t\t<\/div>\r\n\r\n\t\t\t\t\t\t<div style=\"clear: both;\"><\/div><\/div><div class=\"slideshow_view\">\r\n\t\t\t\t<div class=\"slideshow_slide slideshow_slide_image\">\r\n\t\t\t\t\t\t\t\t\t\t\t<img src=\"https:\/\/agora.xtec.cat\/esc-masrampinyo\/wp-content\/uploads\/usu1531\/2021\/03\/Repensem-lescola-Imaginem-lInstitut-004.png\" alt=\"Repensem l&#039;escola Imaginem l&#039;Institut 004\" width=\"2278\" height=\"1710\" \/>\r\n\t\t\t\t\t\t\t\t\t\t<div class=\"slideshow_description_box slideshow_transparent\">\r\n\t\t\t\t\t\t<div class=\"slideshow_title\">Repensem l&#039;escola Imaginem l&#039;Institut 004<\/div>\t\t\t\t\t\t\t\t\t\t\t<\/div>\r\n\t\t\t\t<\/div>\r\n\r\n\t\t\t\t\t\t<div style=\"clear: both;\"><\/div><\/div><div class=\"slideshow_view\">\r\n\t\t\t\t<div class=\"slideshow_slide slideshow_slide_image\">\r\n\t\t\t\t\t\t\t\t\t\t\t<img src=\"https:\/\/agora.xtec.cat\/esc-masrampinyo\/wp-content\/uploads\/usu1531\/2021\/03\/Repensem-lescola-Imaginem-lInstitut-005.png\" alt=\"Repensem l&#039;escola Imaginem l&#039;Institut 005\" width=\"2284\" height=\"1710\" \/>\r\n\t\t\t\t\t\t\t\t\t\t<div class=\"slideshow_description_box slideshow_transparent\">\r\n\t\t\t\t\t\t<div class=\"slideshow_title\">Repensem l&#039;escola Imaginem l&#039;Institut 005<\/div>\t\t\t\t\t\t\t\t\t\t\t<\/div>\r\n\t\t\t\t<\/div>\r\n\r\n\t\t\t\t\t\t<div style=\"clear: both;\"><\/div><\/div><div class=\"slideshow_view\">\r\n\t\t\t\t<div class=\"slideshow_slide slideshow_slide_image\">\r\n\t\t\t\t\t\t\t\t\t\t\t<img src=\"https:\/\/agora.xtec.cat\/esc-masrampinyo\/wp-content\/uploads\/usu1531\/2021\/03\/Repensem-lescola-Imaginem-lInstitut-006.png\" alt=\"Repensem l&#039;escola Imaginem l&#039;Institut 006\" width=\"2282\" height=\"1710\" \/>\r\n\t\t\t\t\t\t\t\t\t\t<div class=\"slideshow_description_box slideshow_transparent\">\r\n\t\t\t\t\t\t<div class=\"slideshow_title\">Repensem l&#039;escola Imaginem l&#039;Institut 006<\/div>\t\t\t\t\t\t\t\t\t\t\t<\/div>\r\n\t\t\t\t<\/div>\r\n\r\n\t\t\t\t\t\t<div style=\"clear: both;\"><\/div><\/div><div class=\"slideshow_view\">\r\n\t\t\t\t<div class=\"slideshow_slide slideshow_slide_image\">\r\n\t\t\t\t\t\t\t\t\t\t\t<img src=\"https:\/\/agora.xtec.cat\/esc-masrampinyo\/wp-content\/uploads\/usu1531\/2021\/03\/Repensem-lescola-Imaginem-lInstitut-007.png\" alt=\"Repensem l&#039;escola Imaginem l&#039;Institut 007\" width=\"2278\" height=\"1706\" \/>\r\n\t\t\t\t\t\t\t\t\t\t<div class=\"slideshow_description_box slideshow_transparent\">\r\n\t\t\t\t\t\t<div class=\"slideshow_title\">Repensem l&#039;escola Imaginem l&#039;Institut 007<\/div>\t\t\t\t\t\t\t\t\t\t\t<\/div>\r\n\t\t\t\t<\/div>\r\n\r\n\t\t\t\t\t\t<div style=\"clear: both;\"><\/div><\/div><div class=\"slideshow_view\">\r\n\t\t\t\t<div class=\"slideshow_slide slideshow_slide_image\">\r\n\t\t\t\t\t\t\t\t\t\t\t<img src=\"https:\/\/agora.xtec.cat\/esc-masrampinyo\/wp-content\/uploads\/usu1531\/2021\/03\/Repensem-lescola-Imaginem-lInstitut-008.png\" alt=\"Repensem l&#039;escola Imaginem l&#039;Institut 008\" width=\"2280\" height=\"1712\" \/>\r\n\t\t\t\t\t\t\t\t\t\t<div class=\"slideshow_description_box slideshow_transparent\">\r\n\t\t\t\t\t\t<div class=\"slideshow_title\">Repensem l&#039;escola Imaginem l&#039;Institut 008<\/div>\t\t\t\t\t\t\t\t\t\t\t<\/div>\r\n\t\t\t\t<\/div>\r\n\r\n\t\t\t\t\t\t<div style=\"clear: both;\"><\/div><\/div><div class=\"slideshow_view\">\r\n\t\t\t\t<div class=\"slideshow_slide slideshow_slide_image\">\r\n\t\t\t\t\t\t\t\t\t\t\t<img src=\"https:\/\/agora.xtec.cat\/esc-masrampinyo\/wp-content\/uploads\/usu1531\/2021\/03\/Repensem-lescola-Imaginem-lInstitut-009.png\" alt=\"Repensem l&#039;escola Imaginem l&#039;Institut 009\" width=\"2282\" height=\"1712\" \/>\r\n\t\t\t\t\t\t\t\t\t\t<div class=\"slideshow_description_box slideshow_transparent\">\r\n\t\t\t\t\t\t<div class=\"slideshow_title\">Repensem l&#039;escola Imaginem l&#039;Institut 009<\/div>\t\t\t\t\t\t\t\t\t\t\t<\/div>\r\n\t\t\t\t<\/div>\r\n\r\n\t\t\t\t\t\t<div style=\"clear: both;\"><\/div><\/div><div class=\"slideshow_view\">\r\n\t\t\t\t<div class=\"slideshow_slide slideshow_slide_image\">\r\n\t\t\t\t\t\t\t\t\t\t\t<img src=\"https:\/\/agora.xtec.cat\/esc-masrampinyo\/wp-content\/uploads\/usu1531\/2021\/03\/Repensem-lescola-Imaginem-lInstitut-010.png\" alt=\"Repensem l&#039;escola Imaginem l&#039;Institut 010\" width=\"2276\" height=\"1710\" \/>\r\n\t\t\t\t\t\t\t\t\t\t<div class=\"slideshow_description_box slideshow_transparent\">\r\n\t\t\t\t\t\t<div class=\"slideshow_title\">Repensem l&#039;escola Imaginem l&#039;Institut 010<\/div>\t\t\t\t\t\t\t\t\t\t\t<\/div>\r\n\t\t\t\t<\/div>\r\n\r\n\t\t\t\t\t\t<div style=\"clear: both;\"><\/div><\/div><div class=\"slideshow_view\">\r\n\t\t\t\t<div class=\"slideshow_slide slideshow_slide_image\">\r\n\t\t\t\t\t\t\t\t\t\t\t<img src=\"https:\/\/agora.xtec.cat\/esc-masrampinyo\/wp-content\/uploads\/usu1531\/2021\/03\/Repensem-lescola-Imaginem-lInstitut-011.png\" alt=\"Repensem l&#039;escola Imaginem l&#039;Institut 011\" width=\"2278\" height=\"1708\" \/>\r\n\t\t\t\t\t\t\t\t\t\t<div class=\"slideshow_description_box slideshow_transparent\">\r\n\t\t\t\t\t\t<div class=\"slideshow_title\">Repensem l&#039;escola Imaginem l&#039;Institut 011<\/div>\t\t\t\t\t\t\t\t\t\t\t<\/div>\r\n\t\t\t\t<\/div>\r\n\r\n\t\t\t\t\t\t<div style=\"clear: both;\"><\/div><\/div><div class=\"slideshow_view\">\r\n\t\t\t\t<div class=\"slideshow_slide slideshow_slide_image\">\r\n\t\t\t\t\t\t\t\t\t\t\t<img src=\"https:\/\/agora.xtec.cat\/esc-masrampinyo\/wp-content\/uploads\/usu1531\/2021\/03\/Repensem-lescola-Imaginem-lInstitut-012.png\" alt=\"Repensem l&#039;escola Imaginem l&#039;Institut 012\" width=\"2278\" height=\"1710\" \/>\r\n\t\t\t\t\t\t\t\t\t\t<div class=\"slideshow_description_box slideshow_transparent\">\r\n\t\t\t\t\t\t<div class=\"slideshow_title\">Repensem l&#039;escola Imaginem l&#039;Institut 012<\/div>\t\t\t\t\t\t\t\t\t\t\t<\/div>\r\n\t\t\t\t<\/div>\r\n\r\n\t\t\t\t\t\t<div style=\"clear: both;\"><\/div><\/div><div class=\"slideshow_view\">\r\n\t\t\t\t<div class=\"slideshow_slide slideshow_slide_image\">\r\n\t\t\t\t\t\t\t\t\t\t\t<img src=\"https:\/\/agora.xtec.cat\/esc-masrampinyo\/wp-content\/uploads\/usu1531\/2021\/03\/Repensem-lescola-Imaginem-lInstitut-013.png\" alt=\"Repensem l&#039;escola Imaginem l&#039;Institut 013\" width=\"2276\" height=\"1708\" \/>\r\n\t\t\t\t\t\t\t\t\t\t<div class=\"slideshow_description_box slideshow_transparent\">\r\n\t\t\t\t\t\t<div class=\"slideshow_title\">Repensem l&#039;escola Imaginem l&#039;Institut 013<\/div>\t\t\t\t\t\t\t\t\t\t\t<\/div>\r\n\t\t\t\t<\/div>\r\n\r\n\t\t\t\t\t\t<div style=\"clear: both;\"><\/div><\/div><div class=\"slideshow_view\">\r\n\t\t\t\t<div class=\"slideshow_slide slideshow_slide_image\">\r\n\t\t\t\t\t\t\t\t\t\t\t<img src=\"https:\/\/agora.xtec.cat\/esc-masrampinyo\/wp-content\/uploads\/usu1531\/2021\/03\/Repensem-lescola-Imaginem-lInstitut-014.png\" alt=\"Repensem l&#039;escola Imaginem l&#039;Institut 014\" width=\"2278\" height=\"1706\" \/>\r\n\t\t\t\t\t\t\t\t\t\t<div class=\"slideshow_description_box slideshow_transparent\">\r\n\t\t\t\t\t\t<div class=\"slideshow_title\">Repensem l&#039;escola Imaginem l&#039;Institut 014<\/div>\t\t\t\t\t\t\t\t\t\t\t<\/div>\r\n\t\t\t\t<\/div>\r\n\r\n\t\t\t\t\t\t<div style=\"clear: both;\"><\/div><\/div><div class=\"slideshow_view\">\r\n\t\t\t\t<div class=\"slideshow_slide slideshow_slide_image\">\r\n\t\t\t\t\t\t\t\t\t\t\t<img src=\"https:\/\/agora.xtec.cat\/esc-masrampinyo\/wp-content\/uploads\/usu1531\/2021\/03\/Repensem-lescola-Imaginem-lInstitut-014.png\" alt=\"Repensem l&#039;escola Imaginem l&#039;Institut 014\" width=\"2278\" height=\"1706\" \/>\r\n\t\t\t\t\t\t\t\t\t\t<div class=\"slideshow_description_box slideshow_transparent\">\r\n\t\t\t\t\t\t<div class=\"slideshow_title\">Repensem l&#039;escola Imaginem l&#039;Institut 014<\/div>\t\t\t\t\t\t\t\t\t\t\t<\/div>\r\n\t\t\t\t<\/div>\r\n\r\n\t\t\t\t\t\t<div style=\"clear: both;\"><\/div><\/div>\r\n\t\t<\/div>\r\n\r\n\t\t<div class=\"slideshow_controlPanel slideshow_transparent\" style=\"display: none;\"><ul><li class=\"slideshow_togglePlay\" data-play-text=\"Visualitza\" data-pause-text=\"Pausa\"><\/li><\/ul><\/div>\r\n\r\n\t\t<div class=\"slideshow_button slideshow_previous slideshow_transparent\" role=\"button\" data-previous-text=\"Anterior\" style=\"display: none;\"><\/div>\r\n\t\t<div class=\"slideshow_button slideshow_next slideshow_transparent\" role=\"button\" data-next-text=\"Seg\u00fcent\" style=\"display: none;\"><\/div>\r\n\r\n\t\t<div class=\"slideshow_pagination\" style=\"display: none;\" data-go-to-text=\"V\u00e9s a la diapositiva\"><div class=\"slideshow_pagination_center\"><\/div><\/div>\r\n\r\n\t\t<!-- WordPress Slideshow Version 2.3.1 -->\r\n\r\n\t\t\t<\/div>\r\n\r\n\n","protected":false},"excerpt":{"rendered":"<p>Esdevenir Institut Escola ha estat una fita important en la hist\u00f2ria del nostre centre. En tot moment, ho hem viscut com una oportunitat. Per aquest motiu, hem dedicat moments de reflexi\u00f3 amb l&#8217;equip docent sobre com ens imagin\u00e0vem l&#8217;Institut, i alhora ha estat una manera de veure com pod\u00edem millorar l&#8217;Escola, repensant-la. Aquesta reflexi\u00f3 es [&hellip;]<\/p>\n","protected":false},"author":10,"featured_media":0,"parent":22,"menu_order":40,"comment_status":"closed","ping_status":"closed","template":"page-templates\/side-menu.php","meta":{"_bbp_topic_count":0,"_bbp_reply_count":0,"_bbp_total_topic_count":0,"_bbp_total_reply_count":0,"_bbp_voice_count":0,"_bbp_anonymous_reply_count":0,"_bbp_topic_count_hidden":0,"_bbp_reply_count_hidden":0,"_bbp_forum_subforum_count":0,"site-sidebar-layout":"default","site-content-layout":"","ast-site-content-layout":"","site-content-style":"default","site-sidebar-style":"default","ast-global-header-display":"","ast-banner-title-visibility":"","ast-main-header-display":"","ast-hfb-above-header-display":"","ast-hfb-below-header-display":"","ast-hfb-mobile-header-display":"","site-post-title":"","ast-breadcrumbs-content":"","ast-featured-img":"","footer-sml-layout":"","theme-transparent-header-meta":"","adv-header-id-meta":"","stick-header-meta":"","header-above-stick-meta":"","header-main-stick-meta":"","header-below-stick-meta":"","astra-migrate-meta-layouts":"default","ast-page-background-enabled":"default","ast-page-background-meta":{"desktop":{"background-color":"var(--ast-global-color-4)","background-image":"","background-repeat":"repeat","background-position":"center center","background-size":"auto","background-attachment":"scroll","background-type":"","background-media":"","overlay-type":"","overlay-color":"","overlay-opacity":"","overlay-gradient":""},"tablet":{"background-color":"","background-image":"","background-repeat":"repeat","background-position":"center center","background-size":"auto","background-attachment":"scroll","background-type":"","background-media":"","overlay-type":"","overlay-color":"","overlay-opacity":"","overlay-gradient":""},"mobile":{"background-color":"","background-image":"","background-repeat":"repeat","background-position":"center center","background-size":"auto","background-attachment":"scroll","background-type":"","background-media":"","overlay-type":"","overlay-color":"","overlay-opacity":"","overlay-gradient":""}},"ast-content-background-meta":{"desktop":{"background-color":"var(--ast-global-color-5)","background-image":"","background-repeat":"repeat","background-position":"center center","background-size":"auto","background-attachment":"scroll","background-type":"","background-media":"","overlay-type":"","overlay-color":"","overlay-opacity":"","overlay-gradient":""},"tablet":{"background-color":"var(--ast-global-color-5)","background-image":"","background-repeat":"repeat","background-position":"center center","background-size":"auto","background-attachment":"scroll","background-type":"","background-media":"","overlay-type":"","overlay-color":"","overlay-opacity":"","overlay-gradient":""},"mobile":{"background-color":"var(--ast-global-color-5)","background-image":"","background-repeat":"repeat","background-position":"center center","background-size":"auto","background-attachment":"scroll","background-type":"","background-media":"","overlay-type":"","overlay-color":"","overlay-opacity":"","overlay-gradient":""}},"footnotes":""},"class_list":["post-3300","page","type-page","status-publish","hentry"],"post_mailing_queue_ids":[],"_links":{"self":[{"href":"https:\/\/agora.xtec.cat\/esc-masrampinyo\/wp-json\/wp\/v2\/pages\/3300","targetHints":{"allow":["GET"]}}],"collection":[{"href":"https:\/\/agora.xtec.cat\/esc-masrampinyo\/wp-json\/wp\/v2\/pages"}],"about":[{"href":"https:\/\/agora.xtec.cat\/esc-masrampinyo\/wp-json\/wp\/v2\/types\/page"}],"author":[{"embeddable":true,"href":"https:\/\/agora.xtec.cat\/esc-masrampinyo\/wp-json\/wp\/v2\/users\/10"}],"replies":[{"embeddable":true,"href":"https:\/\/agora.xtec.cat\/esc-masrampinyo\/wp-json\/wp\/v2\/comments?post=3300"}],"version-history":[{"count":3,"href":"https:\/\/agora.xtec.cat\/esc-masrampinyo\/wp-json\/wp\/v2\/pages\/3300\/revisions"}],"predecessor-version":[{"id":3320,"href":"https:\/\/agora.xtec.cat\/esc-masrampinyo\/wp-json\/wp\/v2\/pages\/3300\/revisions\/3320"}],"up":[{"embeddable":true,"href":"https:\/\/agora.xtec.cat\/esc-masrampinyo\/wp-json\/wp\/v2\/pages\/22"}],"wp:attachment":[{"href":"https:\/\/agora.xtec.cat\/esc-masrampinyo\/wp-json\/wp\/v2\/media?parent=3300"}],"curies":[{"name":"wp","href":"https:\/\/api.w.org\/{rel}","templated":true}]}}