{"id":6045,"date":"2025-03-07T11:33:17","date_gmt":"2025-03-07T10:33:17","guid":{"rendered":"https:\/\/agora.xtec.cat\/esc-masboadella-sabadell\/?page_id=6045"},"modified":"2026-04-15T14:07:39","modified_gmt":"2026-04-15T12:07:39","slug":"preinscripcio-i-matricula","status":"publish","type":"page","link":"https:\/\/agora.xtec.cat\/esc-masboadella-sabadell\/lescola\/preinscripcio-i-matricula\/","title":{"rendered":"Preinscripci\u00f3 i matr\u00edcula"},"content":{"rendered":"<section id=\"h.38ddc9741955a9e7_4670\" class=\"yaqOZd LB7kq gk8rDe\">\n<div class=\"mYVXT\">\n<div class=\"LS81yb VICjCf j5pSsc db35Fc\" tabindex=\"-1\">\n<div class=\"hJDwNd-AhqUyc-OiUrBf Ft7HRd-AhqUyc-OiUrBf purZT-AhqUyc-II5mzb ZcASvf-AhqUyc-II5mzb pSzOP-AhqUyc-qWD73c Ktthjf-AhqUyc-qWD73c JNdkSc SQVYQc\">\n<div class=\"JNdkSc-SmKAyb LkDMRd\">\n<div class=\"\">\n<div class=\"oKdM2c ZZyype Kzv0Me\">\n<div id=\"h.38ddc9741955a9e7_4673\" class=\"hJDwNd-AhqUyc-OiUrBf Ft7HRd-AhqUyc-OiUrBf jXK9ad D2fZ2 zu5uec OjCsFc dmUFtb wHaque g5GTcb\">\n<div class=\"jXK9ad-SmKAyb\">\n<div class=\"tyJCtd mGzaTb Depvyb baZpAe lkHyyc\">\n<h1 id=\"h.jj7jr4cytsm5\" class=\"zfr3Q duRjpb CDt4Ke \" dir=\"ltr\" style=\"text-align: center;\"><span class=\"C9DxTc \">Preinscripci\u00f3 i matr\u00edcula<\/span><\/h1>\n<\/div>\n<p>&nbsp;<\/p>\n<p><strong><span style=\"text-decoration: underline;\"><a href=\"https:\/\/web.sabadell.cat\/cercador-educacio-infantil-i-primaria\/index.php?option=com_content&amp;view=article&amp;layout=edit&amp;id=56276\">Cercador de centres amb puntuaci\u00f3 per proximitat al domicili<\/a><\/span><\/strong><\/p>\n<p><span style=\"text-decoration: underline;\"><strong><a href=\"https:\/\/preinscripcio.gencat.cat\/ca\/inici\/index.html\">P\u00e0gina oficial del Departament d&#8217;Educaci\u00f3\u00a0<\/a><\/strong><\/span><\/p>\n<p><span style=\"text-decoration: underline;\"><strong>Calendari del proc\u00e9s de preinscripci\u00f3 i matr\u00edcula curs 25 &#8211; 26<\/strong><\/span><\/p>\n<table style=\"border-collapse: collapse; width: 99.8552%; height: 384px;\">\n<tbody>\n<tr>\n<td style=\"width: 79.1411%;\">Difusi\u00f3 de l&#8217;oferta<\/td>\n<td style=\"width: 46.1386%;\">3 de mar\u00e7<\/td>\n<\/tr>\n<tr style=\"height: 32px;\">\n<td style=\"width: 79.1411%; height: 32px;\">Presentaci\u00f3 i\/o modificaci\u00f3 de sol\u00b7licituds<\/td>\n<td style=\"width: 46.1386%; height: 32px;\">Del 4 al 18 de mar\u00e7 de 2026<\/td>\n<\/tr>\n<tr style=\"height: 32px;\">\n<td style=\"width: 79.1411%; height: 32px;\">Presentaci\u00f3 de documentaci\u00f3<\/td>\n<td style=\"width: 46.1386%; height: 32px;\">Fins al 19 de mar\u00e7 de 2026<\/td>\n<\/tr>\n<tr style=\"height: 32px;\">\n<td style=\"width: 79.1411%; height: 32px;\">Publicaci\u00f3 de la llista de sol\u00b7licituds amb la puntuaci\u00f3 provisional<\/td>\n<td style=\"width: 46.1386%; height: 32px;\">15 d&#8217;abril de 2026<\/td>\n<\/tr>\n<tr style=\"height: 32px;\">\n<td style=\"width: 79.1411%; height: 32px;\">Presentaci\u00f3 de reclamacions a la llista amb la puntuaci\u00f3 provisional<\/td>\n<td style=\"width: 46.1386%; height: 32px;\">Del 15 al 20 d&#8217;abril de 2026<\/td>\n<\/tr>\n<tr style=\"height: 32px;\">\n<td style=\"width: 79.1411%; height: 32px;\">Publicaci\u00f3 de la llista amb la puntuaci\u00f3, resoltes les reclamacions<\/td>\n<td style=\"width: 46.1386%; height: 32px;\">23 d&#8217;abril de 2026<\/td>\n<\/tr>\n<tr style=\"height: 32px;\">\n<td style=\"width: 79.1411%; height: 32px;\">Sorteig<\/td>\n<td style=\"width: 46.1386%; height: 32px;\">28 d&#8217;abril<\/td>\n<\/tr>\n<tr style=\"height: 32px;\">\n<td style=\"width: 79.1411%; height: 32px;\">Publicaci\u00f3 de la llista ordenada<\/td>\n<td style=\"width: 46.1386%; height: 32px;\">29 d&#8217;abril<\/td>\n<\/tr>\n<tr style=\"height: 32px;\">\n<td style=\"width: 79.1411%; height: 32px;\">Ampliaci\u00f3 de peticions \u2013per aquells alumnes NEEB que necessiten assignaci\u00f3 d&#8217;ofici i no s&#8217;han assignat per petici\u00f3 original<\/td>\n<td style=\"width: 46.1386%; height: 32px;\">Del 1 al 3 de juny<\/td>\n<\/tr>\n<tr style=\"height: 32px;\">\n<td style=\"width: 79.1411%; height: 32px;\">Ampliaci\u00f3 de peticions \u2013per aquells alumnes ordinaris que necessiten assignaci\u00f3 d&#8217;ofici i no s&#8217;han assignat per petici\u00f3 original<\/td>\n<td style=\"width: 46.1386%; height: 32px;\">Del 1 al 3 de juny<\/td>\n<\/tr>\n<tr style=\"height: 32px;\">\n<td style=\"width: 79.1411%; height: 32px;\">Publicaci\u00f3 de l&#8217;oferta final<\/td>\n<td style=\"width: 46.1386%; height: 32px;\">10 de juny de 2026<\/td>\n<\/tr>\n<tr style=\"height: 32px;\">\n<td style=\"width: 79.1411%; height: 32px;\">Publicaci\u00f3 de la llista d&#8217;admesos i llista d&#8217;espera<\/td>\n<td style=\"width: 46.1386%; height: 32px;\">10 de juny de 2026<\/td>\n<\/tr>\n<tr style=\"height: 32px;\">\n<td style=\"width: 79.1411%; height: 32px;\">Per\u00edode de matriculaci\u00f3<\/td>\n<td style=\"width: 46.1386%; height: 32px;\">Del 22 de juny al 30 de juny( jornada intensiva)<\/td>\n<\/tr>\n<\/tbody>\n<\/table>\n<\/div>\n<\/div>\n<\/div>\n<\/div>\n<\/div>\n<\/div>\n<div class=\"hJDwNd-AhqUyc-ibL1re Ft7HRd-AhqUyc-ibL1re JNdkSc SQVYQc L6cTce-purZT L6cTce-pSzOP\">\n<div class=\"JNdkSc-SmKAyb LkDMRd\">\n<div class=\"\"><\/div>\n<\/div>\n<\/div>\n<\/div>\n<\/div>\n<\/section>\n<section id=\"h.6afbadde01928bf5_3\" class=\"yaqOZd\">\n<div class=\"IFuOkc\"><\/div>\n<div class=\"mYVXT\">\n<div class=\"LS81yb VICjCf j5pSsc db35Fc\" tabindex=\"-1\">\n<div class=\"hJDwNd-AhqUyc-uQSCkd Ft7HRd-AhqUyc-uQSCkd purZT-AhqUyc-II5mzb ZcASvf-AhqUyc-II5mzb pSzOP-AhqUyc-qWD73c Ktthjf-AhqUyc-qWD73c JNdkSc SQVYQc\">\n<div class=\"JNdkSc-SmKAyb LkDMRd\">\n<div class=\"\">\n<div class=\"oKdM2c ZZyype Kzv0Me\">\n<div id=\"h.6afbadde01928bf5_0\" class=\"hJDwNd-AhqUyc-uQSCkd Ft7HRd-AhqUyc-uQSCkd jXK9ad D2fZ2 zu5uec OjCsFc dmUFtb wHaque g5GTcb\">\n<div class=\"jXK9ad-SmKAyb\">\n<div class=\"tyJCtd mGzaTb Depvyb baZpAe\">\n<p class=\"zfr3Q CDt4Ke \" dir=\"ltr\"><a href=\"https:\/\/agora.xtec.cat\/esc-masboadella-sabadell\/wp-content\/uploads\/usu110\/2025\/04\/OFERTA-INCIAL-DE-PLACES.pdf\">OFERTA INCIAL DE PLACES<\/a><\/p>\n<\/div>\n<\/div>\n<\/div>\n<\/div>\n<\/div>\n<\/div>\n<\/div>\n<\/div>\n<\/div>\n<\/section>\n<section id=\"h.523dec39243c0b9c_4\" class=\"yaqOZd\">\n<div class=\"IFuOkc\"><\/div>\n<div class=\"mYVXT\">\n<div class=\"LS81yb VICjCf j5pSsc db35Fc\" tabindex=\"-1\">\n<div class=\"hJDwNd-AhqUyc-uQSCkd Ft7HRd-AhqUyc-uQSCkd purZT-AhqUyc-II5mzb ZcASvf-AhqUyc-II5mzb pSzOP-AhqUyc-qWD73c Ktthjf-AhqUyc-qWD73c JNdkSc SQVYQc\">\n<div class=\"JNdkSc-SmKAyb LkDMRd\">\n<div class=\"\">\n<div class=\"oKdM2c ZZyype Kzv0Me\">\n<div id=\"h.523dec39243c0b9c_7\" class=\"hJDwNd-AhqUyc-uQSCkd Ft7HRd-AhqUyc-uQSCkd jXK9ad D2fZ2 zu5uec OjCsFc dmUFtb wHaque g5GTcb\">\n<div class=\"jXK9ad-SmKAyb\">\n<div class=\"tyJCtd mGzaTb Depvyb baZpAe\">\n<p class=\"zfr3Q CDt4Ke \" dir=\"ltr\"><a href=\"https:\/\/drive.google.com\/file\/d\/1GND-qWwJaqX85PMEem-t3RNUoYN1p-Ii\/view?usp=sharing\">INFORME_BAREM_PROVISIONAL_BAREM<\/a><\/p>\n<\/div>\n<\/div>\n<\/div>\n<\/div>\n<\/div>\n<\/div>\n<\/div>\n<\/div>\n<\/div>\n<\/section>\n<section id=\"h.523dec39243c0b9c_0\" class=\"yaqOZd\">\n<div class=\"IFuOkc\"><\/div>\n<div class=\"mYVXT\">\n<div class=\"LS81yb VICjCf j5pSsc db35Fc\" tabindex=\"-1\">\n<div class=\"hJDwNd-AhqUyc-uQSCkd Ft7HRd-AhqUyc-uQSCkd purZT-AhqUyc-II5mzb ZcASvf-AhqUyc-II5mzb pSzOP-AhqUyc-qWD73c Ktthjf-AhqUyc-qWD73c JNdkSc SQVYQc\">\n<div class=\"JNdkSc-SmKAyb LkDMRd\">\n<div class=\"\">\n<div class=\"oKdM2c ZZyype Kzv0Me\">\n<div id=\"h.523dec39243c0b9c_3\" class=\"hJDwNd-AhqUyc-uQSCkd Ft7HRd-AhqUyc-uQSCkd jXK9ad D2fZ2 zu5uec OjCsFc dmUFtb wHaque g5GTcb\">\n<div class=\"jXK9ad-SmKAyb\">\n<div class=\"tyJCtd mGzaTb Depvyb baZpAe\">\n<p class=\"zfr3Q CDt4Ke \" dir=\"ltr\"><a href=\"https:\/\/agora.xtec.cat\/esc-masboadella-sabadell\/wp-content\/uploads\/usu110\/2025\/04\/INFORME_BAREM_RESOLTES_BAREM-2.pdf\">I<\/a>NFORME_BAREM_RESOLTES_BAREM <a href=\"https:\/\/agora.xtec.cat\/esc-masboadella-sabadell\/wp-content\/uploads\/usu110\/2025\/04\/INFORME_BAREM_RESOLTES_BAREM-2.pdf\">(2)<\/a><\/p>\n<\/div>\n<\/div>\n<\/div>\n<\/div>\n<\/div>\n<\/div>\n<\/div>\n<\/div>\n<\/div>\n<\/section>\n<section id=\"h.2bf451eb42f7dda1_0\" class=\"yaqOZd\">\n<div class=\"IFuOkc\"><\/div>\n<div class=\"mYVXT\">\n<div class=\"LS81yb VICjCf j5pSsc db35Fc\" tabindex=\"-1\">\n<div class=\"hJDwNd-AhqUyc-uQSCkd Ft7HRd-AhqUyc-uQSCkd purZT-AhqUyc-II5mzb ZcASvf-AhqUyc-II5mzb pSzOP-AhqUyc-qWD73c Ktthjf-AhqUyc-qWD73c JNdkSc SQVYQc\">\n<div class=\"JNdkSc-SmKAyb LkDMRd\">\n<div class=\"\">\n<div class=\"oKdM2c ZZyype Kzv0Me\">\n<div id=\"h.2bf451eb42f7dda1_3\" class=\"hJDwNd-AhqUyc-uQSCkd Ft7HRd-AhqUyc-uQSCkd jXK9ad D2fZ2 zu5uec OjCsFc dmUFtb wHaque g5GTcb\">\n<div class=\"jXK9ad-SmKAyb\">\n<div class=\"tyJCtd mGzaTb Depvyb baZpAe\">\n<p class=\"zfr3Q CDt4Ke \" dir=\"ltr\">NUM. desempat PREINS 2025-2026<\/p>\n<p dir=\"ltr\">INFORME BAREM DEFINITIU<\/p>\n<p dir=\"ltr\">INFORME_ASSIGNADES_<\/p>\n<p dir=\"ltr\">INFORME_LLISTA_ESPERA<\/p>\n<\/div>\n<\/div>\n<\/div>\n<\/div>\n<\/div>\n<\/div>\n<\/div>\n<\/div>\n<\/div>\n<\/section>\n<section id=\"h.218da4c50f41352b_7\" class=\"yaqOZd\">\n<div class=\"mYVXT\">\n<div class=\"LS81yb VICjCf j5pSsc db35Fc\" tabindex=\"-1\">\n<div class=\"hJDwNd-AhqUyc-uQSCkd Ft7HRd-AhqUyc-uQSCkd purZT-AhqUyc-II5mzb ZcASvf-AhqUyc-II5mzb pSzOP-AhqUyc-qWD73c Ktthjf-AhqUyc-qWD73c JNdkSc SQVYQc\">\n<div class=\"JNdkSc-SmKAyb LkDMRd\">\n<div class=\"\">\n<div class=\"oKdM2c ZZyype Kzv0Me\">\n<div id=\"h.218da4c50f41352b_4\" class=\"hJDwNd-AhqUyc-uQSCkd Ft7HRd-AhqUyc-uQSCkd jXK9ad D2fZ2 zu5uec OjCsFc dmUFtb wHaque g5GTcb\">\n<div class=\"jXK9ad-SmKAyb\">\n<div class=\"tyJCtd mGzaTb Depvyb baZpAe\">\n<p class=\"zfr3Q CDt4Ke \" dir=\"ltr\"><span style=\"text-decoration: underline;\"><span style=\"color: #000000; text-decoration: underline;\"><span class=\"C9DxTc aw5Odc \">Llista de sol\u00b7licituds que han demanat el centre i l&#8217;ensenyament en primera petici\u00f3 ordenada<\/span><\/span><\/span><\/p>\n<\/div>\n<\/div>\n<\/div>\n<\/div>\n<\/div>\n<\/div>\n<\/div>\n<\/div>\n<\/div>\n<\/section>\n<section id=\"h.1bcb1eaa09c81d93_0\" class=\"yaqOZd\">\n<div class=\"IFuOkc\"><\/div>\n<div class=\"mYVXT\">\n<div class=\"LS81yb VICjCf j5pSsc db35Fc\" tabindex=\"-1\">\n<div class=\"hJDwNd-AhqUyc-uQSCkd Ft7HRd-AhqUyc-uQSCkd purZT-AhqUyc-II5mzb ZcASvf-AhqUyc-II5mzb pSzOP-AhqUyc-qWD73c Ktthjf-AhqUyc-qWD73c JNdkSc SQVYQc\">\n<div class=\"JNdkSc-SmKAyb LkDMRd\">\n<div class=\"\">\n<div class=\"oKdM2c ZZyype Kzv0Me\">\n<div id=\"h.1bcb1eaa09c81d93_3\" class=\"hJDwNd-AhqUyc-uQSCkd Ft7HRd-AhqUyc-uQSCkd jXK9ad D2fZ2 zu5uec OjCsFc dmUFtb wHaque g5GTcb\">\n<div class=\"jXK9ad-SmKAyb\">\n<div class=\"tyJCtd mGzaTb Depvyb baZpAe\">\n<p class=\"zfr3Q CDt4Ke \" dir=\"ltr\"><span style=\"text-decoration: underline;\"><span style=\"color: #000000; text-decoration: underline;\"><span class=\"C9DxTc aw5Odc \">Publicaci\u00f3 de l&#8217;oferta definitiva de places<\/span><\/span><\/span><\/p>\n<\/div>\n<\/div>\n<\/div>\n<\/div>\n<\/div>\n<\/div>\n<\/div>\n<\/div>\n<\/div>\n<\/section>\n<section id=\"h.66762d43115b848b_8\" class=\"yaqOZd\">\n<div class=\"IFuOkc\"><\/div>\n<div class=\"mYVXT\">\n<div class=\"LS81yb VICjCf j5pSsc db35Fc\" tabindex=\"-1\">\n<div class=\"hJDwNd-AhqUyc-uQSCkd Ft7HRd-AhqUyc-uQSCkd purZT-AhqUyc-II5mzb ZcASvf-AhqUyc-II5mzb pSzOP-AhqUyc-qWD73c Ktthjf-AhqUyc-qWD73c JNdkSc SQVYQc\">\n<div class=\"JNdkSc-SmKAyb LkDMRd\">\n<div class=\"\">\n<div class=\"oKdM2c ZZyype Kzv0Me\">\n<div id=\"h.66762d43115b848b_11\" class=\"hJDwNd-AhqUyc-uQSCkd Ft7HRd-AhqUyc-uQSCkd jXK9ad D2fZ2 zu5uec OjCsFc dmUFtb wHaque g5GTcb\">\n<div class=\"jXK9ad-SmKAyb\">\n<div class=\"tyJCtd mGzaTb Depvyb baZpAe\">\n<p class=\"zfr3Q CDt4Ke \" dir=\"ltr\"><span style=\"text-decoration: underline;\"><a href=\"https:\/\/drive.google.com\/file\/d\/1x_gocZwSgWphnREUIFFOC2JOPqfWR0wC\/view?usp=sharing\"><span style=\"color: #000000; text-decoration: underline;\"><span class=\"C9DxTc aw5Odc \">Alumnes assignats al centre am<\/span><\/span><\/a><span style=\"color: #000000; text-decoration: underline;\"><span class=\"C9DxTc aw5Odc \">b indicaci\u00f3 de la primera petici\u00f3 a\u00a0<\/span><\/span><\/span><\/p>\n<\/div>\n<\/div>\n<\/div>\n<\/div>\n<\/div>\n<\/div>\n<\/div>\n<\/div>\n<\/div>\n<\/section>\n<section id=\"h.66762d43115b848b_12\" class=\"yaqOZd\">\n<div class=\"IFuOkc\"><\/div>\n<div class=\"mYVXT\">\n<div class=\"LS81yb VICjCf j5pSsc db35Fc\" tabindex=\"-1\">\n<div class=\"hJDwNd-AhqUyc-uQSCkd Ft7HRd-AhqUyc-uQSCkd purZT-AhqUyc-II5mzb ZcASvf-AhqUyc-II5mzb pSzOP-AhqUyc-qWD73c Ktthjf-AhqUyc-qWD73c JNdkSc SQVYQc\">\n<div class=\"JNdkSc-SmKAyb LkDMRd\">\n<div class=\"\">\n<div class=\"oKdM2c ZZyype Kzv0Me\">\n<div id=\"h.66762d43115b848b_15\" class=\"hJDwNd-AhqUyc-uQSCkd Ft7HRd-AhqUyc-uQSCkd jXK9ad D2fZ2 zu5uec OjCsFc dmUFtb wHaque g5GTcb\">\n<div class=\"jXK9ad-SmKAyb\">\n<div class=\"tyJCtd mGzaTb Depvyb baZpAe\">\n<p class=\"zfr3Q CDt4Ke \" dir=\"ltr\"><span style=\"text-decoration: underline;\"><span style=\"color: #000000; text-decoration: underline;\"><span class=\"C9DxTc aw5Odc \">Alumnes preinscrits al centre a\u00a0<\/span><\/span><\/span><\/p>\n<\/div>\n<\/div>\n<\/div>\n<\/div>\n<\/div>\n<\/div>\n<\/div>\n<\/div>\n<\/div>\n<\/section>\n<section id=\"h.66762d43115b848b_16\" class=\"yaqOZd\">\n<div class=\"IFuOkc\"><\/div>\n<div class=\"mYVXT\">\n<div class=\"LS81yb VICjCf j5pSsc db35Fc\" tabindex=\"-1\">\n<div class=\"hJDwNd-AhqUyc-uQSCkd Ft7HRd-AhqUyc-uQSCkd purZT-AhqUyc-II5mzb ZcASvf-AhqUyc-II5mzb pSzOP-AhqUyc-qWD73c Ktthjf-AhqUyc-qWD73c JNdkSc SQVYQc\">\n<div class=\"JNdkSc-SmKAyb LkDMRd\">\n<div class=\"\">\n<div class=\"oKdM2c ZZyype Kzv0Me\">\n<div id=\"h.66762d43115b848b_19\" class=\"hJDwNd-AhqUyc-uQSCkd Ft7HRd-AhqUyc-uQSCkd jXK9ad D2fZ2 zu5uec OjCsFc dmUFtb wHaque g5GTcb\">\n<div class=\"jXK9ad-SmKAyb\">\n<div class=\"tyJCtd mGzaTb Depvyb baZpAe\">\n<p class=\"zfr3Q CDt4Ke \" dir=\"ltr\"><span style=\"text-decoration: underline;\"><span style=\"color: #000000; text-decoration: underline;\"><span class=\"C9DxTc aw5Odc \">Publicaci\u00f3 de la llista d&#8217;espera del centre a\u00a0<\/span><\/span><\/span><\/p>\n<\/div>\n<p dir=\"ltr\"><span style=\"text-decoration: underline; color: #000000;\">Reclamacions preinscripci\u00f3 25-26<\/span><\/p>\n<\/div>\n<\/div>\n<\/div>\n<\/div>\n<\/div>\n<\/div>\n<\/div>\n<\/div>\n<\/section>\n","protected":false},"excerpt":{"rendered":"<p>Preinscripci\u00f3 i matr\u00edcula<\/p>\n<p>&nbsp;<br \/>\n<a href=\"https:\/\/web.sabadell.cat\/cercador-educacio-infantil-i-primaria\/index.php?option=com_content&amp;view=article&amp;layout=edit&amp;id=56276\">Cercador de centres amb puntuaci\u00f3 per proximitat al domicili<\/a><br \/>\n<a href=\"https:\/\/preinscripcio.gencat.cat\/ca\/inici\/index.html\">P\u00e0gina oficial del Departament d&#8217;Educaci\u00f3\u00a0<\/a><br \/>\nCalendari del proc\u00e9s de preinscripci\u00f3 i matr\u00edcula curs 25 &#8211; 26<\/p>\n<p>Difusi\u00f3 de l&#8217;oferta<br \/>\n3 de mar\u00e7<\/p>\n<p>Presentaci\u00f3 i\/o modificaci\u00f3 de sol\u00b7licituds<br \/>\nDel 4 al 18 de mar\u00e7 de 2026<\/p>\n<p>Presentaci\u00f3 de documentaci\u00f3<br \/>\nFins al&hellip;  <a href=\"https:\/\/agora.xtec.cat\/esc-masboadella-sabadell\/lescola\/preinscripcio-i-matricula\/\" title=\"Read Preinscripci\u00f3 i matr\u00edcula\">Llegeix m\u00e9s\u00bb<\/a><\/p>\n","protected":false},"author":1,"featured_media":0,"parent":22,"menu_order":0,"comment_status":"closed","ping_status":"closed","template":"page-templates\/side-menu.php","meta":{"_bbp_topic_count":0,"_bbp_reply_count":0,"_bbp_total_topic_count":0,"_bbp_total_reply_count":0,"_bbp_voice_count":0,"_bbp_anonymous_reply_count":0,"_bbp_topic_count_hidden":0,"_bbp_reply_count_hidden":0,"_bbp_forum_subforum_count":0,"footnotes":""},"class_list":["post-6045","page","type-page","status-publish","hentry"],"post_mailing_queue_ids":[],"_links":{"self":[{"href":"https:\/\/agora.xtec.cat\/esc-masboadella-sabadell\/wp-json\/wp\/v2\/pages\/6045","targetHints":{"allow":["GET"]}}],"collection":[{"href":"https:\/\/agora.xtec.cat\/esc-masboadella-sabadell\/wp-json\/wp\/v2\/pages"}],"about":[{"href":"https:\/\/agora.xtec.cat\/esc-masboadella-sabadell\/wp-json\/wp\/v2\/types\/page"}],"author":[{"embeddable":true,"href":"https:\/\/agora.xtec.cat\/esc-masboadella-sabadell\/wp-json\/wp\/v2\/users\/1"}],"replies":[{"embeddable":true,"href":"https:\/\/agora.xtec.cat\/esc-masboadella-sabadell\/wp-json\/wp\/v2\/comments?post=6045"}],"version-history":[{"count":7,"href":"https:\/\/agora.xtec.cat\/esc-masboadella-sabadell\/wp-json\/wp\/v2\/pages\/6045\/revisions"}],"predecessor-version":[{"id":6208,"href":"https:\/\/agora.xtec.cat\/esc-masboadella-sabadell\/wp-json\/wp\/v2\/pages\/6045\/revisions\/6208"}],"up":[{"embeddable":true,"href":"https:\/\/agora.xtec.cat\/esc-masboadella-sabadell\/wp-json\/wp\/v2\/pages\/22"}],"wp:attachment":[{"href":"https:\/\/agora.xtec.cat\/esc-masboadella-sabadell\/wp-json\/wp\/v2\/media?parent=6045"}],"curies":[{"name":"wp","href":"https:\/\/api.w.org\/{rel}","templated":true}]}}