{"id":38,"date":"2014-09-18T12:34:08","date_gmt":"2014-09-18T10:34:08","guid":{"rendered":"http:\/\/agora.xtec.cat\/esc-masboadella-sabadell\/?page_id=38"},"modified":"2025-09-23T10:38:23","modified_gmt":"2025-09-23T08:38:23","slug":"salut","status":"publish","type":"page","link":"https:\/\/agora.xtec.cat\/esc-masboadella-sabadell\/lescola\/salut\/","title":{"rendered":"Documents fam\u00edlies"},"content":{"rendered":"<p><a href=\"http:\/\/agora.xtec.cat\/esc-masboadella-sabadell\/wp-content\/uploads\/usu110\/2015\/09\/logocole.jpg\"><img loading=\"lazy\" decoding=\"async\" class=\"wp-image-148 size-medium alignleft\" src=\"http:\/\/agora.xtec.cat\/esc-masboadella-sabadell\/wp-content\/uploads\/usu110\/2015\/09\/logocole-300x219.jpg\" alt=\"logocole\" width=\"300\" height=\"219\" srcset=\"https:\/\/agora.xtec.cat\/esc-masboadella-sabadell\/wp-content\/uploads\/usu110\/2015\/09\/logocole-300x219.jpg 300w, https:\/\/agora.xtec.cat\/esc-masboadella-sabadell\/wp-content\/uploads\/usu110\/2015\/09\/logocole.jpg 354w\" sizes=\"auto, (max-width: 300px) 100vw, 300px\" \/><\/a><\/p>\n<table style=\"height: 307px; width: 73.1498%;\" width=\"725\">\n<tbody>\n<tr style=\"height: 33px;\">\n<td style=\"height: 33px; text-align: left;\"><a href=\"https:\/\/agora.xtec.cat\/esc-masboadella-sabadell\/wp-content\/uploads\/usu110\/2019\/12\/Pla-TAC.pdf\" target=\"_blank\" rel=\"noopener noreferrer\">Pla TAC<\/a><\/p>\n<p><a href=\"https:\/\/agora.xtec.cat\/esc-masboadella-sabadell\/wp-content\/uploads\/usu110\/2025\/09\/NOFC-2014-15.pdf\">NOFC 2014-15<\/a><\/p>\n<p><a href=\"https:\/\/agora.xtec.cat\/esc-masboadella-sabadell\/documents-descola\/llistat-llibres-de-text-curs-2021-2022\/\" target=\"_blank\" rel=\"noopener\">Llistat llibres de text curs 2023-2024<\/a><\/td>\n<\/tr>\n<tr style=\"height: 31px;\">\n<td style=\"height: 31px; text-align: left;\"><a title=\"autoritzaci\u00f3 medicaci\u00f3\" href=\"https:\/\/drive.google.com\/file\/d\/0Bx_Hi4AXTXOpZ3ZkSUhoTzU1ZnM\/view?usp=sharing\">Autoritzaci\u00f3 medicaci\u00f3<\/a><\/td>\n<\/tr>\n<tr style=\"height: 31px;\">\n<td style=\"height: 31px; text-align: left;\"><a href=\"http:\/\/agora.xtec.cat\/esc-masboadella-sabadell\/wp-content\/uploads\/usu110\/2018\/05\/autoritzaci\u00f3-medicaci\u00f3-aut\u00f2noma.pdf\">Autoritzaci\u00f3 medicaci\u00f3 aut\u00f2noma<\/a><\/td>\n<\/tr>\n<tr style=\"height: 31px;\">\n<td style=\"height: 31px; text-align: left;\"><a href=\"https:\/\/drive.google.com\/file\/d\/0BykC2MedH3H8TkhxT0tKTEVoTlU\/view?usp=sharing\" target=\"_blank\" rel=\"noopener noreferrer\">Projecte Educatiu Menjador escolar.<\/a><\/td>\n<\/tr>\n<tr style=\"height: 31px;\">\n<td style=\"height: 31px; text-align: left;\"><a href=\"https:\/\/drive.google.com\/file\/d\/1vIG02SQTHGUjXmkCVJKN5Q4lCCeXTF_a\/view?usp=sharing\">Aplicacions Tauletes<\/a><\/td>\n<\/tr>\n<tr style=\"height: 33px;\">\n<td style=\"height: 33px; text-align: left;\"><a href=\"https:\/\/agora.xtec.cat\/esc-masboadella-sabadell\/wp-content\/uploads\/usu110\/2019\/06\/Aplicacions-tablets-angles.pdf\" target=\"_blank\" rel=\"noopener noreferrer\">Aplicacions Tauletes angl\u00e8s<\/a><\/td>\n<\/tr>\n<tr style=\"height: 117px;\">\n<td style=\"height: 117px; text-align: left;\">\u00a0Circulars:<\/p>\n<ul style=\"list-style-type: circle;\">\n<li><a href=\"https:\/\/drive.google.com\/file\/d\/0BykC2MedH3H8dWFTOGR4UkxqSWs\/view?usp=sharing\" target=\"_blank\" rel=\"noopener noreferrer\">Malalties transmissibles<\/a><\/li>\n<li><a href=\"https:\/\/drive.google.com\/file\/d\/0BykC2MedH3H8T2dKWkQybFFMWkk\/view?usp=sharing\" target=\"_blank\" rel=\"noopener noreferrer\">Protocol d&#8217;actuaci\u00f3 en cas de nevada en Centres Educatius<\/a><\/li>\n<\/ul>\n<\/td>\n<\/tr>\n<\/tbody>\n<\/table>\n<p><!--a=1--><\/p>\n<p><!--a=1--><\/p>\n","protected":false},"excerpt":{"rendered":"<p><a href=\"http:\/\/agora.xtec.cat\/esc-masboadella-sabadell\/wp-content\/uploads\/usu110\/2015\/09\/logocole.jpg\"><\/a><\/p>\n<p><a href=\"https:\/\/agora.xtec.cat\/esc-masboadella-sabadell\/wp-content\/uploads\/usu110\/2019\/12\/Pla-TAC.pdf\" target=\"_blank\" rel=\"noopener noreferrer\">Pla TAC<\/a><br \/>\n<a href=\"https:\/\/agora.xtec.cat\/esc-masboadella-sabadell\/wp-content\/uploads\/usu110\/2025\/09\/NOFC-2014-15.pdf\">NOFC 2014-15<\/a><br \/>\n<a href=\"https:\/\/agora.xtec.cat\/esc-masboadella-sabadell\/documents-descola\/llistat-llibres-de-text-curs-2021-2022\/\" target=\"_blank\" rel=\"noopener\">Llistat llibres de text curs 2023-2024<\/a><\/p>\n<p><a title=\"autoritzaci\u00f3 medicaci\u00f3\" href=\"https:\/\/drive.google.com\/file\/d\/0Bx_Hi4AXTXOpZ3ZkSUhoTzU1ZnM\/view?usp=sharing\">Autoritzaci\u00f3 medicaci\u00f3<\/a><\/p>\n<p><a href=\"http:\/\/agora.xtec.cat\/esc-masboadella-sabadell\/wp-content\/uploads\/usu110\/2018\/05\/autoritzaci\u00f3-medicaci\u00f3-aut\u00f2noma.pdf\">Autoritzaci\u00f3 medicaci\u00f3 aut\u00f2noma<\/a><\/p>\n<p><a href=\"https:\/\/drive.google.com\/file\/d\/0BykC2MedH3H8TkhxT0tKTEVoTlU\/view?usp=sharing\" target=\"_blank\" rel=\"noopener noreferrer\">Projecte Educatiu Menjador escolar.<\/a><\/p>\n<p><a href=\"https:\/\/drive.google.com\/file\/d\/1vIG02SQTHGUjXmkCVJKN5Q4lCCeXTF_a\/view?usp=sharing\">Aplicacions Tauletes<\/a><\/p>\n<p><a href=\"https:\/\/agora.xtec.cat\/esc-masboadella-sabadell\/wp-content\/uploads\/usu110\/2019\/06\/Aplicacions-tablets-angles.pdf\" target=\"_blank\" rel=\"noopener noreferrer\">Aplicacions Tauletes angl\u00e8s<\/a><\/p>\n<p>\u00a0Circulars:<\/p>\n<ul style=\"list-style-type: circle;\">\n<li><a href=\"https:\/\/drive.google.com\/file\/d\/0BykC2MedH3H8dWFTOGR4UkxqSWs\/view?usp=sharing\" target=\"_blank\" rel=\"noopener noreferrer\">Malalties&hellip;  <a href=\"https:\/\/agora.xtec.cat\/esc-masboadella-sabadell\/lescola\/salut\/\" title=\"Read Documents fam\u00edlies\">Llegeix m\u00e9s\u00bb<\/a><br \/>\n","protected":false},"author":2,"featured_media":0,"parent":22,"menu_order":90,"comment_status":"closed","ping_status":"closed","template":"","meta":{"_bbp_topic_count":0,"_bbp_reply_count":0,"_bbp_total_topic_count":0,"_bbp_total_reply_count":0,"_bbp_voice_count":0,"_bbp_anonymous_reply_count":0,"_bbp_topic_count_hidden":0,"_bbp_reply_count_hidden":0,"_bbp_forum_subforum_count":0,"footnotes":""},"class_list":["post-38","page","type-page","status-publish","hentry"],"post_mailing_queue_ids":[],"_links":{"self":[{"href":"https:\/\/agora.xtec.cat\/esc-masboadella-sabadell\/wp-json\/wp\/v2\/pages\/38","targetHints":{"allow":["GET"]}}],"collection":[{"href":"https:\/\/agora.xtec.cat\/esc-masboadella-sabadell\/wp-json\/wp\/v2\/pages"}],"about":[{"href":"https:\/\/agora.xtec.cat\/esc-masboadella-sabadell\/wp-json\/wp\/v2\/types\/page"}],"author":[{"embeddable":true,"href":"https:\/\/agora.xtec.cat\/esc-masboadella-sabadell\/wp-json\/wp\/v2\/users\/2"}],"replies":[{"embeddable":true,"href":"https:\/\/agora.xtec.cat\/esc-masboadella-sabadell\/wp-json\/wp\/v2\/comments?post=38"}],"version-history":[{"count":3,"href":"https:\/\/agora.xtec.cat\/esc-masboadella-sabadell\/wp-json\/wp\/v2\/pages\/38\/revisions"}],"predecessor-version":[{"id":6137,"href":"https:\/\/agora.xtec.cat\/esc-masboadella-sabadell\/wp-json\/wp\/v2\/pages\/38\/revisions\/6137"}],"up":[{"embeddable":true,"href":"https:\/\/agora.xtec.cat\/esc-masboadella-sabadell\/wp-json\/wp\/v2\/pages\/22"}],"wp:attachment":[{"href":"https:\/\/agora.xtec.cat\/esc-masboadella-sabadell\/wp-json\/wp\/v2\/media?parent=38"}],"curies":[{"name":"wp","href":"https:\/\/api.w.org\/{rel}","templated":true}]}}