{"id":9,"date":"2014-09-17T15:08:18","date_gmt":"2014-09-17T14:08:18","guid":{"rendered":"http:\/\/agora.xtec.cat\/esc-martamata-vendrell\/?page_id=9"},"modified":"2026-03-02T21:03:37","modified_gmt":"2026-03-02T20:03:37","slug":"pagina-dinici-buida","status":"publish","type":"page","link":"https:\/\/agora.xtec.cat\/esc-martamata-vendrell\/","title":{"rendered":"Pagina d&#8217;inici buida"},"content":{"rendered":"<p><a href=\"https:\/\/agora.xtec.cat\/esc-martamata-vendrell\/wp-content\/uploads\/usu877\/2026\/03\/1000069601.jpg\"><img loading=\"lazy\" decoding=\"async\" class=\"size-full wp-image-13931 aligncenter\" src=\"https:\/\/agora.xtec.cat\/esc-martamata-vendrell\/wp-content\/uploads\/usu877\/2026\/03\/1000069601.jpg\" alt=\"\" width=\"746\" height=\"376\" srcset=\"https:\/\/agora.xtec.cat\/esc-martamata-vendrell\/wp-content\/uploads\/usu877\/2026\/03\/1000069601.jpg 746w, https:\/\/agora.xtec.cat\/esc-martamata-vendrell\/wp-content\/uploads\/usu877\/2026\/03\/1000069601-300x151.jpg 300w\" sizes=\"auto, (max-width: 746px) 100vw, 746px\" \/><\/a><\/p>\n<h3 style=\"text-align: center;\"><a href=\"https:\/\/preinscripcio.gencat.cat\/ca\/estudis\/infantil-3-6\/preinscriute\/sollicitud\/\"><strong>FES LA SOL.LICITUD DE PREINSCRIPCI\u00d3<\/strong><\/a><\/h3>\n<h2 style=\"text-align: center;\"><a href=\"https:\/\/agora.xtec.cat\/esc-martamata-vendrell\/categoria\/secretaria\/poipre\/\"><strong>INFORMACI\u00d3 I DADES PROC\u00c9S PREINSCRIPCI\u00d3 CURS 2026-2027<\/strong><\/a><\/h2>\n","protected":false},"excerpt":{"rendered":"<p><a href=\"https:\/\/agora.xtec.cat\/esc-martamata-vendrell\/wp-content\/uploads\/usu877\/2026\/03\/1000069601.jpg\"><\/a><br \/>\n<a href=\"https:\/\/preinscripcio.gencat.cat\/ca\/estudis\/infantil-3-6\/preinscriute\/sollicitud\/\">FES LA SOL.LICITUD DE PREINSCRIPCI\u00d3<\/a><br \/>\n<a href=\"https:\/\/agora.xtec.cat\/esc-martamata-vendrell\/categoria\/secretaria\/poipre\/\">INFORMACI\u00d3 I DADES PROC\u00c9S PREINSCRIPCI\u00d3 CURS 2026-2027<\/a><\/p>\n","protected":false},"author":1,"featured_media":0,"parent":7,"menu_order":0,"comment_status":"closed","ping_status":"closed","template":"page-templates\/front-page.php","meta":{"_bbp_topic_count":0,"_bbp_reply_count":0,"_bbp_total_topic_count":0,"_bbp_total_reply_count":0,"_bbp_voice_count":0,"_bbp_anonymous_reply_count":0,"_bbp_topic_count_hidden":0,"_bbp_reply_count_hidden":0,"_bbp_forum_subforum_count":0,"footnotes":""},"class_list":["post-9","page","type-page","status-publish","hentry"],"post_mailing_queue_ids":[],"_links":{"self":[{"href":"https:\/\/agora.xtec.cat\/esc-martamata-vendrell\/wp-json\/wp\/v2\/pages\/9","targetHints":{"allow":["GET"]}}],"collection":[{"href":"https:\/\/agora.xtec.cat\/esc-martamata-vendrell\/wp-json\/wp\/v2\/pages"}],"about":[{"href":"https:\/\/agora.xtec.cat\/esc-martamata-vendrell\/wp-json\/wp\/v2\/types\/page"}],"author":[{"embeddable":true,"href":"https:\/\/agora.xtec.cat\/esc-martamata-vendrell\/wp-json\/wp\/v2\/users\/1"}],"replies":[{"embeddable":true,"href":"https:\/\/agora.xtec.cat\/esc-martamata-vendrell\/wp-json\/wp\/v2\/comments?post=9"}],"version-history":[{"count":7,"href":"https:\/\/agora.xtec.cat\/esc-martamata-vendrell\/wp-json\/wp\/v2\/pages\/9\/revisions"}],"predecessor-version":[{"id":13936,"href":"https:\/\/agora.xtec.cat\/esc-martamata-vendrell\/wp-json\/wp\/v2\/pages\/9\/revisions\/13936"}],"up":[{"embeddable":true,"href":"https:\/\/agora.xtec.cat\/esc-martamata-vendrell\/wp-json\/wp\/v2\/pages\/7"}],"wp:attachment":[{"href":"https:\/\/agora.xtec.cat\/esc-martamata-vendrell\/wp-json\/wp\/v2\/media?parent=9"}],"curies":[{"name":"wp","href":"https:\/\/api.w.org\/{rel}","templated":true}]}}