{"id":84,"date":"2014-09-18T14:11:31","date_gmt":"2014-09-18T13:11:31","guid":{"rendered":"http:\/\/agora.xtec.cat\/esc-martamata-vendrell\/?page_id=84"},"modified":"2025-10-20T16:08:24","modified_gmt":"2025-10-20T14:08:24","slug":"activitats-extraescolars","status":"publish","type":"page","link":"https:\/\/agora.xtec.cat\/esc-martamata-vendrell\/serveis\/activitats-extraescolars\/","title":{"rendered":"Activitats extraescolars"},"content":{"rendered":"<p><span style=\"font-weight: 400;\">Les activitats extraescolars s\u00f3n gestionades per les seg\u00fcents entitats, en la franja de 16:30h a 18h:<\/span><\/p>\n<ul>\n<li><span style=\"font-weight: 400;\"><strong>Pla Educatiu d\u2019Entorn<\/strong> (a trav\u00e9s de La Ballaruga)<\/span><\/li>\n<\/ul>\n<ol>\n<li style=\"font-weight: 400;\" aria-level=\"1\"><span style=\"font-weight: 400;\">Servei de corda (canguratge).<\/span><\/li>\n<li style=\"font-weight: 400;\" aria-level=\"1\"><span style=\"font-weight: 400;\">Classes d\u2019angl\u00e8s (a l\u2019escola).<\/span><\/li>\n<li style=\"font-weight: 400;\" aria-level=\"1\"><span style=\"font-weight: 400;\">LECXIT (compta amb la col.laboraci\u00f3 de voluntaris de la Fundaci\u00f3 Bofill per refor\u00e7ar la compet\u00e8ncia lectora dels alumnes).<\/span><\/li>\n<li style=\"font-weight: 400;\" aria-level=\"1\"><span style=\"font-weight: 400;\">Aula oberta (per refor\u00e7ar els aprenentatges escolars).<\/span><\/li>\n<\/ol>\n<ul>\n<li><span style=\"font-weight: 400;\"><strong>Consell Esportiu del Baix Pened\u00e8s<\/strong><\/span><\/li>\n<\/ul>\n<ol>\n<li style=\"font-weight: 400;\" aria-level=\"1\"><span style=\"font-weight: 400;\">Multiesport (dilluns i dimecres de 16:30h a 18h).<\/span><\/li>\n<li style=\"font-weight: 400;\" aria-level=\"1\"><span style=\"font-weight: 400;\">Jocs d\u2019escola (dilluns i dimecres de 16:30 a 18:00 h)<\/span><\/li>\n<li style=\"font-weight: 400;\" aria-level=\"1\"><span style=\"font-weight: 400;\">Psicomotricitat (dilluns i dimecres de 16:30 a 18:00 h).<\/span><\/li>\n<li style=\"font-weight: 400;\" aria-level=\"1\"><b>Programa Escoles Esportives: <\/b><span style=\"font-weight: 400;\">(monitors\/es venen a buscar els\/les alumnes a l\u2019escola i els acompanyen als diversos pavellons),<\/span><\/li>\n<li style=\"font-weight: 400;\" aria-level=\"1\"><span style=\"font-weight: 400;\">Handbol<\/span><\/li>\n<li style=\"font-weight: 400;\" aria-level=\"1\"><span style=\"font-weight: 400;\">B\u00e0squet (monitors de l\u2019Escola de B\u00e0squet recullen els alumnes i els traslladen al pavell\u00f3).<\/span><\/li>\n<\/ol>\n","protected":false},"excerpt":{"rendered":"<p>Les activitats extraescolars s\u00f3n gestionades per les seg\u00fcents entitats, en la franja de 16:30h a 18h:<\/p>\n<ul>\n<li>Pla Educatiu d\u2019Entorn (a trav\u00e9s de La Ballaruga)<\/li>\n<\/ul>\n<ol>\n<li style=\"font-weight: 400;\" aria-level=\"1\">Servei de corda (canguratge).<\/li>\n<li style=\"font-weight: 400;\" aria-level=\"1\">Classes d\u2019angl\u00e8s (a l\u2019escola).<\/li>\n<li style=\"font-weight: 400;\" aria-level=\"1\">LECXIT (compta amb la col.laboraci\u00f3 de voluntaris de&hellip;  <a href=\"https:\/\/agora.xtec.cat\/esc-martamata-vendrell\/serveis\/activitats-extraescolars\/\" title=\"Read Activitats extraescolars\">Llegeix m\u00e9s\u00bb<\/a><br \/>\n","protected":false},"author":1,"featured_media":0,"parent":66,"menu_order":60,"comment_status":"closed","ping_status":"closed","template":"page-templates\/side-menu.php","meta":{"_bbp_topic_count":0,"_bbp_reply_count":0,"_bbp_total_topic_count":0,"_bbp_total_reply_count":0,"_bbp_voice_count":0,"_bbp_anonymous_reply_count":0,"_bbp_topic_count_hidden":0,"_bbp_reply_count_hidden":0,"_bbp_forum_subforum_count":0,"footnotes":""},"class_list":["post-84","page","type-page","status-publish","hentry"],"post_mailing_queue_ids":[],"_links":{"self":[{"href":"https:\/\/agora.xtec.cat\/esc-martamata-vendrell\/wp-json\/wp\/v2\/pages\/84","targetHints":{"allow":["GET"]}}],"collection":[{"href":"https:\/\/agora.xtec.cat\/esc-martamata-vendrell\/wp-json\/wp\/v2\/pages"}],"about":[{"href":"https:\/\/agora.xtec.cat\/esc-martamata-vendrell\/wp-json\/wp\/v2\/types\/page"}],"author":[{"embeddable":true,"href":"https:\/\/agora.xtec.cat\/esc-martamata-vendrell\/wp-json\/wp\/v2\/users\/1"}],"replies":[{"embeddable":true,"href":"https:\/\/agora.xtec.cat\/esc-martamata-vendrell\/wp-json\/wp\/v2\/comments?post=84"}],"version-history":[{"count":6,"href":"https:\/\/agora.xtec.cat\/esc-martamata-vendrell\/wp-json\/wp\/v2\/pages\/84\/revisions"}],"predecessor-version":[{"id":13887,"href":"https:\/\/agora.xtec.cat\/esc-martamata-vendrell\/wp-json\/wp\/v2\/pages\/84\/revisions\/13887"}],"up":[{"embeddable":true,"href":"https:\/\/agora.xtec.cat\/esc-martamata-vendrell\/wp-json\/wp\/v2\/pages\/66"}],"wp:attachment":[{"href":"https:\/\/agora.xtec.cat\/esc-martamata-vendrell\/wp-json\/wp\/v2\/media?parent=84"}],"curies":[{"name":"wp","href":"https:\/\/api.w.org\/{rel}","templated":true}]}}