{"id":80,"date":"2014-09-18T14:09:48","date_gmt":"2014-09-18T13:09:48","guid":{"rendered":"http:\/\/agora.xtec.cat\/esc-martamata-vendrell\/?page_id=80"},"modified":"2016-04-16T20:53:15","modified_gmt":"2016-04-16T19:53:15","slug":"transport-escolar","status":"publish","type":"page","link":"https:\/\/agora.xtec.cat\/esc-martamata-vendrell\/serveis\/transport-escolar\/","title":{"rendered":"Transport Escolar"},"content":{"rendered":"<p>L&#8217;escola est\u00e0 ubicada a la zona escolar. L&#8217;Ajuntament del Vendrell ofereix el servei de transport escolar a tots els alumnes que cursin els estudis al municipi. Si voleu utilitzar aquest servei, us heu d&#8217;adre\u00e7ar al Consell Comarcal.<\/p>\n<p><img loading=\"lazy\" decoding=\"async\" class=\"aligncenter size-full wp-image-966\" src=\"http:\/\/agora.xtec.cat\/esc-martamata-vendrell\/wp-content\/uploads\/usu877\/2014\/09\/tec.jpg\" alt=\"tec\" width=\"500\" height=\"375\" srcset=\"https:\/\/agora.xtec.cat\/esc-martamata-vendrell\/wp-content\/uploads\/usu877\/2014\/09\/tec.jpg 500w, https:\/\/agora.xtec.cat\/esc-martamata-vendrell\/wp-content\/uploads\/usu877\/2014\/09\/tec-300x225.jpg 300w, https:\/\/agora.xtec.cat\/esc-martamata-vendrell\/wp-content\/uploads\/usu877\/2014\/09\/tec-200x150.jpg 200w\" sizes=\"auto, (max-width: 500px) 100vw, 500px\" \/><\/p>\n<p>&nbsp;<\/p>\n<p><strong>Per a m\u00e9s informaci\u00f3<\/strong>, us podeu adre\u00e7ar a:<\/p>\n<p style=\"padding-left: 30px;\">&#8211; Pl. Pep Jai, 2. 43700 El Vendrell<\/p>\n<p style=\"padding-left: 30px;\">&#8211; Tel\u00e8fon 977 66 45 50<\/p>\n<p>(obert de dilluns a divendres, de 10 a 13h)<\/p>\n<p>Tamb\u00e9 poder enviar un correu electr\u00f2nic a la seg\u00fcent adre\u00e7a: <a href=\"mailto:educa@baixpenedes.cat\">educa@baixpenedes.cat<\/a><\/p>\n<p>&nbsp;<\/p>\n","protected":false},"excerpt":{"rendered":"<p>L&#8217;escola est\u00e0 ubicada a la zona escolar. L&#8217;Ajuntament del Vendrell ofereix el servei de transport escolar a tots els alumnes que cursin els estudis al municipi. Si voleu utilitzar aquest servei, us heu d&#8217;adre\u00e7ar al Consell Comarcal.<\/p>\n<p>&nbsp;<br \/>\nPer a m\u00e9s informaci\u00f3, us podeu adre\u00e7ar a:<br \/>\n&#8211; Pl.&hellip;  <a href=\"https:\/\/agora.xtec.cat\/esc-martamata-vendrell\/serveis\/transport-escolar\/\" title=\"Read Transport Escolar\">Llegeix m\u00e9s\u00bb<\/a><\/p>\n","protected":false},"author":1,"featured_media":0,"parent":66,"menu_order":40,"comment_status":"closed","ping_status":"closed","template":"page-templates\/side-menu.php","meta":{"_bbp_topic_count":0,"_bbp_reply_count":0,"_bbp_total_topic_count":0,"_bbp_total_reply_count":0,"_bbp_voice_count":0,"_bbp_anonymous_reply_count":0,"_bbp_topic_count_hidden":0,"_bbp_reply_count_hidden":0,"_bbp_forum_subforum_count":0,"footnotes":""},"class_list":["post-80","page","type-page","status-publish","hentry"],"post_mailing_queue_ids":[],"_links":{"self":[{"href":"https:\/\/agora.xtec.cat\/esc-martamata-vendrell\/wp-json\/wp\/v2\/pages\/80","targetHints":{"allow":["GET"]}}],"collection":[{"href":"https:\/\/agora.xtec.cat\/esc-martamata-vendrell\/wp-json\/wp\/v2\/pages"}],"about":[{"href":"https:\/\/agora.xtec.cat\/esc-martamata-vendrell\/wp-json\/wp\/v2\/types\/page"}],"author":[{"embeddable":true,"href":"https:\/\/agora.xtec.cat\/esc-martamata-vendrell\/wp-json\/wp\/v2\/users\/1"}],"replies":[{"embeddable":true,"href":"https:\/\/agora.xtec.cat\/esc-martamata-vendrell\/wp-json\/wp\/v2\/comments?post=80"}],"version-history":[{"count":4,"href":"https:\/\/agora.xtec.cat\/esc-martamata-vendrell\/wp-json\/wp\/v2\/pages\/80\/revisions"}],"predecessor-version":[{"id":967,"href":"https:\/\/agora.xtec.cat\/esc-martamata-vendrell\/wp-json\/wp\/v2\/pages\/80\/revisions\/967"}],"up":[{"embeddable":true,"href":"https:\/\/agora.xtec.cat\/esc-martamata-vendrell\/wp-json\/wp\/v2\/pages\/66"}],"wp:attachment":[{"href":"https:\/\/agora.xtec.cat\/esc-martamata-vendrell\/wp-json\/wp\/v2\/media?parent=80"}],"curies":[{"name":"wp","href":"https:\/\/api.w.org\/{rel}","templated":true}]}}