{"id":462,"date":"2016-03-23T16:14:22","date_gmt":"2016-03-23T15:14:22","guid":{"rendered":"http:\/\/agora.xtec.cat\/esc-martamata-vendrell\/?page_id=462"},"modified":"2024-02-19T10:37:35","modified_gmt":"2024-02-19T09:37:35","slug":"material-escolar","status":"publish","type":"page","link":"https:\/\/agora.xtec.cat\/esc-martamata-vendrell\/documents\/material-escolar\/","title":{"rendered":"Material escolar"},"content":{"rendered":"<p style=\"text-align: justify;\">En aquest espai podeu descarregar-vos els llistats de llibres i de material que demanem per a cada nivell d&#8217;educaci\u00f3 infantil i d&#8217;educaci\u00f3 prim\u00e0ria:<\/p>\n<ul>\n<li><strong>Materials i quotes del curs 2023- 2024:<\/strong><\/li>\n<\/ul>\n<table style=\"border-collapse: collapse; width: 59.9166%;\">\n<tbody>\n<tr>\n<td style=\"width: 15.3514%; text-align: center;\"><strong>ED. INFANTIL\u00a0<\/strong><\/td>\n<td style=\"width: 16.3043%; text-align: center;\"><strong>CICLE INICIAL<\/strong><\/td>\n<td style=\"width: 15.1132%; text-align: center;\"><strong>CICLE MITJ\u00c0<\/strong><\/td>\n<td style=\"width: 13.1477%; text-align: center;\"><strong>CICLE SUPERIOR<\/strong><\/td>\n<\/tr>\n<tr>\n<td style=\"width: 15.3514%; text-align: center;\"><a href=\"https:\/\/drive.google.com\/file\/d\/1fa7SbuMfdRI1jwBVoTszz6fcl8gVq-eY\/view?usp=drive_link\">&#8211; I3<\/a><\/p>\n<p><a href=\"https:\/\/drive.google.com\/file\/d\/1agoJjKwq6QTOmvv9CArVWpdiQYa4dLWL\/view?usp=drive_link\">&#8211; I4<\/a><\/p>\n<p><a href=\"https:\/\/drive.google.com\/file\/d\/1rubkgIJA3p4it0-TxUVhzm1Ux0rS6tGK\/view?usp=drive_link\">&#8211; I5<\/a><\/td>\n<td style=\"width: 16.3043%; text-align: center;\"><a href=\"https:\/\/drive.google.com\/file\/d\/10PioBTd03FYYUfyAlAorpPkwVGSeH6eB\/view?usp=drive_link\">&#8211; 1r<\/a><\/p>\n<p><a href=\"https:\/\/drive.google.com\/file\/d\/1KiCHf-ANhXiT-C6hUc4vgaze6qa5dsSd\/view?usp=drive_link\">&#8211; 2n<\/a><\/td>\n<td style=\"width: 15.1132%; text-align: center;\"><a href=\"https:\/\/drive.google.com\/file\/d\/1GxCs3ddQmxGKQ7bIu3EeYTSI9wtErz6B\/view?usp=drive_link\">&#8211; 3r<\/a><\/p>\n<p><a href=\"https:\/\/drive.google.com\/file\/d\/1bpIbmhWP9lbYNvcRTEds0FTh0qeVDSO8\/view?usp=drive_link\">&#8211; 4t<\/a><\/td>\n<td style=\"width: 13.1477%; text-align: center;\"><a href=\"https:\/\/drive.google.com\/file\/d\/1lKsvt1JSfZ8wKeiO-DCAYGKHbFM-BQj1\/view?usp=drive_link\">&#8211; 5\u00e8<\/a><\/p>\n<p><a href=\"https:\/\/drive.google.com\/file\/d\/1qDb6NT4acOGqRnplx6L7HdWhKrpaR_so\/view?usp=drive_link\">&#8211; 6\u00e8<\/a><\/td>\n<\/tr>\n<\/tbody>\n<\/table>\n<p>&nbsp;<\/p>\n<p>&nbsp;<\/p>\n<p>&nbsp;<\/p>\n<p>&nbsp;<\/p>\n<p style=\"text-align: justify;\">\n","protected":false},"excerpt":{"rendered":"<p>En aquest espai podeu descarregar-vos els llistats de llibres i de material que demanem per a cada nivell d&#8217;educaci\u00f3 infantil i d&#8217;educaci\u00f3 prim\u00e0ria:<\/p>\n<ul>\n<li>Materials i quotes del curs 2023- 2024:<\/li>\n<\/ul>\n<p>ED. INFANTIL\u00a0<br \/>\nCICLE INICIAL<br \/>\nCICLE MITJ\u00c0<br \/>\nCICLE SUPERIOR<\/p>\n<p><a href=\"https:\/\/drive.google.com\/file\/d\/1fa7SbuMfdRI1jwBVoTszz6fcl8gVq-eY\/view?usp=drive_link\">&#8211; I3<\/a><br \/>\n<a href=\"https:\/\/drive.google.com\/file\/d\/1agoJjKwq6QTOmvv9CArVWpdiQYa4dLWL\/view?usp=drive_link\">&#8211; I4<\/a><br \/>\n<a href=\"https:\/\/drive.google.com\/file\/d\/1rubkgIJA3p4it0-TxUVhzm1Ux0rS6tGK\/view?usp=drive_link\">&#8211; I5<\/a><br \/>\n<a href=\"https:\/\/drive.google.com\/file\/d\/10PioBTd03FYYUfyAlAorpPkwVGSeH6eB\/view?usp=drive_link\">&#8211; 1r<\/a><br \/>\n<a href=\"https:\/\/drive.google.com\/file\/d\/1KiCHf-ANhXiT-C6hUc4vgaze6qa5dsSd\/view?usp=drive_link\">&#8211; 2n<\/a><br \/>\n<a href=\"https:\/\/drive.google.com\/file\/d\/1GxCs3ddQmxGKQ7bIu3EeYTSI9wtErz6B\/view?usp=drive_link\">&#8211; 3r<\/a><br \/>\n<a&hellip;  <a href=\"https:\/\/agora.xtec.cat\/esc-martamata-vendrell\/documents\/material-escolar\/\" title=\"Read Material escolar\">Llegeix m\u00e9s\u00bb<\/a><\/p>\n","protected":false},"author":9,"featured_media":0,"parent":460,"menu_order":0,"comment_status":"closed","ping_status":"closed","template":"","meta":{"_bbp_topic_count":0,"_bbp_reply_count":0,"_bbp_total_topic_count":0,"_bbp_total_reply_count":0,"_bbp_voice_count":0,"_bbp_anonymous_reply_count":0,"_bbp_topic_count_hidden":0,"_bbp_reply_count_hidden":0,"_bbp_forum_subforum_count":0,"footnotes":""},"class_list":["post-462","page","type-page","status-publish","hentry"],"post_mailing_queue_ids":[],"_links":{"self":[{"href":"https:\/\/agora.xtec.cat\/esc-martamata-vendrell\/wp-json\/wp\/v2\/pages\/462","targetHints":{"allow":["GET"]}}],"collection":[{"href":"https:\/\/agora.xtec.cat\/esc-martamata-vendrell\/wp-json\/wp\/v2\/pages"}],"about":[{"href":"https:\/\/agora.xtec.cat\/esc-martamata-vendrell\/wp-json\/wp\/v2\/types\/page"}],"author":[{"embeddable":true,"href":"https:\/\/agora.xtec.cat\/esc-martamata-vendrell\/wp-json\/wp\/v2\/users\/9"}],"replies":[{"embeddable":true,"href":"https:\/\/agora.xtec.cat\/esc-martamata-vendrell\/wp-json\/wp\/v2\/comments?post=462"}],"version-history":[{"count":5,"href":"https:\/\/agora.xtec.cat\/esc-martamata-vendrell\/wp-json\/wp\/v2\/pages\/462\/revisions"}],"predecessor-version":[{"id":13411,"href":"https:\/\/agora.xtec.cat\/esc-martamata-vendrell\/wp-json\/wp\/v2\/pages\/462\/revisions\/13411"}],"up":[{"embeddable":true,"href":"https:\/\/agora.xtec.cat\/esc-martamata-vendrell\/wp-json\/wp\/v2\/pages\/460"}],"wp:attachment":[{"href":"https:\/\/agora.xtec.cat\/esc-martamata-vendrell\/wp-json\/wp\/v2\/media?parent=462"}],"curies":[{"name":"wp","href":"https:\/\/api.w.org\/{rel}","templated":true}]}}