{"id":450,"date":"2016-03-22T16:05:46","date_gmt":"2016-03-22T15:05:46","guid":{"rendered":"http:\/\/agora.xtec.cat\/esc-martamata-vendrell\/?page_id=450"},"modified":"2024-02-19T11:31:38","modified_gmt":"2024-02-19T10:31:38","slug":"secretaria","status":"publish","type":"page","link":"https:\/\/agora.xtec.cat\/esc-martamata-vendrell\/serveis\/secretaria\/","title":{"rendered":"Secretaria"},"content":{"rendered":"<h2><strong>PAGAMENTS<\/strong><\/h2>\n<p style=\"text-align: justify;\">Si heu de realitzar un <strong>pagament<\/strong>, en el cas que no pugueu fer-lo a trav\u00e9s del Dinantia, haureu de passar per la secretaria de l&#8217;escola.<\/p>\n<h2><strong>SOL\u00b7LICITUD DE CERTIFICATS I DOCUMENTACI\u00d3 A L\u2019ESCOLA<\/strong><\/h2>\n<p style=\"text-align: justify;\">* Podeu fer la vostra sol.licitud a la Secretaria del centre o descarregar-la des de la Secretaria Virtual. Cal que entregueu l\u2019impr\u00e8s degudament emplenat i signat a la Secretaria de l\u2019escola. Un cop tramitada, es far\u00e0 retorn del document sol.licitat a trav\u00e9s de l\u2019agenda de l\u2019alumne\/a.<\/p>\n<h2><strong>AUTORITZACIONS DE MEDICAMENTS<\/strong><\/h2>\n<p style=\"text-align: justify;\">* Si necessiteu administrar un medicament al vostre fill\/a durant l&#8217;horari escolar, cal que empleneu l&#8217;autoritzaci\u00f3 i adjunteu la prescripci\u00f3 m\u00e8dica corresponent especificant. Podeu demanar aquest document a la Secretaria del centre o descarregar-lo des de la Secretaria Virtual. Cal que entregueu la prescripci\u00f3 m\u00e8dica i l&#8217;impr\u00e8s degudament emplenat i signat al tutor\/a de l&#8217;alumne, juntament amb el medicament a administrar.<\/p>\n<h2><strong>JUSTIFICANT DE FALTES D&#8217;ASSIST\u00c8NCIA<\/strong><\/h2>\n<p style=\"text-align: justify;\">* Cal justificar les faltes d&#8217;assist\u00e8ncia a trav\u00e9s del document que us facilitar\u00e0 el\/la tutot\/a de l&#8217;alumne. Tamb\u00e9 el podeu descarregar des de la Secretaria Virtual. \u00c9s necessari adjuntar el document de visita al metge o qualsevol altre document que justifiqui la falta.<\/p>\n<h2><strong>AUTORITZACI\u00d3 PER A L&#8217;ADMINISTRACI\u00d3 DE PARACETAMOL<\/strong><\/h2>\n<ul>\n<li>En cas de presentar febre superior a 38\u00baC de temperatura corporal mentre s\u2019espera l\u2019arribada d\u2019algun familiar que el pugui portar a casa, es demana l&#8217;autoritzaci\u00f3 del pare\/mare o tutor\/a legal de l&#8217;alumne\/a.<\/li>\n<\/ul>\n","protected":false},"excerpt":{"rendered":"<p>PAGAMENTS<br \/>\nSi heu de realitzar un pagament, en el cas que no pugueu fer-lo a trav\u00e9s del Dinantia, haureu de passar per la secretaria de l&#8217;escola.<br \/>\nSOL\u00b7LICITUD DE CERTIFICATS I DOCUMENTACI\u00d3 A L\u2019ESCOLA<br \/>\n* Podeu fer la vostra sol.licitud a la Secretaria del centre o descarregar-la des de&hellip;  <a href=\"https:\/\/agora.xtec.cat\/esc-martamata-vendrell\/serveis\/secretaria\/\" title=\"Read Secretaria\">Llegeix m\u00e9s\u00bb<\/a><\/p>\n","protected":false},"author":9,"featured_media":0,"parent":66,"menu_order":0,"comment_status":"closed","ping_status":"closed","template":"","meta":{"_bbp_topic_count":0,"_bbp_reply_count":0,"_bbp_total_topic_count":0,"_bbp_total_reply_count":0,"_bbp_voice_count":0,"_bbp_anonymous_reply_count":0,"_bbp_topic_count_hidden":0,"_bbp_reply_count_hidden":0,"_bbp_forum_subforum_count":0,"footnotes":""},"class_list":["post-450","page","type-page","status-publish","hentry"],"post_mailing_queue_ids":[],"_links":{"self":[{"href":"https:\/\/agora.xtec.cat\/esc-martamata-vendrell\/wp-json\/wp\/v2\/pages\/450","targetHints":{"allow":["GET"]}}],"collection":[{"href":"https:\/\/agora.xtec.cat\/esc-martamata-vendrell\/wp-json\/wp\/v2\/pages"}],"about":[{"href":"https:\/\/agora.xtec.cat\/esc-martamata-vendrell\/wp-json\/wp\/v2\/types\/page"}],"author":[{"embeddable":true,"href":"https:\/\/agora.xtec.cat\/esc-martamata-vendrell\/wp-json\/wp\/v2\/users\/9"}],"replies":[{"embeddable":true,"href":"https:\/\/agora.xtec.cat\/esc-martamata-vendrell\/wp-json\/wp\/v2\/comments?post=450"}],"version-history":[{"count":4,"href":"https:\/\/agora.xtec.cat\/esc-martamata-vendrell\/wp-json\/wp\/v2\/pages\/450\/revisions"}],"predecessor-version":[{"id":13414,"href":"https:\/\/agora.xtec.cat\/esc-martamata-vendrell\/wp-json\/wp\/v2\/pages\/450\/revisions\/13414"}],"up":[{"embeddable":true,"href":"https:\/\/agora.xtec.cat\/esc-martamata-vendrell\/wp-json\/wp\/v2\/pages\/66"}],"wp:attachment":[{"href":"https:\/\/agora.xtec.cat\/esc-martamata-vendrell\/wp-json\/wp\/v2\/media?parent=450"}],"curies":[{"name":"wp","href":"https:\/\/api.w.org\/{rel}","templated":true}]}}