{"id":426,"date":"2016-03-22T15:08:32","date_gmt":"2016-03-22T14:08:32","guid":{"rendered":"http:\/\/agora.xtec.cat\/esc-martamata-vendrell\/?page_id=426"},"modified":"2022-05-09T14:30:45","modified_gmt":"2022-05-09T12:30:45","slug":"cantania","status":"publish","type":"page","link":"https:\/\/agora.xtec.cat\/esc-martamata-vendrell\/projecte-educatiu\/cantania\/","title":{"rendered":"Cant\u00e0nia"},"content":{"rendered":"<p>&nbsp;<\/p>\n<p>El projecte de Cant\u00e0nia t\u00e9 lloc\u00a0cada any al Teatre \u00c0ngel Guimer\u00e0 del Vendrell i compta amb la participaci\u00f3 de centenars de cantaires d&#8217;escoles del Baix Pened\u00e8s que durant mesos preparen una gran cantata conjunta.<\/p>\n\r\n\t<div class=\"slideshow_container slideshow_container_style-light\" style=\"height: 300px; \" data-slideshow-id=\"980\" data-style-name=\"style-light\" data-style-version=\"2.3.1\" >\r\n\r\n\t\t\t\t\t<div class=\"slideshow_loading_icon\"><\/div>\r\n\t\t\r\n\t\t<div class=\"slideshow_content\" style=\"display: none;\">\r\n\r\n\t\t\t<div class=\"slideshow_view\">\r\n\t\t\t\t<div class=\"slideshow_slide slideshow_slide_image\">\r\n\t\t\t\t\t\t\t\t\t\t\t<img src=\"https:\/\/agora.xtec.cat\/esc-martamata-vendrell\/wp-content\/uploads\/usu877\/2016\/04\/140429-cantania_mati.jpg\" alt=\"140429-cantania_mati\" width=\"580\" height=\"326\" \/>\r\n\t\t\t\t\t\t\t\t\t\t<div class=\"slideshow_description_box slideshow_transparent\">\r\n\t\t\t\t\t\t<div class=\"slideshow_title\">140429-cantania_mati<\/div>\t\t\t\t\t\t\t\t\t\t\t<\/div>\r\n\t\t\t\t<\/div>\r\n\r\n\t\t\t\t\t\t<div style=\"clear: both;\"><\/div><\/div><div class=\"slideshow_view\">\r\n\t<div class=\"slideshow_slide slideshow_slide_text\" style=\"background-color: #FFFFFF;\">\r\n\t\t\t\t<h1 class=\"slideshow_title\" style=\"color: #3a0244;\">\r\n\t\t\t\t\t\t\tCant\u00e0nia \u00e9s un projecte del Servei Educatiu de L&#039;Auditori de Barcelona que consisteix en la preparaci\u00f3 i interpretaci\u00f3 d&#039;una cantata.\t\t\t\t\t<\/h1>\r\n\t\t\r\n\t\t\t\t<div class=\"slideshow_description\" style=\"color: #3a0244;\">\r\n\t\t\t\t\t\t\tCada curs, l&#039;Auditori estrena una nova cantata, per 9 instruments i cor, signada per prestigiosos m\u00fasics i lletristes catalans.\r\n\r\n\u00c9s una activitat amb diferents fases d\u2019actuaci\u00f3: sessions de formaci\u00f3 amb el professorat especialista de m\u00fasica, treball a l&#039;aula (durant aproximadament dos trimestres) i concerts finals interpretats per l\u2019alumnat participant de les diferents escoles.\t\t\t\t\t<\/div>\r\n\t\t\r\n\t\t<a  class=\"slideshow_background_anchor\"><\/a>\r\n\t<\/div>\r\n<div style=\"clear: both;\"><\/div><\/div><div class=\"slideshow_view\">\r\n\t\t\t\t<div class=\"slideshow_slide slideshow_slide_image\">\r\n\t\t\t\t\t\t\t\t\t\t\t<img src=\"https:\/\/agora.xtec.cat\/esc-martamata-vendrell\/wp-content\/uploads\/usu877\/2016\/04\/cantania.jpg\" alt=\"cantania\" width=\"1600\" height=\"899\" \/>\r\n\t\t\t\t\t\t\t\t\t\t<div class=\"slideshow_description_box slideshow_transparent\">\r\n\t\t\t\t\t\t<div class=\"slideshow_title\">cantania<\/div>\t\t\t\t\t\t\t\t\t\t\t<\/div>\r\n\t\t\t\t<\/div>\r\n\r\n\t\t\t\t\t\t<div style=\"clear: both;\"><\/div><\/div><div class=\"slideshow_view\">\r\n\t<div class=\"slideshow_slide slideshow_slide_text\" style=\"background-color: #FFFFFF;\">\r\n\t\t\t\t<h1 class=\"slideshow_title\" style=\"color: #3a0244;\">\r\n\t\t\t\t\t\t\tL&#039;activitat va adre\u00e7ada a alumnes de Cicle Mitj\u00e0 i Cicle Superior de Prim\u00e0ria.\t\t\t\t\t<\/h1>\r\n\t\t\r\n\t\t\t\t<div class=\"slideshow_description\" style=\"color: #3a0244;\">\r\n\t\t\t\t\t\t\tLa nostra escola va comen\u00e7ar a participar en aquest projecte el curs 2013-2014 amb els alumnes de 5\u00e8 de prim\u00e0ria. Des de llavors, \u00e9s una activitat que hem incl\u00f2s en la nostra programaci\u00f3 educativa, doncs creiem que \u00e9s una bona experi\u00e8ncia tant per al professorat de m\u00fasica com per l&#039;alumnat que hi participa, ja que tenen l&#039;oportunitat de participar en un tipus de concert que moltes vegades nom\u00e9s hi tenen acc\u00e8s els nens i nenes que van a escoles de m\u00fasica.\t\t\t\t\t<\/div>\r\n\t\t\r\n\t\t<a  class=\"slideshow_background_anchor\"><\/a>\r\n\t<\/div>\r\n<div style=\"clear: both;\"><\/div><\/div><div class=\"slideshow_view\">\r\n\t\t\t\t<div class=\"slideshow_slide slideshow_slide_image\">\r\n\t\t\t\t\t\t\t\t\t\t\t<img src=\"https:\/\/agora.xtec.cat\/esc-martamata-vendrell\/wp-content\/uploads\/usu877\/2016\/04\/150520-cantania_dimecres_mati.jpg\" alt=\"150520-cantania_dimecres_mati\" width=\"580\" height=\"326\" \/>\r\n\t\t\t\t\t\t\t\t\t\t<div class=\"slideshow_description_box slideshow_transparent\">\r\n\t\t\t\t\t\t<div class=\"slideshow_title\">150520-cantania_dimecres_mati<\/div>\t\t\t\t\t\t\t\t\t\t\t<\/div>\r\n\t\t\t\t<\/div>\r\n\r\n\t\t\t\t\t\t<div style=\"clear: both;\"><\/div><\/div><div class=\"slideshow_view\">\r\n\t<div class=\"slideshow_slide slideshow_slide_text\" style=\"background-color: #FFFFFF;\">\r\n\t\t\t\t<h1 class=\"slideshow_title\" style=\"color: #3a0244;\">\r\n\t\t\t\t\t\t\tEls objectius principals d&#039;aquest projecte s\u00f3n:\t\t\t\t\t<\/h1>\r\n\t\t\r\n\t\t\t\t<div class=\"slideshow_description\" style=\"color: #3a0244;\">\r\n\t\t\t\t\t\t\tParticipar en el proc\u00e8s d&#039;aprenentatge d&#039;una cantata;\r\nparticipar de forma conjunta alumnes de centres diferents, en la posada en escena de la cantata treballada, amb m\u00fasics professionals en directe; i viure una experi\u00e8ncia personal i professional, alumnat i professorat respectivament, a trav\u00e9s de la m\u00fasica.\t\t\t\t\t<\/div>\r\n\t\t\r\n\t\t<a  class=\"slideshow_background_anchor\"><\/a>\r\n\t<\/div>\r\n<div style=\"clear: both;\"><\/div><\/div>\r\n\t\t<\/div>\r\n\r\n\t\t<div class=\"slideshow_controlPanel slideshow_transparent\" style=\"display: none;\"><ul><li class=\"slideshow_togglePlay\" data-play-text=\"Visualitza\" data-pause-text=\"Pausa\"><\/li><\/ul><\/div>\r\n\r\n\t\t<div class=\"slideshow_button slideshow_previous slideshow_transparent\" role=\"button\" data-previous-text=\"Anterior\" style=\"display: none;\"><\/div>\r\n\t\t<div class=\"slideshow_button slideshow_next slideshow_transparent\" role=\"button\" data-next-text=\"Seg\u00fcent\" style=\"display: none;\"><\/div>\r\n\r\n\t\t<div class=\"slideshow_pagination\" style=\"display: none;\" data-go-to-text=\"V\u00e9s a la diapositiva\"><div class=\"slideshow_pagination_center\"><\/div><\/div>\r\n\r\n\t\t<!-- WordPress Slideshow Version 2.3.1 -->\r\n\r\n\t\t\t<\/div>\r\n\r\n\n<h1 align=\"center\"><span style=\"font-family: KG A Little Swag;\"><span style=\"font-size: 300%;\">(Cant\u00e0nia 2022)<\/span><\/span><\/h1>\n<h6 style=\"text-align: left;\" align=\"center\"><span style=\"font-family: Disco Society - Personal Use, monospace;\"><span style=\"font-size: 300%;\">Can\u00e7\u00f3 1: Un mat\u00ed lluent de sol<\/span><\/span><\/h6>\n<p><iframe loading=\"lazy\" title=\"II. Un mat\u00ed lluent de sol - Cor 3 i 4 - Cant\u00e0nia 2022 - Clara l&#039;art per dins\" width=\"500\" height=\"281\" src=\"https:\/\/www.youtube.com\/embed\/QTGfak3u3EE?feature=oembed\" frameborder=\"0\" allow=\"accelerometer; autoplay; clipboard-write; encrypted-media; gyroscope; picture-in-picture; web-share\" referrerpolicy=\"strict-origin-when-cross-origin\" allowfullscreen><\/iframe><\/p>\n<h6 style=\"text-align: left;\" align=\"center\"><span style=\"font-family: Disco Society - Personal Use, monospace;\"><span style=\"font-size: 300%;\">Can\u00e7\u00f3 7: Una estrella, dues, tres<\/span><\/span><\/h6>\n<p><iframe loading=\"lazy\" title=\"VII. Una estrella, dues, tres - Cor 3 i 4 - veu\/lletra\/moviments i explicaci\u00f3 - Cant\u00e0nia 2022\" width=\"500\" height=\"281\" src=\"https:\/\/www.youtube.com\/embed\/-tED4O3J-hk?feature=oembed\" frameborder=\"0\" allow=\"accelerometer; autoplay; clipboard-write; encrypted-media; gyroscope; picture-in-picture; web-share\" referrerpolicy=\"strict-origin-when-cross-origin\" allowfullscreen><\/iframe><\/p>\n<h6 style=\"text-align: left;\" align=\"center\"><span style=\"font-family: Disco Society - Personal Use, monospace;\"><span style=\"font-size: 300%;\">Can\u00e7\u00f3 9: Cavalls<\/span><\/span><\/h6>\n<p><iframe loading=\"lazy\" title=\"IX. Cavalls COR - 3 I 4 - veu i moviments - explicaci\u00f3 al final de cada pas - Cant\u00e0nia 2022\" width=\"500\" height=\"281\" src=\"https:\/\/www.youtube.com\/embed\/lC2EhGIa23Q?feature=oembed\" frameborder=\"0\" allow=\"accelerometer; autoplay; clipboard-write; encrypted-media; gyroscope; picture-in-picture; web-share\" referrerpolicy=\"strict-origin-when-cross-origin\" allowfullscreen><\/iframe><\/p>\n<p><iframe loading=\"lazy\" title=\"Cavalls cor 3 Cantada a tempo\" width=\"500\" height=\"281\" src=\"https:\/\/www.youtube.com\/embed\/2A0UOlHP_3I?feature=oembed\" frameborder=\"0\" allow=\"accelerometer; autoplay; clipboard-write; encrypted-media; gyroscope; picture-in-picture; web-share\" referrerpolicy=\"strict-origin-when-cross-origin\" allowfullscreen><\/iframe><\/p>\n<h6 style=\"text-align: left;\" align=\"center\"><span style=\"font-family: Disco Society - Personal Use, monospace;\"><span style=\"font-size: 300%;\">Can\u00e7\u00f3 10: pobre Vailet<\/span><\/span><\/h6>\n<p><iframe loading=\"lazy\" title=\"X. Pobre vailet - Cor 3 I 4 amb coreografia -  Cant\u00e0nia 2022 - Clara, l&#039;art per dins\" width=\"500\" height=\"281\" src=\"https:\/\/www.youtube.com\/embed\/hKcv9ZlK0II?feature=oembed\" frameborder=\"0\" allow=\"accelerometer; autoplay; clipboard-write; encrypted-media; gyroscope; picture-in-picture; web-share\" referrerpolicy=\"strict-origin-when-cross-origin\" allowfullscreen><\/iframe><\/p>\n<h6 style=\"text-align: left;\" align=\"center\"><span style=\"font-family: Disco Society - Personal Use, monospace;\"><span style=\"font-size: 300%;\">Can\u00e7\u00f3 11: No veus quin cap m\u00e9s antic?<\/span><\/span><\/h6>\n<p><iframe loading=\"lazy\" title=\"XI. No veus quin cap m\u00e9s antic COR 4 + Moviments i explicaci\u00f3 al final dels moviments- Cant\u00e0nia 2022\" width=\"500\" height=\"281\" src=\"https:\/\/www.youtube.com\/embed\/2LSSAGapBYg?feature=oembed\" frameborder=\"0\" allow=\"accelerometer; autoplay; clipboard-write; encrypted-media; gyroscope; picture-in-picture; web-share\" referrerpolicy=\"strict-origin-when-cross-origin\" allowfullscreen><\/iframe><\/p>\n<h6 style=\"text-align: left;\" align=\"center\"><span style=\"font-family: Disco Society - Personal Use, monospace;\"><span style=\"font-size: 300%;\">Can\u00e7\u00f3 12: El nen de l\u2019espina<\/span><\/span><\/h6>\n<p style=\"text-align: left;\" align=\"center\"><span style=\"font-family: Arial, sans-serif;\"><span style=\"font-size: medium;\">( La lletra bona \u00e9s la del llibret)<\/span><\/span><\/p>\n<p><iframe loading=\"lazy\" title=\"XII. El nen de l&#039;espina - Cant\u00e0nia 2022\" width=\"500\" height=\"281\" src=\"https:\/\/www.youtube.com\/embed\/ck_2tF5KJN4?feature=oembed\" frameborder=\"0\" allow=\"accelerometer; autoplay; clipboard-write; encrypted-media; gyroscope; picture-in-picture; web-share\" referrerpolicy=\"strict-origin-when-cross-origin\" allowfullscreen><\/iframe><\/p>\n<h6 style=\"text-align: left;\" align=\"center\"><span style=\"font-family: Disco Society - Personal Use, monospace;\"><span style=\"font-size: 300%;\">Can\u00e7\u00f3 13: \u00c9s una cova de pedra blavosa<\/span><\/span><\/h6>\n<p><iframe loading=\"lazy\" title=\"XIII. \u00c9s una cova de pedra blavosa - Cor 3 i 4 - m\u00fasica, moviments, explicaci\u00f3 final - Cant\u00e0nia 2022\" width=\"500\" height=\"281\" src=\"https:\/\/www.youtube.com\/embed\/C4azjkrPHWI?feature=oembed\" frameborder=\"0\" allow=\"accelerometer; autoplay; clipboard-write; encrypted-media; gyroscope; picture-in-picture; web-share\" referrerpolicy=\"strict-origin-when-cross-origin\" allowfullscreen><\/iframe><\/p>\n","protected":false},"excerpt":{"rendered":"<p>&nbsp;<br \/>\nEl projecte de Cant\u00e0nia t\u00e9 lloc\u00a0cada any al Teatre \u00c0ngel Guimer\u00e0 del Vendrell i compta amb la participaci\u00f3 de centenars de cantaires d&#8217;escoles del Baix Pened\u00e8s que durant mesos preparen una gran cantata conjunta.<\/p>\n<p>\t\t\t\t\t\t140429-cantania_mati\t\t\t\t\t\t\t\t\t\t\t<\/p>\n<p>\t\t\t\t\t\t\tCant\u00e0nia \u00e9s un projecte del Servei Educatiu de L&#039;Auditori de Barcelona que&hellip;  <a href=\"https:\/\/agora.xtec.cat\/esc-martamata-vendrell\/projecte-educatiu\/cantania\/\" title=\"Read Cant\u00e0nia\">Llegeix m\u00e9s\u00bb<\/a><\/p>\n","protected":false},"author":9,"featured_media":0,"parent":64,"menu_order":2,"comment_status":"closed","ping_status":"closed","template":"page-templates\/side-menu.php","meta":{"_bbp_topic_count":0,"_bbp_reply_count":0,"_bbp_total_topic_count":0,"_bbp_total_reply_count":0,"_bbp_voice_count":0,"_bbp_anonymous_reply_count":0,"_bbp_topic_count_hidden":0,"_bbp_reply_count_hidden":0,"_bbp_forum_subforum_count":0,"footnotes":""},"class_list":["post-426","page","type-page","status-publish","hentry"],"post_mailing_queue_ids":[],"_links":{"self":[{"href":"https:\/\/agora.xtec.cat\/esc-martamata-vendrell\/wp-json\/wp\/v2\/pages\/426","targetHints":{"allow":["GET"]}}],"collection":[{"href":"https:\/\/agora.xtec.cat\/esc-martamata-vendrell\/wp-json\/wp\/v2\/pages"}],"about":[{"href":"https:\/\/agora.xtec.cat\/esc-martamata-vendrell\/wp-json\/wp\/v2\/types\/page"}],"author":[{"embeddable":true,"href":"https:\/\/agora.xtec.cat\/esc-martamata-vendrell\/wp-json\/wp\/v2\/users\/9"}],"replies":[{"embeddable":true,"href":"https:\/\/agora.xtec.cat\/esc-martamata-vendrell\/wp-json\/wp\/v2\/comments?post=426"}],"version-history":[{"count":4,"href":"https:\/\/agora.xtec.cat\/esc-martamata-vendrell\/wp-json\/wp\/v2\/pages\/426\/revisions"}],"predecessor-version":[{"id":12371,"href":"https:\/\/agora.xtec.cat\/esc-martamata-vendrell\/wp-json\/wp\/v2\/pages\/426\/revisions\/12371"}],"up":[{"embeddable":true,"href":"https:\/\/agora.xtec.cat\/esc-martamata-vendrell\/wp-json\/wp\/v2\/pages\/64"}],"wp:attachment":[{"href":"https:\/\/agora.xtec.cat\/esc-martamata-vendrell\/wp-json\/wp\/v2\/media?parent=426"}],"curies":[{"name":"wp","href":"https:\/\/api.w.org\/{rel}","templated":true}]}}