{"id":424,"date":"2016-03-22T15:08:11","date_gmt":"2016-03-22T14:08:11","guid":{"rendered":"http:\/\/agora.xtec.cat\/esc-martamata-vendrell\/?page_id=424"},"modified":"2021-04-25T23:25:27","modified_gmt":"2021-04-25T21:25:27","slug":"certamen-de-lectura-en-veu-alta","status":"publish","type":"page","link":"https:\/\/agora.xtec.cat\/esc-martamata-vendrell\/projecte-educatiu\/certamen-de-lectura-en-veu-alta\/","title":{"rendered":"Certamen de Lectura en Veu Alta"},"content":{"rendered":"<p>Des del IX Certamen la Fundaci\u00f3 Enciclop\u00e8dia Catalana i el D<span style=\"color: #000000;\">epartament d\u2019Ensenyament de la Generalitat de Catalunya, en el marc del \u00a0Pla Nacional de Lectura (2012-2016),<\/span>\u00a0han arribat a un acord de col\u00b7laboraci\u00f3 per a l\u2019organitzaci\u00f3 del Certamen Nacional Infantil i Juvenil de Lectura en Veu Alta.\u00a0Aquest acord neix de l\u2019inter\u00e8s d\u2019ambdues entitats per la promoci\u00f3 de la lectura a les escoles de Catalunya.<\/p>\n<p>&nbsp;<\/p>\n<p><img loading=\"lazy\" decoding=\"async\" class=\"aligncenter wp-image-988\" src=\"http:\/\/agora.xtec.cat\/esc-martamata-vendrell\/wp-content\/uploads\/usu877\/2016\/03\/maxresdefault-1024x576.jpg\" alt=\"maxresdefault\" width=\"688\" height=\"387\" srcset=\"https:\/\/agora.xtec.cat\/esc-martamata-vendrell\/wp-content\/uploads\/usu877\/2016\/03\/maxresdefault-1024x576.jpg 1024w, https:\/\/agora.xtec.cat\/esc-martamata-vendrell\/wp-content\/uploads\/usu877\/2016\/03\/maxresdefault-300x169.jpg 300w, https:\/\/agora.xtec.cat\/esc-martamata-vendrell\/wp-content\/uploads\/usu877\/2016\/03\/maxresdefault.jpg 1280w\" sizes=\"auto, (max-width: 688px) 100vw, 688px\" \/><\/p>\n<p>&nbsp;<\/p>\n<p>El certamen est\u00e0 organitzat en dos grans grups d\u2019acord amb les dues etapes d\u2019escolaritat obligat\u00f2ria: l\u2019educaci\u00f3 prim\u00e0ria i l\u2019educaci\u00f3 secund\u00e0ria obligat\u00f2ria.\u00a0Cada centre escolar pot participar en el Certamen amb un alumne per categoria per a les categories individuals i un grup de tres alumnes per a la Tropa de Corsaris.<\/p>\n<p>La nostra escola hi participa des del curs 2012-2013 en\u00a0les categories de Grumets Vermells (un lector d&#8217;entre 8 i 10 anys) i Grumets Verds (un lector d&#8217;entre 10 i 12 anys).<\/p>\n<p>El proc\u00e8s de preselecci\u00f3 dels candidats comen\u00e7a a les respectives aules, on cadascun dels alumnes s&#8217;ha de preparar una lectura per a llegir davant dels seus companys. Els alumnes segueixen una s\u00e8rie de criteris per tal d&#8217;avaluar la qualitat de les lectures i, juntament amb el tutor, trien els dos nens\/es que millor ho han fet de cada classe.<\/p>\n<p>Com que nom\u00e9s hi pot haver un participant de cada categoria; d&#8217;entre tots els alumnes triats per classe\u00a0es fa una selecci\u00f3 a nivell de cicle. Es demana als alumnes que es preparin un fragment d&#8217;un llibre que hauran de\u00a0llegir en p\u00fablic davant d&#8217;un jurat format per mestres. Nom\u00e9s es pot triar un candidat per a cada categoria.<\/p>\n<p>Els <strong>criteris<\/strong> que es valoren a l&#8217;hora de triar els participants s\u00f3n els seg\u00fcents:<\/p>\n<p style=\"padding-left: 30px;\">&#8211; Tenir una bona dicci\u00f3: vocalitzaci\u00f3 i pron\u00fancia<\/p>\n<p style=\"padding-left: 30px;\">&#8211; Fer una bona interpretaci\u00f3: expressivitat, entonaci\u00f3 i postura corporal<\/p>\n<p style=\"padding-left: 30px;\">&#8211; Llegir amb el ritme adequat: respectar la puntuaci\u00f3, velocitat i fluidesa<\/p>\n<p>Si voleu informaci\u00f3 m\u00e9s detallada sobre les bases i les instruccions del Certamen, cliqueu <a href=\"http:\/\/www.lecturaenveualta.cat\/\">aqu\u00ed<\/a>.<\/p>\n<h5><span style=\"color: #000000;\"><strong>Edicions en les que la nostra escola ha participat<\/strong>:<\/span><\/h5>\n<p>&#8211; Curs 2012 &#8211; 2013: IX Certamen de Lectura en Veu Alta<\/p>\n<p>&#8211; Curs 2013 &#8211; 2014: X Certamen de Lectura en Veu Alta<\/p>\n<p>&#8211; Curs 2014 &#8211; 2015: XI Certamen de Lectura en Veu Alta<\/p>\n<p>&#8211; Curs 2015 &#8211; 2016: <a href=\"http:\/\/agora.xtec.cat\/esc-martamata-vendrell\/?p=1249\">XII Certamen de Lectura en Veu Alta<\/a><\/p>\n<p>&#8211; Curs 2016 &#8211; 2017: <a href=\"http:\/\/agora.xtec.cat\/esc-martamata-vendrell\/general\/xiii-semifinal-del-certamen-de-lectura-en-veu-alta\/\">XIII Certamen de Lectura en Veu Alta<\/a><\/p>\n<p>&#8211; Curs 2017 &#8211; 2018:<a href=\"http:\/\/agora.xtec.cat\/esc-martamata-vendrell\/categoria\/xiv-certamen-lectura-en-veu-alta\/\"> XIV Certamen de Lectura en Veu Alta<\/a><\/p>\n<p>&#8211; Curs 2020 &#8211; 2021: <a href=\"https:\/\/agora.xtec.cat\/esc-martamata-vendrell\/general\/portada\/xvii-certamen-de-lectura-en-veu-alta\/\">XVII Certamen de Lectura en Veu Alta<\/a><\/p>\n","protected":false},"excerpt":{"rendered":"<p>Des del IX Certamen la Fundaci\u00f3 Enciclop\u00e8dia Catalana i el Departament d\u2019Ensenyament de la Generalitat de Catalunya, en el marc del \u00a0Pla Nacional de Lectura (2012-2016),\u00a0han arribat a un acord de col\u00b7laboraci\u00f3 per a l\u2019organitzaci\u00f3 del Certamen Nacional Infantil i Juvenil de Lectura en Veu&hellip;  <a href=\"https:\/\/agora.xtec.cat\/esc-martamata-vendrell\/projecte-educatiu\/certamen-de-lectura-en-veu-alta\/\" title=\"Read Certamen de Lectura en Veu Alta\">Llegeix m\u00e9s\u00bb<\/a><\/p>\n","protected":false},"author":9,"featured_media":0,"parent":64,"menu_order":3,"comment_status":"closed","ping_status":"closed","template":"page-templates\/side-menu.php","meta":{"_bbp_topic_count":0,"_bbp_reply_count":0,"_bbp_total_topic_count":0,"_bbp_total_reply_count":0,"_bbp_voice_count":0,"_bbp_anonymous_reply_count":0,"_bbp_topic_count_hidden":0,"_bbp_reply_count_hidden":0,"_bbp_forum_subforum_count":0,"footnotes":""},"class_list":["post-424","page","type-page","status-publish","hentry"],"post_mailing_queue_ids":[],"_links":{"self":[{"href":"https:\/\/agora.xtec.cat\/esc-martamata-vendrell\/wp-json\/wp\/v2\/pages\/424","targetHints":{"allow":["GET"]}}],"collection":[{"href":"https:\/\/agora.xtec.cat\/esc-martamata-vendrell\/wp-json\/wp\/v2\/pages"}],"about":[{"href":"https:\/\/agora.xtec.cat\/esc-martamata-vendrell\/wp-json\/wp\/v2\/types\/page"}],"author":[{"embeddable":true,"href":"https:\/\/agora.xtec.cat\/esc-martamata-vendrell\/wp-json\/wp\/v2\/users\/9"}],"replies":[{"embeddable":true,"href":"https:\/\/agora.xtec.cat\/esc-martamata-vendrell\/wp-json\/wp\/v2\/comments?post=424"}],"version-history":[{"count":4,"href":"https:\/\/agora.xtec.cat\/esc-martamata-vendrell\/wp-json\/wp\/v2\/pages\/424\/revisions"}],"predecessor-version":[{"id":10963,"href":"https:\/\/agora.xtec.cat\/esc-martamata-vendrell\/wp-json\/wp\/v2\/pages\/424\/revisions\/10963"}],"up":[{"embeddable":true,"href":"https:\/\/agora.xtec.cat\/esc-martamata-vendrell\/wp-json\/wp\/v2\/pages\/64"}],"wp:attachment":[{"href":"https:\/\/agora.xtec.cat\/esc-martamata-vendrell\/wp-json\/wp\/v2\/media?parent=424"}],"curies":[{"name":"wp","href":"https:\/\/api.w.org\/{rel}","templated":true}]}}