{"id":38,"date":"2014-09-18T12:34:08","date_gmt":"2014-09-18T11:34:08","guid":{"rendered":"http:\/\/agora.xtec.cat\/esc-martamata-vendrell\/?page_id=38"},"modified":"2016-04-16T20:57:09","modified_gmt":"2016-04-16T19:57:09","slug":"salut","status":"publish","type":"page","link":"https:\/\/agora.xtec.cat\/esc-martamata-vendrell\/lescola\/salut\/","title":{"rendered":"Salut"},"content":{"rendered":"<p style=\"text-align: justify;\">Com cada any i coincidint amb el curs escolar, el Departament de Salut administrar\u00e0 les\u00a0vacunes a l\u2019escola segons el calendari de vacunacions vigent a Catalunya (Decret 95\/2014,\u00a0d\u20191 de juliol, pel qual s\u2019estableix el calendari de vacunacions sistem\u00e0tiques).<\/p>\n<p style=\"text-align: justify;\">La vacunaci\u00f3 \u00e9s la millor opci\u00f3 per a la prevenci\u00f3 i el control de les malalties incloses en el\u00a0calendari de vacunacions, i la millor alternativa per a la salut individual, de la comunitat i un\u00a0dret dels ciutadans.<\/p>\n<p style=\"text-align: justify;\">L\u2019objectiu de la vacunaci\u00f3 a l\u2019escola \u00e9s facilitar l\u2019acc\u00e9s a la vacunaci\u00f3 i continuar amb el\u00a0calendari de vacunacions que s\u2019inicia a la inf\u00e0ncia. Per aquest motiu, \u00e9s molt important la\u00a0vostra col\u00b7laboraci\u00f3.<\/p>\n<p style=\"text-align: justify;\">Segons el calendari de vacunacions sistem\u00e0tiques, les vacunes que s\u2019administren a sis\u00e8\u00a0curs de prim\u00e0ria s\u00f3n les seg\u00fcents:<\/p>\n<p style=\"text-align: justify;\">&#8211; <strong>La vacuna contra el papil\u00b7lomavirus (VPH)<\/strong>; s\u2019administra en dues dosis i \u00fanicament\u00a0a les noies.<\/p>\n<p style=\"text-align: justify;\"><strong>&#8211; La vacuna contra l\u2019hepatitis A (VHA)<\/strong>; s\u2019administra en dues dosis.<\/p>\n<p style=\"text-align: justify;\"><strong>&#8211; La vacuna contra la varicel\u00b7la (VVZ)<\/strong>; s\u2019administra en dues dosis als nois o noies\u00a0que no hagin passat la malaltia ni hagin rebut la vacuna. En cas que el vostre fill o\u00a0filla estigui vacunat amb una dosi se li\u2019n administrar\u00e0 la segona.<\/p>\n<p style=\"text-align: justify;\"><strong>&#8211; La vacuna antimeningoc\u00f2cica C conjugada (MCC)<\/strong>; s\u2019administra una \u00fanica dosis.<\/p>\n<p style=\"text-align: justify;\">El calendari actual recomana l\u2019administraci\u00f3 d\u2019una dosi de MCC als 11-12 anys per tal de\u00a0millorar la protecci\u00f3 contra la malaltia meningoc\u00f2cica en els adolescents. Aquesta dosis, \u00e9s\u00a0convenient administrar-la encara que els infants hagin estat vacunats anteriorment durant la\u00a0inf\u00e0ncia. Aquesta vacunaci\u00f3, es tracta d\u2019un refor\u00e7 per evitar la malaltia, ja que s\u2019ha observat\u00a0que la immunitat contra la malaltia pot disminuir al llarg del temps. Si el vostre fill\/a no ha\u00a0rebut una dosis de vacuna MCC despr\u00e9s dels 10 anys, \u00e9s aconsellable fer-ho.<\/p>\n<p style=\"text-align: justify;\">D\u2019altra banda, es mant\u00e9 la vacunaci\u00f3 contra l\u2019hepatitis A (abans vacunaci\u00f3 antihepat\u00edtica\u00a0A+B), ja que els nois i noies ja estan vacunats contra l\u2019hepatitis B.<\/p>\n<p style=\"text-align: justify;\">La pauta actual de vacunaci\u00f3 contra el VPH \u00e9s de 2 dosis i \u00e9s la manera m\u00e9s efica\u00e7 de\u00a0prevenir la majoria de les infeccions causades per alguns tipus de VPH i forma part de les\u00a0estrat\u00e8gies de prevenci\u00f3 del c\u00e0ncer de c\u00e8rvix, tot i que no pot substituir la prevenci\u00f3\u00a0secund\u00e0ria, perqu\u00e8 aproximadament la tercera part dels c\u00e0ncers de c\u00e8rvix estan causats per\u00a0papil\u00b7lomavirus diferents dels continguts en les vacunes actuals. \u00c9s molt important que tant\u00a0les noies vacunades con les no vacunades es facin les revisions peri\u00f2diques en arribar a\u00a0l\u2019edat en qu\u00e8 es recomanen. Tamb\u00e9 cal recordar la utilitzaci\u00f3 del preservatiu sempre per\u00a0evitar qualsevol tipus d\u2019infecci\u00f3 de transmissi\u00f3 sexual.<\/p>\n<p style=\"text-align: justify;\">La vacunaci\u00f3 contra la varicel\u00b7la, es dur\u00e0 a terme en els nois i noies susceptibles de patir la\u00a0malaltia, \u00e9s a dir, els que no hagin passat la malaltia ni hagin estat vacunats anteriorment\u00a0amb dues dosis de vacuna. Els que hagin estat vacunats anteriorment amb una dosi \u00fanica,\u00a0se\u2019ls hi administrar\u00e0 la segona per tal de finalitzar la vacunaci\u00f3.<\/p>\n<p style=\"text-align: justify;\">Per a m\u00e9s informaci\u00f3 podeu consultar el Canal Salut del Departament de Salut\u00a0<strong>(<a href=\"http:\/\/canalsalut.gencat.cat\/ca\" target=\"_blank\">http:\/\/canalsalut.gencat.cat\/ca<\/a>)<\/strong> o trucar al tel\u00e8fon <strong>061 del CatSalut Respon<\/strong>.<\/p>\n<p>&nbsp;<\/p>\n<p>&nbsp;<\/p>\n<p>&nbsp;<\/p>\n","protected":false},"excerpt":{"rendered":"<p>Com cada any i coincidint amb el curs escolar, el Departament de Salut administrar\u00e0 les\u00a0vacunes a l\u2019escola segons el calendari de vacunacions vigent a Catalunya (Decret 95\/2014,\u00a0d\u20191 de juliol, pel qual s\u2019estableix el calendari de vacunacions sistem\u00e0tiques).<br \/>\nLa vacunaci\u00f3 \u00e9s la millor opci\u00f3 per a la&hellip;  <a href=\"https:\/\/agora.xtec.cat\/esc-martamata-vendrell\/lescola\/salut\/\" title=\"Read Salut\">Llegeix m\u00e9s\u00bb<\/a><\/p>\n","protected":false},"author":1,"featured_media":0,"parent":22,"menu_order":80,"comment_status":"closed","ping_status":"closed","template":"page-templates\/side-menu.php","meta":{"_bbp_topic_count":0,"_bbp_reply_count":0,"_bbp_total_topic_count":0,"_bbp_total_reply_count":0,"_bbp_voice_count":0,"_bbp_anonymous_reply_count":0,"_bbp_topic_count_hidden":0,"_bbp_reply_count_hidden":0,"_bbp_forum_subforum_count":0,"footnotes":""},"class_list":["post-38","page","type-page","status-publish","hentry"],"post_mailing_queue_ids":[],"_links":{"self":[{"href":"https:\/\/agora.xtec.cat\/esc-martamata-vendrell\/wp-json\/wp\/v2\/pages\/38","targetHints":{"allow":["GET"]}}],"collection":[{"href":"https:\/\/agora.xtec.cat\/esc-martamata-vendrell\/wp-json\/wp\/v2\/pages"}],"about":[{"href":"https:\/\/agora.xtec.cat\/esc-martamata-vendrell\/wp-json\/wp\/v2\/types\/page"}],"author":[{"embeddable":true,"href":"https:\/\/agora.xtec.cat\/esc-martamata-vendrell\/wp-json\/wp\/v2\/users\/1"}],"replies":[{"embeddable":true,"href":"https:\/\/agora.xtec.cat\/esc-martamata-vendrell\/wp-json\/wp\/v2\/comments?post=38"}],"version-history":[{"count":4,"href":"https:\/\/agora.xtec.cat\/esc-martamata-vendrell\/wp-json\/wp\/v2\/pages\/38\/revisions"}],"predecessor-version":[{"id":968,"href":"https:\/\/agora.xtec.cat\/esc-martamata-vendrell\/wp-json\/wp\/v2\/pages\/38\/revisions\/968"}],"up":[{"embeddable":true,"href":"https:\/\/agora.xtec.cat\/esc-martamata-vendrell\/wp-json\/wp\/v2\/pages\/22"}],"wp:attachment":[{"href":"https:\/\/agora.xtec.cat\/esc-martamata-vendrell\/wp-json\/wp\/v2\/media?parent=38"}],"curies":[{"name":"wp","href":"https:\/\/api.w.org\/{rel}","templated":true}]}}