{"id":238,"date":"2016-02-15T13:29:15","date_gmt":"2016-02-15T12:29:15","guid":{"rendered":"http:\/\/agora.xtec.cat\/esc-martamata-vendrell\/?page_id=238"},"modified":"2018-02-26T13:31:37","modified_gmt":"2018-02-26T12:31:37","slug":"biblioteca","status":"publish","type":"page","link":"https:\/\/agora.xtec.cat\/esc-martamata-vendrell\/lescola\/instal%c2%b7lacions\/biblioteca\/","title":{"rendered":"Biblioteca"},"content":{"rendered":"<p style=\"text-align: justify;\">El nom de la nostra biblioteca \u00e9s <strong><em>&#8220;El pa\u00eds de les cent paraules&#8221;<\/em><\/strong> i fa refer\u00e8ncia al llibre que va escriure la Marta Mata:<\/p>\n<p style=\"text-align: justify;\"><strong><em>El Pa\u00eds de les Cent Paraules era un pa\u00eds molt bonic, on tot funcionava molt b\u00e9 i la gent que hi vivia estava molt contenta&#8230; Cada tarda quan els pares acabaven de treballar, els nens anaven a jugar amb ells, a l&#8217;herba de davant de les cases. All\u00ed feien partits de pilota, aixecaven estels, miraven llibres&#8230; Jo diria que els nens eren els m\u00e9s feli\u00e7os de tot aquell pa\u00eds&#8230;si no fos que quan acabava un conte i preguntaven &#8220;I qu\u00e8 m\u00e9s?&#8221; ning\u00fa no sabia respondre&#8230;<\/em><\/strong><\/p>\n<p style=\"text-align: justify;\">Podeu visitar el blog de la\u00a0nostra Biblioteca si hi\u00a0cliqueu a sobre de la imatge:<\/p>\n<p><a href=\"https:\/\/bibliotecaescolamartamata.blogspot.com.es\/\" target=\"_blank\" rel=\"noopener noreferrer\"><img loading=\"lazy\" decoding=\"async\" class=\"aligncenter wp-image-4353\" src=\"http:\/\/agora.xtec.cat\/esc-martamata-vendrell\/wp-content\/uploads\/usu877\/2018\/01\/fons-biblio.jpg\" alt=\"\" width=\"500\" height=\"311\" srcset=\"https:\/\/agora.xtec.cat\/esc-martamata-vendrell\/wp-content\/uploads\/usu877\/2018\/01\/fons-biblio.jpg 940w, https:\/\/agora.xtec.cat\/esc-martamata-vendrell\/wp-content\/uploads\/usu877\/2018\/01\/fons-biblio-300x186.jpg 300w, https:\/\/agora.xtec.cat\/esc-martamata-vendrell\/wp-content\/uploads\/usu877\/2018\/01\/fons-biblio-768x477.jpg 768w\" sizes=\"auto, (max-width: 500px) 100vw, 500px\" \/><\/a><\/p>\n<p>A m\u00e9s, cal dir que a la Biblioteca de l&#8217;escola es fan diverses activitats com &#8220;contecontes&#8221; pels nens i nenes d&#8217;infantil o &#8220;Filosofia&#8221; per tots els nens\/es.<\/p>\n<p style=\"text-align: justify;\">Durant el pati, tamb\u00e9 est\u00e0 oberta per tothom que vulgui fer deures, llegir contes o utilitzar el servei de pr\u00e8stec de llibres. Tenim m\u00e9s de 50.000 llibres i cada any anem renovant amb noves col.leccions i interessants propostes perqu\u00e8 els nostres nens puguin gaudir i sentir; <strong>El plaer per la lectura !!!<\/strong><\/p>\n","protected":false},"excerpt":{"rendered":"<p>El nom de la nostra biblioteca \u00e9s &#8220;El pa\u00eds de les cent paraules&#8221; i fa refer\u00e8ncia al llibre que va escriure la Marta Mata:<br \/>\nEl Pa\u00eds de les Cent Paraules era un pa\u00eds molt bonic, on tot funcionava molt b\u00e9 i la gent que hi vivia&hellip;  <a href=\"https:\/\/agora.xtec.cat\/esc-martamata-vendrell\/lescola\/instal%c2%b7lacions\/biblioteca\/\" title=\"Read Biblioteca\">Llegeix m\u00e9s\u00bb<\/a><\/p>\n","protected":false},"author":1,"featured_media":0,"parent":30,"menu_order":0,"comment_status":"closed","ping_status":"closed","template":"page-templates\/side-menu.php","meta":{"_bbp_topic_count":0,"_bbp_reply_count":0,"_bbp_total_topic_count":0,"_bbp_total_reply_count":0,"_bbp_voice_count":0,"_bbp_anonymous_reply_count":0,"_bbp_topic_count_hidden":0,"_bbp_reply_count_hidden":0,"_bbp_forum_subforum_count":0,"footnotes":""},"class_list":["post-238","page","type-page","status-publish","hentry"],"post_mailing_queue_ids":[],"_links":{"self":[{"href":"https:\/\/agora.xtec.cat\/esc-martamata-vendrell\/wp-json\/wp\/v2\/pages\/238","targetHints":{"allow":["GET"]}}],"collection":[{"href":"https:\/\/agora.xtec.cat\/esc-martamata-vendrell\/wp-json\/wp\/v2\/pages"}],"about":[{"href":"https:\/\/agora.xtec.cat\/esc-martamata-vendrell\/wp-json\/wp\/v2\/types\/page"}],"author":[{"embeddable":true,"href":"https:\/\/agora.xtec.cat\/esc-martamata-vendrell\/wp-json\/wp\/v2\/users\/1"}],"replies":[{"embeddable":true,"href":"https:\/\/agora.xtec.cat\/esc-martamata-vendrell\/wp-json\/wp\/v2\/comments?post=238"}],"version-history":[{"count":3,"href":"https:\/\/agora.xtec.cat\/esc-martamata-vendrell\/wp-json\/wp\/v2\/pages\/238\/revisions"}],"predecessor-version":[{"id":4633,"href":"https:\/\/agora.xtec.cat\/esc-martamata-vendrell\/wp-json\/wp\/v2\/pages\/238\/revisions\/4633"}],"up":[{"embeddable":true,"href":"https:\/\/agora.xtec.cat\/esc-martamata-vendrell\/wp-json\/wp\/v2\/pages\/30"}],"wp:attachment":[{"href":"https:\/\/agora.xtec.cat\/esc-martamata-vendrell\/wp-json\/wp\/v2\/media?parent=238"}],"curies":[{"name":"wp","href":"https:\/\/api.w.org\/{rel}","templated":true}]}}