{"id":2230,"date":"2016-07-20T17:19:20","date_gmt":"2016-07-20T16:19:20","guid":{"rendered":"http:\/\/agora.xtec.cat\/esc-martamata-vendrell\/?page_id=2230"},"modified":"2025-10-20T16:01:52","modified_gmt":"2025-10-20T14:01:52","slug":"inscripcio-a-la-borsa-de-voluntarises","status":"publish","type":"page","link":"https:\/\/agora.xtec.cat\/esc-martamata-vendrell\/projecte-educatiu\/inscripcio-a-la-borsa-de-voluntarises\/","title":{"rendered":"BORSA DE VOLUNTARIS\/ES"},"content":{"rendered":"<p style=\"text-align: justify; padding-left: 40px;\"><img loading=\"lazy\" decoding=\"async\" class=\" wp-image-13570 alignleft\" src=\"https:\/\/agora.xtec.cat\/esc-martamata-vendrell\/wp-content\/uploads\/usu877\/2024\/05\/FES-TE-VOLUNTARI.jpg\" alt=\"\" width=\"378\" height=\"944\" srcset=\"https:\/\/agora.xtec.cat\/esc-martamata-vendrell\/wp-content\/uploads\/usu877\/2024\/05\/FES-TE-VOLUNTARI.jpg 800w, https:\/\/agora.xtec.cat\/esc-martamata-vendrell\/wp-content\/uploads\/usu877\/2024\/05\/FES-TE-VOLUNTARI-120x300.jpg 120w, https:\/\/agora.xtec.cat\/esc-martamata-vendrell\/wp-content\/uploads\/usu877\/2024\/05\/FES-TE-VOLUNTARI-410x1024.jpg 410w, https:\/\/agora.xtec.cat\/esc-martamata-vendrell\/wp-content\/uploads\/usu877\/2024\/05\/FES-TE-VOLUNTARI-768x1920.jpg 768w\" sizes=\"auto, (max-width: 378px) 100vw, 378px\" \/><\/p>\n<p>&nbsp;<\/p>\n<p style=\"text-align: justify; padding-left: 40px;\">L\u2019escola organitza activitats en qu\u00e8 poden participar les fam\u00edlies dels\/de les alumnes de forma volunt\u00e0ria (col\u00b7laboraci\u00f3 en festes, tallers de fam\u00edlies,&#8230;).<\/p>\n<p style=\"text-align: justify; padding-left: 40px;\">Per fer-se voluntari de l\u2019escola cal ser soci\/s\u00f2cia de l\u2019AFA, presentar el conveni de voluntariat degudament emplenat i signat adjuntant el Certificat negatiu de delictes de naturalesa sexual.<\/p>\n<p style=\"padding-left: 40px;\">Pots descarregar-te el conveni de voluntariat <a href=\"https:\/\/drive.google.com\/file\/d\/1l9MhxeyzglqPYNe24l7ozC7lETo_CXoU\/view?usp=drive_link\">aqu\u00ed<\/a>. Un cop el tinguis emplenat i signat, el pots entregar a la secretaria del centre o enviar-lo per correu electr\u00f2nic (<a href=\"mailto:e3010165@xtec.cat\">e3010165@xtec.cat<\/a>).<\/p>\n<p>Pots fer la tramitaci\u00f3 online del certificats penals i delictes de naturalesa sexual al seg\u00fcent enlla\u00e7:<\/p>\n<p><a href=\"https:\/\/sede.mjusticia.gob.es\/es\/tramites\/certificado-registro-central\">https:\/\/sede.mjusticia.gob.es\/es\/tramites\/certificado-registro-central<\/a><\/p>\n<p>Un cop tramitat, haureu de descarregar-vos el certificat i entregar-lo a la secretaria del centre o enviar-lo per correu electr\u00f2nic (<a href=\"mailto:e3010165@xtec.cat\">e3010165@xtec.cat<\/a>).<\/p>\n<p style=\"padding-left: 40px;\"><strong>CONDICIONS GENERALS PER PODER FORMAR PART DE LA BORSA DE VOLUNTARIAT:<\/strong><\/p>\n<p style=\"text-align: justify; padding-left: 40px;\">Els\/les voluntaris\/\u00e0ries han de tenir en compte les seg\u00fcents condicions generals:<\/p>\n<p style=\"text-align: justify; padding-left: 80px;\">&#8211; Respectar en tot moment les indicacions de la persona que organitza l\u2019activitat.<br \/>\n&#8211; No fer fotografies i\/o v\u00eddeos.<br \/>\n&#8211; Ser puntual i avisar amb antelaci\u00f3 en cas de no poder assistir-hi.<br \/>\n&#8211; Respectar el grau de confidencialitat de l\u2019escola, \u00e9s a dir no fer trasp\u00e0s de cap tipus d\u2019informaci\u00f3 personal i\/o dades personals de cap membre de la comunitat escolar.<\/p>\n<p style=\"text-align: justify; padding-left: 40px;\">El conveni tindr\u00e0 un per\u00edode de vig\u00e8ncia d\u2019un curs escolar.<\/p>\n<p style=\"text-align: justify; padding-left: 40px;\">El certificat de penals i delictes de naturalesa sexual s&#8217;haur\u00e0 de renovar peri\u00f2dicament.<\/p>\n<p style=\"text-align: justify; padding-left: 40px;\">Sempre es donar\u00e0 prefer\u00e8ncia als voluntaris\/\u00e0ries que no tenen fills\/es al grup-classe en el qu\u00e8 col\u00b7laboraran. En cas de no comptar amb suficients voluntaris es podr\u00e0 col\u00b7laborar a l\u2019activitat a on participa el\/la fill\/a.<\/p>\n<p>&nbsp;<\/p>\n<p>&nbsp;<\/p>\n<p>&nbsp;<\/p>\n","protected":false},"excerpt":{"rendered":"<p>&nbsp;<br \/>\nL\u2019escola organitza activitats en qu\u00e8 poden participar les fam\u00edlies dels\/de les alumnes de forma volunt\u00e0ria (col\u00b7laboraci\u00f3 en festes, tallers de fam\u00edlies,&#8230;).<br \/>\nPer fer-se voluntari de l\u2019escola cal ser soci\/s\u00f2cia de l\u2019AFA, presentar el conveni de voluntariat degudament emplenat i signat adjuntant el Certificat negatiu de delictes&hellip;  <a href=\"https:\/\/agora.xtec.cat\/esc-martamata-vendrell\/projecte-educatiu\/inscripcio-a-la-borsa-de-voluntarises\/\" title=\"Read BORSA DE VOLUNTARIS\/ES\">Llegeix m\u00e9s\u00bb<\/a><\/p>\n","protected":false},"author":9,"featured_media":0,"parent":64,"menu_order":0,"comment_status":"closed","ping_status":"closed","template":"","meta":{"_bbp_topic_count":0,"_bbp_reply_count":0,"_bbp_total_topic_count":0,"_bbp_total_reply_count":0,"_bbp_voice_count":0,"_bbp_anonymous_reply_count":0,"_bbp_topic_count_hidden":0,"_bbp_reply_count_hidden":0,"_bbp_forum_subforum_count":0,"footnotes":""},"class_list":["post-2230","page","type-page","status-publish","hentry"],"post_mailing_queue_ids":[],"_links":{"self":[{"href":"https:\/\/agora.xtec.cat\/esc-martamata-vendrell\/wp-json\/wp\/v2\/pages\/2230","targetHints":{"allow":["GET"]}}],"collection":[{"href":"https:\/\/agora.xtec.cat\/esc-martamata-vendrell\/wp-json\/wp\/v2\/pages"}],"about":[{"href":"https:\/\/agora.xtec.cat\/esc-martamata-vendrell\/wp-json\/wp\/v2\/types\/page"}],"author":[{"embeddable":true,"href":"https:\/\/agora.xtec.cat\/esc-martamata-vendrell\/wp-json\/wp\/v2\/users\/9"}],"replies":[{"embeddable":true,"href":"https:\/\/agora.xtec.cat\/esc-martamata-vendrell\/wp-json\/wp\/v2\/comments?post=2230"}],"version-history":[{"count":5,"href":"https:\/\/agora.xtec.cat\/esc-martamata-vendrell\/wp-json\/wp\/v2\/pages\/2230\/revisions"}],"predecessor-version":[{"id":13885,"href":"https:\/\/agora.xtec.cat\/esc-martamata-vendrell\/wp-json\/wp\/v2\/pages\/2230\/revisions\/13885"}],"up":[{"embeddable":true,"href":"https:\/\/agora.xtec.cat\/esc-martamata-vendrell\/wp-json\/wp\/v2\/pages\/64"}],"wp:attachment":[{"href":"https:\/\/agora.xtec.cat\/esc-martamata-vendrell\/wp-json\/wp\/v2\/media?parent=2230"}],"curies":[{"name":"wp","href":"https:\/\/api.w.org\/{rel}","templated":true}]}}