{"id":12940,"date":"2023-04-24T15:45:33","date_gmt":"2023-04-24T13:45:33","guid":{"rendered":"https:\/\/agora.xtec.cat\/esc-martamata-vendrell\/?page_id=12940"},"modified":"2023-04-24T15:47:27","modified_gmt":"2023-04-24T13:47:27","slug":"apps-audio","status":"publish","type":"page","link":"https:\/\/agora.xtec.cat\/esc-martamata-vendrell\/edc\/recursos-digitals\/apps-audio\/","title":{"rendered":"APPs \u00e0udio"},"content":{"rendered":"<p>Al seg\u00fcent link trobareu algunes APPs per editar \u00e0udio<\/p>\n<p><a href=\"https:\/\/padlet.com\/felip8\/apps-udio-nf43az3iglsuwtbw\" rel=\"noopener\" target=\"_blank\">APPs \u00e0udio<\/a><\/p>\n","protected":false},"excerpt":{"rendered":"<p>Al seg\u00fcent link trobareu algunes APPs per editar \u00e0udio<br \/>\n<a href=\"https:\/\/padlet.com\/felip8\/apps-udio-nf43az3iglsuwtbw\" rel=\"noopener\" target=\"_blank\">APPs \u00e0udio<\/a><\/p>\n","protected":false},"author":58,"featured_media":0,"parent":12927,"menu_order":3,"comment_status":"closed","ping_status":"closed","template":"page-templates\/side-menu.php","meta":{"_bbp_topic_count":0,"_bbp_reply_count":0,"_bbp_total_topic_count":0,"_bbp_total_reply_count":0,"_bbp_voice_count":0,"_bbp_anonymous_reply_count":0,"_bbp_topic_count_hidden":0,"_bbp_reply_count_hidden":0,"_bbp_forum_subforum_count":0,"footnotes":""},"class_list":["post-12940","page","type-page","status-publish","hentry"],"post_mailing_queue_ids":[],"_links":{"self":[{"href":"https:\/\/agora.xtec.cat\/esc-martamata-vendrell\/wp-json\/wp\/v2\/pages\/12940","targetHints":{"allow":["GET"]}}],"collection":[{"href":"https:\/\/agora.xtec.cat\/esc-martamata-vendrell\/wp-json\/wp\/v2\/pages"}],"about":[{"href":"https:\/\/agora.xtec.cat\/esc-martamata-vendrell\/wp-json\/wp\/v2\/types\/page"}],"author":[{"embeddable":true,"href":"https:\/\/agora.xtec.cat\/esc-martamata-vendrell\/wp-json\/wp\/v2\/users\/58"}],"replies":[{"embeddable":true,"href":"https:\/\/agora.xtec.cat\/esc-martamata-vendrell\/wp-json\/wp\/v2\/comments?post=12940"}],"version-history":[{"count":2,"href":"https:\/\/agora.xtec.cat\/esc-martamata-vendrell\/wp-json\/wp\/v2\/pages\/12940\/revisions"}],"predecessor-version":[{"id":12943,"href":"https:\/\/agora.xtec.cat\/esc-martamata-vendrell\/wp-json\/wp\/v2\/pages\/12940\/revisions\/12943"}],"up":[{"embeddable":true,"href":"https:\/\/agora.xtec.cat\/esc-martamata-vendrell\/wp-json\/wp\/v2\/pages\/12927"}],"wp:attachment":[{"href":"https:\/\/agora.xtec.cat\/esc-martamata-vendrell\/wp-json\/wp\/v2\/media?parent=12940"}],"curies":[{"name":"wp","href":"https:\/\/api.w.org\/{rel}","templated":true}]}}