{"id":12694,"date":"2022-12-19T11:21:05","date_gmt":"2022-12-19T10:21:05","guid":{"rendered":"https:\/\/agora.xtec.cat\/esc-martamata-vendrell\/?page_id=12694"},"modified":"2022-12-19T14:33:52","modified_gmt":"2022-12-19T13:33:52","slug":"seguiment-i-avaluacio","status":"publish","type":"page","link":"https:\/\/agora.xtec.cat\/esc-martamata-vendrell\/edc\/estrategia-digital\/seguiment-i-avaluacio\/","title":{"rendered":"Seguiment i avaluaci\u00f3"},"content":{"rendered":"<p>L\u2019avaluaci\u00f3 de l\u2019Estrat\u00e8gia Digital del Centre la far\u00e0 peri\u00f2dicament la Comissi\u00f3 d\u2019EDC. Per fer-ho s\u2019han establert uns indicadors d\u2019assoliment per les diferents activitats, aix\u00ed com tamb\u00e9 pels objectius.<\/p>\n<p>Els objectius aconseguits, pendents i en proc\u00e8s; aix\u00ed com les propostes i estrat\u00e8gies de millora seran recollits a una mem\u00f2ria final de curs el.laborada per la comissi\u00f3 d&#8217;estrat\u00e8gia digital del centre que formar\u00e0 part de la mem\u00f2ria anual de centre.<\/p>\n","protected":false},"excerpt":{"rendered":"<p>L\u2019avaluaci\u00f3 de l\u2019Estrat\u00e8gia Digital del Centre la far\u00e0 peri\u00f2dicament la Comissi\u00f3 d\u2019EDC. Per fer-ho s\u2019han establert uns indicadors d\u2019assoliment per les diferents activitats, aix\u00ed com tamb\u00e9 pels objectius.<br \/>\nEls objectius aconseguits, pendents i en proc\u00e8s; aix\u00ed com les propostes i estrat\u00e8gies de millora seran recollits a&hellip;  <a href=\"https:\/\/agora.xtec.cat\/esc-martamata-vendrell\/edc\/estrategia-digital\/seguiment-i-avaluacio\/\" title=\"Read Seguiment i avaluaci\u00f3\">Llegeix m\u00e9s\u00bb<\/a><\/p>\n","protected":false},"author":58,"featured_media":0,"parent":12674,"menu_order":40,"comment_status":"closed","ping_status":"closed","template":"page-templates\/side-menu.php","meta":{"_bbp_topic_count":0,"_bbp_reply_count":0,"_bbp_total_topic_count":0,"_bbp_total_reply_count":0,"_bbp_voice_count":0,"_bbp_anonymous_reply_count":0,"_bbp_topic_count_hidden":0,"_bbp_reply_count_hidden":0,"_bbp_forum_subforum_count":0,"footnotes":""},"class_list":["post-12694","page","type-page","status-publish","hentry"],"post_mailing_queue_ids":[],"_links":{"self":[{"href":"https:\/\/agora.xtec.cat\/esc-martamata-vendrell\/wp-json\/wp\/v2\/pages\/12694","targetHints":{"allow":["GET"]}}],"collection":[{"href":"https:\/\/agora.xtec.cat\/esc-martamata-vendrell\/wp-json\/wp\/v2\/pages"}],"about":[{"href":"https:\/\/agora.xtec.cat\/esc-martamata-vendrell\/wp-json\/wp\/v2\/types\/page"}],"author":[{"embeddable":true,"href":"https:\/\/agora.xtec.cat\/esc-martamata-vendrell\/wp-json\/wp\/v2\/users\/58"}],"replies":[{"embeddable":true,"href":"https:\/\/agora.xtec.cat\/esc-martamata-vendrell\/wp-json\/wp\/v2\/comments?post=12694"}],"version-history":[{"count":3,"href":"https:\/\/agora.xtec.cat\/esc-martamata-vendrell\/wp-json\/wp\/v2\/pages\/12694\/revisions"}],"predecessor-version":[{"id":12728,"href":"https:\/\/agora.xtec.cat\/esc-martamata-vendrell\/wp-json\/wp\/v2\/pages\/12694\/revisions\/12728"}],"up":[{"embeddable":true,"href":"https:\/\/agora.xtec.cat\/esc-martamata-vendrell\/wp-json\/wp\/v2\/pages\/12674"}],"wp:attachment":[{"href":"https:\/\/agora.xtec.cat\/esc-martamata-vendrell\/wp-json\/wp\/v2\/media?parent=12694"}],"curies":[{"name":"wp","href":"https:\/\/api.w.org\/{rel}","templated":true}]}}