{"id":12674,"date":"2022-12-19T11:10:32","date_gmt":"2022-12-19T10:10:32","guid":{"rendered":"https:\/\/agora.xtec.cat\/esc-martamata-vendrell\/?page_id=12674"},"modified":"2022-12-19T14:30:50","modified_gmt":"2022-12-19T13:30:50","slug":"estrategia-digital","status":"publish","type":"page","link":"https:\/\/agora.xtec.cat\/esc-martamata-vendrell\/edc\/estrategia-digital\/","title":{"rendered":"Estrat\u00e8gia digital"},"content":{"rendered":"<p>L\u2019EDC \u00e9s un document viu i obert que ha de permetre recollir i organitzar les accions en mat\u00e8ria de tecnologia i compet\u00e8ncia digital que el centre ja realitza, replantejar-les i millorar-les per aconseguir els objectius que es proposin. L\u2019EDC ha de ser una eina \u00fatil i real per al desplegament de la compet\u00e8ncia digital de l\u2019alumnat, del professorat i del mateix centre.<\/p>\n<p>Seguint les indicacions del document on es defineix l\u2019EDC,\u00a0 s\u2019ha estructurat aquesta part en 3 apartats que es presenten a continuaci\u00f3. Per poder consultar-les seleccioneu la fase que voleu veure:<\/p>\n<p><a class=\"button normal\" style=\"padding:1em;font-weight: 400;margin:0.1em;color:white !important;background-color:#ff5a26\" href=\"https:\/\/agora.xtec.cat\/esc-martamata-vendrell\/edc\/contextualitzacio-i-diagnosi\/\" target='_blank' rel=\"noopener noreferrer\">Contextualitzaci\u00f3 i diagnosi<\/a><\/p>\n<p><a class=\"button normal\" style=\"padding:1em;font-weight: 400;margin:0.1em;color:white !important;background-color:#ff5a26\" href=\"https:\/\/agora.xtec.cat\/esc-martamata-vendrell\/edc\/objectius-digitals-anuals\/\" target='_blank' rel=\"noopener noreferrer\">Objectius digitals anuals<\/a><\/p>\n<p><a class=\"button normal\" style=\"padding:1em;font-weight: 400;margin:0.1em;color:white !important;background-color:#ff5a26\" href=\"https:\/\/agora.xtec.cat\/esc-martamata-vendrell\/edc\/estrategia-digital\/seguiment-i-avaluacio\/\" target='_blank' rel=\"noopener noreferrer\">Seguiment i avaluaci\u00f3<\/a><\/p>\n","protected":false},"excerpt":{"rendered":"<p>L\u2019EDC \u00e9s un document viu i obert que ha de permetre recollir i organitzar les accions en mat\u00e8ria de tecnologia i compet\u00e8ncia digital que el centre ja realitza, replantejar-les i millorar-les per aconseguir els objectius que es proposin. L\u2019EDC ha de ser una eina \u00fatil&hellip;  <a href=\"https:\/\/agora.xtec.cat\/esc-martamata-vendrell\/edc\/estrategia-digital\/\" title=\"Read Estrat\u00e8gia digital\">Llegeix m\u00e9s\u00bb<\/a><\/p>\n","protected":false},"author":58,"featured_media":0,"parent":11524,"menu_order":0,"comment_status":"closed","ping_status":"closed","template":"page-templates\/side-menu.php","meta":{"_bbp_topic_count":0,"_bbp_reply_count":0,"_bbp_total_topic_count":0,"_bbp_total_reply_count":0,"_bbp_voice_count":0,"_bbp_anonymous_reply_count":0,"_bbp_topic_count_hidden":0,"_bbp_reply_count_hidden":0,"_bbp_forum_subforum_count":0,"footnotes":""},"class_list":["post-12674","page","type-page","status-publish","hentry"],"post_mailing_queue_ids":[],"_links":{"self":[{"href":"https:\/\/agora.xtec.cat\/esc-martamata-vendrell\/wp-json\/wp\/v2\/pages\/12674","targetHints":{"allow":["GET"]}}],"collection":[{"href":"https:\/\/agora.xtec.cat\/esc-martamata-vendrell\/wp-json\/wp\/v2\/pages"}],"about":[{"href":"https:\/\/agora.xtec.cat\/esc-martamata-vendrell\/wp-json\/wp\/v2\/types\/page"}],"author":[{"embeddable":true,"href":"https:\/\/agora.xtec.cat\/esc-martamata-vendrell\/wp-json\/wp\/v2\/users\/58"}],"replies":[{"embeddable":true,"href":"https:\/\/agora.xtec.cat\/esc-martamata-vendrell\/wp-json\/wp\/v2\/comments?post=12674"}],"version-history":[{"count":3,"href":"https:\/\/agora.xtec.cat\/esc-martamata-vendrell\/wp-json\/wp\/v2\/pages\/12674\/revisions"}],"predecessor-version":[{"id":12718,"href":"https:\/\/agora.xtec.cat\/esc-martamata-vendrell\/wp-json\/wp\/v2\/pages\/12674\/revisions\/12718"}],"up":[{"embeddable":true,"href":"https:\/\/agora.xtec.cat\/esc-martamata-vendrell\/wp-json\/wp\/v2\/pages\/11524"}],"wp:attachment":[{"href":"https:\/\/agora.xtec.cat\/esc-martamata-vendrell\/wp-json\/wp\/v2\/media?parent=12674"}],"curies":[{"name":"wp","href":"https:\/\/api.w.org\/{rel}","templated":true}]}}