{"id":11762,"date":"2021-12-13T15:56:36","date_gmt":"2021-12-13T14:56:36","guid":{"rendered":"https:\/\/agora.xtec.cat\/esc-martamata-vendrell\/?page_id=11762"},"modified":"2022-12-19T14:32:58","modified_gmt":"2022-12-19T13:32:58","slug":"comissio-destrategia-digital","status":"publish","type":"page","link":"https:\/\/agora.xtec.cat\/esc-martamata-vendrell\/edc\/estrategia-digital\/comissio-destrategia-digital\/","title":{"rendered":"Comissi\u00f3 digital de centre"},"content":{"rendered":"<p class=\"CDt4Ke zfr3Q\" dir=\"ltr\">La Comissi\u00f3 digital est\u00e0 formada pel\u00a0 coordinador digital i un\u00a0 mestre representant de cada cicle. Aquesta comissi\u00f3 t\u00e9 com a objectiu desenvolupar el Pla digital i liderar la transformaci\u00f3 de l&#8217;institut-escola cap a un centre digital innovador.<\/p>\n<div id=\"h.60zp8mktzixv\" class=\"CobnVe aP9Z7e\"><\/div>\n<h3 class=\"CjVfdc\"><span class=\" jgG6ef\"><strong>Membres:<\/strong><\/span><\/h3>\n<p class=\"CDt4Ke zfr3Q\" dir=\"ltr\"><strong>Manel Pi\u00f1eiro<\/strong>\u00a0| Coordinador digital<\/p>\n<p dir=\"ltr\"><strong>Sandra Marcher<\/strong> | Mestra d&#8217;educaci\u00f3 infantil<\/p>\n<p dir=\"ltr\"><strong>M\u00f3nica Gamboa <\/strong>| Mestra de cicle inicial<\/p>\n<p dir=\"ltr\"><strong>Cristina Rodr\u00edguez <\/strong>| Mestra de cicle mitj\u00e0<\/p>\n<p dir=\"ltr\"><strong>Ana del Pino <\/strong>| Mestra de cicle superior<\/p>\n<p dir=\"ltr\"><strong>Marta Cuadrado<\/strong> | Mestra d&#8217;educaci\u00f3 especial<\/p>\n<div id=\"h.mbuc99l6fg04\" class=\"CobnVe aP9Z7e\"><\/div>\n<h3 class=\"CjVfdc\"><span class=\" jgG6ef\"><strong>Objectius de la <\/strong><\/span><strong>C<\/strong><span class=\" jgG6ef\"><strong>omissi\u00f3 <\/strong><\/span><strong>digital:<\/strong><\/h3>\n<div><\/div>\n<ul class=\"n8H08c UVNKR\">\n<li class=\"TYR86d wXCUfe zfr3Q\" dir=\"ltr\">\n<p class=\"CDt4Ke zfr3Q\" dir=\"ltr\">Promoure, concretar i desplegar el pla de tecnologies digitals i fer-ne el seguiment en el marc del projecte educatiu del centre.<\/p>\n<\/li>\n<li class=\"TYR86d wXCUfe zfr3Q\" dir=\"ltr\">\n<p class=\"CDt4Ke zfr3Q\" dir=\"ltr\">Revisar peri\u00f2dicament les normes d&#8217;organitzaci\u00f3 i funcionament del centre (NOFC) per tal d&#8217;adequar-les als usos i a la normativa sobre privacitat i protecci\u00f3 de dades que el centre faci de les tecnologies digitals i dels dispositius personals.<\/p>\n<\/li>\n<li class=\"TYR86d wXCUfe zfr3Q\" dir=\"ltr\">\n<p class=\"CDt4Ke zfr3Q\" dir=\"ltr\">Potenciar que les tecnologies digitals impregnin les programacions curriculars amb una mirada inclusiva.<\/p>\n<\/li>\n<li class=\"TYR86d wXCUfe zfr3Q\" dir=\"ltr\">\n<p class=\"CDt4Ke zfr3Q\" dir=\"ltr\">Vetllar pel desplegament curricular de la compet\u00e8ncia digital de l&#8217;alumne.<\/p>\n<\/li>\n<li class=\"TYR86d wXCUfe zfr3Q\" dir=\"ltr\">\n<p class=\"CDt4Ke zfr3Q\" dir=\"ltr\">Promoure l&#8217;\u00fas de les tecnologies digitals en la pr\u00e0ctica educativa a l&#8217;aula.<\/p>\n<\/li>\n<li class=\"TYR86d wXCUfe zfr3Q\" dir=\"ltr\">\n<p class=\"CDt4Ke zfr3Q\" dir=\"ltr\">Vetllar per l&#8217;optimaci\u00f3 de l&#8217;\u00fas dels recursos tecnol\u00f2gics del centre.<\/p>\n<\/li>\n<li class=\"TYR86d wXCUfe zfr3Q\" dir=\"ltr\">\n<p class=\"CDt4Ke zfr3Q\" dir=\"ltr\">Vetllar perqu\u00e8 es garanteixi la inclusi\u00f3 digital de tot l&#8217;alumnat en els centres, tant pel que fa a l&#8217;acc\u00e9s als equipaments tecnol\u00f2gics com a les fonts d&#8217;informaci\u00f3 i comunicaci\u00f3.<\/p>\n<\/li>\n<li class=\"TYR86d wXCUfe zfr3Q\" dir=\"ltr\">\n<p class=\"CDt4Ke zfr3Q\" dir=\"ltr\">Promoure l&#8217;aplicaci\u00f3 de mesures de protecci\u00f3 de continguts inadequats en l&#8217;acc\u00e9s a Internet, tant dels equipaments del centre com de les dades dels alumnes.<\/p>\n<\/li>\n<li class=\"TYR86d wXCUfe zfr3Q\" dir=\"ltr\">\n<p class=\"CDt4Ke zfr3Q\" dir=\"ltr\">Dinamitzar la pres\u00e8ncia a Internet del centre utilitzant en el possible plataformes de programari lliure que siguin respectuoses amb la privacitat de les dades (Nodes, Moodle).<\/p>\n<\/li>\n<li class=\"TYR86d wXCUfe zfr3Q\" dir=\"ltr\">\n<p class=\"CDt4Ke zfr3Q\" dir=\"ltr\">Establir el sistema de comunicaci\u00f3 digital del centre amb les fam\u00edlies i vetllar perqu\u00e8 es compleixi.<\/p>\n<\/li>\n<li class=\"TYR86d wXCUfe zfr3Q\" dir=\"ltr\">\n<p class=\"CDt4Ke zfr3Q\" dir=\"ltr\">Vetllar per l&#8217;aplicaci\u00f3 de les pol\u00edtiques de privacitat i seguretat de les dades i per les infraestructures digitals del centre educatiu.<\/p>\n<\/li>\n<li class=\"TYR86d wXCUfe zfr3Q\" dir=\"ltr\">\n<p class=\"CDt4Ke zfr3Q\" dir=\"ltr\">Vetllar perqu\u00e8 les fam\u00edlies rebin la informaci\u00f3 sobre les normes del centre pel que fa als dispositius digitals (usos, control parental, etc.).<\/p>\n<\/li>\n<li class=\"TYR86d wXCUfe zfr3Q\" dir=\"ltr\">\n<p class=\"CDt4Ke zfr3Q\" dir=\"ltr\">Tenir cura que els materials digitals difosos pel centre, que siguin accessibles en l\u00ednia, respectin els drets d&#8217;autoria i les llic\u00e8ncies d&#8217;\u00fas dels diferents elements que els integren (imatges, esquemes, textos, \u00e0udio, v\u00eddeo, etc.), donant prioritat a l&#8217;\u00fas de materials amb llic\u00e8ncies lliures o que permetin un \u00fas compartit, i vetllin per l&#8217;\u00fas d&#8217;un llenguatge plural que respecti la diversitat de g\u00e8nere.<\/p>\n<\/li>\n<\/ul>\n<div id=\"h.rubg8lyhj8d\" class=\"CobnVe aP9Z7e\"><\/div>\n<div class=\"CjVfdc\">\n<div class=\"PPhIP rviiZ\">\n<div class=\"U26fgb mUbCce fKz7Od LRAOtb Znu9nd M9Bg4d\" role=\"presentation\" aria-describedby=\"h.rubg8lyhj8d\" aria-label=\"Copia l'enlla\u00e7 del t\u00edtol\" aria-disabled=\"false\" data-tooltip=\"Copia l'enlla\u00e7 del t\u00edtol\" aria-hidden=\"true\" data-tooltip-position=\"top\" data-tooltip-vertical-offset=\"12\" data-tooltip-horizontal-offset=\"0\"><strong style=\"font-size: 1.6875em;\">Funcionament de la comissi\u00f3:<\/strong><\/div>\n<div role=\"presentation\" aria-describedby=\"h.rubg8lyhj8d\" aria-label=\"Copia l'enlla\u00e7 del t\u00edtol\" aria-disabled=\"false\" data-tooltip=\"Copia l'enlla\u00e7 del t\u00edtol\" aria-hidden=\"true\" data-tooltip-position=\"top\" data-tooltip-vertical-offset=\"12\" data-tooltip-horizontal-offset=\"0\"><\/div>\n<\/div>\n<\/div>\n<p class=\"CDt4Ke zfr3Q\" dir=\"ltr\">La Comissi\u00f3 digital es reuneix peri\u00f2dicament per vetllar per la consecuci\u00f3 dels objectius descrits en el punt anterior, deixant const\u00e0ncia dels acords utilitzant l&#8217;<span class=\" aw5Odc\"><a class=\"XqQF9c\" href=\"https:\/\/docs.google.com\/document\/d\/1aoxuQrq8wnhLdQWdd0K9kCcSYeKvvfciDQRKVg_PBZw\/edit?usp=sharing\" target=\"_blank\" rel=\"noopener\">acta de reuni\u00f3 de la Comissi\u00f3 digital<\/a><\/span>.<\/p>\n<p class=\"CDt4Ke zfr3Q\" dir=\"ltr\">Les reunions que es duen a terme durant el curs escolar s\u00f3n:<\/p>\n<div id=\"h.iq46fhwefjbz\" class=\"GV3q8e aP9Z7e\"><\/div>\n<div class=\"PPhIP rviiZ\">\n<div class=\"U26fgb mUbCce fKz7Od LRAOtb Znu9nd M9Bg4d\" role=\"presentation\" aria-describedby=\"h.iq46fhwefjbz\" aria-label=\"Copia l'enlla\u00e7 del t\u00edtol\" aria-disabled=\"false\" data-tooltip=\"Copia l'enlla\u00e7 del t\u00edtol\" aria-hidden=\"true\" data-tooltip-position=\"top\" data-tooltip-vertical-offset=\"12\" data-tooltip-horizontal-offset=\"0\">\n<div class=\"VTBa7b MbhUzd\"><\/div>\n<\/div>\n<\/div>\n<h4 class=\"CjVfdc\"><span style=\"text-decoration: underline;\"><strong>Reuni\u00f3 d&#8217;inici de curs:<\/strong><\/span><\/h4>\n<p class=\"CDt4Ke zfr3Q\" dir=\"ltr\">Primera quinzena de setembre.<\/p>\n<p class=\"CDt4Ke zfr3Q\" dir=\"ltr\"><strong>Objectius<\/strong><\/p>\n<ul class=\"n8H08c UVNKR\">\n<li class=\"TYR86d wXCUfe zfr3Q\" dir=\"ltr\">\n<p class=\"CDt4Ke zfr3Q\" dir=\"ltr\">Concretar els objectius digitals anuals.<\/p>\n<\/li>\n<li class=\"TYR86d wXCUfe zfr3Q\" dir=\"ltr\">\n<p class=\"CDt4Ke zfr3Q\" dir=\"ltr\">Organitzar els recursos tecnol\u00f2gics del centre.<\/p>\n<\/li>\n<li class=\"TYR86d wXCUfe zfr3Q\" dir=\"ltr\">\n<p class=\"CDt4Ke zfr3Q\" dir=\"ltr\">Coordinar la integraci\u00f3 de les TIC a totes les etapes per al curs entrant.<\/p>\n<\/li>\n<li class=\"TYR86d wXCUfe zfr3Q\" dir=\"ltr\">\n<p class=\"CDt4Ke zfr3Q\" dir=\"ltr\">Valorar la necessitat de l&#8217;adquisici\u00f3 de nous recursos tecnol\u00f2gics i digitals.<\/p>\n<\/li>\n<li class=\"TYR86d wXCUfe zfr3Q\" dir=\"ltr\">\n<p class=\"CDt4Ke zfr3Q\" dir=\"ltr\">Planificar les reunions de seguiment de la Comissi\u00f3 digital.<\/p>\n<\/li>\n<\/ul>\n<div class=\"PPhIP rviiZ\">\n<div class=\"U26fgb mUbCce fKz7Od LRAOtb Znu9nd M9Bg4d\" role=\"presentation\" aria-describedby=\"h.qo6rg1br982t\" aria-label=\"Copia l'enlla\u00e7 del t\u00edtol\" aria-disabled=\"false\" data-tooltip=\"Copia l'enlla\u00e7 del t\u00edtol\" aria-hidden=\"true\" data-tooltip-position=\"top\" data-tooltip-vertical-offset=\"12\" data-tooltip-horizontal-offset=\"0\">\n<div class=\"VTBa7b MbhUzd\"><\/div>\n<\/div>\n<\/div>\n<h4 class=\"CjVfdc\"><span style=\"text-decoration: underline;\"><strong>Reunions de seguiment:<\/strong><\/span><\/h4>\n<div><\/div>\n<p class=\"CDt4Ke zfr3Q\" dir=\"ltr\">M\u00ednim una\u00a0 reuni\u00f3 de seguiment cada mes. Les dates de les reunions s&#8217;establiran a l&#8217;inici de cada trimestre.<\/p>\n<p class=\"CDt4Ke zfr3Q\" dir=\"ltr\"><strong>Objectius<\/strong><\/p>\n<ul class=\"n8H08c UVNKR\">\n<li class=\"TYR86d wXCUfe zfr3Q\" dir=\"ltr\">\n<p class=\"CDt4Ke zfr3Q\" dir=\"ltr\">Vetllar per l&#8217;acompliment dels objectius TAC anuals.<\/p>\n<\/li>\n<li class=\"TYR86d wXCUfe zfr3Q\" dir=\"ltr\">\n<p class=\"CDt4Ke zfr3Q\" dir=\"ltr\">Concretar i desplegar el pla d&#8217;estrat\u00e8gia digital de centre.<\/p>\n<\/li>\n<li class=\"TYR86d wXCUfe zfr3Q\" dir=\"ltr\">\n<p class=\"CDt4Ke zfr3Q\" dir=\"ltr\">Elaborar propostes tecnicopedag\u00f2giques.<\/p>\n<\/li>\n<li class=\"TYR86d wXCUfe zfr3Q\" dir=\"ltr\">\n<p class=\"CDt4Ke zfr3Q\" dir=\"ltr\">Reflexionar sobre la pr\u00e0ctica docent amb l&#8217;\u00fas de les TIC a l&#8217;escola.<\/p>\n<\/li>\n<li class=\"TYR86d wXCUfe zfr3Q\" dir=\"ltr\">\n<p class=\"CDt4Ke zfr3Q\" dir=\"ltr\">Coordinar i organitzar els recursos tecnol\u00f2gics del centre.<\/p>\n<\/li>\n<\/ul>\n<div class=\"PPhIP rviiZ\">\n<div class=\"U26fgb mUbCce fKz7Od LRAOtb Znu9nd M9Bg4d\" role=\"presentation\" aria-describedby=\"h.heph2zx3g3ij\" aria-label=\"Copia l'enlla\u00e7 del t\u00edtol\" aria-disabled=\"false\" data-tooltip=\"Copia l'enlla\u00e7 del t\u00edtol\" aria-hidden=\"true\" data-tooltip-position=\"top\" data-tooltip-vertical-offset=\"12\" data-tooltip-horizontal-offset=\"0\">\n<div class=\"VTBa7b MbhUzd\"><\/div>\n<\/div>\n<\/div>\n<h4 class=\"CjVfdc\"><span style=\"text-decoration: underline;\"><strong>Reuni\u00f3 de final de curs:<\/strong><\/span><\/h4>\n<p class=\"CDt4Ke zfr3Q\" dir=\"ltr\">\u00daltima quinzena del curs, un cop finalitzat el calendari lectiu.<\/p>\n<p class=\"CDt4Ke zfr3Q\" dir=\"ltr\"><strong>Objectius<\/strong><\/p>\n<ul class=\"n8H08c UVNKR\">\n<li class=\"TYR86d wXCUfe zfr3Q\" dir=\"ltr\">\n<p class=\"CDt4Ke zfr3Q\" dir=\"ltr\">Avaluar els objectius TAC anuals.<\/p>\n<\/li>\n<li class=\"TYR86d wXCUfe zfr3Q\" dir=\"ltr\">\n<p class=\"CDt4Ke zfr3Q\" dir=\"ltr\">Avaluar les actuacions del Pla TAC.<\/p>\n<\/li>\n<li class=\"TYR86d wXCUfe zfr3Q\" dir=\"ltr\">\n<p class=\"CDt4Ke zfr3Q\" dir=\"ltr\">Avaluar l&#8217;organitzaci\u00f3 dels recursos tecnol\u00f2gics del curs.<\/p>\n<\/li>\n<li class=\"TYR86d wXCUfe zfr3Q\" dir=\"ltr\">\n<p class=\"CDt4Ke zfr3Q\" dir=\"ltr\">Actualitzar l&#8217;inventari de recursos tecnol\u00f2gics i digitals del centre.<\/p>\n<\/li>\n<li class=\"TYR86d wXCUfe zfr3Q\" dir=\"ltr\">\n<p class=\"CDt4Ke zfr3Q\" dir=\"ltr\">Elaborar materials d&#8217;an\u00e0lisis en relaci\u00f3 a les TAC que serveixin com a suport per a la presa de decisions del pr\u00f2xim curs.<\/p>\n<\/li>\n<li class=\"TYR86d wXCUfe zfr3Q\" dir=\"ltr\">\n<p class=\"CDt4Ke zfr3Q\" dir=\"ltr\">Deixar const\u00e0ncia de les propostes de millora per al nou curs en mat\u00e8ria TAC.<\/p>\n<\/li>\n<\/ul>\n<div id=\"h.wtqkfcmbvcm1\" class=\"GV3q8e aP9Z7e\"><\/div>\n<p class=\"CDt4Ke zfr3Q\" dir=\"ltr\">\n","protected":false},"excerpt":{"rendered":"<p>La Comissi\u00f3 digital est\u00e0 formada pel\u00a0 coordinador digital i un\u00a0 mestre representant de cada cicle. Aquesta comissi\u00f3 t\u00e9 com a objectiu desenvolupar el Pla digital i liderar la transformaci\u00f3 de l&#8217;institut-escola cap a un centre digital innovador.<\/p>\n<p>Membres:<br \/>\nManel Pi\u00f1eiro\u00a0| Coordinador digital<br \/>\nSandra Marcher | Mestra d&#8217;educaci\u00f3 infantil<br \/>\nM\u00f3nica&hellip;  <a href=\"https:\/\/agora.xtec.cat\/esc-martamata-vendrell\/edc\/estrategia-digital\/comissio-destrategia-digital\/\" title=\"Read Comissi\u00f3 digital de centre\">Llegeix m\u00e9s\u00bb<\/a><\/p>\n","protected":false},"author":58,"featured_media":0,"parent":12674,"menu_order":10,"comment_status":"closed","ping_status":"closed","template":"page-templates\/side-menu.php","meta":{"_bbp_topic_count":0,"_bbp_reply_count":0,"_bbp_total_topic_count":0,"_bbp_total_reply_count":0,"_bbp_voice_count":0,"_bbp_anonymous_reply_count":0,"_bbp_topic_count_hidden":0,"_bbp_reply_count_hidden":0,"_bbp_forum_subforum_count":0,"footnotes":""},"class_list":["post-11762","page","type-page","status-publish","hentry"],"post_mailing_queue_ids":[],"_links":{"self":[{"href":"https:\/\/agora.xtec.cat\/esc-martamata-vendrell\/wp-json\/wp\/v2\/pages\/11762","targetHints":{"allow":["GET"]}}],"collection":[{"href":"https:\/\/agora.xtec.cat\/esc-martamata-vendrell\/wp-json\/wp\/v2\/pages"}],"about":[{"href":"https:\/\/agora.xtec.cat\/esc-martamata-vendrell\/wp-json\/wp\/v2\/types\/page"}],"author":[{"embeddable":true,"href":"https:\/\/agora.xtec.cat\/esc-martamata-vendrell\/wp-json\/wp\/v2\/users\/58"}],"replies":[{"embeddable":true,"href":"https:\/\/agora.xtec.cat\/esc-martamata-vendrell\/wp-json\/wp\/v2\/comments?post=11762"}],"version-history":[{"count":4,"href":"https:\/\/agora.xtec.cat\/esc-martamata-vendrell\/wp-json\/wp\/v2\/pages\/11762\/revisions"}],"predecessor-version":[{"id":12714,"href":"https:\/\/agora.xtec.cat\/esc-martamata-vendrell\/wp-json\/wp\/v2\/pages\/11762\/revisions\/12714"}],"up":[{"embeddable":true,"href":"https:\/\/agora.xtec.cat\/esc-martamata-vendrell\/wp-json\/wp\/v2\/pages\/12674"}],"wp:attachment":[{"href":"https:\/\/agora.xtec.cat\/esc-martamata-vendrell\/wp-json\/wp\/v2\/media?parent=11762"}],"curies":[{"name":"wp","href":"https:\/\/api.w.org\/{rel}","templated":true}]}}