{"id":11747,"date":"2021-12-13T15:33:35","date_gmt":"2021-12-13T14:33:35","guid":{"rendered":"https:\/\/agora.xtec.cat\/esc-martamata-vendrell\/?page_id=11747"},"modified":"2022-12-19T14:33:16","modified_gmt":"2022-12-19T13:33:16","slug":"contextualitzacio-i-diagnosi","status":"publish","type":"page","link":"https:\/\/agora.xtec.cat\/esc-martamata-vendrell\/edc\/estrategia-digital\/contextualitzacio-i-diagnosi\/","title":{"rendered":"Contextualitzaci\u00f3 i diagnosi"},"content":{"rendered":"<h3>CONTEXTUALITZACI\u00d3<\/h3>\n<p>L&#8217;<strong>Escola Marta Mata<\/strong> inicia la seva estrat\u00e8gia digital de centre utilitzant com a referent el model digital i la necessitat d\u2019assolir la fita d\u2019una societat digitalment competent, fent \u00e8mfasi en l\u2019equitat i tenint en compte l\u2019evoluci\u00f3 del context social i tecnol\u00f2gic.<\/p>\n<h3>0.1. Visi\u00f3 del centre<\/h3>\n<section id=\"h.6ee6cd5c671be162_92\" class=\"yaqOZd\">\n<div class=\"mYVXT\">\n<div class=\"LS81yb VICjCf\" tabindex=\"-1\">\n<div class=\"hJDwNd-AhqUyc-uQSCkd purZT-AhqUyc-II5mzb pSzOP-AhqUyc-qWD73c JNdkSc yYI8W \">\n<div class=\"JNdkSc-SmKAyb\">\n<div class=\"\">\n<div class=\"oKdM2c\">\n<div id=\"h.6ee6cd5c671be162_101\" class=\"hJDwNd-AhqUyc-uQSCkd jXK9ad D2fZ2 wHaque GNzUNc\">\n<div class=\"jXK9ad-SmKAyb\">\n<div class=\"tyJCtd mGzaTb baZpAe\">\n<p class=\"CDt4Ke zfr3Q\" dir=\"ltr\">Les\u00a0<strong>Tecnologies de la Informacio\u0301 i la Comunicacio\u0301 (TIC)<\/strong>\u00a0han esdevingut eines que han modificat el model social, econo\u0300mic i educatiu. Aquest canvi de primer ordre ha reformulat el punt de vista de l\u2019educacio\u0301 amb aquestes eines. L\u2019escola ha de fer front a aquest nou repte per adequar els processos d\u2019ensenyament i l\u2019aprenentatge a aquest canviant mo\u0301n tecnolo\u0300gic. \u00c9s necessari que l\u2019escola incorpori les TIC en el dia a dia perqu\u00e8 esdevinguin\u00a0<strong>Tecnologies per a l\u2019Aprenentatge i el Coneixement (TAC)<\/strong>\u00a0en el context educatiu, facilitant a tot l\u2019alumnat i a la comunitat educativa la seva utilitzacio\u0301 per aprendre i comunicar-se.<\/p>\n<p class=\"CDt4Ke zfr3Q\" dir=\"ltr\">El repte que afronta el nostre centre \u00e9s el d\u2019utilitzar les TIC com una eina habitual en les activitats d\u2019ensenyament i aprenentatge, en l\u2019organitzacio\u0301 del centre i en la gestio\u0301 acade\u0300mica. Es tracta de materialitzar aquest apropament entre les tecnologies de la informacio\u0301 i la comunicacio\u0301 i el mo\u0301n educatiu, i facilitar l\u2019aprenentatge en l\u2019era digital, adaptant els continguts i aplicacions per transformar un model educatiu, basat en metodologies tradicionals, en una educaci\u00f3\u00a0fomentada en la\u00a0<strong>Societat del Coneixement<\/strong>.<\/p>\n<p class=\"CDt4Ke zfr3Q\" dir=\"ltr\">La nostra escola cerca el desenvolupament integral de la\u00a0<strong>compet\u00e8ncia digital<\/strong>\u00a0de tot el seu alumnat. Un desenvolupament que es duu a terme aplicant noves metodologies i eines digitals en els processos d\u2019ensenyament i aprenentatge perqu\u00e8 els infants assoleixin una compet\u00e8ncia digital que els permeti ser aut\u00f2noms i cr\u00edtics en l\u2019\u00fas de les TIC. L\u2019escola, com a agent democratitzador, ha de ser garant d\u2019aquest assoliment i afavorir la reducci\u00f3 de la fractura digital que encara\u00a0\u00e9s vigent en la nostra societat.<\/p>\n<\/div>\n<\/div>\n<\/div>\n<\/div>\n<\/div>\n<\/div>\n<\/div>\n<\/div>\n<\/div>\n<\/section>\n<section id=\"h.6ee6cd5c671be162_93\" class=\"yaqOZd\">\n<div class=\"IFuOkc\">\n<div class=\"oKdM2c Kzv0Me\">\n<div id=\"h.6ee6cd5c671be162_96\" class=\"hJDwNd-AhqUyc-uQSCkd jXK9ad D2fZ2 OjCsFc GNzUNc\">\n<div class=\"jXK9ad-SmKAyb\">\n<div class=\"tyJCtd mGzaTb baZpAe\">\n<h3 class=\"CjVfdc\">0.2. Diagnosi de la maduresa digital del centre<\/h3>\n<div><\/div>\n<\/div>\n<\/div>\n<\/div>\n<\/div>\n<div class=\"oKdM2c\">\n<div id=\"h.7c61e31f4c1db8fb_0\" class=\"hJDwNd-AhqUyc-uQSCkd jXK9ad D2fZ2 wHaque GNzUNc\">\n<div class=\"jXK9ad-SmKAyb\">\n<div class=\"tyJCtd mGzaTb baZpAe\">\n<p class=\"CDt4Ke zfr3Q\" dir=\"ltr\">Per realitzar la diagnosi de la maduresa digital del centre s&#8217;utilitzen dues eines d&#8217;avaluaci\u00f3: <strong>SELFIE <\/strong>i\u00a0 <strong>l&#8217;ENQUESTA DE COMPET\u00c8NCIA DIGITAL A DOCENTS.<\/strong><\/p>\n<p class=\"CDt4Ke zfr3Q\" dir=\"ltr\">S&#8217;ha implementat l&#8217;eina <span class=\" aw5Odc\"><a class=\"XqQF9c\" href=\"https:\/\/www.google.com\/url?q=https%3A%2F%2Fec.europa.eu%2Feducation%2Fschools-go-digital_es&amp;sa=D&amp;sntz=1&amp;usg=AFQjCNFc_ppkMA6JgmHQNFebtBoDird-CA\" target=\"_blank\" rel=\"noopener\">SELFIE<\/a><\/span> creada per la Comissi\u00f3 Europea d&#8217;educaci\u00f3 que permet a partir d&#8217;un q\u00fcestionari valoratiu amb preguntes diferenciades per a l&#8217;equip directiu, professorat i alumnat avaluar l&#8217;evoluci\u00f3 de la integraci\u00f3 de la tecnologia de l&#8217;institut-escola. Cada final d&#8217;any es repeteix el proc\u00e9s d&#8217;avaluaci\u00f3 per mesurar l&#8217;evoluci\u00f3 de la integraci\u00f3 de les TIC al centre i la seva maduresa digital.<\/p>\n<\/div>\n<\/div>\n<\/div>\n<\/div>\n<\/div>\n<div class=\"mYVXT\">\n<div class=\"LS81yb VICjCf\" tabindex=\"-1\">\n<div class=\"hJDwNd-AhqUyc-uQSCkd purZT-AhqUyc-II5mzb pSzOP-AhqUyc-qWD73c JNdkSc yYI8W \">\n<div class=\"JNdkSc-SmKAyb\">\n<div class=\"\">\n<div class=\"oKdM2c Kzv0Me\">\n<div id=\"h.6ee6cd5c671be162_96\" class=\"hJDwNd-AhqUyc-uQSCkd jXK9ad D2fZ2 OjCsFc GNzUNc\">\n<div class=\"jXK9ad-SmKAyb\">\n<div class=\"tyJCtd mGzaTb baZpAe\">\n<div class=\"CjVfdc\">\n<h4 class=\"PPhIP rviiZ\">RESULTATS DIAGNOSI DIGITAL SELFIE (Desembre 2021)<\/h4>\n<\/div>\n<\/div>\n<\/div>\n<\/div>\n<\/div>\n<\/div>\n<\/div>\n<\/div>\n<\/div>\n<\/div>\n<\/section>\n<div><\/div>\n<div><a href=\"https:\/\/agora.xtec.cat\/esc-martamata-vendrell\/wp-content\/uploads\/usu877\/2021\/12\/Overview-of-areas.png\"><img loading=\"lazy\" decoding=\"async\" class=\"alignnone size-large wp-image-11778\" src=\"https:\/\/agora.xtec.cat\/esc-martamata-vendrell\/wp-content\/uploads\/usu877\/2021\/12\/Overview-of-areas-742x1024.png\" alt=\"\" width=\"742\" height=\"1024\" srcset=\"https:\/\/agora.xtec.cat\/esc-martamata-vendrell\/wp-content\/uploads\/usu877\/2021\/12\/Overview-of-areas-742x1024.png 742w, https:\/\/agora.xtec.cat\/esc-martamata-vendrell\/wp-content\/uploads\/usu877\/2021\/12\/Overview-of-areas-217x300.png 217w, https:\/\/agora.xtec.cat\/esc-martamata-vendrell\/wp-content\/uploads\/usu877\/2021\/12\/Overview-of-areas-768x1060.png 768w, https:\/\/agora.xtec.cat\/esc-martamata-vendrell\/wp-content\/uploads\/usu877\/2021\/12\/Overview-of-areas-1113x1536.png 1113w, https:\/\/agora.xtec.cat\/esc-martamata-vendrell\/wp-content\/uploads\/usu877\/2021\/12\/Overview-of-areas-1484x2048.png 1484w\" sizes=\"auto, (max-width: 742px) 100vw, 742px\" \/><\/a><\/div>\n<div><\/div>\n<div><\/div>\n<section id=\"h.6ee6cd5c671be162_93\" class=\"yaqOZd\">\n<div class=\"mYVXT\">\n<div class=\"LS81yb VICjCf\" tabindex=\"-1\">\n<div class=\"hJDwNd-AhqUyc-uQSCkd purZT-AhqUyc-II5mzb pSzOP-AhqUyc-qWD73c JNdkSc yYI8W \">\n<div class=\"JNdkSc-SmKAyb\">\n<div class=\"\">\n<div class=\"oKdM2c\">\n<div id=\"h.7c61e31f4c1db8fb_0\" class=\"hJDwNd-AhqUyc-uQSCkd jXK9ad D2fZ2 wHaque GNzUNc\">\n<div class=\"jXK9ad-SmKAyb\">\n<div class=\"tyJCtd mGzaTb baZpAe\">\n<p class=\"CDt4Ke zfr3Q\" dir=\"ltr\"><a href=\"https:\/\/drive.google.com\/file\/d\/1e7aNwxLzoUBpxc_jBs2W4RmCbSVijIES\/view?usp=sharing\" target=\"_blank\" rel=\"noopener\">INFORME SELFIE<\/a> (Castell\u00e0)<\/p>\n<p dir=\"ltr\"><a href=\"https:\/\/drive.google.com\/file\/d\/1uKp0nA403tnM-hk6XU_kyrwnmdiU8bW6\/view?usp=sharing\" target=\"_blank\" rel=\"noopener\">INFORME SELFIE<\/a> (Catal\u00e0)<\/p>\n<p dir=\"ltr\">\n<\/div>\n<\/div>\n<\/div>\n<\/div>\n<\/div>\n<\/div>\n<\/div>\n<\/div>\n<\/div>\n<\/section>\n","protected":false},"excerpt":{"rendered":"<p>CONTEXTUALITZACI\u00d3<br \/>\nL&#8217;Escola Marta Mata inicia la seva estrat\u00e8gia digital de centre utilitzant com a referent el model digital i la necessitat d\u2019assolir la fita d\u2019una societat digitalment competent, fent \u00e8mfasi en l\u2019equitat i tenint en compte l\u2019evoluci\u00f3 del context social i tecnol\u00f2gic.<br \/>\n0.1. Visi\u00f3 del centre<\/p>\n<p>Les\u00a0Tecnologies de&hellip;  <a href=\"https:\/\/agora.xtec.cat\/esc-martamata-vendrell\/edc\/estrategia-digital\/contextualitzacio-i-diagnosi\/\" title=\"Read Contextualitzaci\u00f3 i diagnosi\">Llegeix m\u00e9s\u00bb<\/a><\/p>\n","protected":false},"author":58,"featured_media":0,"parent":12674,"menu_order":20,"comment_status":"closed","ping_status":"closed","template":"page-templates\/side-menu.php","meta":{"_bbp_topic_count":0,"_bbp_reply_count":0,"_bbp_total_topic_count":0,"_bbp_total_reply_count":0,"_bbp_voice_count":0,"_bbp_anonymous_reply_count":0,"_bbp_topic_count_hidden":0,"_bbp_reply_count_hidden":0,"_bbp_forum_subforum_count":0,"footnotes":""},"class_list":["post-11747","page","type-page","status-publish","hentry"],"post_mailing_queue_ids":[],"_links":{"self":[{"href":"https:\/\/agora.xtec.cat\/esc-martamata-vendrell\/wp-json\/wp\/v2\/pages\/11747","targetHints":{"allow":["GET"]}}],"collection":[{"href":"https:\/\/agora.xtec.cat\/esc-martamata-vendrell\/wp-json\/wp\/v2\/pages"}],"about":[{"href":"https:\/\/agora.xtec.cat\/esc-martamata-vendrell\/wp-json\/wp\/v2\/types\/page"}],"author":[{"embeddable":true,"href":"https:\/\/agora.xtec.cat\/esc-martamata-vendrell\/wp-json\/wp\/v2\/users\/58"}],"replies":[{"embeddable":true,"href":"https:\/\/agora.xtec.cat\/esc-martamata-vendrell\/wp-json\/wp\/v2\/comments?post=11747"}],"version-history":[{"count":4,"href":"https:\/\/agora.xtec.cat\/esc-martamata-vendrell\/wp-json\/wp\/v2\/pages\/11747\/revisions"}],"predecessor-version":[{"id":11781,"href":"https:\/\/agora.xtec.cat\/esc-martamata-vendrell\/wp-json\/wp\/v2\/pages\/11747\/revisions\/11781"}],"up":[{"embeddable":true,"href":"https:\/\/agora.xtec.cat\/esc-martamata-vendrell\/wp-json\/wp\/v2\/pages\/12674"}],"wp:attachment":[{"href":"https:\/\/agora.xtec.cat\/esc-martamata-vendrell\/wp-json\/wp\/v2\/media?parent=11747"}],"curies":[{"name":"wp","href":"https:\/\/api.w.org\/{rel}","templated":true}]}}