{"id":11524,"date":"2021-10-25T15:21:35","date_gmt":"2021-10-25T13:21:35","guid":{"rendered":"https:\/\/agora.xtec.cat\/esc-martamata-vendrell\/?page_id=11524"},"modified":"2022-12-19T14:30:07","modified_gmt":"2022-12-19T13:30:07","slug":"edc","status":"publish","type":"page","link":"https:\/\/agora.xtec.cat\/esc-martamata-vendrell\/edc\/","title":{"rendered":"Estrat\u00e8gia Digital de Centre"},"content":{"rendered":"<p>L&#8217;<strong>ESTRAT\u00c8GIA DIGITAL de CENTRE<\/strong>\u00a0<strong>(EDC) <\/strong>\u00a0\u00e9s un document que defineix, recull i concreta totes les l\u00ednies d&#8217;actuaci\u00f3 que es realitzen a l&#8217;escola, i les que es realitzaran a mitj\u00e0 termini, per aconseguir la m\u00e0xima compet\u00e8ncia digital de l\u2019alumnat, del professorat i del centre educatiu.<\/p>\n<div>Per tal de con\u00e8ixer l\u2019estrat\u00e8gia digital del centre podeu consultar els apartats: l\u2019<strong>estrat\u00e8gia digital<\/strong> i la <strong>cultura digital del centre<\/strong>.<\/div>\n<p>&nbsp;<\/p>\n<p><a class=\"button normal\" style=\"padding:1em;font-weight: 400;margin:0.1em;color:white !important;background-color:#ff5a26\" href=\"https:\/\/agora.xtec.cat\/esc-martamata-vendrell\/edc\/estrategia-digital\/\" target='_blank' rel=\"noopener noreferrer\">Estrat\u00e8gia digital<\/a><\/p>\n<p><a class=\"button normal\" style=\"padding:1em;font-weight: 400;margin:0.1em;color:white !important;background-color:#1fa799\" href=\"https:\/\/agora.xtec.cat\/esc-martamata-vendrell\/edc\/cultura-digital\/\" target='_blank' rel=\"noopener noreferrer\">Cultura digital<\/a><\/p>\n","protected":false},"excerpt":{"rendered":"<p>L&#8217;ESTRAT\u00c8GIA DIGITAL de CENTRE\u00a0(EDC) \u00a0\u00e9s un document que defineix, recull i concreta totes les l\u00ednies d&#8217;actuaci\u00f3 que es realitzen a l&#8217;escola, i les que es realitzaran a mitj\u00e0 termini, per aconseguir la m\u00e0xima compet\u00e8ncia digital de l\u2019alumnat, del professorat i del centre educatiu.<br \/>\nPer tal de&hellip;  <a href=\"https:\/\/agora.xtec.cat\/esc-martamata-vendrell\/edc\/\" title=\"Read Estrat\u00e8gia Digital de Centre\">Llegeix m\u00e9s\u00bb<\/a><\/p>\n","protected":false},"author":58,"featured_media":0,"parent":0,"menu_order":0,"comment_status":"closed","ping_status":"closed","template":"page-templates\/side-menu.php","meta":{"_bbp_topic_count":0,"_bbp_reply_count":0,"_bbp_total_topic_count":0,"_bbp_total_reply_count":0,"_bbp_voice_count":0,"_bbp_anonymous_reply_count":0,"_bbp_topic_count_hidden":0,"_bbp_reply_count_hidden":0,"_bbp_forum_subforum_count":0,"footnotes":""},"class_list":["post-11524","page","type-page","status-publish","hentry"],"post_mailing_queue_ids":[],"_links":{"self":[{"href":"https:\/\/agora.xtec.cat\/esc-martamata-vendrell\/wp-json\/wp\/v2\/pages\/11524","targetHints":{"allow":["GET"]}}],"collection":[{"href":"https:\/\/agora.xtec.cat\/esc-martamata-vendrell\/wp-json\/wp\/v2\/pages"}],"about":[{"href":"https:\/\/agora.xtec.cat\/esc-martamata-vendrell\/wp-json\/wp\/v2\/types\/page"}],"author":[{"embeddable":true,"href":"https:\/\/agora.xtec.cat\/esc-martamata-vendrell\/wp-json\/wp\/v2\/users\/58"}],"replies":[{"embeddable":true,"href":"https:\/\/agora.xtec.cat\/esc-martamata-vendrell\/wp-json\/wp\/v2\/comments?post=11524"}],"version-history":[{"count":3,"href":"https:\/\/agora.xtec.cat\/esc-martamata-vendrell\/wp-json\/wp\/v2\/pages\/11524\/revisions"}],"predecessor-version":[{"id":12713,"href":"https:\/\/agora.xtec.cat\/esc-martamata-vendrell\/wp-json\/wp\/v2\/pages\/11524\/revisions\/12713"}],"wp:attachment":[{"href":"https:\/\/agora.xtec.cat\/esc-martamata-vendrell\/wp-json\/wp\/v2\/media?parent=11524"}],"curies":[{"name":"wp","href":"https:\/\/api.w.org\/{rel}","templated":true}]}}