{"id":6641,"date":"2025-05-20T12:26:49","date_gmt":"2025-05-20T10:26:49","guid":{"rendered":"https:\/\/agora.xtec.cat\/esc-marinada-vilanova\/?page_id=6641"},"modified":"2026-03-10T13:51:03","modified_gmt":"2026-03-10T12:51:03","slug":"marinada-tv","status":"publish","type":"page","link":"https:\/\/agora.xtec.cat\/esc-marinada-vilanova\/marinada-tv\/","title":{"rendered":"Marinada TV"},"content":{"rendered":"<p>Aquest curs 2024-25 hem fet de reporters i reporteres durant el projecte interdisciplinari, creant un programa televisiu del nostre poble, Vilanova de Bellpuig.<\/p>\n<p>En un principi, es van decidir quines seccions eren les m\u00e9s importants en el nostre programa i, conseq\u00fcentment, cada grup internivell va ser associat a una diferent, en la qual ens expliquen i investiguen la influ\u00e8ncia que t\u00e9 i la seva import\u00e0ncia.<\/p>\n<p>Cada setmana publicarem dues seccions diferents, fins que al final tindreu tot el recull del programa <strong>Vilanova On Air<\/strong> a la presentaci\u00f3 seg\u00fcent.<\/p>\n<p>Esteu preparats i preparades per veure el nostre programa? Posa&#8217;t al dia amb els millors reportatges i seccions televisives!<\/p>\n<div class=\"container-wrapper-genially\" style=\"position: relative; min-height: 400px; max-width: 100%;\">\n<p><video class=\"loader-genially\" style=\"position: absolute; top: 45%; left: 50%; transform: translate(-50%, -50%); width: 80px; height: 80px; margin-bottom: 10%;\" autoplay=\"autoplay\" loop=\"loop\" muted=\"muted\" width=\"300\" height=\"150\"><source src=\"https:\/\/static.genially.com\/resources\/loader-default-rebranding.mp4\" type=\"video\/mp4\" \/>Your browser does not support the video tag.<\/video><\/p>\n<div id=\"682b3dca1b8592a4e45d0a43\" class=\"genially-embed\" style=\"margin: 0px auto; position: relative; height: auto; width: 100%;\"><\/div>\n<\/div>\n<p><script>(function (d) { var js, id = \"genially-embed-js\", ref = d.getElementsByTagName(\"script\")[0]; if (d.getElementById(id)) { return; } js = d.createElement(\"script\"); js.id = id; js.async = true; js.src = \"https:\/\/view.genially.com\/static\/embed\/embed.js\"; ref.parentNode.insertBefore(js, ref); }(document));<\/script><\/p>\n","protected":false},"excerpt":{"rendered":"<p>Aquest curs 2024-25 hem fet de reporters i reporteres durant el projecte interdisciplinari, creant un programa televisiu del nostre poble, Vilanova de Bellpuig. En un principi, es van decidir quines seccions eren les m\u00e9s importants en el nostre programa i, conseq\u00fcentment, cada grup internivell va ser associat a una diferent, en la qual ens expliquen [&hellip;]<\/p>\n","protected":false},"author":28,"featured_media":0,"parent":0,"menu_order":0,"comment_status":"closed","ping_status":"closed","template":"","meta":{"_bbp_topic_count":0,"_bbp_reply_count":0,"_bbp_total_topic_count":0,"_bbp_total_reply_count":0,"_bbp_voice_count":0,"_bbp_anonymous_reply_count":0,"_bbp_topic_count_hidden":0,"_bbp_reply_count_hidden":0,"_bbp_forum_subforum_count":0,"site-sidebar-layout":"no-sidebar","site-content-layout":"","ast-site-content-layout":"full-width-container","site-content-style":"boxed","site-sidebar-style":"default","ast-global-header-display":"","ast-banner-title-visibility":"","ast-main-header-display":"","ast-hfb-above-header-display":"","ast-hfb-below-header-display":"","ast-hfb-mobile-header-display":"","site-post-title":"","ast-breadcrumbs-content":"","ast-featured-img":"","footer-sml-layout":"","theme-transparent-header-meta":"default","adv-header-id-meta":"","stick-header-meta":"","header-above-stick-meta":"","header-main-stick-meta":"","header-below-stick-meta":"","astra-migrate-meta-layouts":"set","ast-page-background-enabled":"default","ast-page-background-meta":{"desktop":{"background-color":"var(--ast-global-color-4)","background-image":"","background-repeat":"repeat","background-position":"center center","background-size":"auto","background-attachment":"scroll","background-type":"","background-media":"","overlay-type":"","overlay-color":"","overlay-opacity":"","overlay-gradient":""},"tablet":{"background-color":"","background-image":"","background-repeat":"repeat","background-position":"center center","background-size":"auto","background-attachment":"scroll","background-type":"","background-media":"","overlay-type":"","overlay-color":"","overlay-opacity":"","overlay-gradient":""},"mobile":{"background-color":"","background-image":"","background-repeat":"repeat","background-position":"center center","background-size":"auto","background-attachment":"scroll","background-type":"","background-media":"","overlay-type":"","overlay-color":"","overlay-opacity":"","overlay-gradient":""}},"ast-content-background-meta":{"desktop":{"background-color":"var(--ast-global-color-5)","background-image":"","background-repeat":"repeat","background-position":"center center","background-size":"auto","background-attachment":"scroll","background-type":"","background-media":"","overlay-type":"","overlay-color":"","overlay-opacity":"","overlay-gradient":""},"tablet":{"background-color":"var(--ast-global-color-5)","background-image":"","background-repeat":"repeat","background-position":"center center","background-size":"auto","background-attachment":"scroll","background-type":"","background-media":"","overlay-type":"","overlay-color":"","overlay-opacity":"","overlay-gradient":""},"mobile":{"background-color":"var(--ast-global-color-5)","background-image":"","background-repeat":"repeat","background-position":"center center","background-size":"auto","background-attachment":"scroll","background-type":"","background-media":"","overlay-type":"","overlay-color":"","overlay-opacity":"","overlay-gradient":""}},"footnotes":""},"class_list":["post-6641","page","type-page","status-publish","hentry"],"post_mailing_queue_ids":[],"_links":{"self":[{"href":"https:\/\/agora.xtec.cat\/esc-marinada-vilanova\/wp-json\/wp\/v2\/pages\/6641","targetHints":{"allow":["GET"]}}],"collection":[{"href":"https:\/\/agora.xtec.cat\/esc-marinada-vilanova\/wp-json\/wp\/v2\/pages"}],"about":[{"href":"https:\/\/agora.xtec.cat\/esc-marinada-vilanova\/wp-json\/wp\/v2\/types\/page"}],"author":[{"embeddable":true,"href":"https:\/\/agora.xtec.cat\/esc-marinada-vilanova\/wp-json\/wp\/v2\/users\/28"}],"replies":[{"embeddable":true,"href":"https:\/\/agora.xtec.cat\/esc-marinada-vilanova\/wp-json\/wp\/v2\/comments?post=6641"}],"version-history":[{"count":6,"href":"https:\/\/agora.xtec.cat\/esc-marinada-vilanova\/wp-json\/wp\/v2\/pages\/6641\/revisions"}],"predecessor-version":[{"id":6935,"href":"https:\/\/agora.xtec.cat\/esc-marinada-vilanova\/wp-json\/wp\/v2\/pages\/6641\/revisions\/6935"}],"wp:attachment":[{"href":"https:\/\/agora.xtec.cat\/esc-marinada-vilanova\/wp-json\/wp\/v2\/media?parent=6641"}],"curies":[{"name":"wp","href":"https:\/\/api.w.org\/{rel}","templated":true}]}}