{"id":4684,"date":"2021-10-19T16:04:28","date_gmt":"2021-10-19T14:04:28","guid":{"rendered":"https:\/\/agora.xtec.cat\/esc-marinada-vilanova\/?page_id=4684"},"modified":"2026-03-10T13:50:53","modified_gmt":"2026-03-10T12:50:53","slug":"laboratori-de-transformacio-educativa","status":"publish","type":"page","link":"https:\/\/agora.xtec.cat\/esc-marinada-vilanova\/laboratori-de-transformacio-educativa\/","title":{"rendered":"Laboratori de Transformaci\u00f3 Educativa"},"content":{"rendered":"<p><strong>Programa d\u2019Innovaci\u00f3 d\u2019Acceleraci\u00f3 de la Transformaci\u00f3 Educativa \/ Eines per al Canvi (PAcTE\/ExC)<\/strong><\/p>\n<p>Aquest curs 21\/22, hem iniciat la reflexi\u00f3 sobre qu\u00e8, com i perqu\u00e8 la necessitat de la transformaci\u00f3 educativa. A partir d\u2019aquesta reflexi\u00f3 hem consensuat com a claustre formar part del Programa d\u2019acceleraci\u00f3 de la transformaci\u00f3 educativa\/eines per al canvi (PACTE), impulsat pel Departament d\u2019Educaci\u00f3 i amb una durada de 3 anys.<\/p>\n<p>Reflexions inicials de l&#8217;equip pedag\u00f2gic:<\/p>\n<p><a href=\"https:\/\/agora.xtec.cat\/esc-marinada-vilanova\/wp-content\/uploads\/usu1454\/2021\/10\/DEBAT-PEDAGOGIC.pdf\">DEBAT PEDAG\u00d2GIC<\/a><\/p>\n<p><a href=\"https:\/\/agora.xtec.cat\/esc-marinada-vilanova\/wp-content\/uploads\/usu1454\/2021\/10\/CONCLUSIONS-DEBAT.pdf\">CONCLUSIONS DEBAT<\/a><\/p>\n<p>Us convidem a veure el nostre diari d&#8217;aprenentatge en construcci\u00f3, en el que dia a dia millorem la nostra escola, fent part\u00edcips a tota la comunitat educativa.<\/p>\n<p><a href=\"https:\/\/www.canva.com\/design\/DAE2c_CYHI8\/sPik7nMDqYzWYQha_lAtaw\/view?utm_content=DAE2c_CYHI8&amp;utm_campaign=designshare&amp;utm_medium=link&amp;utm_source=publishsharelink\">ACC\u00c9S AL DIARI D&#8217;APRENENTATGE (EN PROC\u00c9S)<\/a><\/p>\n<p>Creem el nostre pla d&#8217;actuaci\u00f3 pel curs 2021-22.<\/p>\n<p><a href=\"https:\/\/docs.google.com\/document\/d\/1b0A7dDezqfHoepTxU2PVDn1slV9u0MwmWToJX4MSKUE\/edit?usp=sharing\">PLA D&#8217;ACTUACI\u00d3<\/a><\/p>\n<p>&nbsp;<\/p>\n","protected":false},"excerpt":{"rendered":"<p>Programa d\u2019Innovaci\u00f3 d\u2019Acceleraci\u00f3 de la Transformaci\u00f3 Educativa \/ Eines per al Canvi (PAcTE\/ExC) Aquest curs 21\/22, hem iniciat la reflexi\u00f3 sobre qu\u00e8, com i perqu\u00e8 la necessitat de la transformaci\u00f3 educativa. A partir d\u2019aquesta reflexi\u00f3 hem consensuat com a claustre formar part del Programa d\u2019acceleraci\u00f3 de la transformaci\u00f3 educativa\/eines per al canvi (PACTE), impulsat pel [&hellip;]<\/p>\n","protected":false},"author":28,"featured_media":0,"parent":0,"menu_order":0,"comment_status":"closed","ping_status":"closed","template":"","meta":{"_bbp_topic_count":0,"_bbp_reply_count":0,"_bbp_total_topic_count":0,"_bbp_total_reply_count":0,"_bbp_voice_count":0,"_bbp_anonymous_reply_count":0,"_bbp_topic_count_hidden":0,"_bbp_reply_count_hidden":0,"_bbp_forum_subforum_count":0,"site-sidebar-layout":"default","site-content-layout":"","ast-site-content-layout":"default","site-content-style":"default","site-sidebar-style":"default","ast-global-header-display":"","ast-banner-title-visibility":"","ast-main-header-display":"","ast-hfb-above-header-display":"","ast-hfb-below-header-display":"","ast-hfb-mobile-header-display":"","site-post-title":"","ast-breadcrumbs-content":"","ast-featured-img":"","footer-sml-layout":"","theme-transparent-header-meta":"default","adv-header-id-meta":"","stick-header-meta":"","header-above-stick-meta":"","header-main-stick-meta":"","header-below-stick-meta":"","astra-migrate-meta-layouts":"set","ast-page-background-enabled":"default","ast-page-background-meta":{"desktop":{"background-color":"var(--ast-global-color-4)","background-image":"","background-repeat":"repeat","background-position":"center center","background-size":"auto","background-attachment":"scroll","background-type":"","background-media":"","overlay-type":"","overlay-color":"","overlay-opacity":"","overlay-gradient":""},"tablet":{"background-color":"","background-image":"","background-repeat":"repeat","background-position":"center center","background-size":"auto","background-attachment":"scroll","background-type":"","background-media":"","overlay-type":"","overlay-color":"","overlay-opacity":"","overlay-gradient":""},"mobile":{"background-color":"","background-image":"","background-repeat":"repeat","background-position":"center center","background-size":"auto","background-attachment":"scroll","background-type":"","background-media":"","overlay-type":"","overlay-color":"","overlay-opacity":"","overlay-gradient":""}},"ast-content-background-meta":{"desktop":{"background-color":"var(--ast-global-color-5)","background-image":"","background-repeat":"repeat","background-position":"center center","background-size":"auto","background-attachment":"scroll","background-type":"","background-media":"","overlay-type":"","overlay-color":"","overlay-opacity":"","overlay-gradient":""},"tablet":{"background-color":"var(--ast-global-color-5)","background-image":"","background-repeat":"repeat","background-position":"center center","background-size":"auto","background-attachment":"scroll","background-type":"","background-media":"","overlay-type":"","overlay-color":"","overlay-opacity":"","overlay-gradient":""},"mobile":{"background-color":"var(--ast-global-color-5)","background-image":"","background-repeat":"repeat","background-position":"center center","background-size":"auto","background-attachment":"scroll","background-type":"","background-media":"","overlay-type":"","overlay-color":"","overlay-opacity":"","overlay-gradient":""}},"footnotes":""},"class_list":["post-4684","page","type-page","status-publish","hentry"],"post_mailing_queue_ids":[],"_links":{"self":[{"href":"https:\/\/agora.xtec.cat\/esc-marinada-vilanova\/wp-json\/wp\/v2\/pages\/4684","targetHints":{"allow":["GET"]}}],"collection":[{"href":"https:\/\/agora.xtec.cat\/esc-marinada-vilanova\/wp-json\/wp\/v2\/pages"}],"about":[{"href":"https:\/\/agora.xtec.cat\/esc-marinada-vilanova\/wp-json\/wp\/v2\/types\/page"}],"author":[{"embeddable":true,"href":"https:\/\/agora.xtec.cat\/esc-marinada-vilanova\/wp-json\/wp\/v2\/users\/28"}],"replies":[{"embeddable":true,"href":"https:\/\/agora.xtec.cat\/esc-marinada-vilanova\/wp-json\/wp\/v2\/comments?post=4684"}],"version-history":[{"count":3,"href":"https:\/\/agora.xtec.cat\/esc-marinada-vilanova\/wp-json\/wp\/v2\/pages\/4684\/revisions"}],"predecessor-version":[{"id":5006,"href":"https:\/\/agora.xtec.cat\/esc-marinada-vilanova\/wp-json\/wp\/v2\/pages\/4684\/revisions\/5006"}],"wp:attachment":[{"href":"https:\/\/agora.xtec.cat\/esc-marinada-vilanova\/wp-json\/wp\/v2\/media?parent=4684"}],"curies":[{"name":"wp","href":"https:\/\/api.w.org\/{rel}","templated":true}]}}