{"id":87,"date":"2014-09-18T14:28:12","date_gmt":"2014-09-18T13:28:12","guid":{"rendered":"http:\/\/agora.xtec.cat\/esc-mariapages-ordis\/?page_id=87"},"modified":"2023-09-24T16:10:43","modified_gmt":"2023-09-24T14:10:43","slug":"nivells","status":"publish","type":"page","link":"https:\/\/agora.xtec.cat\/esc-mariapages-ordis\/nivells\/","title":{"rendered":"CURSOS i ETAPES"},"content":{"rendered":"<p>La nostra escola s&#8217;organitza en dues etapes educatives:<\/p>\n<ul>\n<li>Infantil: De 3 a 6 anys, amb els tres cursos de I3, I4 i I5.<\/li>\n<li>Prim\u00e0ria: De 6 a 12 anys, amb sis cursos (de 1r a 6\u00e8) organitzats en tres cicles: Cicle Inicial (1r i 2n), Cicle Mitj\u00e0 (3r i 4t) i Cicle Superior (5\u00e8 i 6\u00e8).<\/li>\n<\/ul>\n<p>Quan els alumnes, amb 12 anys, acaben 6\u00e8 curs de Prim\u00e0ria, continuen a l&#8217;institut -ja fora de la nostra escola d&#8217;Ordis-\u00a0 la seva educaci\u00f3 obligat\u00f2ria fins als 16 anys per fer-hi la Secund\u00e0ria.<\/p>\n","protected":false},"excerpt":{"rendered":"<p>La nostra escola s&#8217;organitza en dues etapes educatives:<\/p>\n<ul>\n<li>Infantil: De 3 a 6 anys, amb els tres cursos de I3, I4 i I5.<\/li>\n<li>Prim\u00e0ria: De 6 a 12 anys, amb sis cursos (de 1r a 6\u00e8) organitzats en tres cicles: Cicle Inicial (1r i 2n), Cicle Mitj\u00e0&hellip;  <a href=\"https:\/\/agora.xtec.cat\/esc-mariapages-ordis\/nivells\/\" title=\"Read CURSOS i ETAPES\">Llegeix m\u00e9s\u00bb<\/a><br \/>\n","protected":false},"author":1,"featured_media":0,"parent":0,"menu_order":0,"comment_status":"closed","ping_status":"closed","template":"page-templates\/side-menu.php","meta":{"_bbp_topic_count":0,"_bbp_reply_count":0,"_bbp_total_topic_count":0,"_bbp_total_reply_count":0,"_bbp_voice_count":0,"_bbp_anonymous_reply_count":0,"_bbp_topic_count_hidden":0,"_bbp_reply_count_hidden":0,"_bbp_forum_subforum_count":0,"footnotes":""},"class_list":["post-87","page","type-page","status-publish","hentry"],"post_mailing_queue_ids":[],"_links":{"self":[{"href":"https:\/\/agora.xtec.cat\/esc-mariapages-ordis\/wp-json\/wp\/v2\/pages\/87","targetHints":{"allow":["GET"]}}],"collection":[{"href":"https:\/\/agora.xtec.cat\/esc-mariapages-ordis\/wp-json\/wp\/v2\/pages"}],"about":[{"href":"https:\/\/agora.xtec.cat\/esc-mariapages-ordis\/wp-json\/wp\/v2\/types\/page"}],"author":[{"embeddable":true,"href":"https:\/\/agora.xtec.cat\/esc-mariapages-ordis\/wp-json\/wp\/v2\/users\/1"}],"replies":[{"embeddable":true,"href":"https:\/\/agora.xtec.cat\/esc-mariapages-ordis\/wp-json\/wp\/v2\/comments?post=87"}],"version-history":[{"count":4,"href":"https:\/\/agora.xtec.cat\/esc-mariapages-ordis\/wp-json\/wp\/v2\/pages\/87\/revisions"}],"predecessor-version":[{"id":1985,"href":"https:\/\/agora.xtec.cat\/esc-mariapages-ordis\/wp-json\/wp\/v2\/pages\/87\/revisions\/1985"}],"wp:attachment":[{"href":"https:\/\/agora.xtec.cat\/esc-mariapages-ordis\/wp-json\/wp\/v2\/media?parent=87"}],"curies":[{"name":"wp","href":"https:\/\/api.w.org\/{rel}","templated":true}]}}