{"id":751,"date":"2020-10-21T20:40:29","date_gmt":"2020-10-21T18:40:29","guid":{"rendered":"https:\/\/agora.xtec.cat\/esc-mariapages-ordis\/?page_id=751"},"modified":"2026-01-04T13:20:14","modified_gmt":"2026-01-04T12:20:14","slug":"informacions-varies","status":"publish","type":"page","link":"https:\/\/agora.xtec.cat\/esc-mariapages-ordis\/lescola\/informacions-varies\/","title":{"rendered":"Informacions v\u00e0ries"},"content":{"rendered":"<p>INFORMACIONS del CURS 2025-26:<\/p>\n<table style=\"height: 264px; width: 96.5474%;\">\n<tbody>\n<tr style=\"height: 644px;\">\n<td style=\"width: 49.5543%; background-color: #dcf5f7; height: 22px; vertical-align: top;\">\n<h2>QUOTES per a material:<\/h2>\n<p>Recordeu que aquest any, la quota es paga en la seva totalitat (no hi ha els 30\u20ac de subvenci\u00f3 de l\u2019AFA). Ja es va informar en la reuni\u00f3 d&#8217;inici de curs amb les fam\u00edlies que l\u2019escola es faria c\u00e0rrec de la reprografia (fotoc\u00f2pies a l\u2019alumnat que es pagaran amb els ingressos per a despeses de funcionament que aporta el Departament). Aquest sistema permet no incrementar tant la quota tot i l\u2019adquisici\u00f3 dels estoigs a Prim\u00e0ria (es pagaran en el 2n any del cicle en qu\u00e8 no hi ha tanta despesa en llibres: el curs vinent, l&#8217;alumnat de 1r any de cicle pagaria els estoigs dels dos anys mentre que, en aquest curs, l&#8217;alumnat de 2n any de cicle nom\u00e9s paga l&#8217;estoig del present curs).<\/p>\n<p>&#8212;\u00a0 <strong>E.I:<\/strong>\u00a0 \u00a0 \u00a0 <strong>80\u20ac<\/strong><\/p>\n<p>&#8212;\u00a0 <strong>1r:<\/strong>\u00a0 \u00a0 \u00a0\u00a0<strong> 70\u20ac\u00a0 (tot i que no hi ha alumnes)<\/strong><\/p>\n<p>&#8212;\u00a0 <strong>2n<\/strong>:\u00a0 \u00a0 \u00a0 <strong>86\u20ac<\/strong><\/p>\n<p>&#8212;\u00a0 <strong>3r<\/strong>:\u00a0 \u00a0 \u00a0 \u00a0<strong>70\u20ac<\/strong><\/p>\n<p>&#8212;\u00a0 <strong>4t<\/strong>:\u00a0 \u00a0 \u00a0 \u00a0<strong>86\u20ac<\/strong><\/p>\n<p>&#8212;\u00a0 <strong>5\u00e8<\/strong>:\u00a0 \u00a0 \u00a0 <strong>70\u20ac<\/strong><\/p>\n<p>&#8212;\u00a0 <strong>6\u00e8<\/strong>:\u00a0\u00a0 <strong>\u00a0 \u00a086\u20ac<\/strong><\/p>\n<p>El n\u00famero de compte de l&#8217;escola on fer l&#8217;ingr\u00e9s \u00e9s el seg\u00fcent:<\/p>\n<ul>\n<li>\n<h4><strong>ES60 2100 5990 3802 0005 7552<\/strong><\/h4>\n<\/li>\n<\/ul>\n<p>Recordeu d&#8217;haver fet tots els ingressos dels vostres fills\/es\u00a0 <strong>abans del 15 de mar\u00e7. <\/strong><\/p>\n<p>Gr\u00e0cies per la vostra col\u00b7laboraci\u00f3!<\/p>\n<h2><\/h2>\n<p>&nbsp;<\/p>\n<p>&nbsp;<\/p>\n<p>&nbsp;<\/p>\n<p>&nbsp;<\/p>\n<p>&nbsp;<\/p>\n<p>&nbsp;<\/p>\n<p>&nbsp;<\/p>\n<p>&nbsp;<\/p>\n<p>&nbsp;<\/p>\n<p>&nbsp;<\/p>\n<p>&nbsp;<\/p>\n<p>&nbsp;<\/p>\n<p>&nbsp;<\/p>\n<p>&nbsp;<\/p>\n<p>&nbsp;<\/p>\n<p>&nbsp;<\/p>\n<p>&nbsp;<\/p>\n<p>&nbsp;<\/p>\n<p>&nbsp;<\/p>\n<h2><\/h2>\n<h2><\/h2>\n<p>&nbsp;<\/td>\n<td style=\"width: 76.2923%; background-color: #dcdef5; height: 22px; vertical-align: top;\">\n<h2 style=\"text-align: center;\">CELEBRACIONS<\/h2>\n<p>Aquest curs es preveuen aquestes celebracions :<\/p>\n<p style=\"padding-left: 40px;\">&#8211; <strong>Castanyada<\/strong> (30 d&#8217;octubre)<\/p>\n<p style=\"padding-left: 40px;\">&#8211; <strong>Nadal<\/strong> (mat\u00ed del 19 de desembre): poemes nadalencs, cantada de nadales, cagada ti\u00f3, etc.<\/p>\n<p style=\"padding-left: 40px;\">&#8211; <strong>Dijous Gras<\/strong> (12 de febrer): excursi\u00f3 a peu a l&#8217;entorn d&#8217;Ordis<\/p>\n<p style=\"padding-left: 40px;\">&#8211; <strong>Carnestoltes<\/strong> (tarda del 17de febrer)<\/p>\n<p style=\"padding-left: 40px;\">&#8211; <strong>Pasqua<\/strong> (tarda del divendres 27 de mar\u00e7): taller de mones<\/p>\n<p style=\"padding-left: 40px;\">&#8211; <strong>Sant Jordi<\/strong> (22 d&#8217;abril, dimecres tarda): <a href=\"https:\/\/agora.xtec.cat\/esc-mariapages-ordis\/sant-jordis\/\">SANT J&#8217;ORDIS<\/a>.<\/p>\n<p style=\"padding-left: 40px;\">&#8211; <strong>Teatre<\/strong> (24 d&#8217;abril,\u00a0 a les 7 del vespre).<\/p>\n<p>&nbsp;<\/p>\n<p>&nbsp;<\/p>\n<p>&nbsp;<\/td>\n<\/tr>\n<tr style=\"height: 33px;\">\n<td style=\"width: 49.5543%; height: 122px;\">\n<h2><\/h2>\n<p>&nbsp;<\/p>\n<p>&nbsp;<\/p>\n<p>&nbsp;<\/p>\n<p>&nbsp;<\/p>\n<p>&nbsp;<\/p>\n<p>&nbsp;<\/p>\n<p>&nbsp;<\/p>\n<p>&nbsp;<\/p>\n<p>&nbsp;<\/p>\n<p>&nbsp;<\/p>\n<p>&nbsp;<\/p>\n<p>&nbsp;<\/p>\n<p>&nbsp;<\/p>\n<p>&nbsp;<\/p>\n<p>&nbsp;<\/p>\n<p>&nbsp;<\/p>\n<p>&nbsp;<\/p>\n<p>&nbsp;<\/p>\n<p>&nbsp;<\/p>\n<p>&nbsp;<\/p>\n<p>&nbsp;<\/p>\n<p>&nbsp;<\/p>\n<p>&nbsp;<\/p>\n<p>&nbsp;<\/p>\n<p>&nbsp;<\/p>\n<p>&nbsp;<\/p>\n<p>&nbsp;<\/p>\n<p>&nbsp;<\/p>\n<p>&nbsp;<\/p>\n<p>&nbsp;<\/p>\n<p>&nbsp;<\/p>\n<p>&nbsp;<\/p>\n<p>&nbsp;<\/p>\n<p>&nbsp;<\/p>\n<h2><\/h2>\n<h2><em>[Del 1r trimestre del passat 2024-25]<\/em><\/h2>\n<h2>QUOTES per a material:<\/h2>\n<p>&nbsp;<\/p>\n<p>\u2022 El material\u00a0 est\u00e0 subvencionat en 30 \u20ac per l\u2019AFA:<\/p>\n<p>&#8212;\u00a0 <strong>E.I:<\/strong>\u00a0\u00a0 80 &#8211; 30 =\u00a0\u00a0\u00a0\u00a0\u00a0\u00a0\u00a0\u00a0\u00a0\u00a0 <strong>50\u20ac<\/strong><\/p>\n<p>&#8212;\u00a0 <strong>1r:<\/strong>\u00a0\u00a0\u00a0 90 &#8211; 30=\u00a0\u00a0\u00a0\u00a0\u00a0\u00a0\u00a0\u00a0\u00a0\u00a0\u00a0<strong> 60\u20ac<\/strong><\/p>\n<p>&#8212;\u00a0 <strong>2n<\/strong>:\u00a0 100 &#8211; 30=\u00a0\u00a0\u00a0\u00a0\u00a0\u00a0\u00a0\u00a0\u00a0\u00a0 <strong>70\u20ac<\/strong><\/p>\n<p>&#8212;\u00a0 <strong>3r<\/strong>:\u00a0\u00a0 70 &#8211; 30=\u00a0\u00a0\u00a0\u00a0\u00a0\u00a0\u00a0\u00a0\u00a0\u00a0\u00a0\u00a0 <strong>40\u20ac<\/strong><\/p>\n<p>&#8212;\u00a0 <strong>4t<\/strong>:\u00a0\u00a0 110 \u00a0 &#8211; 30=\u00a0\u00a0\u00a0\u00a0\u00a0\u00a0\u00a0\u00a0 <strong>80\u20ac<\/strong><\/p>\n<p>&#8212;\u00a0 <strong>5\u00e8<\/strong>:\u00a0\u00a0 70 &#8211; 30=\u00a0\u00a0\u00a0\u00a0\u00a0\u00a0\u00a0\u00a0\u00a0 \u00a0 <strong>40\u20ac<\/strong><\/p>\n<p>&#8212;\u00a0 <strong>6\u00e8<\/strong>:\u00a0\u00a0 110 &#8211; 30=\u00a0 \u00a0 \u00a0 \u00a0 \u00a0 <strong>80\u20ac<\/strong><\/p>\n<p>El n\u00famero de compte de l&#8217;escola on fer l&#8217;ingr\u00e9s \u00e9s el seg\u00fcent:<\/p>\n<p><strong>ES60 2100 5990 3802 0005 7552<\/strong><\/p>\n<p>Recordeu d&#8217;haver fet tots els ingressos dels vostres fills\/es\u00a0 abans del 15 de novembre.<\/p>\n<p>&nbsp;<\/p>\n<h2>QUOTES per a sortides (1r trim. 2025-26):<\/h2>\n<p>Aquesta quota inclou totes les sortides programades al llarg del curs (tamb\u00e9 les col\u00f2nies en el cas de Prim\u00e0ria). <strong>Si no es pot pagar tota la quota \u00edntegra abans del 10 d\u2019octubre,<\/strong> caldria que \u2013a tall de <strong>reserva per l\u2019estada a Can Caball\u00e9-<\/strong> les fam\u00edlies anticip\u00e9ssiu la quantitat de<strong> 15\u20ac per fill\/a d\u2019Ed. Infantil<\/strong> i <strong>30\u20ac per fill\/a de Prim\u00e0ria. \u00a0<\/strong>En el sup\u00f2sit que no assistissin a Can Caball\u00e9, no cal fer l&#8217;abonament i cal descomptar el cost de Can Caball\u00e9 a l&#8217;hora de fer l&#8217;ingr\u00e9s (115\u20ac a Prim\u00e0ria i 28\u20ac a Infantil). Abans del 31 d&#8217;octubre cal haver abonat el total de la quota (o b\u00e9 parlar-ne amb l&#8217;Equip Directiu si hi ha algun problema per tal de trobar-hi soluci\u00f3). Recordeu que en el cas de 2n i 3r, aquesta quota tamb\u00e9 inclou els 35\u20ac que es paguen per al curset de nataci\u00f3 a Torremirona.<\/p>\n<h5>&#8211;\u00a0 E.I.:\u00a0 \u00a0 \u00a0 \u00a0 75\u20ac\u00a0 \u00a0 (o b\u00e9 15\u20ac + 60\u20ac) &#8212;-&gt; 47\u20ac sense Can Caball\u00e9.<\/h5>\n<h5>&#8211;\u00a0 2n:\u00a0 \u00a0 \u00a0 \u00a0 \u00a0197\u20ac\u00a0 \u00a0(o b\u00e9 30\u20ac + 167\u20ac) &#8211;&gt; 82\u20ac sense Can Caball\u00e9.<\/h5>\n<h5>&#8211;\u00a0 3r.:\u00a0 \u00a0 \u00a0 \u00a0 \u00a0221\u20ac\u00a0 \u00a0(o b\u00e9 30\u20ac + 191\u20ac) &#8211;&gt; 106\u20ac sense Can Caball\u00e9.<\/h5>\n<h5>&#8211;\u00a0 4t.:\u00a0 \u00a0 \u00a0 \u00a0 \u00a0186\u20ac\u00a0 \u00a0(o b\u00e9 30\u20ac + 156\u20ac) &#8211;&gt; 71\u20ac sense Can Caball\u00e9.<\/h5>\n<h5>&#8211;\u00a0 C.S.:\u00a0 \u00a0 \u00a0 180\u20ac\u00a0 \u00a0(o b\u00e9 30\u20ac + 150\u20ac)\u00a0 &#8211;&gt; 65\u20ac sense Can Caball\u00e9.<\/h5>\n<p>El n\u00famero de compte de l&#8217;escola on fer l&#8217;ingr\u00e9s \u00e9s el seg\u00fcent:<\/p>\n<ul>\n<li>\n<h4><strong>ES60 2100 5990 3802 0005 7552<\/strong><\/h4>\n<\/li>\n<\/ul>\n<p>Especifiqueu el nom de cada alumne\/a en fer la transfer\u00e8ncia.<\/p>\n<p>No dubteu a contactar amb l&#8217;Equip Directiu per qualsevol problema o especificitat.<\/p>\n<p>Gr\u00e0cies!<\/p>\n<p>&nbsp;<\/p>\n<p>&nbsp;<\/p>\n<p>&nbsp;<\/td>\n<td style=\"width: 76.2923%; height: 122px;\">\n<h2><\/h2>\n<h2><\/h2>\n<h2><\/h2>\n<h2><\/h2>\n<h2><\/h2>\n<h2><\/h2>\n<h2><\/h2>\n<h2><\/h2>\n<h2><\/h2>\n<h2><\/h2>\n<h2><\/h2>\n<h2><\/h2>\n<h2><\/h2>\n<h2><\/h2>\n<h2><\/h2>\n<h2><\/h2>\n<h2><\/h2>\n<h2><\/h2>\n<h2><\/h2>\n<h2><\/h2>\n<h2><\/h2>\n<h2><\/h2>\n<h2><\/h2>\n<h2><\/h2>\n<h2><\/h2>\n<h2><\/h2>\n<h2><\/h2>\n<h2><\/h2>\n<h2><\/h2>\n<h2><\/h2>\n<h2><\/h2>\n<h2><\/h2>\n<h2><\/h2>\n<h2><\/h2>\n<h2><\/h2>\n<h2><em>\u00a0<\/em><\/h2>\n<p>&nbsp;<\/p>\n<p>&nbsp;<\/td>\n<\/tr>\n<\/tbody>\n<\/table>\n<p>&nbsp;<\/p>\n","protected":false},"excerpt":{"rendered":"<p>INFORMACIONS del CURS 2025-26:<\/p>\n<p>QUOTES per a material:<br \/>\nRecordeu que aquest any, la quota es paga en la seva totalitat (no hi ha els 30\u20ac de subvenci\u00f3 de l\u2019AFA). Ja es va informar en la reuni\u00f3 d&#8217;inici de curs amb les fam\u00edlies que l\u2019escola es faria c\u00e0rrec&hellip;  <a href=\"https:\/\/agora.xtec.cat\/esc-mariapages-ordis\/lescola\/informacions-varies\/\" title=\"Read Informacions v\u00e0ries\">Llegeix m\u00e9s\u00bb<\/a><\/p>\n","protected":false},"author":1,"featured_media":0,"parent":22,"menu_order":90,"comment_status":"closed","ping_status":"closed","template":"page-templates\/side-menu.php","meta":{"_bbp_topic_count":0,"_bbp_reply_count":0,"_bbp_total_topic_count":0,"_bbp_total_reply_count":0,"_bbp_voice_count":0,"_bbp_anonymous_reply_count":0,"_bbp_topic_count_hidden":0,"_bbp_reply_count_hidden":0,"_bbp_forum_subforum_count":0,"footnotes":""},"class_list":["post-751","page","type-page","status-publish","hentry"],"post_mailing_queue_ids":[],"_links":{"self":[{"href":"https:\/\/agora.xtec.cat\/esc-mariapages-ordis\/wp-json\/wp\/v2\/pages\/751","targetHints":{"allow":["GET"]}}],"collection":[{"href":"https:\/\/agora.xtec.cat\/esc-mariapages-ordis\/wp-json\/wp\/v2\/pages"}],"about":[{"href":"https:\/\/agora.xtec.cat\/esc-mariapages-ordis\/wp-json\/wp\/v2\/types\/page"}],"author":[{"embeddable":true,"href":"https:\/\/agora.xtec.cat\/esc-mariapages-ordis\/wp-json\/wp\/v2\/users\/1"}],"replies":[{"embeddable":true,"href":"https:\/\/agora.xtec.cat\/esc-mariapages-ordis\/wp-json\/wp\/v2\/comments?post=751"}],"version-history":[{"count":6,"href":"https:\/\/agora.xtec.cat\/esc-mariapages-ordis\/wp-json\/wp\/v2\/pages\/751\/revisions"}],"predecessor-version":[{"id":2515,"href":"https:\/\/agora.xtec.cat\/esc-mariapages-ordis\/wp-json\/wp\/v2\/pages\/751\/revisions\/2515"}],"up":[{"embeddable":true,"href":"https:\/\/agora.xtec.cat\/esc-mariapages-ordis\/wp-json\/wp\/v2\/pages\/22"}],"wp:attachment":[{"href":"https:\/\/agora.xtec.cat\/esc-mariapages-ordis\/wp-json\/wp\/v2\/media?parent=751"}],"curies":[{"name":"wp","href":"https:\/\/api.w.org\/{rel}","templated":true}]}}