{"id":71,"date":"2014-09-18T12:44:56","date_gmt":"2014-09-18T11:44:56","guid":{"rendered":"http:\/\/agora.xtec.cat\/esc-mariapages-ordis\/?page_id=71"},"modified":"2022-08-31T13:40:09","modified_gmt":"2022-08-31T11:40:09","slug":"serveis-digitals","status":"publish","type":"page","link":"https:\/\/agora.xtec.cat\/esc-mariapages-ordis\/serveis\/serveis-digitals\/","title":{"rendered":"Serveis digitals"},"content":{"rendered":"<p>La nostra escola, a m\u00e9s de la web on esteu navegant, ofereix d&#8217;altres serveis digitals.<\/p>\n<p>En primer lloc, a trav\u00e9s de<a href=\"https:\/\/edu.google.com\/intl\/es-419_ALL\/products\/workspace-for-education\/education-fundamentals\/\" target=\"_blank\" rel=\"noopener noreferrer\"> Workspace for Education<\/a>, de Google (antic G-Suite), el nostre centre ofereix als seus alumnes un servei digital personalitzat que, sobretot a partir de Prim\u00e0ria i, en especial, des de Cicle Mitj\u00e0, s&#8217;utilitza freq\u00fcentment i, cada vegada, de manera m\u00e9s aut\u00f2noma per tal de familiaritzar-se en eines digitals com el correu electr\u00f2nic, el Drive (amb documents compartits), el Google Classroom, etc.<\/p>\n<p>D&#8217;altra banda, al llarg de l&#8217;escolaritat de Prim\u00e0ria, els alumnes utilitzen la plataforma digital d&#8217;aprenentatge<a href=\"https:\/\/www.clicat.eu\/\" target=\"_blank\" rel=\"noopener noreferrer\"> CLICA&#8217;T <\/a>que s&#8217;utilitza per tal de complementar alguns dels aprenentatges que fem a l&#8217;aula i refor\u00e7ar-los (o ampliar-los).<\/p>\n<p>Finalment, el centre tamb\u00e9 utilitza d&#8217;altres plataformes educatives (com <a href=\"https:\/\/edubook.vicensvives.com\/ca\/\" target=\"_blank\" rel=\"noopener noreferrer\">Edubook<\/a>) que proporcionen algunes editorials i que ajuden els nostres alumnes a familiaritzar-se en aquest m\u00f3n digital a m\u00e9s de refor\u00e7ar o ampliar els aprenentatges a trav\u00e9s d&#8217;aquests serveis digitals.<\/p>\n<p style=\"text-align: center;\">\u00a0\u00a0<a href=\"https:\/\/agora.xtec.cat\/esc-mariapages-ordis\/estrategia-digital-de-centre-edc\/\">\u00a0 &#8212;&#8212;&#8212;&#8212;&#8212;&#8212;-<\/a><\/p>\n","protected":false},"excerpt":{"rendered":"<p>La nostra escola, a m\u00e9s de la web on esteu navegant, ofereix d&#8217;altres serveis digitals.<br \/>\nEn primer lloc, a trav\u00e9s de<a href=\"https:\/\/edu.google.com\/intl\/es-419_ALL\/products\/workspace-for-education\/education-fundamentals\/\" target=\"_blank\" rel=\"noopener noreferrer\"> Workspace for Education<\/a>, de Google (antic G-Suite), el nostre centre ofereix als seus alumnes un servei digital personalitzat que, sobretot a&hellip;  <a href=\"https:\/\/agora.xtec.cat\/esc-mariapages-ordis\/serveis\/serveis-digitals\/\" title=\"Read Serveis digitals\">Llegeix m\u00e9s\u00bb<\/a><\/p>\n","protected":false},"author":1,"featured_media":0,"parent":66,"menu_order":20,"comment_status":"closed","ping_status":"closed","template":"page-templates\/side-menu.php","meta":{"_bbp_topic_count":0,"_bbp_reply_count":0,"_bbp_total_topic_count":0,"_bbp_total_reply_count":0,"_bbp_voice_count":0,"_bbp_anonymous_reply_count":0,"_bbp_topic_count_hidden":0,"_bbp_reply_count_hidden":0,"_bbp_forum_subforum_count":0,"footnotes":""},"class_list":["post-71","page","type-page","status-publish","hentry"],"post_mailing_queue_ids":[],"_links":{"self":[{"href":"https:\/\/agora.xtec.cat\/esc-mariapages-ordis\/wp-json\/wp\/v2\/pages\/71","targetHints":{"allow":["GET"]}}],"collection":[{"href":"https:\/\/agora.xtec.cat\/esc-mariapages-ordis\/wp-json\/wp\/v2\/pages"}],"about":[{"href":"https:\/\/agora.xtec.cat\/esc-mariapages-ordis\/wp-json\/wp\/v2\/types\/page"}],"author":[{"embeddable":true,"href":"https:\/\/agora.xtec.cat\/esc-mariapages-ordis\/wp-json\/wp\/v2\/users\/1"}],"replies":[{"embeddable":true,"href":"https:\/\/agora.xtec.cat\/esc-mariapages-ordis\/wp-json\/wp\/v2\/comments?post=71"}],"version-history":[{"count":4,"href":"https:\/\/agora.xtec.cat\/esc-mariapages-ordis\/wp-json\/wp\/v2\/pages\/71\/revisions"}],"predecessor-version":[{"id":1482,"href":"https:\/\/agora.xtec.cat\/esc-mariapages-ordis\/wp-json\/wp\/v2\/pages\/71\/revisions\/1482"}],"up":[{"embeddable":true,"href":"https:\/\/agora.xtec.cat\/esc-mariapages-ordis\/wp-json\/wp\/v2\/pages\/66"}],"wp:attachment":[{"href":"https:\/\/agora.xtec.cat\/esc-mariapages-ordis\/wp-json\/wp\/v2\/media?parent=71"}],"curies":[{"name":"wp","href":"https:\/\/api.w.org\/{rel}","templated":true}]}}