{"id":66,"date":"2014-09-18T12:40:47","date_gmt":"2014-09-18T11:40:47","guid":{"rendered":"http:\/\/agora.xtec.cat\/esc-mariapages-ordis\/?page_id=66"},"modified":"2020-10-23T20:24:22","modified_gmt":"2020-10-23T18:24:22","slug":"serveis","status":"publish","type":"page","link":"https:\/\/agora.xtec.cat\/esc-mariapages-ordis\/serveis\/","title":{"rendered":"Serveis"},"content":{"rendered":"<p>En aquesta secci\u00f3 fem saber a les fam\u00edlies dels serveis que ofereix el centre. La missi\u00f3 educativa no es limita a l&#8217;eix curricular sin\u00f3 que hi ha d&#8217;altres \u00e0mbits en qu\u00e8, des de l&#8217;escola, no nom\u00e9s a trav\u00e9s de l&#8217;acci\u00f3 docent del seu claustre, tamb\u00e9 incidim en aquest objectiu. Educar \u00e9s aquest objectiu compartit amb les fam\u00edlies i els altres actors que intervenen a l&#8217;escola.<\/p>\n<p>&nbsp;<\/p>\n","protected":false},"excerpt":{"rendered":"<p>En aquesta secci\u00f3 fem saber a les fam\u00edlies dels serveis que ofereix el centre. La missi\u00f3 educativa no es limita a l&#8217;eix curricular sin\u00f3 que hi ha d&#8217;altres \u00e0mbits en qu\u00e8, des de l&#8217;escola, no nom\u00e9s a trav\u00e9s de l&#8217;acci\u00f3 docent del seu claustre, tamb\u00e9&hellip;  <a href=\"https:\/\/agora.xtec.cat\/esc-mariapages-ordis\/serveis\/\" title=\"Read Serveis\">Llegeix m\u00e9s\u00bb<\/a><\/p>\n","protected":false},"author":1,"featured_media":0,"parent":0,"menu_order":0,"comment_status":"closed","ping_status":"closed","template":"page-templates\/side-menu.php","meta":{"_bbp_topic_count":0,"_bbp_reply_count":0,"_bbp_total_topic_count":0,"_bbp_total_reply_count":0,"_bbp_voice_count":0,"_bbp_anonymous_reply_count":0,"_bbp_topic_count_hidden":0,"_bbp_reply_count_hidden":0,"_bbp_forum_subforum_count":0,"footnotes":""},"class_list":["post-66","page","type-page","status-publish","hentry"],"post_mailing_queue_ids":[],"_links":{"self":[{"href":"https:\/\/agora.xtec.cat\/esc-mariapages-ordis\/wp-json\/wp\/v2\/pages\/66","targetHints":{"allow":["GET"]}}],"collection":[{"href":"https:\/\/agora.xtec.cat\/esc-mariapages-ordis\/wp-json\/wp\/v2\/pages"}],"about":[{"href":"https:\/\/agora.xtec.cat\/esc-mariapages-ordis\/wp-json\/wp\/v2\/types\/page"}],"author":[{"embeddable":true,"href":"https:\/\/agora.xtec.cat\/esc-mariapages-ordis\/wp-json\/wp\/v2\/users\/1"}],"replies":[{"embeddable":true,"href":"https:\/\/agora.xtec.cat\/esc-mariapages-ordis\/wp-json\/wp\/v2\/comments?post=66"}],"version-history":[{"count":3,"href":"https:\/\/agora.xtec.cat\/esc-mariapages-ordis\/wp-json\/wp\/v2\/pages\/66\/revisions"}],"predecessor-version":[{"id":624,"href":"https:\/\/agora.xtec.cat\/esc-mariapages-ordis\/wp-json\/wp\/v2\/pages\/66\/revisions\/624"}],"wp:attachment":[{"href":"https:\/\/agora.xtec.cat\/esc-mariapages-ordis\/wp-json\/wp\/v2\/media?parent=66"}],"curies":[{"name":"wp","href":"https:\/\/api.w.org\/{rel}","templated":true}]}}