{"id":658,"date":"2020-09-27T20:56:43","date_gmt":"2020-09-27T18:56:43","guid":{"rendered":"https:\/\/agora.xtec.cat\/esc-mariapages-ordis\/?page_id=658"},"modified":"2020-09-27T20:59:08","modified_gmt":"2020-09-27T18:59:08","slug":"primaria","status":"publish","type":"page","link":"https:\/\/agora.xtec.cat\/esc-mariapages-ordis\/nivells\/primaria\/","title":{"rendered":"PRIM\u00c0RIA"},"content":{"rendered":"<p>Aquesta etapa educativa consta de 6 cursos i s&#8217;allarga dels 6 als 12 anys.<\/p>\n<p>Est\u00e0 organitzada en tres cicles de dos anys cadascun (Inicial, Mitj\u00e0 i Superior). Al nostre centre, una escola rural, els agrupaments d&#8217;aula no corresponen a cada curs sin\u00f3 que, en funci\u00f3 dels anys, el nombre d&#8217;alumnes i la disponibilitat de docents, aquests agrupaments acostumen a abarcar diferents cursos (a vegades per cicles o, fins i tot, tres diferents nivells a la vegada); a m\u00e9s, aquests agrupaments poden canviar en funci\u00f3 de la mat\u00e8ria que s&#8217;imparteixi en cada moment.<\/p>\n<p>En aquesta etapa tamb\u00e9 hi s\u00f3n molt importants les especialitats que hi exerceixen determinats docents: Educaci\u00f3 F\u00edsica, Angl\u00e8s i M\u00fasica.<\/p>\n<p>Aqu\u00ed us deixem un parell d&#8217;enlla\u00e7os d&#8217;especialitats que s&#8217;imparteixen a la nostra escola:<\/p>\n<ul>\n<li style=\"list-style-type: none;\">\n<ul>\n<li style=\"list-style-type: none;\">\n<ul>\n<li><a href=\"https:\/\/sites.google.com\/xtec.cat\/musica-coral-ordis\" target=\"_blank\" rel=\"noopener noreferrer\">M\u00fasica<\/a><\/li>\n<li><a href=\"https:\/\/sites.google.com\/xtec.cat\/angles-ordis\" target=\"_blank\" rel=\"noopener noreferrer\">Angl\u00e8s<\/a><\/li>\n<\/ul>\n<\/li>\n<\/ul>\n<\/li>\n<\/ul>\n<p>&nbsp;<\/p>\n","protected":false},"excerpt":{"rendered":"<p>Aquesta etapa educativa consta de 6 cursos i s&#8217;allarga dels 6 als 12 anys.<br \/>\nEst\u00e0 organitzada en tres cicles de dos anys cadascun (Inicial, Mitj\u00e0 i Superior). Al nostre centre, una escola rural, els agrupaments d&#8217;aula no corresponen a cada curs sin\u00f3 que, en funci\u00f3 dels&hellip;  <a href=\"https:\/\/agora.xtec.cat\/esc-mariapages-ordis\/nivells\/primaria\/\" title=\"Read PRIM\u00c0RIA\">Llegeix m\u00e9s\u00bb<\/a><\/p>\n","protected":false},"author":1,"featured_media":0,"parent":87,"menu_order":17,"comment_status":"closed","ping_status":"closed","template":"page-templates\/side-menu.php","meta":{"_bbp_topic_count":0,"_bbp_reply_count":0,"_bbp_total_topic_count":0,"_bbp_total_reply_count":0,"_bbp_voice_count":0,"_bbp_anonymous_reply_count":0,"_bbp_topic_count_hidden":0,"_bbp_reply_count_hidden":0,"_bbp_forum_subforum_count":0,"footnotes":""},"class_list":["post-658","page","type-page","status-publish","hentry"],"post_mailing_queue_ids":[],"_links":{"self":[{"href":"https:\/\/agora.xtec.cat\/esc-mariapages-ordis\/wp-json\/wp\/v2\/pages\/658","targetHints":{"allow":["GET"]}}],"collection":[{"href":"https:\/\/agora.xtec.cat\/esc-mariapages-ordis\/wp-json\/wp\/v2\/pages"}],"about":[{"href":"https:\/\/agora.xtec.cat\/esc-mariapages-ordis\/wp-json\/wp\/v2\/types\/page"}],"author":[{"embeddable":true,"href":"https:\/\/agora.xtec.cat\/esc-mariapages-ordis\/wp-json\/wp\/v2\/users\/1"}],"replies":[{"embeddable":true,"href":"https:\/\/agora.xtec.cat\/esc-mariapages-ordis\/wp-json\/wp\/v2\/comments?post=658"}],"version-history":[{"count":1,"href":"https:\/\/agora.xtec.cat\/esc-mariapages-ordis\/wp-json\/wp\/v2\/pages\/658\/revisions"}],"predecessor-version":[{"id":659,"href":"https:\/\/agora.xtec.cat\/esc-mariapages-ordis\/wp-json\/wp\/v2\/pages\/658\/revisions\/659"}],"up":[{"embeddable":true,"href":"https:\/\/agora.xtec.cat\/esc-mariapages-ordis\/wp-json\/wp\/v2\/pages\/87"}],"wp:attachment":[{"href":"https:\/\/agora.xtec.cat\/esc-mariapages-ordis\/wp-json\/wp\/v2\/media?parent=658"}],"curies":[{"name":"wp","href":"https:\/\/api.w.org\/{rel}","templated":true}]}}