{"id":64,"date":"2014-09-18T12:39:08","date_gmt":"2014-09-18T11:39:08","guid":{"rendered":"http:\/\/agora.xtec.cat\/esc-mariapages-ordis\/?page_id=64"},"modified":"2022-08-25T11:35:41","modified_gmt":"2022-08-25T09:35:41","slug":"projecte-educatiu","status":"publish","type":"page","link":"https:\/\/agora.xtec.cat\/esc-mariapages-ordis\/projecte-educatiu\/","title":{"rendered":"Projecte educatiu"},"content":{"rendered":"<p>Aqu\u00ed podeu veure i llegir el nostre Projecte Educatiu de Centre (PEC). En aquesta altra <a href=\"https:\/\/agora.xtec.cat\/esc-mariapages-ordis\/docs\/projecte-educatiu-de-centre-pec-i-altres-documents-descola-projecte-linguistic-pla-de-convivencia-pla-tac-i-nofc\/\">p\u00e0gina de documents<\/a>, juntament amb el PEC tamb\u00e9 en trobareu d&#8217;altres que perfilen l&#8217;organitzaci\u00f3 i gesti\u00f3 del centre (Pla ling\u00fc\u00edstic, NOFC, Pla de conviv\u00e8ncia i Pla TAC).<\/p>\n<p><iframe loading=\"lazy\" src=\"https:\/\/drive.google.com\/file\/d\/0BxW843y6pNj3Z2RPODRtRlI1MUk\/preview\" width=\"800\" height=\"700\"><span style=\"display: inline-block; width: 0px; overflow: hidden; line-height: 0;\" data-mce-type=\"bookmark\" class=\"mce_SELRES_start\">\ufeff<\/span><span style=\"display: inline-block; width: 0px; overflow: hidden; line-height: 0;\" data-mce-type=\"bookmark\" class=\"mce_SELRES_start\">\ufeff<\/span><\/iframe><\/p>\n","protected":false},"excerpt":{"rendered":"<p>Aqu\u00ed podeu veure i llegir el nostre Projecte Educatiu de Centre (PEC). En aquesta altra <a href=\"https:\/\/agora.xtec.cat\/esc-mariapages-ordis\/docs\/projecte-educatiu-de-centre-pec-i-altres-documents-descola-projecte-linguistic-pla-de-convivencia-pla-tac-i-nofc\/\">p\u00e0gina de documents<\/a>, juntament amb el PEC tamb\u00e9 en trobareu d&#8217;altres que perfilen l&#8217;organitzaci\u00f3 i gesti\u00f3 del centre (Pla ling\u00fc\u00edstic, NOFC, Pla de conviv\u00e8ncia i Pla TAC).<br \/>\n\ufeff\ufeff<\/p>\n","protected":false},"author":1,"featured_media":0,"parent":0,"menu_order":0,"comment_status":"closed","ping_status":"closed","template":"page-templates\/side-menu.php","meta":{"_bbp_topic_count":0,"_bbp_reply_count":0,"_bbp_total_topic_count":0,"_bbp_total_reply_count":0,"_bbp_voice_count":0,"_bbp_anonymous_reply_count":0,"_bbp_topic_count_hidden":0,"_bbp_reply_count_hidden":0,"_bbp_forum_subforum_count":0,"footnotes":""},"class_list":["post-64","page","type-page","status-publish","hentry"],"post_mailing_queue_ids":[],"_links":{"self":[{"href":"https:\/\/agora.xtec.cat\/esc-mariapages-ordis\/wp-json\/wp\/v2\/pages\/64","targetHints":{"allow":["GET"]}}],"collection":[{"href":"https:\/\/agora.xtec.cat\/esc-mariapages-ordis\/wp-json\/wp\/v2\/pages"}],"about":[{"href":"https:\/\/agora.xtec.cat\/esc-mariapages-ordis\/wp-json\/wp\/v2\/types\/page"}],"author":[{"embeddable":true,"href":"https:\/\/agora.xtec.cat\/esc-mariapages-ordis\/wp-json\/wp\/v2\/users\/1"}],"replies":[{"embeddable":true,"href":"https:\/\/agora.xtec.cat\/esc-mariapages-ordis\/wp-json\/wp\/v2\/comments?post=64"}],"version-history":[{"count":3,"href":"https:\/\/agora.xtec.cat\/esc-mariapages-ordis\/wp-json\/wp\/v2\/pages\/64\/revisions"}],"predecessor-version":[{"id":1477,"href":"https:\/\/agora.xtec.cat\/esc-mariapages-ordis\/wp-json\/wp\/v2\/pages\/64\/revisions\/1477"}],"wp:attachment":[{"href":"https:\/\/agora.xtec.cat\/esc-mariapages-ordis\/wp-json\/wp\/v2\/media?parent=64"}],"curies":[{"name":"wp","href":"https:\/\/api.w.org\/{rel}","templated":true}]}}