{"id":638,"date":"2020-09-25T20:10:32","date_gmt":"2020-09-25T18:10:32","guid":{"rendered":"https:\/\/agora.xtec.cat\/esc-mariapages-ordis\/?page_id=638"},"modified":"2024-09-05T09:03:53","modified_gmt":"2024-09-05T07:03:53","slug":"afa-de-lescola","status":"publish","type":"page","link":"https:\/\/agora.xtec.cat\/esc-mariapages-ordis\/afa-de-lescola\/","title":{"rendered":"AFA de l&#8217;escola"},"content":{"rendered":"<p>L\u2019Associaci\u00f3 de Fam\u00edlies d\u2019Alumnes (AFA) de l\u2019Escola Maria Pag\u00e8s i Trayter d\u2019Ordis \u00e9s el punt de trobada de totes les fam\u00edlies dels i de les alumnes del centre. \u00c9s l\u2019espai on podem intercanviar experi\u00e8ncies i inquietuds i des d\u2019on podem treballar per la millora de l\u2019escola, de l\u2019educaci\u00f3 i de l\u2019entorn juntament amb la resta de la comunitat educativa.<\/p>\n<p>La nostra AFA \u00e9s petita i \u00e9s una pe\u00e7a clau de la realitat social i cultural d\u2019Ordis. \u00c9s per aix\u00f2 que les activitats de l\u2019AFA no estan estrictament vinculades a la comunitat educativa sin\u00f3 que tamb\u00e9 volen contribuir a fer d\u2019Ordis un poble viu i din\u00e0mic.<\/p>\n<p>Les<strong>\u00a0tasques principals de l\u2019AFA<\/strong>\u00a0s\u00f3n les seg\u00fcents:<\/p>\n<ol>\n<li style=\"list-style-type: none;\">\n<ol>\n<li>Donar suport i participar en el proc\u00e9s educatiu i d\u2019aprenentatge de l\u2019escola.<\/li>\n<li>Participar activament en la vida i gesti\u00f3 de l\u2019escola.<\/li>\n<li>Afavorir la cohesi\u00f3 social de la comunitat educativa.<\/li>\n<li>Dinamitzar les activitats del poble.<\/li>\n<\/ol>\n<\/li>\n<\/ol>\n<p>Des de l\u2019AFA treballem\u00a0<strong>assemble\u00e0riament.<\/strong> L\u2019assemblea \u00e9s l\u2019\u00f2rgan de m\u00e0xima decisi\u00f3 de l\u2019entitat i es convoca sempre que sigui necess\u00e0ria a trav\u00e9s del correu electr\u00f2nic, del grup de whatsapp i del taulell d\u2019anuncis de l\u2019escola.<\/p>\n<p>La quota anual de l\u2019AFA \u00e9s, inicialment, de 30\u20ac per fam\u00edlia i s\u2019efectua el cobrament el novembre de cada curs escolar. Formar part de l\u2019AFA pressuposa participar activament a les assemblees i a les activitats que s\u2019hi desenvolupen i tamb\u00e9 beneficiar-se de les activitats que l\u2019AFA subvenciona i d\u2019aquelles que s\u00f3n finan\u00e7ades per institucions p\u00fabliques.<\/p>\n<p>L\u2019equip de la\u00a0<strong>Junta de l\u2019AFA<\/strong>\u00a0est\u00e0 representada per les seg\u00fcents fam\u00edlies durant el curs 2024-2025:<\/p>\n<ul>\n<li style=\"list-style-type: none;\">\n<ul>\n<li style=\"list-style-type: none;\">\n<ul>\n<li>Presidenta: <em>Carlota Andr\u00e9s i Mart\u00ed-Sensat<\/em>.<\/li>\n<li>Secret\u00e0ria: <em>Elisa Duran i Plana<\/em><\/li>\n<li>Tresorer: <em>Jaume Barriach i Gay\u00e0<\/em><\/li>\n<\/ul>\n<\/li>\n<\/ul>\n<\/li>\n<\/ul>\n<p>Aix\u00ed mateix, diverses fam\u00edlies s\u2019encarreguen d\u2019altres \u00e0mbits necessaris pel desenvolupament de la comunitat educativa:<\/p>\n<ul>\n<li style=\"list-style-type: none;\">\n<ul>\n<li style=\"list-style-type: none;\">\n<ul>\n<li>Representant de fam\u00edlies al Consell Escolar: <em>Francesc Arquer i Borja Balsera<\/em>.<\/li>\n<li>Representant de l\u2019AFA al Consell Escolar: <em>Maria Carrillo<\/em>.<\/li>\n<li>Menjador escolar: <em>Elisa Duran.<\/em><\/li>\n<li>Activitats extraescolars: <em>mecanografia i nataci\u00f3<\/em>.<\/li>\n<li>Socialitzaci\u00f3 de llibres:<em> N\u00faria Poblet i Carlota Andr\u00e9s<\/em>.<\/li>\n<\/ul>\n<\/li>\n<\/ul>\n<\/li>\n<\/ul>\n<p>Per qualsevol dubte ens podeu escriure a\u00a0<a href=\"mailto:afa@escolaordis.cat\"><span lang=\"CA\"><u>afa@escolaordis.cat<\/u><\/span><\/a>\u00a0, per q\u00fcestions relacionades amb el pagament de rebuts o comptabilitat us podeu adre\u00e7ar a\u00a0<span lang=\"CA\"><a href=\"mailto:tresoreria.afa@escolaordis.cat\">tresoreria.afa@escolaordis.cat<\/a>.\u00a0<\/span><\/p>\n<p>La documentaci\u00f3 que tenim a disposici\u00f3 de les fam\u00edlies,\u00a0 la trobareu a l\u2019apartat de la web de <a href=\"https:\/\/agora.xtec.cat\/esc-mariapages-ordis\/docs\/documents-de-lafa\/\">DOCUMENTS de l\u2019AFA<\/a>.<\/p>\n<p><span lang=\"CA\">La nostra\u00a0<b>adre\u00e7a postal<\/b>\u00a0\u00e9s la seg\u00fcent:<\/span><\/p>\n<p><span lang=\"CA\">AFA Escola Maria Pag\u00e8s i Trayter<br \/>\nc\/ de les Escoles, 4<br \/>\n17772 ORDIS<br \/>\n(Girona<b>)<\/b><\/span><\/p>\n<p>&nbsp;<\/p>\n","protected":false},"excerpt":{"rendered":"<p>L\u2019Associaci\u00f3 de Fam\u00edlies d\u2019Alumnes (AFA) de l\u2019Escola Maria Pag\u00e8s i Trayter d\u2019Ordis \u00e9s el punt de trobada de totes les fam\u00edlies dels i de les alumnes del centre. \u00c9s l\u2019espai on podem intercanviar experi\u00e8ncies i inquietuds i des d\u2019on podem treballar per la millora de&hellip;  <a href=\"https:\/\/agora.xtec.cat\/esc-mariapages-ordis\/afa-de-lescola\/\" title=\"Read AFA de l&#8217;escola\">Llegeix m\u00e9s\u00bb<\/a><\/p>\n","protected":false},"author":1,"featured_media":0,"parent":0,"menu_order":0,"comment_status":"closed","ping_status":"closed","template":"page-templates\/side-menu.php","meta":{"_bbp_topic_count":0,"_bbp_reply_count":0,"_bbp_total_topic_count":0,"_bbp_total_reply_count":0,"_bbp_voice_count":0,"_bbp_anonymous_reply_count":0,"_bbp_topic_count_hidden":0,"_bbp_reply_count_hidden":0,"_bbp_forum_subforum_count":0,"footnotes":""},"class_list":["post-638","page","type-page","status-publish","hentry"],"post_mailing_queue_ids":[],"_links":{"self":[{"href":"https:\/\/agora.xtec.cat\/esc-mariapages-ordis\/wp-json\/wp\/v2\/pages\/638","targetHints":{"allow":["GET"]}}],"collection":[{"href":"https:\/\/agora.xtec.cat\/esc-mariapages-ordis\/wp-json\/wp\/v2\/pages"}],"about":[{"href":"https:\/\/agora.xtec.cat\/esc-mariapages-ordis\/wp-json\/wp\/v2\/types\/page"}],"author":[{"embeddable":true,"href":"https:\/\/agora.xtec.cat\/esc-mariapages-ordis\/wp-json\/wp\/v2\/users\/1"}],"replies":[{"embeddable":true,"href":"https:\/\/agora.xtec.cat\/esc-mariapages-ordis\/wp-json\/wp\/v2\/comments?post=638"}],"version-history":[{"count":6,"href":"https:\/\/agora.xtec.cat\/esc-mariapages-ordis\/wp-json\/wp\/v2\/pages\/638\/revisions"}],"predecessor-version":[{"id":2264,"href":"https:\/\/agora.xtec.cat\/esc-mariapages-ordis\/wp-json\/wp\/v2\/pages\/638\/revisions\/2264"}],"wp:attachment":[{"href":"https:\/\/agora.xtec.cat\/esc-mariapages-ordis\/wp-json\/wp\/v2\/media?parent=638"}],"curies":[{"name":"wp","href":"https:\/\/api.w.org\/{rel}","templated":true}]}}