{"id":630,"date":"2020-09-20T19:19:21","date_gmt":"2020-09-20T17:19:21","guid":{"rendered":"https:\/\/agora.xtec.cat\/esc-mariapages-ordis\/?page_id=630"},"modified":"2025-07-29T18:19:29","modified_gmt":"2025-07-29T16:19:29","slug":"cursos-passats","status":"publish","type":"page","link":"https:\/\/agora.xtec.cat\/esc-mariapages-ordis\/lescola\/historia\/cursos-passats\/","title":{"rendered":"Cursos passats"},"content":{"rendered":"<p>En aquesta p\u00e0gina hi teniu els enlla\u00e7os als reculls fotogr\u00e0fics, de v\u00eddeos i altres que disposem de cursos passats des que, cap a l&#8217;any 2006, l&#8217;escola va comen\u00e7ar a disposar de web pr\u00f2pia. Uns pocs anys abans, ja hi havia una web de la ZER Canigonenca on l&#8217;escola havia estat juntament amb les de Borrass\u00e0 i LLad\u00f3 (tamb\u00e9 accessible).\u00a0 A partir del curs 2011-12, l&#8217;acc\u00e9s ja \u00e9s restringit a trav\u00e9s d&#8217;un compte de correu electr\u00f2nic identificatiu.<\/p>\n<table class=\" aligncenter\" style=\"height: 241px; width: 704px;\" width=\"645\">\n<tbody>\n<tr>\n<td style=\"border-style: solid; border-color: #000000; background-color: #91d8f2; text-align: center; width: 174.417px;\" colspan=\"4\">\n<h3><a href=\"https:\/\/6pfgvv8utz46dpcery898w.on.drv.tw\/WEB\/web%20zer%20canigonenca\/index.htm\" target=\"_blank\" rel=\"noopener\">Mem\u00f2ria web antiga ZER Canigonenca<\/a><\/h3>\n<\/td>\n<\/tr>\n<tr>\n<td style=\"border-style: solid; border-color: #000000; background-color: #91d8f2; text-align: center; width: 174.417px;\">\n<h2><a href=\"http:\/\/www.xtec.cat\/esc-mariapages-ordis\/curs-passats-06-07.htm\" target=\"_blank\" rel=\"noopener noreferrer\">2006-07<\/a><\/h2>\n<\/td>\n<td style=\"border-style: solid; border-color: #000000; background-color: #91d8f2; text-align: center; width: 174.417px;\">\n<h2><a href=\"http:\/\/www.xtec.cat\/esc-mariapages-ordis\/curs-passats-07-08.htm\" target=\"_blank\" rel=\"noopener noreferrer\">2007-08<\/a><\/h2>\n<\/td>\n<td style=\"border-style: solid; border-color: #000000; background-color: #91d8f2; text-align: center; width: 174.417px;\">\n<h2><a href=\"http:\/\/www.xtec.cat\/esc-mariapages-ordis\/curs-passats-08-09.htm\" target=\"_blank\" rel=\"noopener noreferrer\">2008-09<\/a><\/h2>\n<\/td>\n<td style=\"border-style: solid; border-color: #000000; background-color: #91d8f2; text-align: center; width: 168.75px;\">\n<h2><a href=\"http:\/\/www.xtec.cat\/esc-mariapages-ordis\/curs-passats-09-10.html\" target=\"_blank\" rel=\"noopener noreferrer\">2009-10<\/a><\/h2>\n<\/td>\n<\/tr>\n<tr>\n<td style=\"border-style: solid; border-color: #000000; background-color: #91d8f2; text-align: center; width: 174.417px;\">\n<h2><a href=\"http:\/\/www.xtec.cat\/esc-mariapages-ordis\/curs-passats-10-11.html\" target=\"_blank\" rel=\"noopener noreferrer\">2010-11<\/a><\/h2>\n<\/td>\n<td style=\"border-style: solid; border-color: #000000; background-color: #91d8f2; text-align: center; width: 174.417px;\">\n<h2><a href=\"https:\/\/sites.google.com\/xtec.cat\/ordis-curs-2011-12\/curs-2011-12\" target=\"_blank\" rel=\"noopener noreferrer\">2011-12<\/a><\/h2>\n<\/td>\n<td style=\"border-style: solid; border-color: #000000; background-color: #91d8f2; text-align: center; width: 174.417px;\">\n<h2><a href=\"https:\/\/sites.google.com\/xtec.cat\/ordis-curs-2012-13\/curs-2012-13\" target=\"_blank\" rel=\"noopener noreferrer\">2012-13<\/a><\/h2>\n<\/td>\n<td style=\"border-style: solid; border-color: #000000; background-color: #91d8f2; text-align: center; width: 168.75px;\">\n<h2><a href=\"https:\/\/sites.google.com\/xtec.cat\/ordis-curs-2013-14\/curs-2013-14\" target=\"_blank\" rel=\"noopener noreferrer\">2013-14<\/a><\/h2>\n<\/td>\n<\/tr>\n<tr>\n<td style=\"border-style: solid; border-color: #000000; background-color: #91d8f2; text-align: center; width: 174.417px;\">\n<h2><a href=\"https:\/\/sites.google.com\/xtec.cat\/ordis-curs-2014-15\/curs-2014-15\" target=\"_blank\" rel=\"noopener noreferrer\">2014-15<\/a><\/h2>\n<\/td>\n<td style=\"border-style: solid; border-color: #000000; background-color: #91d8f2; text-align: center; width: 174.417px;\">\n<h2><a href=\"https:\/\/sites.google.com\/xtec.cat\/ordis-curs-2015-16\/curs-2015-16\" target=\"_blank\" rel=\"noopener noreferrer\">2015-16<\/a><\/h2>\n<\/td>\n<td style=\"border-style: solid; border-color: #000000; background-color: #91d8f2; text-align: center; width: 174.417px;\">\n<h2><a href=\"https:\/\/sites.google.com\/xtec.cat\/ordis-curs-2016-17\/curs-2016-17\" target=\"_blank\" rel=\"noopener noreferrer\">2016-17<\/a><\/h2>\n<\/td>\n<td style=\"border-style: solid; border-color: #000000; background-color: #91d8f2; text-align: center; width: 168.75px;\">\n<h2><a href=\"https:\/\/sites.google.com\/xtec.cat\/ordis-curs-2017-18\" target=\"_blank\" rel=\"noopener noreferrer\">2017-18<\/a><\/h2>\n<\/td>\n<\/tr>\n<tr>\n<td style=\"border-style: solid; border-color: #000000; background-color: #91d8f2; text-align: center; width: 174.417px;\">\n<h2><a href=\"https:\/\/sites.google.com\/xtec.cat\/ordis-2018-19\/curs-2018-19\" target=\"_blank\" rel=\"noopener noreferrer\">2018-19<\/a><\/h2>\n<\/td>\n<td style=\"border-style: solid; border-color: #000000; background-color: #91d8f2; text-align: center; width: 174.417px;\">\n<h2><a href=\"https:\/\/sites.google.com\/xtec.cat\/ordis-curs-2019-20\/curs-2019-20\" target=\"_blank\" rel=\"noopener noreferrer\">2019-20<\/a><\/h2>\n<\/td>\n<td style=\"border-style: solid; border-color: #000000; background-color: #91d8f2; text-align: center; width: 174.417px;\">\n<h2><a href=\"https:\/\/sites.google.com\/xtec.cat\/ordis-curs-2020-21\/fotos-i-videos\">2020-21<\/a><\/h2>\n<\/td>\n<td style=\"border-style: solid; border-color: #000000; background-color: #91d8f2; text-align: center; width: 168.75px;\">\n<h2><a href=\"https:\/\/sites.google.com\/xtec.cat\/ordis-curs-2021-22\/fotos-i-videos\">2021-22<\/a><\/h2>\n<\/td>\n<\/tr>\n<tr>\n<td style=\"border-style: solid; border-color: #000000; background-color: #91d8f2; text-align: center; width: 174.417px;\">\n<h2><a href=\"https:\/\/sites.google.com\/xtec.cat\/ordis-curs-2022-23\/fotos-i-videos\" target=\"_blank\" rel=\"noopener\">2022-23<\/a><\/h2>\n<\/td>\n<td style=\"border-style: solid; border-color: #000000; background-color: #91d8f2; text-align: center; width: 174.417px;\">\n<h2><a href=\"https:\/\/sites.google.com\/xtec.cat\/ordis-curs-2023-24\/fotos-i-videos\" target=\"_blank\" rel=\"noopener\">2023-24<\/a><\/h2>\n<\/td>\n<td style=\"border-style: solid; border-color: #000000; background-color: #91d8f2; text-align: center; width: 174.417px;\">\n<h2><a href=\"https:\/\/sites.google.com\/xtec.cat\/ordis-curs-2024-25\/fotos-i-videos\" target=\"_blank\" rel=\"noopener\">2024-25<\/a><\/h2>\n<\/td>\n<td style=\"border-style: solid; border-color: #000000; background-color: #91d8f2; text-align: center; width: 168.75px;\">\n<h2><\/h2>\n<\/td>\n<\/tr>\n<\/tbody>\n<\/table>\n<h2><\/h2>\n<h2><\/h2>\n<p>&nbsp;<\/p>\n<p>&nbsp;<\/p>\n<p>&nbsp;<\/p>\n<p>&nbsp;<\/p>\n","protected":false},"excerpt":{"rendered":"<p>En aquesta p\u00e0gina hi teniu els enlla\u00e7os als reculls fotogr\u00e0fics, de v\u00eddeos i altres que disposem de cursos passats des que, cap a l&#8217;any 2006, l&#8217;escola va comen\u00e7ar a disposar de web pr\u00f2pia. Uns pocs anys abans, ja hi havia una web de la ZER&hellip;  <a href=\"https:\/\/agora.xtec.cat\/esc-mariapages-ordis\/lescola\/historia\/cursos-passats\/\" title=\"Read Cursos passats\">Llegeix m\u00e9s\u00bb<\/a><\/p>\n","protected":false},"author":1,"featured_media":0,"parent":26,"menu_order":10,"comment_status":"closed","ping_status":"closed","template":"page-templates\/side-menu.php","meta":{"_bbp_topic_count":0,"_bbp_reply_count":0,"_bbp_total_topic_count":0,"_bbp_total_reply_count":0,"_bbp_voice_count":0,"_bbp_anonymous_reply_count":0,"_bbp_topic_count_hidden":0,"_bbp_reply_count_hidden":0,"_bbp_forum_subforum_count":0,"footnotes":""},"class_list":["post-630","page","type-page","status-publish","hentry"],"post_mailing_queue_ids":[],"_links":{"self":[{"href":"https:\/\/agora.xtec.cat\/esc-mariapages-ordis\/wp-json\/wp\/v2\/pages\/630","targetHints":{"allow":["GET"]}}],"collection":[{"href":"https:\/\/agora.xtec.cat\/esc-mariapages-ordis\/wp-json\/wp\/v2\/pages"}],"about":[{"href":"https:\/\/agora.xtec.cat\/esc-mariapages-ordis\/wp-json\/wp\/v2\/types\/page"}],"author":[{"embeddable":true,"href":"https:\/\/agora.xtec.cat\/esc-mariapages-ordis\/wp-json\/wp\/v2\/users\/1"}],"replies":[{"embeddable":true,"href":"https:\/\/agora.xtec.cat\/esc-mariapages-ordis\/wp-json\/wp\/v2\/comments?post=630"}],"version-history":[{"count":6,"href":"https:\/\/agora.xtec.cat\/esc-mariapages-ordis\/wp-json\/wp\/v2\/pages\/630\/revisions"}],"predecessor-version":[{"id":2429,"href":"https:\/\/agora.xtec.cat\/esc-mariapages-ordis\/wp-json\/wp\/v2\/pages\/630\/revisions\/2429"}],"up":[{"embeddable":true,"href":"https:\/\/agora.xtec.cat\/esc-mariapages-ordis\/wp-json\/wp\/v2\/pages\/26"}],"wp:attachment":[{"href":"https:\/\/agora.xtec.cat\/esc-mariapages-ordis\/wp-json\/wp\/v2\/media?parent=630"}],"curies":[{"name":"wp","href":"https:\/\/api.w.org\/{rel}","templated":true}]}}