{"id":36,"date":"2014-09-18T12:33:11","date_gmt":"2014-09-18T11:33:11","guid":{"rendered":"http:\/\/agora.xtec.cat\/esc-mariapages-ordis\/?page_id=36"},"modified":"2025-06-30T09:08:49","modified_gmt":"2025-06-30T07:08:49","slug":"material-escolar","status":"publish","type":"page","link":"https:\/\/agora.xtec.cat\/esc-mariapages-ordis\/lescola\/material-escolar\/","title":{"rendered":"Material escolar"},"content":{"rendered":"<p>En <a href=\"https:\/\/agora.xtec.cat\/esc-mariapages-ordis\/wp-content\/uploads\/usu2156\/2025\/06\/MATERIAL-I-LLIBRES-DE-TEXT-25-26.pdf\" target=\"_blank\" rel=\"noopener\">aquest document PDF<\/a> hi ha la relaci\u00f3 de material previst per ser utilitzat a cada curs durant el 2025-26. <strong>No hi haur\u00e0 els llibres del Pla lector de Prim\u00e0ria ja que, aquests, es reciclen des de la mateixa AFA i ja us els proporcionarem des del mateix centre quan comenci el curs<\/strong><span style=\"font-family: inherit; font-size: 1em;\">.<\/span><\/p>\n<p><iframe loading=\"lazy\" src=\"https:\/\/agora.xtec.cat\/esc-mariapages-ordis\/wp-content\/uploads\/usu2156\/2025\/06\/MATERIAL-I-LLIBRES-DE-TEXT-25-26.pdf\" width=\"800\" height=\"700\"><span data-mce-type=\"bookmark\" style=\"display: inline-block; width: 0px; overflow: hidden; line-height: 0;\" class=\"mce_SELRES_start\"><span data-mce-type=\"bookmark\" style=\"display: inline-block; width: 0px; overflow: hidden; line-height: 0;\" class=\"mce_SELRES_start\">\ufeff<\/span>\ufeff<\/span><span style=\"display: inline-block; width: 0px; overflow: hidden; line-height: 0;\" data-mce-type=\"bookmark\" class=\"mce_SELRES_start\">\ufeff<\/span><\/iframe><\/p>\n<p><a href=\"https:\/\/agora.xtec.cat\/esc-mariapages-ordis\/wp-content\/uploads\/usu2156\/2025\/06\/MATERIAL-I-LLIBRES-DE-TEXT-25-26.pdf\">MATERIAL I LLIBRES DE TEXT 25-26<\/a><\/p>\n","protected":false},"excerpt":{"rendered":"<p>En <a href=\"https:\/\/agora.xtec.cat\/esc-mariapages-ordis\/wp-content\/uploads\/usu2156\/2025\/06\/MATERIAL-I-LLIBRES-DE-TEXT-25-26.pdf\" target=\"_blank\" rel=\"noopener\">aquest document PDF<\/a> hi ha la relaci\u00f3 de material previst per ser utilitzat a cada curs durant el 2025-26. No hi haur\u00e0 els llibres del Pla lector de Prim\u00e0ria ja que, aquests, es reciclen des de la mateixa AFA i ja&hellip;  <a href=\"https:\/\/agora.xtec.cat\/esc-mariapages-ordis\/lescola\/material-escolar\/\" title=\"Read Material escolar\">Llegeix m\u00e9s\u00bb<\/a><\/p>\n","protected":false},"author":1,"featured_media":0,"parent":22,"menu_order":80,"comment_status":"closed","ping_status":"closed","template":"page-templates\/side-menu.php","meta":{"_bbp_topic_count":0,"_bbp_reply_count":0,"_bbp_total_topic_count":0,"_bbp_total_reply_count":0,"_bbp_voice_count":0,"_bbp_anonymous_reply_count":0,"_bbp_topic_count_hidden":0,"_bbp_reply_count_hidden":0,"_bbp_forum_subforum_count":0,"footnotes":""},"class_list":["post-36","page","type-page","status-publish","hentry"],"post_mailing_queue_ids":[],"_links":{"self":[{"href":"https:\/\/agora.xtec.cat\/esc-mariapages-ordis\/wp-json\/wp\/v2\/pages\/36","targetHints":{"allow":["GET"]}}],"collection":[{"href":"https:\/\/agora.xtec.cat\/esc-mariapages-ordis\/wp-json\/wp\/v2\/pages"}],"about":[{"href":"https:\/\/agora.xtec.cat\/esc-mariapages-ordis\/wp-json\/wp\/v2\/types\/page"}],"author":[{"embeddable":true,"href":"https:\/\/agora.xtec.cat\/esc-mariapages-ordis\/wp-json\/wp\/v2\/users\/1"}],"replies":[{"embeddable":true,"href":"https:\/\/agora.xtec.cat\/esc-mariapages-ordis\/wp-json\/wp\/v2\/comments?post=36"}],"version-history":[{"count":6,"href":"https:\/\/agora.xtec.cat\/esc-mariapages-ordis\/wp-json\/wp\/v2\/pages\/36\/revisions"}],"predecessor-version":[{"id":2417,"href":"https:\/\/agora.xtec.cat\/esc-mariapages-ordis\/wp-json\/wp\/v2\/pages\/36\/revisions\/2417"}],"up":[{"embeddable":true,"href":"https:\/\/agora.xtec.cat\/esc-mariapages-ordis\/wp-json\/wp\/v2\/pages\/22"}],"wp:attachment":[{"href":"https:\/\/agora.xtec.cat\/esc-mariapages-ordis\/wp-json\/wp\/v2\/media?parent=36"}],"curies":[{"name":"wp","href":"https:\/\/api.w.org\/{rel}","templated":true}]}}