{"id":26,"date":"2014-09-18T12:24:32","date_gmt":"2014-09-18T11:24:32","guid":{"rendered":"http:\/\/agora.xtec.cat\/esc-mariapages-ordis\/?page_id=26"},"modified":"2024-11-23T08:20:12","modified_gmt":"2024-11-23T07:20:12","slug":"historia","status":"publish","type":"page","link":"https:\/\/agora.xtec.cat\/esc-mariapages-ordis\/lescola\/historia\/","title":{"rendered":"Hist\u00f2ria"},"content":{"rendered":"<p>Antigament, l&#8217;escola d&#8217;Ordis s&#8217;ubicava on hi ha l&#8217;actual Centre Cultural Santa Caterina, edifici de l&#8217;edat Mitjana i antic hospital medieval on hostatjaven viatgers i peregrins. On ara hi ha la gran sala coberta, a mitjan s. XX, el sostre estava esfondrat de feia molt de temps i els infants de l&#8217;escola feien servir aquest espai de pati.<\/p>\n<p>L&#8217;any 1961 (ara fa, doncs, m\u00e9s de 60 anys!) es van inaugurar les actuals escoles: en aquell moment una sola aula adossada a la casa del mestre que tamb\u00e9 s&#8217;hi va construir. Al sostre del que ara \u00e9s l&#8217;aula Alguema encara s&#8217;hi pot apreciar el forat que hi havia per a l&#8217;estufa de llenya que permetia escalfar l&#8217;escola en aquella \u00e8poca. M\u00e9s endavant s&#8217;hi afegiria una altra aula (l&#8217;actual aula Empord\u00e0, on de fa molts anys hi ha sempre els alumnes d&#8217;Infantil del nostre poble).<\/p>\n<table class=\" aligncenter\" style=\"height: 349px; width: 847px;\" width=\"856\">\n<tbody>\n<tr style=\"height: 349px;\">\n<td style=\"width: 393.267px; height: 349px;\"><a href=\"https:\/\/agora.xtec.cat\/esc-mariapages-ordis\/wp-content\/uploads\/usu2156\/2020\/08\/foto-inaug-escola-ordis-1.jpg\"><img loading=\"lazy\" decoding=\"async\" class=\"alignnone size-full wp-image-604 aligncenter\" src=\"https:\/\/agora.xtec.cat\/esc-mariapages-ordis\/wp-content\/uploads\/usu2156\/2020\/08\/foto-inaug-escola-ordis-1.jpg\" alt=\"\" width=\"353\" height=\"333\" srcset=\"https:\/\/agora.xtec.cat\/esc-mariapages-ordis\/wp-content\/uploads\/usu2156\/2020\/08\/foto-inaug-escola-ordis-1.jpg 353w, https:\/\/agora.xtec.cat\/esc-mariapages-ordis\/wp-content\/uploads\/usu2156\/2020\/08\/foto-inaug-escola-ordis-1-300x283.jpg 300w\" sizes=\"auto, (max-width: 353px) 100vw, 353px\" \/><\/a><\/td>\n<td style=\"width: 445.733px; height: 349px;\"><a href=\"https:\/\/agora.xtec.cat\/esc-mariapages-ordis\/wp-content\/uploads\/usu2156\/2020\/08\/foto-inaug-escola-ordis-2.jpg\"><img loading=\"lazy\" decoding=\"async\" class=\"alignnone wp-image-605\" src=\"https:\/\/agora.xtec.cat\/esc-mariapages-ordis\/wp-content\/uploads\/usu2156\/2020\/08\/foto-inaug-escola-ordis-2.jpg\" alt=\"\" width=\"422\" height=\"327\" srcset=\"https:\/\/agora.xtec.cat\/esc-mariapages-ordis\/wp-content\/uploads\/usu2156\/2020\/08\/foto-inaug-escola-ordis-2.jpg 350w, https:\/\/agora.xtec.cat\/esc-mariapages-ordis\/wp-content\/uploads\/usu2156\/2020\/08\/foto-inaug-escola-ordis-2-300x232.jpg 300w\" sizes=\"auto, (max-width: 422px) 100vw, 422px\" \/><\/a><\/td>\n<\/tr>\n<\/tbody>\n<\/table>\n<p>&nbsp;<\/p>\n<p>L&#8217;escola ha tingut diferents mestres al llarg de la seva hist\u00f2ria. Per\u00f2 als anys 70, va exercir-hi una mestra filla d&#8217;Ordis: Maria Pag\u00e8s i Trayter. Va ser mestra de l&#8217;escola unes quantes d\u00e8cades (fins l&#8217;any 2012), deixant molt bon record a tots els qui van ser els seus alumnes, de tal manera que, quan es va jubilar, l&#8217;escola que s&#8217;anomenava CEIP Marinada va a passar a dir-se Escola Maria Pag\u00e8s i Trayter despr\u00e9s de fer-se-li un <a href=\"https:\/\/photos.app.goo.gl\/sFMjgLcS34DBEeUw9\" target=\"_blank\" rel=\"noopener noreferrer\">homenatge per part del poble<\/a> (<a href=\"http:\/\/youtube.com\/watch?v=5R0hPocuCvg\" target=\"_blank\" rel=\"noopener noreferrer\">i v\u00eddeo<\/a>).<\/p>\n<p>L&#8217;escola va anar canviant com ha canviat la societat i el pa\u00eds. L&#8217;any 1997-98 va ser el primer any que formaria part de la <a href=\"https:\/\/6pfgvv8utz46dpcery898w.on.drv.tw\/WEB\/web%20zer%20canigonenca\/index.htm\" target=\"_blank\" rel=\"noopener noreferrer\">ZER Canigonenca<\/a>, una zona educativa rural formada per les escoles de Borrass\u00e0, Ordis i LLad\u00f3. En aquesta \u00e8poca, doncs, es van incorporar a la plantilla de mestres els especialistes (educaci\u00f3 f\u00edsica, angl\u00e8s, m\u00fasica&#8230;): eren itinerants i passaven per cadascuna de les tres escoles al llarg de la setmana. La ZER Canigonenca es va dissoldre l&#8217;any 2012 ja que les escoles (especialment a LLad\u00f3 i Borrass\u00e0) van cr\u00e9ixer molt de matr\u00edcula i ja podien tenir els seus propis especialistes. Des d&#8217;aleshores, l&#8217;escola ha tornat a funcionar independentment i, amb el creixement de la matr\u00edcula dels darrers anys, tamb\u00e9 ha perm\u00e8s que hi haguessin mestres especialistes propis per a l&#8217;escola.<\/p>\n<p>Aquest creixement, amb l&#8217;entrada del nou segle XXI, va propiciar que els espais de l&#8217;escola quedessin molt limitats per a fer desdoblaments o donar un servei digne del menjador. A m\u00e9s, fins al tombant de segle, la llar d&#8217;infants s&#8217;ubicava aprofitant alguns espais dins l&#8217;antiga casa del mestre. Aix\u00ed, doncs, en el pati s&#8217;hi va construir l&#8217;actual llar d&#8217;infants i tamb\u00e9, al cap de pocs anys, s&#8217;hi van ubicar dos m\u00f2duls prefabricats: un per al servei del menjador i l&#8217;altre per a aula i despatx.<\/p>\n","protected":false},"excerpt":{"rendered":"<p>Antigament, l&#8217;escola d&#8217;Ordis s&#8217;ubicava on hi ha l&#8217;actual Centre Cultural Santa Caterina, edifici de l&#8217;edat Mitjana i antic hospital medieval on hostatjaven viatgers i peregrins. On ara hi ha la gran sala coberta, a mitjan s. XX, el sostre estava esfondrat de feia molt de&hellip;  <a href=\"https:\/\/agora.xtec.cat\/esc-mariapages-ordis\/lescola\/historia\/\" title=\"Read Hist\u00f2ria\">Llegeix m\u00e9s\u00bb<\/a><\/p>\n","protected":false},"author":1,"featured_media":0,"parent":22,"menu_order":20,"comment_status":"closed","ping_status":"closed","template":"page-templates\/side-menu.php","meta":{"_bbp_topic_count":0,"_bbp_reply_count":0,"_bbp_total_topic_count":0,"_bbp_total_reply_count":0,"_bbp_voice_count":0,"_bbp_anonymous_reply_count":0,"_bbp_topic_count_hidden":0,"_bbp_reply_count_hidden":0,"_bbp_forum_subforum_count":0,"footnotes":""},"class_list":["post-26","page","type-page","status-publish","hentry"],"post_mailing_queue_ids":[],"_links":{"self":[{"href":"https:\/\/agora.xtec.cat\/esc-mariapages-ordis\/wp-json\/wp\/v2\/pages\/26","targetHints":{"allow":["GET"]}}],"collection":[{"href":"https:\/\/agora.xtec.cat\/esc-mariapages-ordis\/wp-json\/wp\/v2\/pages"}],"about":[{"href":"https:\/\/agora.xtec.cat\/esc-mariapages-ordis\/wp-json\/wp\/v2\/types\/page"}],"author":[{"embeddable":true,"href":"https:\/\/agora.xtec.cat\/esc-mariapages-ordis\/wp-json\/wp\/v2\/users\/1"}],"replies":[{"embeddable":true,"href":"https:\/\/agora.xtec.cat\/esc-mariapages-ordis\/wp-json\/wp\/v2\/comments?post=26"}],"version-history":[{"count":6,"href":"https:\/\/agora.xtec.cat\/esc-mariapages-ordis\/wp-json\/wp\/v2\/pages\/26\/revisions"}],"predecessor-version":[{"id":2332,"href":"https:\/\/agora.xtec.cat\/esc-mariapages-ordis\/wp-json\/wp\/v2\/pages\/26\/revisions\/2332"}],"up":[{"embeddable":true,"href":"https:\/\/agora.xtec.cat\/esc-mariapages-ordis\/wp-json\/wp\/v2\/pages\/22"}],"wp:attachment":[{"href":"https:\/\/agora.xtec.cat\/esc-mariapages-ordis\/wp-json\/wp\/v2\/media?parent=26"}],"curies":[{"name":"wp","href":"https:\/\/api.w.org\/{rel}","templated":true}]}}