{"id":1359,"date":"2022-05-09T18:03:40","date_gmt":"2022-05-09T16:03:40","guid":{"rendered":"https:\/\/agora.xtec.cat\/esc-mariapages-ordis\/?page_id=1359"},"modified":"2023-06-23T15:56:14","modified_gmt":"2023-06-23T13:56:14","slug":"estrategia-digital-de-centre-edc","status":"publish","type":"page","link":"https:\/\/agora.xtec.cat\/esc-mariapages-ordis\/estrategia-digital-de-centre-edc\/","title":{"rendered":"Estrat\u00e8gia Digital de Centre (EDC)"},"content":{"rendered":"<p>L\u2019objectiu principal del present projecte \u00e9s dissenyar una via, un full de ruta, per tal de regular i impulsar l\u2019\u00fas dels recursos de les tecnologies de l\u2019aprenentatge i la comunicaci\u00f3 (TAC), tot integrant-les en el Projecte Curricular de la nostra escola. A la nostra societat del coneixement ja no \u00e9s possible una escola amb unes estrat\u00e8gies pedag\u00f2giques nom\u00e9s \u201canal\u00f2giques\u201d sin\u00f3 que cal complementar-les (no pas eliminar-les) amb tamb\u00e9 estrat\u00e8gies digitals d\u2019aprenentatge.<\/p>\n<p>La finalitat \u00e9s poder arribar a utilitzar les TIC (Tecnologies de la Informaci\u00f3 i Comunicaci\u00f3) com un mitj\u00e0 habitual i natural per estimular l\u2019aprenentatge i la creativitat dels nostres infants, de tal manera que en acabar l\u2019educaci\u00f3 prim\u00e0ria puguin assolir al m\u00e0xim les compet\u00e8ncies b\u00e0siques d\u2019acord amb l\u2019edat i les seves possibilitats.<\/p>\n<p>Caldr\u00e0 tenir en compte la peculiaritat de la nostra escola, en el sentit de trobar-se en l\u2019\u00e0mbit rural d\u2019un petit poble, amb una matr\u00edcula que no passa dels 50 alumnes i que comporta tamb\u00e9 una plantilla redu\u00efda de mestres. Aquest fet justifica que, a difer\u00e8ncia d\u2019altres escoles de m\u00e9s envergadura (quantitativament parlant&#8230;), la nostra hagi optat per prescindir de la <strong>Comissi\u00f3 Digital <\/strong>de centre i que l\u2019afer es limiti al <strong>Coordinador\/a Digital<\/strong> (en el nostre tipus de centre encara no reconegut oficialment pel Departament) que es coordinar\u00e0 amb l\u2019Equip Directiu (Director\/a i Secretari\/a) i amb el mateix Claustre quan es cregui oport\u00fa. Aquests temes poden ser:<\/p>\n<ul>\n<li style=\"list-style-type: none;\">\n<ul>\n<li style=\"list-style-type: none;\">\n<ul>\n<li>Temes referents a la web.<\/li>\n<li>Elaboraci\u00f3 o revisi\u00f3 de l&#8217;EDC.<\/li>\n<li>Repartir tasques referent al tractament d\u2019imatges al centre (com guardar-les, ordenar-les&#8230;)<\/li>\n<li>Temes de formaci\u00f3 relacionats amb les TIC.<\/li>\n<li>Aplicaci\u00f3 pedag\u00f2gica de les TIC amb els nostres alumnes.<\/li>\n<\/ul>\n<\/li>\n<\/ul>\n<\/li>\n<\/ul>\n<p>&nbsp;<\/p>\n<p>Paral\u00b7lelament, en l&#8217;\u00e0mbit del Coordinador\/a Digital, aquest\/a s\u2019encarrega de:<\/p>\n<ul>\n<li style=\"list-style-type: none;\">\n<ul>\n<li style=\"list-style-type: none;\">\n<ul>\n<li>Elaborar la documentaci\u00f3 TIC del centre d&#8217;acord amb l&#8217;Equip Directiu.<\/li>\n<li>Vetllar perqu\u00e8 hi hagi una bona disposici\u00f3 de maquinari i programari estable.<\/li>\n<li>Procurar que els ordinadors, PDI i dem\u00e9s maquinari digital estiguin en bon estat per tal que funcionin adequadament.<\/li>\n<li>Disposar i donar a con\u00e8ixer els recursos, programes i propostes presentats pel Departament d\u2019Educaci\u00f3 i oferir-los en funci\u00f3 de les necessitats dels docents del nostre centre.<\/li>\n<li>Responsabilitzar-se de l\u2019estructura i funcionament de la web del centre.<\/li>\n<li>Mantenir contacte i atendre al servei t\u00e8cnic que ve a l\u2019escola (INSITU) de la millor manera possible perqu\u00e8 sigui el m\u00e0xim d\u2019efica\u00e7.<\/li>\n<\/ul>\n<\/li>\n<\/ul>\n<\/li>\n<\/ul>\n","protected":false},"excerpt":{"rendered":"<p>L\u2019objectiu principal del present projecte \u00e9s dissenyar una via, un full de ruta, per tal de regular i impulsar l\u2019\u00fas dels recursos de les tecnologies de l\u2019aprenentatge i la comunicaci\u00f3 (TAC), tot integrant-les en el Projecte Curricular de la nostra escola. A la nostra societat&hellip;  <a href=\"https:\/\/agora.xtec.cat\/esc-mariapages-ordis\/estrategia-digital-de-centre-edc\/\" title=\"Read Estrat\u00e8gia Digital de Centre (EDC)\">Llegeix m\u00e9s\u00bb<\/a><\/p>\n","protected":false},"author":1,"featured_media":0,"parent":0,"menu_order":5,"comment_status":"closed","ping_status":"closed","template":"page-templates\/side-menu.php","meta":{"_bbp_topic_count":0,"_bbp_reply_count":0,"_bbp_total_topic_count":0,"_bbp_total_reply_count":0,"_bbp_voice_count":0,"_bbp_anonymous_reply_count":0,"_bbp_topic_count_hidden":0,"_bbp_reply_count_hidden":0,"_bbp_forum_subforum_count":0,"footnotes":""},"class_list":["post-1359","page","type-page","status-publish","hentry"],"post_mailing_queue_ids":[],"_links":{"self":[{"href":"https:\/\/agora.xtec.cat\/esc-mariapages-ordis\/wp-json\/wp\/v2\/pages\/1359","targetHints":{"allow":["GET"]}}],"collection":[{"href":"https:\/\/agora.xtec.cat\/esc-mariapages-ordis\/wp-json\/wp\/v2\/pages"}],"about":[{"href":"https:\/\/agora.xtec.cat\/esc-mariapages-ordis\/wp-json\/wp\/v2\/types\/page"}],"author":[{"embeddable":true,"href":"https:\/\/agora.xtec.cat\/esc-mariapages-ordis\/wp-json\/wp\/v2\/users\/1"}],"replies":[{"embeddable":true,"href":"https:\/\/agora.xtec.cat\/esc-mariapages-ordis\/wp-json\/wp\/v2\/comments?post=1359"}],"version-history":[{"count":4,"href":"https:\/\/agora.xtec.cat\/esc-mariapages-ordis\/wp-json\/wp\/v2\/pages\/1359\/revisions"}],"predecessor-version":[{"id":1853,"href":"https:\/\/agora.xtec.cat\/esc-mariapages-ordis\/wp-json\/wp\/v2\/pages\/1359\/revisions\/1853"}],"wp:attachment":[{"href":"https:\/\/agora.xtec.cat\/esc-mariapages-ordis\/wp-json\/wp\/v2\/media?parent=1359"}],"curies":[{"name":"wp","href":"https:\/\/api.w.org\/{rel}","templated":true}]}}