{"id":996,"date":"2020-03-18T14:18:14","date_gmt":"2020-03-18T13:18:14","guid":{"rendered":"http:\/\/agora.xtec.cat\/esc-maria-cubi\/?page_id=996"},"modified":"2025-11-12T17:22:54","modified_gmt":"2025-11-12T16:22:54","slug":"symbaloo-jocs-de-logica-i-raonament","status":"publish","type":"page","link":"https:\/\/agora.xtec.cat\/esc-maria-cubi\/symbaloo-jocs-de-logica-i-raonament\/","title":{"rendered":"Symbaloo Jocs de L\u00f2gica i Raonament"},"content":{"rendered":"<h3><\/h3>\n<p>Benvolgudes fam\u00edlies,<\/p>\n<p>Aqu\u00ed teniu unes aplicacions que la plataforma Symbaloo comparteix per a tots i totes i que est\u00e0 relacionada amb jocs de l\u00f2gica i raonament. <strong>Afegiu-vos la p\u00e0gina per veure totes les aplicacions.<\/strong><\/p>\n<h3><\/h3>\n<h3 style=\"text-align: center;\"><a href=\"https:\/\/www.symbaloo.com\/mix\/juegoslogicayrazonamie\">SYMBALOO JOCS DE L\u00d2GICA I RAONAMENT<\/a><\/h3>\n<p>&nbsp;<\/p>\n<p><iframe loading=\"lazy\" src=\"https:\/\/www.symbaloo.com\/embed\/juegoslogicayrazonamie\" name=\"_symFrame\" width=\"920px\" height=\"600px\" frameborder=\"0\"><\/iframe><\/p>\n","protected":false},"excerpt":{"rendered":"<p>Benvolgudes fam\u00edlies,<br \/>\nAqu\u00ed teniu unes aplicacions que la plataforma Symbaloo comparteix per a tots i totes i que est\u00e0 relacionada amb jocs de l\u00f2gica i raonament. Afegiu-vos la p\u00e0gina per veure totes les aplicacions.<\/p>\n<p><a href=\"https:\/\/www.symbaloo.com\/mix\/juegoslogicayrazonamie\">SYMBALOO JOCS DE L\u00d2GICA I RAONAMENT<\/a><br \/>\n&nbsp;<\/p>\n","protected":false},"author":1,"featured_media":0,"parent":0,"menu_order":0,"comment_status":"closed","ping_status":"closed","template":"","meta":{"_bbp_topic_count":0,"_bbp_reply_count":0,"_bbp_total_topic_count":0,"_bbp_total_reply_count":0,"_bbp_voice_count":0,"_bbp_anonymous_reply_count":0,"_bbp_topic_count_hidden":0,"_bbp_reply_count_hidden":0,"_bbp_forum_subforum_count":0,"footnotes":""},"class_list":["post-996","page","type-page","status-publish","hentry"],"post_mailing_queue_ids":[],"_links":{"self":[{"href":"https:\/\/agora.xtec.cat\/esc-maria-cubi\/wp-json\/wp\/v2\/pages\/996","targetHints":{"allow":["GET"]}}],"collection":[{"href":"https:\/\/agora.xtec.cat\/esc-maria-cubi\/wp-json\/wp\/v2\/pages"}],"about":[{"href":"https:\/\/agora.xtec.cat\/esc-maria-cubi\/wp-json\/wp\/v2\/types\/page"}],"author":[{"embeddable":true,"href":"https:\/\/agora.xtec.cat\/esc-maria-cubi\/wp-json\/wp\/v2\/users\/1"}],"replies":[{"embeddable":true,"href":"https:\/\/agora.xtec.cat\/esc-maria-cubi\/wp-json\/wp\/v2\/comments?post=996"}],"version-history":[{"count":4,"href":"https:\/\/agora.xtec.cat\/esc-maria-cubi\/wp-json\/wp\/v2\/pages\/996\/revisions"}],"predecessor-version":[{"id":2644,"href":"https:\/\/agora.xtec.cat\/esc-maria-cubi\/wp-json\/wp\/v2\/pages\/996\/revisions\/2644"}],"wp:attachment":[{"href":"https:\/\/agora.xtec.cat\/esc-maria-cubi\/wp-json\/wp\/v2\/media?parent=996"}],"curies":[{"name":"wp","href":"https:\/\/api.w.org\/{rel}","templated":true}]}}