{"id":984,"date":"2020-03-18T11:16:29","date_gmt":"2020-03-18T10:16:29","guid":{"rendered":"http:\/\/agora.xtec.cat\/esc-maria-cubi\/?page_id=984"},"modified":"2020-03-18T20:29:00","modified_gmt":"2020-03-18T19:29:00","slug":"symbaloo-plastica","status":"publish","type":"page","link":"https:\/\/agora.xtec.cat\/esc-maria-cubi\/symbaloo-plastica\/","title":{"rendered":"Symbaloo Pl\u00e0stica"},"content":{"rendered":"<p>Benvolgudes fam\u00edlies,<\/p>\n<p>Aqu\u00ed teniu unes aplicacions que la plataforma Symbaloo comparteix per a tots i totes i que est\u00e0 relacionada amb l&#8217;educaci\u00f3 art\u00edstica. <strong>Afegiu-vos la p\u00e0gina per veure totes les aplicacions.<\/strong><\/p>\n<p>&nbsp;<\/p>\n<h3 style=\"text-align: center;\"><a href=\"https:\/\/www.symbaloo.com\/mix\/recursosplastica\"><strong>SYMBALOO PL\u00c0STICA<\/strong><\/a><\/h3>\n<p>&nbsp;<\/p>\n<p><iframe loading=\"lazy\" src=\"https:\/\/www.symbaloo.com\/embed\/recursosplastica\" width=\"830px\" height=\"510px\" name=\"_symFrame\" frameborder=\"0\"><\/iframe><\/p>\n","protected":false},"excerpt":{"rendered":"<p>Benvolgudes fam\u00edlies,<br \/>\nAqu\u00ed teniu unes aplicacions que la plataforma Symbaloo comparteix per a tots i totes i que est\u00e0 relacionada amb l&#8217;educaci\u00f3 art\u00edstica. Afegiu-vos la p\u00e0gina per veure totes les aplicacions.<br \/>\n&nbsp;<br \/>\n<a href=\"https:\/\/www.symbaloo.com\/mix\/recursosplastica\">SYMBALOO PL\u00c0STICA<\/a><br \/>\n&nbsp;<\/p>\n","protected":false},"author":1,"featured_media":0,"parent":0,"menu_order":0,"comment_status":"closed","ping_status":"closed","template":"","meta":{"_bbp_topic_count":0,"_bbp_reply_count":0,"_bbp_total_topic_count":0,"_bbp_total_reply_count":0,"_bbp_voice_count":0,"_bbp_anonymous_reply_count":0,"_bbp_topic_count_hidden":0,"_bbp_reply_count_hidden":0,"_bbp_forum_subforum_count":0,"footnotes":""},"class_list":["post-984","page","type-page","status-publish","hentry"],"post_mailing_queue_ids":[],"_links":{"self":[{"href":"https:\/\/agora.xtec.cat\/esc-maria-cubi\/wp-json\/wp\/v2\/pages\/984","targetHints":{"allow":["GET"]}}],"collection":[{"href":"https:\/\/agora.xtec.cat\/esc-maria-cubi\/wp-json\/wp\/v2\/pages"}],"about":[{"href":"https:\/\/agora.xtec.cat\/esc-maria-cubi\/wp-json\/wp\/v2\/types\/page"}],"author":[{"embeddable":true,"href":"https:\/\/agora.xtec.cat\/esc-maria-cubi\/wp-json\/wp\/v2\/users\/1"}],"replies":[{"embeddable":true,"href":"https:\/\/agora.xtec.cat\/esc-maria-cubi\/wp-json\/wp\/v2\/comments?post=984"}],"version-history":[{"count":3,"href":"https:\/\/agora.xtec.cat\/esc-maria-cubi\/wp-json\/wp\/v2\/pages\/984\/revisions"}],"predecessor-version":[{"id":1021,"href":"https:\/\/agora.xtec.cat\/esc-maria-cubi\/wp-json\/wp\/v2\/pages\/984\/revisions\/1021"}],"wp:attachment":[{"href":"https:\/\/agora.xtec.cat\/esc-maria-cubi\/wp-json\/wp\/v2\/media?parent=984"}],"curies":[{"name":"wp","href":"https:\/\/api.w.org\/{rel}","templated":true}]}}