{"id":979,"date":"2020-03-18T10:40:54","date_gmt":"2020-03-18T09:40:54","guid":{"rendered":"http:\/\/agora.xtec.cat\/esc-maria-cubi\/?page_id=979"},"modified":"2021-06-16T08:24:19","modified_gmt":"2021-06-16T06:24:19","slug":"recomanacions-eduacio-fisica","status":"publish","type":"page","link":"https:\/\/agora.xtec.cat\/esc-maria-cubi\/recomanacions-eduacio-fisica\/","title":{"rendered":"Symbaloo Educaci\u00f3 F\u00edsica"},"content":{"rendered":"<p>Benvolgudes fam\u00edlies,<\/p>\n<p>Aqu\u00ed teniu la plataforma Symbaloo de cada cicle amb aplicacions que en Xavi ha seleccionat per refor\u00e7ar aquest \u00e0mbit. Cliqueu a sobre de l&#8217;enlla\u00e7 per veure tota la informaci\u00f3.<\/p>\n<p>&nbsp;<\/p>\n<h3 style=\"text-align: center;\"><span style=\"color: #ff6600;\"><strong><a style=\"color: #ff6600;\" href=\"https:\/\/www.symbaloo.com\/mix\/educaciofisica77\">SYMBALOO EDUCACI\u00d3 F\u00cdSICA<\/a><\/strong><\/span><\/h3>\n<p><iframe loading=\"lazy\" src=\"https:\/\/www.symbaloo.com\/embed\/educaciofisica77?\" width=\"1140px\" height=\"640px\" name=\"_symFrame\" frameborder=\"0\"><\/iframe><\/p>\n","protected":false},"excerpt":{"rendered":"<p>Benvolgudes fam\u00edlies,<br \/>\nAqu\u00ed teniu la plataforma Symbaloo de cada cicle amb aplicacions que en Xavi ha seleccionat per refor\u00e7ar aquest \u00e0mbit. Cliqueu a sobre de l&#8217;enlla\u00e7 per veure tota la informaci\u00f3.<br \/>\n&nbsp;<br \/>\n<a style=\"color: #ff6600;\" href=\"https:\/\/www.symbaloo.com\/mix\/educaciofisica77\">SYMBALOO EDUCACI\u00d3 F\u00cdSICA<\/a><\/p>\n","protected":false},"author":1,"featured_media":0,"parent":0,"menu_order":0,"comment_status":"closed","ping_status":"closed","template":"","meta":{"_bbp_topic_count":0,"_bbp_reply_count":0,"_bbp_total_topic_count":0,"_bbp_total_reply_count":0,"_bbp_voice_count":0,"_bbp_anonymous_reply_count":0,"_bbp_topic_count_hidden":0,"_bbp_reply_count_hidden":0,"_bbp_forum_subforum_count":0,"footnotes":""},"class_list":["post-979","page","type-page","status-publish","hentry"],"post_mailing_queue_ids":[],"_links":{"self":[{"href":"https:\/\/agora.xtec.cat\/esc-maria-cubi\/wp-json\/wp\/v2\/pages\/979","targetHints":{"allow":["GET"]}}],"collection":[{"href":"https:\/\/agora.xtec.cat\/esc-maria-cubi\/wp-json\/wp\/v2\/pages"}],"about":[{"href":"https:\/\/agora.xtec.cat\/esc-maria-cubi\/wp-json\/wp\/v2\/types\/page"}],"author":[{"embeddable":true,"href":"https:\/\/agora.xtec.cat\/esc-maria-cubi\/wp-json\/wp\/v2\/users\/1"}],"replies":[{"embeddable":true,"href":"https:\/\/agora.xtec.cat\/esc-maria-cubi\/wp-json\/wp\/v2\/comments?post=979"}],"version-history":[{"count":3,"href":"https:\/\/agora.xtec.cat\/esc-maria-cubi\/wp-json\/wp\/v2\/pages\/979\/revisions"}],"predecessor-version":[{"id":1503,"href":"https:\/\/agora.xtec.cat\/esc-maria-cubi\/wp-json\/wp\/v2\/pages\/979\/revisions\/1503"}],"wp:attachment":[{"href":"https:\/\/agora.xtec.cat\/esc-maria-cubi\/wp-json\/wp\/v2\/media?parent=979"}],"curies":[{"name":"wp","href":"https:\/\/api.w.org\/{rel}","templated":true}]}}