{"id":965,"date":"2020-03-18T10:05:32","date_gmt":"2020-03-18T09:05:32","guid":{"rendered":"http:\/\/agora.xtec.cat\/esc-maria-cubi\/?page_id=965"},"modified":"2020-03-18T10:09:14","modified_gmt":"2020-03-18T09:09:14","slug":"recomanacions-angles","status":"publish","type":"page","link":"https:\/\/agora.xtec.cat\/esc-maria-cubi\/recomanacions-angles\/","title":{"rendered":"Recomanacions  Angl\u00e8s"},"content":{"rendered":"<p>Benvolgudes fam\u00edlies,<\/p>\n<p>Aqu\u00ed teniu les recomanacions que els mestres <span style=\"text-decoration: underline;\"><strong>d&#8217;angl\u00e8s<\/strong><\/span> de l&#8217;escola han detallat pels vostres fills\/es. Aix\u00ed mateix teniu la plataforma Symbaloo de cada cicle amb aplicacions que els mestres han seleccionat per refor\u00e7ar aquest \u00e0mbit. Cliqueu a sobre dels enlla\u00e7os per veure tota la informaci\u00f3.<\/p>\n<h3><a href=\"https:\/\/drive.google.com\/file\/d\/1dgE7v4EYEOkd8tOkRh4Lgi55LlYmNw6U\/view?usp=sharing\"><span style=\"color: #ff99cc;\"><strong><span style=\"color: #993366;\">RECOMANACIONS ANGL\u00c8S INFANTIL<\/span><\/strong><\/span><\/a><\/h3>\n<h3><a href=\"https:\/\/drive.google.com\/file\/d\/1ARs6_iDiaLLx8GSsxE1SLwMb2DLbOmlj\/view?usp=sharing\"><strong>RECOMANACIONS ANGL\u00c8S PRIM\u00c0RIA<\/strong><\/a><\/h3>\n","protected":false},"excerpt":{"rendered":"<p>Benvolgudes fam\u00edlies,<br \/>\nAqu\u00ed teniu les recomanacions que els mestres d&#8217;angl\u00e8s de l&#8217;escola han detallat pels vostres fills\/es. Aix\u00ed mateix teniu la plataforma Symbaloo de cada cicle amb aplicacions que els mestres han seleccionat per refor\u00e7ar aquest \u00e0mbit. Cliqueu a sobre dels enlla\u00e7os per veure tota la&hellip;  <a href=\"https:\/\/agora.xtec.cat\/esc-maria-cubi\/recomanacions-angles\/\" title=\"Read Recomanacions  Angl\u00e8s\">Llegeix m\u00e9s\u00bb<\/a><\/p>\n","protected":false},"author":1,"featured_media":0,"parent":0,"menu_order":0,"comment_status":"closed","ping_status":"closed","template":"","meta":{"_bbp_topic_count":0,"_bbp_reply_count":0,"_bbp_total_topic_count":0,"_bbp_total_reply_count":0,"_bbp_voice_count":0,"_bbp_anonymous_reply_count":0,"_bbp_topic_count_hidden":0,"_bbp_reply_count_hidden":0,"_bbp_forum_subforum_count":0,"footnotes":""},"class_list":["post-965","page","type-page","status-publish","hentry"],"post_mailing_queue_ids":[],"_links":{"self":[{"href":"https:\/\/agora.xtec.cat\/esc-maria-cubi\/wp-json\/wp\/v2\/pages\/965","targetHints":{"allow":["GET"]}}],"collection":[{"href":"https:\/\/agora.xtec.cat\/esc-maria-cubi\/wp-json\/wp\/v2\/pages"}],"about":[{"href":"https:\/\/agora.xtec.cat\/esc-maria-cubi\/wp-json\/wp\/v2\/types\/page"}],"author":[{"embeddable":true,"href":"https:\/\/agora.xtec.cat\/esc-maria-cubi\/wp-json\/wp\/v2\/users\/1"}],"replies":[{"embeddable":true,"href":"https:\/\/agora.xtec.cat\/esc-maria-cubi\/wp-json\/wp\/v2\/comments?post=965"}],"version-history":[{"count":2,"href":"https:\/\/agora.xtec.cat\/esc-maria-cubi\/wp-json\/wp\/v2\/pages\/965\/revisions"}],"predecessor-version":[{"id":967,"href":"https:\/\/agora.xtec.cat\/esc-maria-cubi\/wp-json\/wp\/v2\/pages\/965\/revisions\/967"}],"wp:attachment":[{"href":"https:\/\/agora.xtec.cat\/esc-maria-cubi\/wp-json\/wp\/v2\/media?parent=965"}],"curies":[{"name":"wp","href":"https:\/\/api.w.org\/{rel}","templated":true}]}}