{"id":956,"date":"2020-03-18T09:48:41","date_gmt":"2020-03-18T08:48:41","guid":{"rendered":"http:\/\/agora.xtec.cat\/esc-maria-cubi\/?page_id=956"},"modified":"2021-06-16T08:23:52","modified_gmt":"2021-06-16T06:23:52","slug":"recomanacions-cicle-superior-symbaloo","status":"publish","type":"page","link":"https:\/\/agora.xtec.cat\/esc-maria-cubi\/recomanacions-cicle-superior-symbaloo\/","title":{"rendered":"Symbaloo Cicle Superior"},"content":{"rendered":"<p>Benvolgudes fam\u00edlies,<\/p>\n<p>Aix\u00ed mateix teniu la plataforma Symbaloo amb aplicacions que els mestres han seleccionat per refor\u00e7ar els diferents \u00e0mbits. Cliqueu a sobre dels enlla\u00e7os per veure tota la informaci\u00f3. En el cas del <span style=\"text-decoration: underline;\"><strong>Symbaloo, afegiu-vos la p\u00e0gina per veure totes les aplicacions.<\/strong><\/span><\/p>\n<p>&nbsp;<\/p>\n<h3 style=\"text-align: center;\"><a href=\"https:\/\/www.symbaloo.com\/shared\/AAAAAt7xTn4AA41_HixCjg==\"><strong>SYMBALOO CICLE SUPERIOR<\/strong><\/a><\/h3>\n<p>&nbsp;<\/p>\n<p><iframe loading=\"lazy\" src=\"https:\/\/www.symbaloo.com\/embed\/shared\/AAAAAt7xTn4AA41_HixCjg==?\" width=\"1320px\" height=\"910px\" name=\"_symFrame\" frameborder=\"0\"><\/iframe><\/p>\n","protected":false},"excerpt":{"rendered":"<p>Benvolgudes fam\u00edlies,<br \/>\nAix\u00ed mateix teniu la plataforma Symbaloo amb aplicacions que els mestres han seleccionat per refor\u00e7ar els diferents \u00e0mbits. Cliqueu a sobre dels enlla\u00e7os per veure tota la informaci\u00f3. En el cas del Symbaloo, afegiu-vos la p\u00e0gina per veure totes les aplicacions.<br \/>\n&nbsp;<br \/>\n<a href=\"https:\/\/www.symbaloo.com\/shared\/AAAAAt7xTn4AA41_HixCjg==\">SYMBALOO CICLE SUPERIOR<\/a><br \/>\n&nbsp;<\/p>\n","protected":false},"author":1,"featured_media":0,"parent":0,"menu_order":0,"comment_status":"closed","ping_status":"closed","template":"","meta":{"_bbp_topic_count":0,"_bbp_reply_count":0,"_bbp_total_topic_count":0,"_bbp_total_reply_count":0,"_bbp_voice_count":0,"_bbp_anonymous_reply_count":0,"_bbp_topic_count_hidden":0,"_bbp_reply_count_hidden":0,"_bbp_forum_subforum_count":0,"footnotes":""},"class_list":["post-956","page","type-page","status-publish","hentry"],"post_mailing_queue_ids":[],"_links":{"self":[{"href":"https:\/\/agora.xtec.cat\/esc-maria-cubi\/wp-json\/wp\/v2\/pages\/956","targetHints":{"allow":["GET"]}}],"collection":[{"href":"https:\/\/agora.xtec.cat\/esc-maria-cubi\/wp-json\/wp\/v2\/pages"}],"about":[{"href":"https:\/\/agora.xtec.cat\/esc-maria-cubi\/wp-json\/wp\/v2\/types\/page"}],"author":[{"embeddable":true,"href":"https:\/\/agora.xtec.cat\/esc-maria-cubi\/wp-json\/wp\/v2\/users\/1"}],"replies":[{"embeddable":true,"href":"https:\/\/agora.xtec.cat\/esc-maria-cubi\/wp-json\/wp\/v2\/comments?post=956"}],"version-history":[{"count":3,"href":"https:\/\/agora.xtec.cat\/esc-maria-cubi\/wp-json\/wp\/v2\/pages\/956\/revisions"}],"predecessor-version":[{"id":1502,"href":"https:\/\/agora.xtec.cat\/esc-maria-cubi\/wp-json\/wp\/v2\/pages\/956\/revisions\/1502"}],"wp:attachment":[{"href":"https:\/\/agora.xtec.cat\/esc-maria-cubi\/wp-json\/wp\/v2\/media?parent=956"}],"curies":[{"name":"wp","href":"https:\/\/api.w.org\/{rel}","templated":true}]}}