{"id":942,"date":"2020-03-18T08:57:17","date_gmt":"2020-03-18T07:57:17","guid":{"rendered":"http:\/\/agora.xtec.cat\/esc-maria-cubi\/?page_id=942"},"modified":"2021-06-16T08:18:06","modified_gmt":"2021-06-16T06:18:06","slug":"recomanacions-cicle-inicial-symbaloo","status":"publish","type":"page","link":"https:\/\/agora.xtec.cat\/esc-maria-cubi\/recomanacions-cicle-inicial-symbaloo\/","title":{"rendered":"Symbaloo Cicle Inicial"},"content":{"rendered":"<p>Benvolgudes fam\u00edlies,<\/p>\n<p>Aqu\u00ed teniu la plataforma Symbaloo amb aplicacions que els mestres han seleccionat per refor\u00e7ar els diferents \u00e0mbits. Cliqueu a sobre dels enlla\u00e7os per veure tota la informaci\u00f3. En el cas del <span style=\"text-decoration: underline;\"><strong>Symbaloo, afegiu-vos la p\u00e0gina per veure totes les aplicacions.<\/strong><\/span><\/p>\n<h3><\/h3>\n<p>&nbsp;<\/p>\n<h3 style=\"text-align: center;\"><a href=\"https:\/\/www.symbaloo.com\/shared\/AAAAAt7wLf0AA41_HixB0A==\"><strong>SYMBALOO CICLE INICIAL<\/strong><\/a><\/h3>\n<p>&nbsp;<\/p>\n<p><iframe loading=\"lazy\" src=\"https:\/\/www.symbaloo.com\/embed\/shared\/AAAAAt7wLf0AA41_HixB0A==?\" width=\"1140px\" height=\"640px\" name=\"_symFrame\" frameborder=\"0\"><\/iframe><\/p>\n","protected":false},"excerpt":{"rendered":"<p>Benvolgudes fam\u00edlies,<br \/>\nAqu\u00ed teniu la plataforma Symbaloo amb aplicacions que els mestres han seleccionat per refor\u00e7ar els diferents \u00e0mbits. Cliqueu a sobre dels enlla\u00e7os per veure tota la informaci\u00f3. En el cas del Symbaloo, afegiu-vos la p\u00e0gina per veure totes les aplicacions.<\/p>\n<p>&nbsp;<br \/>\n<a href=\"https:\/\/www.symbaloo.com\/shared\/AAAAAt7wLf0AA41_HixB0A==\">SYMBALOO CICLE INICIAL<\/a><br \/>\n&nbsp;<\/p>\n","protected":false},"author":1,"featured_media":0,"parent":0,"menu_order":0,"comment_status":"closed","ping_status":"closed","template":"","meta":{"_bbp_topic_count":0,"_bbp_reply_count":0,"_bbp_total_topic_count":0,"_bbp_total_reply_count":0,"_bbp_voice_count":0,"_bbp_anonymous_reply_count":0,"_bbp_topic_count_hidden":0,"_bbp_reply_count_hidden":0,"_bbp_forum_subforum_count":0,"footnotes":""},"class_list":["post-942","page","type-page","status-publish","hentry"],"post_mailing_queue_ids":[],"_links":{"self":[{"href":"https:\/\/agora.xtec.cat\/esc-maria-cubi\/wp-json\/wp\/v2\/pages\/942","targetHints":{"allow":["GET"]}}],"collection":[{"href":"https:\/\/agora.xtec.cat\/esc-maria-cubi\/wp-json\/wp\/v2\/pages"}],"about":[{"href":"https:\/\/agora.xtec.cat\/esc-maria-cubi\/wp-json\/wp\/v2\/types\/page"}],"author":[{"embeddable":true,"href":"https:\/\/agora.xtec.cat\/esc-maria-cubi\/wp-json\/wp\/v2\/users\/1"}],"replies":[{"embeddable":true,"href":"https:\/\/agora.xtec.cat\/esc-maria-cubi\/wp-json\/wp\/v2\/comments?post=942"}],"version-history":[{"count":4,"href":"https:\/\/agora.xtec.cat\/esc-maria-cubi\/wp-json\/wp\/v2\/pages\/942\/revisions"}],"predecessor-version":[{"id":1499,"href":"https:\/\/agora.xtec.cat\/esc-maria-cubi\/wp-json\/wp\/v2\/pages\/942\/revisions\/1499"}],"wp:attachment":[{"href":"https:\/\/agora.xtec.cat\/esc-maria-cubi\/wp-json\/wp\/v2\/media?parent=942"}],"curies":[{"name":"wp","href":"https:\/\/api.w.org\/{rel}","templated":true}]}}